{"id":602,"date":"2024-05-04T15:36:34","date_gmt":"2024-05-04T13:36:34","guid":{"rendered":"https:\/\/hotel-lagorai.com\/homepage\/"},"modified":"2024-06-03T20:40:53","modified_gmt":"2024-06-03T18:40:53","slug":"homepage","status":"publish","type":"page","link":"https:\/\/hotel-lagorai.com\/de\/","title":{"rendered":"Homepage"},"content":{"rendered":"\r\n<!-- Hero -->\r\n<section id=\"hero\">\r\n\t<div class=\"swiper hero alignfull\">\r\n\t\t<!-- Additional required wrapper -->\r\n\t\t<div class=\"swiper-wrapper\">\r\n            \t\t\t<div class=\"swiper-slide bg-cover\" style=\"padding-top: 50%;background-image:url(https:\/\/hotel-lagorai.com\/wp-content\/uploads\/2024\/05\/02.jpg\"><\/div>\r\n            \t\t\t<div class=\"swiper-slide bg-cover\" style=\"padding-top: 50%;background-image:url(https:\/\/hotel-lagorai.com\/wp-content\/uploads\/2024\/05\/03.jpg\"><\/div>\r\n            \t\t\t<div class=\"swiper-slide bg-cover\" style=\"padding-top: 50%;background-image:url(https:\/\/hotel-lagorai.com\/wp-content\/uploads\/2024\/05\/04.jpg\"><\/div>\r\n            \t\t\t<div class=\"swiper-slide bg-cover\" style=\"padding-top: 50%;background-image:url(https:\/\/hotel-lagorai.com\/wp-content\/uploads\/2024\/05\/05.jpg\"><\/div>\r\n            \t\t\t<div class=\"swiper-slide bg-cover\" style=\"padding-top: 50%;background-image:url(https:\/\/hotel-lagorai.com\/wp-content\/uploads\/2024\/05\/06.jpg\"><\/div>\r\n            \t\t\t<div class=\"swiper-slide bg-cover\" style=\"padding-top: 50%;background-image:url(https:\/\/hotel-lagorai.com\/wp-content\/uploads\/2024\/05\/07.jpg\"><\/div>\r\n            \t\t<\/div>\r\n\t\t<!-- If we need pagination -->\r\n\t\t<div class=\"swiper-pagination\"><\/div>\r\n\r\n\t\t<!-- If we need navigation buttons -->\r\n\t\t<div class=\"swiper-button-prev\"><\/div>\r\n\t\t<div class=\"swiper-button-next\"><\/div>\r\n\t<\/div>\r\n\r\n<\/section>\r\n<!-- EOF Hero -->\r\n<!-- Hero -->\r\n<section id=\"testata\">\r\n\t<div class=\"py-8\">\r\n\t\t<h2 class=\"text-primary\">Ihr Wellness-Hotel in einem Winkel des Paradieses<\/h2>\r\n\t\t<h3>Auf einer Anh\u00f6he \u00fcber dem Tal, weit weg vom Alltagsstress, <br> f\u00fcr einen romatischen Urlaub im Zeichen des Wohlf\u00fchlens und der Tradition<\/h3>\t\t<div class='my-5 text-center'><p>Mit seinem atemberaubenden Ausblick trohnt<br \/>\ndas Lagorai Panoramic Resort weit \u00fcber dem Fleimstal.<\/p>\n<p>Es ist uns ein pers\u00f6nliches Anliegen, dass Sie sich bei uns wohl und wie zu Hause f\u00fchlen.<br \/>\nDaf\u00fcr bieten wir Ihnen ein ma\u00dfgeschneidertes Urlaubsangebot &#8211; eingebettet in die Natur, die uns hier umgibt und die Ihre Tage bei uns unvergesslich machen wird.<\/p>\n<p><strong>Ihr Traumurlaub wird bei uns wahr!<\/strong><\/p>\n<p>&nbsp;<\/p>\n<\/div>\t\t\t\t\t<div class=\"border-b border-dark py-4 px-5 flex justify-end\">\r\n\t\t\t\t<img decoding=\"async\" src=\"https:\/\/hotel-lagorai.com\/wp-content\/themes\/vortex\/assets\/images\/firma.png\" alt=\"famiglia peretti hotels\">\r\n\t\t\t<\/div>\r\n\t\t\t<\/div>\r\n\r\n<\/section>\r\n<!-- EOF Hero -->\r\n<!-- Offerte -->\r\n<section id=\"offerte\" class=\"alignnone\">\r\n\t\r\n<!-- Hotels -->\r\n<div class=\"py-8\">\r\n    <img decoding=\"async\" class=\"pb-7 mx-auto\" src=\"https:\/\/hotel-lagorai.com\/wp-content\/themes\/vortex\/assets\/images\/logo-peretti-300.png\" alt=\" peretti hotels\">\r\n    <h4 class=\"text-center font-light mb-12\">W\u00e4hlen Sie das Hotel, das am besten zu Ihnen passt.<br>Ein Hotel f\u00fcr jeden Bedarf<\/h4>\r\n    <div class=\"grid grid-cols-1 md:grid-cols-2 gap-10 pb-4 border-b border-dark \">\r\n        <a href=\"https:\/\/www.hotelciampedie.com\/\" target=\"_blank\">\r\n            <div class=\"bg-cover relative shadow-xl\" style=\"padding-top: 60.94%;background-image:linear-gradient(to bottom, rgba(0,0,0,0) 10%, rgba(0,0,0,.7) 100%), url(https:\/\/hotel-lagorai.com\/wp-content\/themes\/vortex\/assets\/images\/img-ciampedie.jpg\">\r\n                <img decoding=\"async\" class=\"absolute bottom-4 left-1\/2 -translate-x-1\/2 scale-75 hover:scale-100 transition-all duration-500\" src=\"https:\/\/hotel-lagorai.com\/wp-content\/themes\/vortex\/assets\/images\/logo-bianco-ciampedie.png\" alt=\"hotel ciampedie\">\r\n            <\/div>\r\n            <div class=\"pt-4 md:pt-8\">\r\n                <p class=\"mb-0\">Erleben Sie einen 5-Sterne-Urlaub auf den sch\u00f6nsten Gipfeln der Dolomiten. Lassen Sie sich verw\u00f6hnen in einer Oase des Luxus und des Wohlbefindens.  <\/p>\r\n            <\/div>\r\n        <\/a>\r\n        <a href=\"https:\/\/www.hotelriostava.com\/\" target=\"_blank\">\r\n            <div class=\"bg-cover relative shadow-xl\" style=\"padding-top: 60.94%;background-image:linear-gradient(to bottom, rgba(0,0,0,0) 10%, rgba(0,0,0,.7) 100%), url(https:\/\/hotel-lagorai.com\/wp-content\/themes\/vortex\/assets\/images\/img-riostava.jpg\">\r\n                <img decoding=\"async\" class=\"absolute bottom-4 left-1\/2 -translate-x-1\/2 scale-75 hover:scale-100 transition-all duration-500\" src=\"https:\/\/hotel-lagorai.com\/wp-content\/themes\/vortex\/assets\/images\/logo-bianco-riostava.png\" alt=\"hotel riostava\">\r\n            <\/div>\r\n            <div class=\"pt-8\">\r\n                <p class=\"mb-0\">Hier sind Kinder die wahren Protagonisten. Momente mit der Familie werden magischen Erinnerungen, die man f\u00fcr immer im Herzen tr\u00e4gt.<\/p>\r\n            <\/div>\r\n        <\/a>\r\n    <\/div>\r\n<\/div>\r\n<\/section>\r\n<!-- EOF offerte -->\n<!-- Offerte -->\n<section id=\"carousel\" class=\"alignnone\">\n\t<!-- Offerte -->\n\t\n\t\t<div class=\"pb-8\">\n\t\t\t<h2>ANGEBOTE UND PAKETE<\/h2>\n\n\t\t\t<div class=\"alignfull bg-gray-100\">\n\t\t\t\t<div class=\"container mx-auto py-8\">\n\t\t\t\t\t<div class=\"swiper offerte\">\n\t\t\t\t\t\t<div class=\"swiper-wrapper\">\n\t\t\t\t\t\t\t<!-- Slides -->\n\t\t\t\t\t\t\t\t\t\t\t\t\t\t\t<div class=\"swiper-slide\">\n\t\t\t\t\t\t\t\t\t<div class=\"bg-white h-full flex flex-col\">\n\t\t\t\t\t\t\t\t\t\t<div class=\"bg-cover bg-no-repeat\" style=\"padding-top: 57.50%;background-image:url(https:\/\/hotel-lagorai.com\/wp-content\/uploads\/2024\/04\/2B26FA53279F4F2CB5309C1698D7D9D7-pag.jpg)\"><\/div>\n\t\t\t\t\t\t\t\t\t\t<div class=\"py-4 px-3 text-center\">\n\t\t\t\t\t\t\t\t\t\t\t<a href=\"https:\/\/hotel-lagorai.com\/de\/offerta\/gruene-woche-76\/\" class=\"text-center block text-tertiary mb-3 uppercase text-2xl min-h-16\">GR\u00dcNE WOCHE 7=6<\/a>\n\t\t\t\t\t\t\t\t\t\t\t<p class=\"text-primary text-lg mb-2\">21\/05\/2026 &#8211; 11\/10\/2026<\/p>\n\t\t\t\t\t\t\t\t\t\t\t<p class=\"text-primary text-lg\">7 Urlaubstage zum Preis von 6<\/p>\n\t\t\t\t\t\t\t\t\t\t<\/div>\n\t\t\t\t\t\t\t\t\t\t<a href=\"https:\/\/hotel-lagorai.com\/de\/offerta\/gruene-woche-76\/\" class=\"mt-auto text-center text-2xl py-2 block bg-dark text-tertiary hover:bg-primary hover:text-white transition-all duration-500\">ENTDECKEN<\/a>\n\t\t\t\t\t\t\t\t\t<\/div>\n\t\t\t\t\t\t\t\t<\/div>\n\t\t\t\t\t\t\t\t\t\t\t\t\t\t\t<div class=\"swiper-slide\">\n\t\t\t\t\t\t\t\t\t<div class=\"bg-white h-full flex flex-col\">\n\t\t\t\t\t\t\t\t\t\t<div class=\"bg-cover bg-no-repeat\" style=\"padding-top: 57.50%;background-image:url(https:\/\/hotel-lagorai.com\/wp-content\/uploads\/2024\/04\/56158E414A4547C7AB2EC84A891BD436-pag.jpg)\"><\/div>\n\t\t\t\t\t\t\t\t\t\t<div class=\"py-4 px-3 text-center\">\n\t\t\t\t\t\t\t\t\t\t\t<a href=\"https:\/\/hotel-lagorai.com\/de\/offerta\/short-stay-wellness-43\/\" class=\"text-center block text-tertiary mb-3 uppercase text-2xl min-h-16\">SHORT STAY WELLNESS 4=3<\/a>\n\t\t\t\t\t\t\t\t\t\t\t<p class=\"text-primary text-lg mb-2\">21\/05\/2026 &#8211; 11\/10\/2026<\/p>\n\t\t\t\t\t\t\t\t\t\t\t<p class=\"text-primary text-lg\">4 Urlaubstage zum Preis von 3<\/p>\n\t\t\t\t\t\t\t\t\t\t<\/div>\n\t\t\t\t\t\t\t\t\t\t<a href=\"https:\/\/hotel-lagorai.com\/de\/offerta\/short-stay-wellness-43\/\" class=\"mt-auto text-center text-2xl py-2 block bg-dark text-tertiary hover:bg-primary hover:text-white transition-all duration-500\">ENTDECKEN<\/a>\n\t\t\t\t\t\t\t\t\t<\/div>\n\t\t\t\t\t\t\t\t<\/div>\n\t\t\t\t\t\t\t\t\t\t\t\t\t\t\t<div class=\"swiper-slide\">\n\t\t\t\t\t\t\t\t\t<div class=\"bg-white h-full flex flex-col\">\n\t\t\t\t\t\t\t\t\t\t<div class=\"bg-cover bg-no-repeat\" style=\"padding-top: 57.50%;background-image:url(https:\/\/hotel-lagorai.com\/wp-content\/uploads\/2024\/04\/C1E76E44269146DAB806C31B64209681-pag.jpg)\"><\/div>\n\t\t\t\t\t\t\t\t\t\t<div class=\"py-4 px-3 text-center\">\n\t\t\t\t\t\t\t\t\t\t\t<a href=\"https:\/\/hotel-lagorai.com\/de\/offerta\/dolomiti-super-premiere-43\/\" class=\"text-center block text-tertiary mb-3 uppercase text-2xl min-h-16\">Dolomiti Super Premiere 4=3<\/a>\n\t\t\t\t\t\t\t\t\t\t\t<p class=\"text-primary text-lg mb-2\">05\/12\/2026 &#8211; 19\/12\/2026<\/p>\n\t\t\t\t\t\t\t\t\t\t\t<p class=\"text-primary text-lg\">4 Urlaubstage zum Preis von 3<\/p>\n\t\t\t\t\t\t\t\t\t\t<\/div>\n\t\t\t\t\t\t\t\t\t\t<a href=\"https:\/\/hotel-lagorai.com\/de\/offerta\/dolomiti-super-premiere-43\/\" class=\"mt-auto text-center text-2xl py-2 block bg-dark text-tertiary hover:bg-primary hover:text-white transition-all duration-500\">ENTDECKEN<\/a>\n\t\t\t\t\t\t\t\t\t<\/div>\n\t\t\t\t\t\t\t\t<\/div>\n\t\t\t\t\t\t\t\t\t\t\t\t\t\t\t<div class=\"swiper-slide\">\n\t\t\t\t\t\t\t\t\t<div class=\"bg-white h-full flex flex-col\">\n\t\t\t\t\t\t\t\t\t\t<div class=\"bg-cover bg-no-repeat\" style=\"padding-top: 57.50%;background-image:url(https:\/\/hotel-lagorai.com\/wp-content\/uploads\/2024\/04\/B5A13FBEB14942FB898E519899147755-pag.jpg)\"><\/div>\n\t\t\t\t\t\t\t\t\t\t<div class=\"py-4 px-3 text-center\">\n\t\t\t\t\t\t\t\t\t\t\t<a href=\"https:\/\/hotel-lagorai.com\/de\/offerta\/winter-special-76-2\/\" class=\"text-center block text-tertiary mb-3 uppercase text-2xl min-h-16\">WINTER SPECIAL 7=6<\/a>\n\t\t\t\t\t\t\t\t\t\t\t<p class=\"text-primary text-lg mb-2\">06\/01\/2026 &#8211; 30\/01\/2027<\/p>\n\t\t\t\t\t\t\t\t\t\t\t<p class=\"text-primary text-lg\">Skiwoche zum Superpreis!<\/p>\n\t\t\t\t\t\t\t\t\t\t<\/div>\n\t\t\t\t\t\t\t\t\t\t<a href=\"https:\/\/hotel-lagorai.com\/de\/offerta\/winter-special-76-2\/\" class=\"mt-auto text-center text-2xl py-2 block bg-dark text-tertiary hover:bg-primary hover:text-white transition-all duration-500\">ENTDECKEN<\/a>\n\t\t\t\t\t\t\t\t\t<\/div>\n\t\t\t\t\t\t\t\t<\/div>\n\t\t\t\t\t\t\t\t\t\t\t\t\t\t\t<div class=\"swiper-slide\">\n\t\t\t\t\t\t\t\t\t<div class=\"bg-white h-full flex flex-col\">\n\t\t\t\t\t\t\t\t\t\t<div class=\"bg-cover bg-no-repeat\" style=\"padding-top: 57.50%;background-image:url(https:\/\/hotel-lagorai.com\/wp-content\/uploads\/2024\/06\/19BEE94E09424227AD214DD4CF2B70D5-pag.jpg)\"><\/div>\n\t\t\t\t\t\t\t\t\t\t<div class=\"py-4 px-3 text-center\">\n\t\t\t\t\t\t\t\t\t\t\t<a href=\"https:\/\/hotel-lagorai.com\/de\/offerta\/winter-short-stay-43-2\/\" class=\"text-center block text-tertiary mb-3 uppercase text-2xl min-h-16\">WINTER SHORT STAY 4=3<\/a>\n\t\t\t\t\t\t\t\t\t\t\t<p class=\"text-primary text-lg mb-2\">06\/01\/2027 &#8211; 05\/02\/2027<\/p>\n\t\t\t\t\t\t\t\t\t\t\t<p class=\"text-primary text-lg\">4 Tage Urlaub zum Preis von 3!<\/p>\n\t\t\t\t\t\t\t\t\t\t<\/div>\n\t\t\t\t\t\t\t\t\t\t<a href=\"https:\/\/hotel-lagorai.com\/de\/offerta\/winter-short-stay-43-2\/\" class=\"mt-auto text-center text-2xl py-2 block bg-dark text-tertiary hover:bg-primary hover:text-white transition-all duration-500\">ENTDECKEN<\/a>\n\t\t\t\t\t\t\t\t\t<\/div>\n\t\t\t\t\t\t\t\t<\/div>\n\t\t\t\t\t\t\t\t\t\t\t\t\t\t\t<div class=\"swiper-slide\">\n\t\t\t\t\t\t\t\t\t<div class=\"bg-white h-full flex flex-col\">\n\t\t\t\t\t\t\t\t\t\t<div class=\"bg-cover bg-no-repeat\" style=\"padding-top: 57.50%;background-image:url(https:\/\/hotel-lagorai.com\/wp-content\/uploads\/2024\/04\/4E3471532A6A48B0B39DF81B36213793-pag.jpg)\"><\/div>\n\t\t\t\t\t\t\t\t\t\t<div class=\"py-4 px-3 text-center\">\n\t\t\t\t\t\t\t\t\t\t\t<a href=\"https:\/\/hotel-lagorai.com\/de\/offerta\/dolomiti-springdays-long-stay-76\/\" class=\"text-center block text-tertiary mb-3 uppercase text-2xl min-h-16\">DOLOMITI SPRINGDAYS LONG STAY 7=6<\/a>\n\t\t\t\t\t\t\t\t\t\t\t<p class=\"text-primary text-lg mb-2\">13\/03\/2027 &#8211; 31\/03\/2027<\/p>\n\t\t\t\t\t\t\t\t\t\t\t<p class=\"text-primary text-lg\">Sonder\u00f6ffnungen im Fr\u00fchjahr!<\/p>\n\t\t\t\t\t\t\t\t\t\t<\/div>\n\t\t\t\t\t\t\t\t\t\t<a href=\"https:\/\/hotel-lagorai.com\/de\/offerta\/dolomiti-springdays-long-stay-76\/\" class=\"mt-auto text-center text-2xl py-2 block bg-dark text-tertiary hover:bg-primary hover:text-white transition-all duration-500\">ENTDECKEN<\/a>\n\t\t\t\t\t\t\t\t\t<\/div>\n\t\t\t\t\t\t\t\t<\/div>\n\t\t\t\t\t\t\t\t\t\t\t\t\t\t\t<div class=\"swiper-slide\">\n\t\t\t\t\t\t\t\t\t<div class=\"bg-white h-full flex flex-col\">\n\t\t\t\t\t\t\t\t\t\t<div class=\"bg-cover bg-no-repeat\" style=\"padding-top: 57.50%;background-image:url(https:\/\/hotel-lagorai.com\/wp-content\/uploads\/2024\/04\/EC11D06FFE0A4797900EFFA44AB4A4AA-pag.jpg)\"><\/div>\n\t\t\t\t\t\t\t\t\t\t<div class=\"py-4 px-3 text-center\">\n\t\t\t\t\t\t\t\t\t\t\t<a href=\"https:\/\/hotel-lagorai.com\/de\/offerta\/dolomiti-springdays-short-stay-43\/\" class=\"text-center block text-tertiary mb-3 uppercase text-2xl min-h-16\">DOLOMITI SPRINGDAYS SHORT STAY 4=3<\/a>\n\t\t\t\t\t\t\t\t\t\t\t<p class=\"text-primary text-lg mb-2\">21\/03\/2027 &#8211; 31\/03\/2027<\/p>\n\t\t\t\t\t\t\t\t\t\t\t<p class=\"text-primary text-lg\">Ende der Saison zu Sonderpreisen!<\/p>\n\t\t\t\t\t\t\t\t\t\t<\/div>\n\t\t\t\t\t\t\t\t\t\t<a href=\"https:\/\/hotel-lagorai.com\/de\/offerta\/dolomiti-springdays-short-stay-43\/\" class=\"mt-auto text-center text-2xl py-2 block bg-dark text-tertiary hover:bg-primary hover:text-white transition-all duration-500\">ENTDECKEN<\/a>\n\t\t\t\t\t\t\t\t\t<\/div>\n\t\t\t\t\t\t\t\t<\/div>\n\t\t\t\t\t\t\t\t\t\t\t\t\t<\/div>\n\n\t\t\t\t\t\t<!-- If we need navigation buttons -->\n\t\t\t\t\t\t<div class=\"swiper-button-prev\"><\/div>\n\t\t\t\t\t\t<div class=\"swiper-button-next\"><\/div>\n\t\t\t\t\t<\/div>\n\n\t\t\t\t\t<div class=\"text-center\">\n\t\t\t\t\t\t<a href=\"https:\/\/hotel-lagorai.com\/de\/offerte-last-minute-vacanza-in-montagna\/\" class=\"mt-8 block text-center md:inline-block uppercase rounded-sm text-primary bg-white border border-primary font-light text-2xl py-4 px-10 hover:bg-primary hover:text-white transition-all duration-500\">ALLE ANGEBOTE<\/a>\n\t\t\t\t\t<\/div>\n\t\t\t\t<\/div>\n\t\t\t<\/div>\n\t\t<\/div>\n\t\t<!-- Fine Offerte -->\n\n<\/section>\n<!-- EOF offerte -->\r\n<!-- videos -->\r\n<section id=\"testata\" class=\"alignnone\">\r\n\t<div class=\"pb-8\">\r\n\t\t<h2>DIE BESTE WAHL F\u00dcR IHR<br> URLAUB IN DEN DOLOMITEN<\/h2><\/h2>\r\n\r\n\t\t<div class=\"grid grid-cols-1 md:grid-cols-2 gap-10 py-8\">\r\n\t\t\t<div class=\"video-container\">\r\n\t\t\t\t<iframe loading=\"lazy\" title=\"Hotel Lagorai - Val di Fiemme - Official Video\" width=\"500\" height=\"281\" src=\"https:\/\/www.youtube.com\/embed\/s0kuYDufbcU?start=1&#038;feature=oembed\" frameborder=\"0\" allow=\"accelerometer; autoplay; clipboard-write; encrypted-media; gyroscope; picture-in-picture; web-share\" referrerpolicy=\"strict-origin-when-cross-origin\" allowfullscreen><\/iframe>\t\t\t<\/div>\r\n\t\t\t<div class=\"video-container\">\r\n\t\t\t\t<iframe loading=\"lazy\" title=\"Hotel Lagorai, panoramic resort, Val di Fiemme, Trentino\" width=\"500\" height=\"281\" src=\"https:\/\/www.youtube.com\/embed\/ZtWw9_mElJg?feature=oembed\" frameborder=\"0\" allow=\"accelerometer; autoplay; clipboard-write; encrypted-media; gyroscope; picture-in-picture; web-share\" referrerpolicy=\"strict-origin-when-cross-origin\" allowfullscreen><\/iframe>\t\t\t<\/div>\r\n\t\t<\/div>\r\n\r\n\t\t<img decoding=\"async\" class=\"hidden md:block mx-auto mt-4\" src=\"https:\/\/hotel-lagorai.com\/wp-content\/themes\/vortex\/assets\/images\/icon.png\" alt=\"hotel lagorai icon\">\r\n\r\n\t<\/div>\r\n<\/section>\r\n<!-- EOF videos -->\r\n<!-- Virtual Tour -->\r\n<section id=\"virtual-tour\" class=\"bg-no-repeat bg-fixed bg-cover bg-top alignfull\" style=\"background-image:url(https:\/\/hotel-lagorai.com\/wp-content\/themes\/vortex\/assets\/images\/virtual-tour.jpg\">\r\n\t<a href=\"\/hotel-lagorai-virtual-tour\/\">\r\n\t\t<div class=\"container mx-auto bg-black bg-opacity-30 py-12\">\r\n\t\t\t<p class=\"font-extralight text-7xl text-white text-center\">VIRTUAL TOUR<\/p>\r\n\t\t\t<img decoding=\"async\" class=\"mx-auto py-14\" src=\"https:\/\/hotel-lagorai.com\/wp-content\/themes\/vortex\/assets\/images\/360.png\" alt=\"virtual tour\">\r\n\t\t\t<p class=\"font-extralight text-5xl text-white text-center\">Enjoy the Lagorai Experience!<\/p>\r\n\t\t<\/div>\r\n\t<\/a>\r\n\t<div class=\"bg-dark\">\r\n\t\t<div class=\"container mx-auto text-white\">\r\n\t\t\t<div class=\"md:flex items-center gap-10 py-8\">\r\n\t\t\t\t<div class=\"md:px-8 md:w-1\/2\">\r\n\t\t\t\t\t<h4 class=\"text-secondary\">Besuchen Sie das Hotel Lagorai!<\/h4>\r\n\t\t\t\t\t<p class=\"mb-0 text-white\">Gehen Sie virtuell in die Rezeption und in das Restaurant, entdecken Sie die Zimmer, das wunderbare Wellnesscenter und alle Zimmer unseres Hotels.<\/p>\r\n\t\t\t\t<\/div>\r\n\t\t\t\t<div class=\"mx-auto\">\r\n\t\t\t\t\t<a href=\"\/hotel-lagorai-virtual-tour\/\" class=\"mt-8 block md:inline-block text-center uppercase rounded-sm text-white bg-primary font-light text-2xl py-4 px-10 hover:bg-white hover:text-primary transition-all duration-500\">Join<\/a>\r\n\t\t\t\t<\/div>\r\n\t\t\t<\/div>\r\n\t\t<\/div>\r\n\t<\/div>\r\n<\/section>\r\n<!-- EOF  -->\r\n<!-- social wall -->\r\n<section id=\"socials\" class=\"pt-8  alignnone\">\r\n\t<div class=\"container mx-auto border-b border-dark pb-4 \">\r\n\t\t<h2>SOCIAL WALL<\/h2>\r\n\t\t<h4 class=\"text-center\">Follow us on Instagram &amp; Facebook<br>#hotellagorai #perettihotels<\/h4>\r\n\t\t\t<\/div>\r\n\t\r\n<\/section>\r\n<!-- EOF social wall -->\r\n<!-- mappa -->\r\n<section id=\"mappa\" class=\"pt-8  alignfull\">\r\n\t<div class=\"container mx-auto\">\r\n\t\t<h2>WO WIR SIND<\/h2>\r\n\t<\/div>\r\n\t<iframe src=\"https:\/\/www.google.com\/maps\/embed?pb=!1m14!1m8!1m3!1d22055.645304758295!2d11.473992!3d46.290855!3m2!1i1024!2i768!4f13.1!3m3!1m2!1s0x47787cfff68fd599%3A0x8b3b016c3e6c6944!2sHotel%20Lagorai%20Panoramic%20Resort!5e0!3m2!1sit!2sit!4v1713630111728!5m2!1sit!2sit\" height=\"450\" class=\"pt-8 w-full border-0\" allowfullscreen=\"\" loading=\"lazy\" referrerpolicy=\"no-referrer-when-downgrade\"><\/iframe><\/section>\r\n<!-- EOF mappa -->","protected":false},"excerpt":{"rendered":"","protected":false},"author":1,"featured_media":0,"parent":0,"menu_order":0,"comment_status":"closed","ping_status":"closed","template":"page-templates\/homepage.php","meta":{"_acf_changed":false,"footnotes":""},"class_list":["post-602","page","type-page","status-publish","hentry"],"acf":[],"yoast_head":"<!-- This site is optimized with the Yoast SEO plugin v25.8 - https:\/\/yoast.com\/wordpress\/plugins\/seo\/ -->\n<title>Homepage - Hotel Lagorai - Panoramic Resort - Cavalese - Trentino - Italy<\/title>\n<meta name=\"robots\" content=\"index, follow, max-snippet:-1, max-image-preview:large, max-video-preview:-1\" \/>\n<link rel=\"canonical\" href=\"https:\/\/hotel-lagorai.com\/de\/\" \/>\n<meta property=\"og:locale\" content=\"de_DE\" \/>\n<meta property=\"og:type\" content=\"article\" \/>\n<meta property=\"og:title\" content=\"Homepage - Hotel Lagorai - Panoramic Resort - Cavalese - Trentino - Italy\" \/>\n<meta property=\"og:url\" content=\"https:\/\/hotel-lagorai.com\/de\/\" \/>\n<meta property=\"og:site_name\" content=\"Hotel Lagorai - Panoramic Resort - Cavalese - Trentino - Italy\" \/>\n<meta property=\"article:publisher\" content=\"https:\/\/www.facebook.com\/pages\/Hotel-Lagorai-Resort-Spa\/116929181672933\" \/>\n<meta property=\"article:modified_time\" content=\"2024-06-03T18:40:53+00:00\" \/>\n<meta name=\"twitter:card\" content=\"summary_large_image\" \/>\n<script type=\"application\/ld+json\" class=\"yoast-schema-graph\">{\"@context\":\"https:\/\/schema.org\",\"@graph\":[{\"@type\":\"WebPage\",\"@id\":\"https:\/\/hotel-lagorai.com\/de\/\",\"url\":\"https:\/\/hotel-lagorai.com\/de\/\",\"name\":\"Homepage - Hotel Lagorai - Panoramic Resort - Cavalese - Trentino - Italy\",\"isPartOf\":{\"@id\":\"https:\/\/hotel-lagorai.com\/de\/#website\"},\"datePublished\":\"2024-05-04T13:36:34+00:00\",\"dateModified\":\"2024-06-03T18:40:53+00:00\",\"breadcrumb\":{\"@id\":\"https:\/\/hotel-lagorai.com\/de\/#breadcrumb\"},\"inLanguage\":\"de\",\"potentialAction\":[{\"@type\":\"ReadAction\",\"target\":[\"https:\/\/hotel-lagorai.com\/de\/\"]}]},{\"@type\":\"BreadcrumbList\",\"@id\":\"https:\/\/hotel-lagorai.com\/de\/#breadcrumb\",\"itemListElement\":[{\"@type\":\"ListItem\",\"position\":1,\"name\":\"Home\",\"item\":\"https:\/\/hotel-lagorai.com\/de\/\"},{\"@type\":\"ListItem\",\"position\":2,\"name\":\"Homepage\"}]},{\"@type\":\"WebSite\",\"@id\":\"https:\/\/hotel-lagorai.com\/de\/#website\",\"url\":\"https:\/\/hotel-lagorai.com\/de\/\",\"name\":\"Hotel Lagorai - Panoramic Resort - Cavalese - Trentino - Italy\",\"description\":\"\",\"publisher\":{\"@id\":\"https:\/\/hotel-lagorai.com\/de\/#organization\"},\"potentialAction\":[{\"@type\":\"SearchAction\",\"target\":{\"@type\":\"EntryPoint\",\"urlTemplate\":\"https:\/\/hotel-lagorai.com\/de\/?s={search_term_string}\"},\"query-input\":{\"@type\":\"PropertyValueSpecification\",\"valueRequired\":true,\"valueName\":\"search_term_string\"}}],\"inLanguage\":\"de\"},{\"@type\":\"Organization\",\"@id\":\"https:\/\/hotel-lagorai.com\/de\/#organization\",\"name\":\"Hotel Lagorai - Panoramic Resort - Cavalese - Trentino - Italy\",\"url\":\"https:\/\/hotel-lagorai.com\/de\/\",\"logo\":{\"@type\":\"ImageObject\",\"inLanguage\":\"de\",\"@id\":\"https:\/\/hotel-lagorai.com\/de\/#\/schema\/logo\/image\/\",\"url\":\"https:\/\/hotel-lagorai.com\/wp-content\/uploads\/2024\/04\/toplogo.png\",\"contentUrl\":\"https:\/\/hotel-lagorai.com\/wp-content\/uploads\/2024\/04\/toplogo.png\",\"width\":220,\"height\":90,\"caption\":\"Hotel Lagorai - Panoramic Resort - Cavalese - Trentino - Italy\"},\"image\":{\"@id\":\"https:\/\/hotel-lagorai.com\/de\/#\/schema\/logo\/image\/\"},\"sameAs\":[\"https:\/\/www.facebook.com\/pages\/Hotel-Lagorai-Resort-Spa\/116929181672933\",\"https:\/\/www.instagram.com\/lagoraipanoramicresort\/?hl=it\",\"https:\/\/www.youtube.com\/channel\/UCbWMDsy3XeBQ0dk5DqPK5Uw\/\"]}]}<\/script>\n<!-- \/ Yoast SEO plugin. -->","yoast_head_json":{"title":"Homepage - Hotel Lagorai - Panoramic Resort - Cavalese - Trentino - Italy","robots":{"index":"index","follow":"follow","max-snippet":"max-snippet:-1","max-image-preview":"max-image-preview:large","max-video-preview":"max-video-preview:-1"},"canonical":"https:\/\/hotel-lagorai.com\/de\/","og_locale":"de_DE","og_type":"article","og_title":"Homepage - Hotel Lagorai - Panoramic Resort - Cavalese - Trentino - Italy","og_url":"https:\/\/hotel-lagorai.com\/de\/","og_site_name":"Hotel Lagorai - Panoramic Resort - Cavalese - Trentino - Italy","article_publisher":"https:\/\/www.facebook.com\/pages\/Hotel-Lagorai-Resort-Spa\/116929181672933","article_modified_time":"2024-06-03T18:40:53+00:00","twitter_card":"summary_large_image","schema":{"@context":"https:\/\/schema.org","@graph":[{"@type":"WebPage","@id":"https:\/\/hotel-lagorai.com\/de\/","url":"https:\/\/hotel-lagorai.com\/de\/","name":"Homepage - Hotel Lagorai - Panoramic Resort - Cavalese - Trentino - Italy","isPartOf":{"@id":"https:\/\/hotel-lagorai.com\/de\/#website"},"datePublished":"2024-05-04T13:36:34+00:00","dateModified":"2024-06-03T18:40:53+00:00","breadcrumb":{"@id":"https:\/\/hotel-lagorai.com\/de\/#breadcrumb"},"inLanguage":"de","potentialAction":[{"@type":"ReadAction","target":["https:\/\/hotel-lagorai.com\/de\/"]}]},{"@type":"BreadcrumbList","@id":"https:\/\/hotel-lagorai.com\/de\/#breadcrumb","itemListElement":[{"@type":"ListItem","position":1,"name":"Home","item":"https:\/\/hotel-lagorai.com\/de\/"},{"@type":"ListItem","position":2,"name":"Homepage"}]},{"@type":"WebSite","@id":"https:\/\/hotel-lagorai.com\/de\/#website","url":"https:\/\/hotel-lagorai.com\/de\/","name":"Hotel Lagorai - Panoramic Resort - Cavalese - Trentino - Italy","description":"","publisher":{"@id":"https:\/\/hotel-lagorai.com\/de\/#organization"},"potentialAction":[{"@type":"SearchAction","target":{"@type":"EntryPoint","urlTemplate":"https:\/\/hotel-lagorai.com\/de\/?s={search_term_string}"},"query-input":{"@type":"PropertyValueSpecification","valueRequired":true,"valueName":"search_term_string"}}],"inLanguage":"de"},{"@type":"Organization","@id":"https:\/\/hotel-lagorai.com\/de\/#organization","name":"Hotel Lagorai - Panoramic Resort - Cavalese - Trentino - Italy","url":"https:\/\/hotel-lagorai.com\/de\/","logo":{"@type":"ImageObject","inLanguage":"de","@id":"https:\/\/hotel-lagorai.com\/de\/#\/schema\/logo\/image\/","url":"https:\/\/hotel-lagorai.com\/wp-content\/uploads\/2024\/04\/toplogo.png","contentUrl":"https:\/\/hotel-lagorai.com\/wp-content\/uploads\/2024\/04\/toplogo.png","width":220,"height":90,"caption":"Hotel Lagorai - Panoramic Resort - Cavalese - Trentino - Italy"},"image":{"@id":"https:\/\/hotel-lagorai.com\/de\/#\/schema\/logo\/image\/"},"sameAs":["https:\/\/www.facebook.com\/pages\/Hotel-Lagorai-Resort-Spa\/116929181672933","https:\/\/www.instagram.com\/lagoraipanoramicresort\/?hl=it","https:\/\/www.youtube.com\/channel\/UCbWMDsy3XeBQ0dk5DqPK5Uw\/"]}]}},"_links":{"self":[{"href":"https:\/\/hotel-lagorai.com\/de\/wp-json\/wp\/v2\/pages\/602","targetHints":{"allow":["GET"]}}],"collection":[{"href":"https:\/\/hotel-lagorai.com\/de\/wp-json\/wp\/v2\/pages"}],"about":[{"href":"https:\/\/hotel-lagorai.com\/de\/wp-json\/wp\/v2\/types\/page"}],"author":[{"embeddable":true,"href":"https:\/\/hotel-lagorai.com\/de\/wp-json\/wp\/v2\/users\/1"}],"replies":[{"embeddable":true,"href":"https:\/\/hotel-lagorai.com\/de\/wp-json\/wp\/v2\/comments?post=602"}],"version-history":[{"count":2,"href":"https:\/\/hotel-lagorai.com\/de\/wp-json\/wp\/v2\/pages\/602\/revisions"}],"predecessor-version":[{"id":912,"href":"https:\/\/hotel-lagorai.com\/de\/wp-json\/wp\/v2\/pages\/602\/revisions\/912"}],"wp:attachment":[{"href":"https:\/\/hotel-lagorai.com\/de\/wp-json\/wp\/v2\/media?parent=602"}],"curies":[{"name":"wp","href":"https:\/\/api.w.org\/{rel}","templated":true}]}}