{"id":610,"date":"2024-04-09T07:38:10","date_gmt":"2024-04-09T05:38:10","guid":{"rendered":"https:\/\/hotel-lagorai.com\/geschichte\/"},"modified":"2024-05-30T19:59:22","modified_gmt":"2024-05-30T17:59:22","slug":"geschichte-hotel-lagorai","status":"publish","type":"page","link":"https:\/\/hotel-lagorai.com\/de\/geschichte-hotel-lagorai\/","title":{"rendered":"Geschichte"},"content":{"rendered":"\n<h2 class=\"wp-block-heading\">Unsere Gastfreundschaft entwickelt sich kontinuierlich weiter&#8230;<\/h2>\n\n<h4 class=\"wp-block-heading has-text-align-center\">Seit 1991 steht Gastwirtschaft im Zentrum unseres Lebens.<br\/>Wir k\u00fcmmern uns um Sie, verw\u00f6hnen Sie und sorgen daf\u00fcr, dass Sie sich bei uns wie zu Hause f\u00fchlen.<\/h4>\n\n<p class=\"has-text-align-center\">Die Geschichte unserer Hotels im Trentino reiht sich in einen Kontext unvergesslicher Erinnerungen ein. Folgen Sie uns f\u00fcr einen Augenblick auf dem Pfad dieser Erinnerungen\u2026<\/p>\n\n<p class=\"has-text-align-center\">Die Familie Peretti kommt urspr\u00fcnlich aus Tesero (Fleimstal), und besteht aus den Eltern Mariella und Renato und deren f\u00fcnf Kindern.<br\/>Unsere Hotelier-Geschichte beginnt im Jahr 1985 dank dem Weitblick und dem herausragenden Gesch\u00e4ftssinn von Mariella,<br\/>die damals trotz geringer Erfahrung im Hotelgesch\u00e4ft mit ausserordentliche Einsatzbereitschaft das Hotel Rio Stava erwarb.<br\/>Im Jahr 1990 begannen wir mit den ambiti\u00f6sen Renovierungsarbeiten am Park Hotel Rio Stava,<br\/>welches zu dieser Zeit eines der fortschrittlichsten Hotels im Fleimsstal war.<\/p>\n\n<p class=\"has-text-align-center\">Die darauffolgenden Jahre waren ausgesprochen arbeitsreich aber ebenso reich an belohnenden Erfahrungen. Im Jahr 1997 \u00fcbernahmen wir das Hotel Lagorai<br\/>und begannen dann im Jahr 2002 mit den Renovierungsarbeiten, die 2004 zum Abschluss kamen.<br\/>Das Ergebnis des Umbaus hat selbst uns \u00fcberw\u00e4ltigt. Wir waren stolz darauf, eine der sch\u00f6nsten Hotelstrukturen im Trentino geschaffen zu haben.<\/p>\n\n<p class=\"has-text-align-center\">Die brilliante F\u00fchrung der beiden Hotels hat es uns im M\u00e4rz 2011 erm\u00f6glicht, das Rio Stava<br\/>in ein vier-Sterne Familienhotel umzugestalten. Es wurde in einer Rekordzeit umgebaut und schon zu Weihnachten desselben Jahres neu er\u00f6ffnet.<\/p>\n\n<p class=\"has-text-align-center\">Aber unsere Geschichte ist hier noch lange nicht zuende\u2026 Im Jahr 2017 ergab sich dann eine neue Gelegenheit, diesmal im Fassa Tal.<br\/>Und so haben wir dort im Mai 2021 das hochmoderne Ciampedie Luxury Alpine Spa Hotel***** er\u00f6ffnet: Ein Hotel f\u00fcr diejenigen,<br\/>die sich im Namen des Wohlbefindens und des Luxus einen Urlaub der Superlative g\u00f6nnen m\u00f6chten.<\/p>\n\n<p class=\"has-text-align-center\">Nun sind es die T\u00f6chter Alessandra und Elisabetta, die sich mit Liebe und Leidenschaft um die F\u00fchrung der Hotels k\u00fcmmern, unterst\u00fctzt vom Rest der Familie.<\/p>\n\n<p class=\"has-text-align-center\">Unsere Geschichte ist noch relativ jung, trotzdem ist sie aber mit Intensit\u00e4t gelebt, etappenreich und zukunktsweisend.<\/p>\n\n<p class=\"has-text-align-center\"><strong>Wir erwarten Sie an diesem Herzensort um mit Ihnen gemeinsam die n\u00e4chste Seite unserer Geschichte zu schreiben\u2026<\/strong><\/p>\n","protected":false},"excerpt":{"rendered":"<p>Unsere Gastfreundschaft entwickelt sich kontinuierlich weiter&#8230; Seit 1991 steht Gastwirtschaft im Zentrum unseres Lebens.Wir k\u00fcmmern uns um Sie, verw\u00f6hnen Sie und sorgen daf\u00fcr, dass Sie sich bei uns wie zu Hause f\u00fchlen. Die Geschichte unserer Hotels im Trentino reiht sich in einen Kontext unvergesslicher Erinnerungen ein. Folgen Sie uns f\u00fcr einen Augenblick auf dem Pfad<a href=\"https:\/\/hotel-lagorai.com\/de\/geschichte-hotel-lagorai\/\">Continue reading <span class=\"sr-only\">&#8222;Geschichte&#8220;<\/span><\/a><\/p>\n","protected":false},"author":1,"featured_media":357,"parent":0,"menu_order":0,"comment_status":"closed","ping_status":"closed","template":"","meta":{"_acf_changed":false,"footnotes":""},"class_list":["post-610","page","type-page","status-publish","has-post-thumbnail","hentry"],"acf":[],"yoast_head":"<!-- This site is optimized with the Yoast SEO plugin v25.8 - https:\/\/yoast.com\/wordpress\/plugins\/seo\/ -->\n<title>Geschichte - Hotel Lagorai - Panoramic Resort - Cavalese - Trentino - Italy<\/title>\n<meta name=\"robots\" content=\"index, follow, max-snippet:-1, max-image-preview:large, max-video-preview:-1\" \/>\n<link rel=\"canonical\" href=\"https:\/\/hotel-lagorai.com\/de\/geschichte-hotel-lagorai\/\" \/>\n<meta property=\"og:locale\" content=\"de_DE\" \/>\n<meta property=\"og:type\" content=\"article\" \/>\n<meta property=\"og:title\" content=\"Geschichte - Hotel Lagorai - Panoramic Resort - Cavalese - Trentino - Italy\" \/>\n<meta property=\"og:description\" content=\"Unsere Gastfreundschaft entwickelt sich kontinuierlich weiter&#8230; Seit 1991 steht Gastwirtschaft im Zentrum unseres Lebens.Wir k\u00fcmmern uns um Sie, verw\u00f6hnen Sie und sorgen daf\u00fcr, dass Sie sich bei uns wie zu Hause f\u00fchlen. Die Geschichte unserer Hotels im Trentino reiht sich in einen Kontext unvergesslicher Erinnerungen ein. Folgen Sie uns f\u00fcr einen Augenblick auf dem PfadContinue reading &quot;Geschichte&quot;\" \/>\n<meta property=\"og:url\" content=\"https:\/\/hotel-lagorai.com\/de\/geschichte-hotel-lagorai\/\" \/>\n<meta property=\"og:site_name\" content=\"Hotel Lagorai - Panoramic Resort - Cavalese - Trentino - Italy\" \/>\n<meta property=\"article:publisher\" content=\"https:\/\/www.facebook.com\/pages\/Hotel-Lagorai-Resort-Spa\/116929181672933\" \/>\n<meta property=\"article:modified_time\" content=\"2024-05-30T17:59:22+00:00\" \/>\n<meta property=\"og:image\" content=\"https:\/\/hotel-lagorai.com\/wp-content\/uploads\/2024\/04\/FDA481212D6B41088622418F02D59AF3-testata.jpg\" \/>\n\t<meta property=\"og:image:width\" content=\"2000\" \/>\n\t<meta property=\"og:image:height\" content=\"530\" \/>\n\t<meta property=\"og:image:type\" content=\"image\/jpeg\" \/>\n<meta name=\"twitter:card\" content=\"summary_large_image\" \/>\n<meta name=\"twitter:label1\" content=\"Gesch\u00e4tzte Lesezeit\" \/>\n\t<meta name=\"twitter:data1\" content=\"2\u00a0Minuten\" \/>\n<script type=\"application\/ld+json\" class=\"yoast-schema-graph\">{\"@context\":\"https:\/\/schema.org\",\"@graph\":[{\"@type\":\"WebPage\",\"@id\":\"https:\/\/hotel-lagorai.com\/de\/geschichte-hotel-lagorai\/\",\"url\":\"https:\/\/hotel-lagorai.com\/de\/geschichte-hotel-lagorai\/\",\"name\":\"Geschichte - Hotel Lagorai - Panoramic Resort - Cavalese - Trentino - Italy\",\"isPartOf\":{\"@id\":\"https:\/\/hotel-lagorai.com\/de\/#website\"},\"primaryImageOfPage\":{\"@id\":\"https:\/\/hotel-lagorai.com\/de\/geschichte-hotel-lagorai\/#primaryimage\"},\"image\":{\"@id\":\"https:\/\/hotel-lagorai.com\/de\/geschichte-hotel-lagorai\/#primaryimage\"},\"thumbnailUrl\":\"https:\/\/hotel-lagorai.com\/wp-content\/uploads\/2024\/04\/FDA481212D6B41088622418F02D59AF3-testata.jpg\",\"datePublished\":\"2024-04-09T05:38:10+00:00\",\"dateModified\":\"2024-05-30T17:59:22+00:00\",\"breadcrumb\":{\"@id\":\"https:\/\/hotel-lagorai.com\/de\/geschichte-hotel-lagorai\/#breadcrumb\"},\"inLanguage\":\"de\",\"potentialAction\":[{\"@type\":\"ReadAction\",\"target\":[\"https:\/\/hotel-lagorai.com\/de\/geschichte-hotel-lagorai\/\"]}]},{\"@type\":\"ImageObject\",\"inLanguage\":\"de\",\"@id\":\"https:\/\/hotel-lagorai.com\/de\/geschichte-hotel-lagorai\/#primaryimage\",\"url\":\"https:\/\/hotel-lagorai.com\/wp-content\/uploads\/2024\/04\/FDA481212D6B41088622418F02D59AF3-testata.jpg\",\"contentUrl\":\"https:\/\/hotel-lagorai.com\/wp-content\/uploads\/2024\/04\/FDA481212D6B41088622418F02D59AF3-testata.jpg\",\"width\":2000,\"height\":530},{\"@type\":\"BreadcrumbList\",\"@id\":\"https:\/\/hotel-lagorai.com\/de\/geschichte-hotel-lagorai\/#breadcrumb\",\"itemListElement\":[{\"@type\":\"ListItem\",\"position\":1,\"name\":\"Home\",\"item\":\"https:\/\/hotel-lagorai.com\/de\/\"},{\"@type\":\"ListItem\",\"position\":2,\"name\":\"Geschichte\"}]},{\"@type\":\"WebSite\",\"@id\":\"https:\/\/hotel-lagorai.com\/de\/#website\",\"url\":\"https:\/\/hotel-lagorai.com\/de\/\",\"name\":\"Hotel Lagorai - Panoramic Resort - Cavalese - Trentino - Italy\",\"description\":\"\",\"publisher\":{\"@id\":\"https:\/\/hotel-lagorai.com\/de\/#organization\"},\"potentialAction\":[{\"@type\":\"SearchAction\",\"target\":{\"@type\":\"EntryPoint\",\"urlTemplate\":\"https:\/\/hotel-lagorai.com\/de\/?s={search_term_string}\"},\"query-input\":{\"@type\":\"PropertyValueSpecification\",\"valueRequired\":true,\"valueName\":\"search_term_string\"}}],\"inLanguage\":\"de\"},{\"@type\":\"Organization\",\"@id\":\"https:\/\/hotel-lagorai.com\/de\/#organization\",\"name\":\"Hotel Lagorai - Panoramic Resort - Cavalese - Trentino - Italy\",\"url\":\"https:\/\/hotel-lagorai.com\/de\/\",\"logo\":{\"@type\":\"ImageObject\",\"inLanguage\":\"de\",\"@id\":\"https:\/\/hotel-lagorai.com\/de\/#\/schema\/logo\/image\/\",\"url\":\"https:\/\/hotel-lagorai.com\/wp-content\/uploads\/2024\/04\/toplogo.png\",\"contentUrl\":\"https:\/\/hotel-lagorai.com\/wp-content\/uploads\/2024\/04\/toplogo.png\",\"width\":220,\"height\":90,\"caption\":\"Hotel Lagorai - Panoramic Resort - Cavalese - Trentino - Italy\"},\"image\":{\"@id\":\"https:\/\/hotel-lagorai.com\/de\/#\/schema\/logo\/image\/\"},\"sameAs\":[\"https:\/\/www.facebook.com\/pages\/Hotel-Lagorai-Resort-Spa\/116929181672933\",\"https:\/\/www.instagram.com\/lagoraipanoramicresort\/?hl=it\",\"https:\/\/www.youtube.com\/channel\/UCbWMDsy3XeBQ0dk5DqPK5Uw\/\"]}]}<\/script>\n<!-- \/ Yoast SEO plugin. -->","yoast_head_json":{"title":"Geschichte - Hotel Lagorai - Panoramic Resort - Cavalese - Trentino - Italy","robots":{"index":"index","follow":"follow","max-snippet":"max-snippet:-1","max-image-preview":"max-image-preview:large","max-video-preview":"max-video-preview:-1"},"canonical":"https:\/\/hotel-lagorai.com\/de\/geschichte-hotel-lagorai\/","og_locale":"de_DE","og_type":"article","og_title":"Geschichte - Hotel Lagorai - Panoramic Resort - Cavalese - Trentino - Italy","og_description":"Unsere Gastfreundschaft entwickelt sich kontinuierlich weiter&#8230; Seit 1991 steht Gastwirtschaft im Zentrum unseres Lebens.Wir k\u00fcmmern uns um Sie, verw\u00f6hnen Sie und sorgen daf\u00fcr, dass Sie sich bei uns wie zu Hause f\u00fchlen. Die Geschichte unserer Hotels im Trentino reiht sich in einen Kontext unvergesslicher Erinnerungen ein. Folgen Sie uns f\u00fcr einen Augenblick auf dem PfadContinue reading \"Geschichte\"","og_url":"https:\/\/hotel-lagorai.com\/de\/geschichte-hotel-lagorai\/","og_site_name":"Hotel Lagorai - Panoramic Resort - Cavalese - Trentino - Italy","article_publisher":"https:\/\/www.facebook.com\/pages\/Hotel-Lagorai-Resort-Spa\/116929181672933","article_modified_time":"2024-05-30T17:59:22+00:00","og_image":[{"width":2000,"height":530,"url":"https:\/\/hotel-lagorai.com\/wp-content\/uploads\/2024\/04\/FDA481212D6B41088622418F02D59AF3-testata.jpg","type":"image\/jpeg"}],"twitter_card":"summary_large_image","twitter_misc":{"Gesch\u00e4tzte Lesezeit":"2\u00a0Minuten"},"schema":{"@context":"https:\/\/schema.org","@graph":[{"@type":"WebPage","@id":"https:\/\/hotel-lagorai.com\/de\/geschichte-hotel-lagorai\/","url":"https:\/\/hotel-lagorai.com\/de\/geschichte-hotel-lagorai\/","name":"Geschichte - Hotel Lagorai - Panoramic Resort - Cavalese - Trentino - Italy","isPartOf":{"@id":"https:\/\/hotel-lagorai.com\/de\/#website"},"primaryImageOfPage":{"@id":"https:\/\/hotel-lagorai.com\/de\/geschichte-hotel-lagorai\/#primaryimage"},"image":{"@id":"https:\/\/hotel-lagorai.com\/de\/geschichte-hotel-lagorai\/#primaryimage"},"thumbnailUrl":"https:\/\/hotel-lagorai.com\/wp-content\/uploads\/2024\/04\/FDA481212D6B41088622418F02D59AF3-testata.jpg","datePublished":"2024-04-09T05:38:10+00:00","dateModified":"2024-05-30T17:59:22+00:00","breadcrumb":{"@id":"https:\/\/hotel-lagorai.com\/de\/geschichte-hotel-lagorai\/#breadcrumb"},"inLanguage":"de","potentialAction":[{"@type":"ReadAction","target":["https:\/\/hotel-lagorai.com\/de\/geschichte-hotel-lagorai\/"]}]},{"@type":"ImageObject","inLanguage":"de","@id":"https:\/\/hotel-lagorai.com\/de\/geschichte-hotel-lagorai\/#primaryimage","url":"https:\/\/hotel-lagorai.com\/wp-content\/uploads\/2024\/04\/FDA481212D6B41088622418F02D59AF3-testata.jpg","contentUrl":"https:\/\/hotel-lagorai.com\/wp-content\/uploads\/2024\/04\/FDA481212D6B41088622418F02D59AF3-testata.jpg","width":2000,"height":530},{"@type":"BreadcrumbList","@id":"https:\/\/hotel-lagorai.com\/de\/geschichte-hotel-lagorai\/#breadcrumb","itemListElement":[{"@type":"ListItem","position":1,"name":"Home","item":"https:\/\/hotel-lagorai.com\/de\/"},{"@type":"ListItem","position":2,"name":"Geschichte"}]},{"@type":"WebSite","@id":"https:\/\/hotel-lagorai.com\/de\/#website","url":"https:\/\/hotel-lagorai.com\/de\/","name":"Hotel Lagorai - Panoramic Resort - Cavalese - Trentino - Italy","description":"","publisher":{"@id":"https:\/\/hotel-lagorai.com\/de\/#organization"},"potentialAction":[{"@type":"SearchAction","target":{"@type":"EntryPoint","urlTemplate":"https:\/\/hotel-lagorai.com\/de\/?s={search_term_string}"},"query-input":{"@type":"PropertyValueSpecification","valueRequired":true,"valueName":"search_term_string"}}],"inLanguage":"de"},{"@type":"Organization","@id":"https:\/\/hotel-lagorai.com\/de\/#organization","name":"Hotel Lagorai - Panoramic Resort - Cavalese - Trentino - Italy","url":"https:\/\/hotel-lagorai.com\/de\/","logo":{"@type":"ImageObject","inLanguage":"de","@id":"https:\/\/hotel-lagorai.com\/de\/#\/schema\/logo\/image\/","url":"https:\/\/hotel-lagorai.com\/wp-content\/uploads\/2024\/04\/toplogo.png","contentUrl":"https:\/\/hotel-lagorai.com\/wp-content\/uploads\/2024\/04\/toplogo.png","width":220,"height":90,"caption":"Hotel Lagorai - Panoramic Resort - Cavalese - Trentino - Italy"},"image":{"@id":"https:\/\/hotel-lagorai.com\/de\/#\/schema\/logo\/image\/"},"sameAs":["https:\/\/www.facebook.com\/pages\/Hotel-Lagorai-Resort-Spa\/116929181672933","https:\/\/www.instagram.com\/lagoraipanoramicresort\/?hl=it","https:\/\/www.youtube.com\/channel\/UCbWMDsy3XeBQ0dk5DqPK5Uw\/"]}]}},"_links":{"self":[{"href":"https:\/\/hotel-lagorai.com\/de\/wp-json\/wp\/v2\/pages\/610","targetHints":{"allow":["GET"]}}],"collection":[{"href":"https:\/\/hotel-lagorai.com\/de\/wp-json\/wp\/v2\/pages"}],"about":[{"href":"https:\/\/hotel-lagorai.com\/de\/wp-json\/wp\/v2\/types\/page"}],"author":[{"embeddable":true,"href":"https:\/\/hotel-lagorai.com\/de\/wp-json\/wp\/v2\/users\/1"}],"replies":[{"embeddable":true,"href":"https:\/\/hotel-lagorai.com\/de\/wp-json\/wp\/v2\/comments?post=610"}],"version-history":[{"count":1,"href":"https:\/\/hotel-lagorai.com\/de\/wp-json\/wp\/v2\/pages\/610\/revisions"}],"predecessor-version":[{"id":611,"href":"https:\/\/hotel-lagorai.com\/de\/wp-json\/wp\/v2\/pages\/610\/revisions\/611"}],"wp:featuredmedia":[{"embeddable":true,"href":"https:\/\/hotel-lagorai.com\/de\/wp-json\/wp\/v2\/media\/357"}],"wp:attachment":[{"href":"https:\/\/hotel-lagorai.com\/de\/wp-json\/wp\/v2\/media?parent=610"}],"curies":[{"name":"wp","href":"https:\/\/api.w.org\/{rel}","templated":true}]}}