{"id":614,"date":"2024-04-09T07:38:34","date_gmt":"2024-04-09T05:38:34","guid":{"rendered":"https:\/\/hotel-lagorai.com\/umweltbeitrag\/"},"modified":"2024-05-30T19:59:40","modified_gmt":"2024-05-30T17:59:40","slug":"umweltschutz-lagorai-fleimstal","status":"publish","type":"page","link":"https:\/\/hotel-lagorai.com\/de\/umweltschutz-lagorai-fleimstal\/","title":{"rendered":"Umweltbeitrag"},"content":{"rendered":"\n<h2 class=\"wp-block-heading\">Respekt f\u00fcr die Sch\u00f6nheit der Natur<\/h2>\n\n<h4 class=\"wp-block-heading has-text-align-center\">In unserem trentiner Hotel legen wir wert auf Umweltschutz und Nachhaltigkeit<\/h4>\n\n<p class=\"has-text-align-center\">Die uns umgebenden W\u00e4lder sind ein wertvolles Erbe, das wir sch\u00fctzen und bewahren m\u00f6chten.<br\/>Die nachhaltige Nutzung von Holz als Rohstoff ist ein wichtiges Thema f\u00fcr das Panoramic Resort Lagorai.<br\/>Die Energie, die wir zum Heizen und f\u00fcr die Erw\u00e4rmung des Wassers ben\u00f6tigen, stammt von einer Zentrale f\u00fcr Holz-Biomasse,<br\/>die ausschliesslich Brennmaterial aus unbehandeltem und nicht anders verwertbarem Holzabfall gewinnt.<\/p>\n","protected":false},"excerpt":{"rendered":"<p>Respekt f\u00fcr die Sch\u00f6nheit der Natur In unserem trentiner Hotel legen wir wert auf Umweltschutz und Nachhaltigkeit Die uns umgebenden W\u00e4lder sind ein wertvolles Erbe, das wir sch\u00fctzen und bewahren m\u00f6chten.Die nachhaltige Nutzung von Holz als Rohstoff ist ein wichtiges Thema f\u00fcr das Panoramic Resort Lagorai.Die Energie, die wir zum Heizen und f\u00fcr die Erw\u00e4rmung<a href=\"https:\/\/hotel-lagorai.com\/de\/umweltschutz-lagorai-fleimstal\/\">Continue reading <span class=\"sr-only\">&#8222;Umweltbeitrag&#8220;<\/span><\/a><\/p>\n","protected":false},"author":1,"featured_media":359,"parent":0,"menu_order":0,"comment_status":"closed","ping_status":"closed","template":"","meta":{"_acf_changed":false,"footnotes":""},"class_list":["post-614","page","type-page","status-publish","has-post-thumbnail","hentry"],"acf":[],"yoast_head":"<!-- This site is optimized with the Yoast SEO plugin v25.8 - https:\/\/yoast.com\/wordpress\/plugins\/seo\/ -->\n<title>Umweltbeitrag - Hotel Lagorai - Panoramic Resort - Cavalese - Trentino - Italy<\/title>\n<meta name=\"robots\" content=\"index, follow, max-snippet:-1, max-image-preview:large, max-video-preview:-1\" \/>\n<link rel=\"canonical\" href=\"https:\/\/hotel-lagorai.com\/de\/umweltschutz-lagorai-fleimstal\/\" \/>\n<meta property=\"og:locale\" content=\"de_DE\" \/>\n<meta property=\"og:type\" content=\"article\" \/>\n<meta property=\"og:title\" content=\"Umweltbeitrag - Hotel Lagorai - Panoramic Resort - Cavalese - Trentino - Italy\" \/>\n<meta property=\"og:description\" content=\"Respekt f\u00fcr die Sch\u00f6nheit der Natur In unserem trentiner Hotel legen wir wert auf Umweltschutz und Nachhaltigkeit Die uns umgebenden W\u00e4lder sind ein wertvolles Erbe, das wir sch\u00fctzen und bewahren m\u00f6chten.Die nachhaltige Nutzung von Holz als Rohstoff ist ein wichtiges Thema f\u00fcr das Panoramic Resort Lagorai.Die Energie, die wir zum Heizen und f\u00fcr die Erw\u00e4rmungContinue reading &quot;Umweltbeitrag&quot;\" \/>\n<meta property=\"og:url\" content=\"https:\/\/hotel-lagorai.com\/de\/umweltschutz-lagorai-fleimstal\/\" \/>\n<meta property=\"og:site_name\" content=\"Hotel Lagorai - Panoramic Resort - Cavalese - Trentino - Italy\" \/>\n<meta property=\"article:publisher\" content=\"https:\/\/www.facebook.com\/pages\/Hotel-Lagorai-Resort-Spa\/116929181672933\" \/>\n<meta property=\"article:modified_time\" content=\"2024-05-30T17:59:40+00:00\" \/>\n<meta property=\"og:image\" content=\"https:\/\/hotel-lagorai.com\/wp-content\/uploads\/2024\/04\/2AA951BF834E4D20ACCC6DC9D762C91A-testata.jpg\" \/>\n\t<meta property=\"og:image:width\" content=\"2000\" \/>\n\t<meta property=\"og:image:height\" content=\"530\" \/>\n\t<meta property=\"og:image:type\" content=\"image\/jpeg\" \/>\n<meta name=\"twitter:card\" content=\"summary_large_image\" \/>\n<script type=\"application\/ld+json\" class=\"yoast-schema-graph\">{\"@context\":\"https:\/\/schema.org\",\"@graph\":[{\"@type\":\"WebPage\",\"@id\":\"https:\/\/hotel-lagorai.com\/de\/umweltschutz-lagorai-fleimstal\/\",\"url\":\"https:\/\/hotel-lagorai.com\/de\/umweltschutz-lagorai-fleimstal\/\",\"name\":\"Umweltbeitrag - Hotel Lagorai - Panoramic Resort - Cavalese - Trentino - Italy\",\"isPartOf\":{\"@id\":\"https:\/\/hotel-lagorai.com\/de\/#website\"},\"primaryImageOfPage\":{\"@id\":\"https:\/\/hotel-lagorai.com\/de\/umweltschutz-lagorai-fleimstal\/#primaryimage\"},\"image\":{\"@id\":\"https:\/\/hotel-lagorai.com\/de\/umweltschutz-lagorai-fleimstal\/#primaryimage\"},\"thumbnailUrl\":\"https:\/\/hotel-lagorai.com\/wp-content\/uploads\/2024\/04\/2AA951BF834E4D20ACCC6DC9D762C91A-testata.jpg\",\"datePublished\":\"2024-04-09T05:38:34+00:00\",\"dateModified\":\"2024-05-30T17:59:40+00:00\",\"breadcrumb\":{\"@id\":\"https:\/\/hotel-lagorai.com\/de\/umweltschutz-lagorai-fleimstal\/#breadcrumb\"},\"inLanguage\":\"de\",\"potentialAction\":[{\"@type\":\"ReadAction\",\"target\":[\"https:\/\/hotel-lagorai.com\/de\/umweltschutz-lagorai-fleimstal\/\"]}]},{\"@type\":\"ImageObject\",\"inLanguage\":\"de\",\"@id\":\"https:\/\/hotel-lagorai.com\/de\/umweltschutz-lagorai-fleimstal\/#primaryimage\",\"url\":\"https:\/\/hotel-lagorai.com\/wp-content\/uploads\/2024\/04\/2AA951BF834E4D20ACCC6DC9D762C91A-testata.jpg\",\"contentUrl\":\"https:\/\/hotel-lagorai.com\/wp-content\/uploads\/2024\/04\/2AA951BF834E4D20ACCC6DC9D762C91A-testata.jpg\",\"width\":2000,\"height\":530},{\"@type\":\"BreadcrumbList\",\"@id\":\"https:\/\/hotel-lagorai.com\/de\/umweltschutz-lagorai-fleimstal\/#breadcrumb\",\"itemListElement\":[{\"@type\":\"ListItem\",\"position\":1,\"name\":\"Home\",\"item\":\"https:\/\/hotel-lagorai.com\/de\/\"},{\"@type\":\"ListItem\",\"position\":2,\"name\":\"Umweltbeitrag\"}]},{\"@type\":\"WebSite\",\"@id\":\"https:\/\/hotel-lagorai.com\/de\/#website\",\"url\":\"https:\/\/hotel-lagorai.com\/de\/\",\"name\":\"Hotel Lagorai - Panoramic Resort - Cavalese - Trentino - Italy\",\"description\":\"\",\"publisher\":{\"@id\":\"https:\/\/hotel-lagorai.com\/de\/#organization\"},\"potentialAction\":[{\"@type\":\"SearchAction\",\"target\":{\"@type\":\"EntryPoint\",\"urlTemplate\":\"https:\/\/hotel-lagorai.com\/de\/?s={search_term_string}\"},\"query-input\":{\"@type\":\"PropertyValueSpecification\",\"valueRequired\":true,\"valueName\":\"search_term_string\"}}],\"inLanguage\":\"de\"},{\"@type\":\"Organization\",\"@id\":\"https:\/\/hotel-lagorai.com\/de\/#organization\",\"name\":\"Hotel Lagorai - Panoramic Resort - Cavalese - Trentino - Italy\",\"url\":\"https:\/\/hotel-lagorai.com\/de\/\",\"logo\":{\"@type\":\"ImageObject\",\"inLanguage\":\"de\",\"@id\":\"https:\/\/hotel-lagorai.com\/de\/#\/schema\/logo\/image\/\",\"url\":\"https:\/\/hotel-lagorai.com\/wp-content\/uploads\/2024\/04\/toplogo.png\",\"contentUrl\":\"https:\/\/hotel-lagorai.com\/wp-content\/uploads\/2024\/04\/toplogo.png\",\"width\":220,\"height\":90,\"caption\":\"Hotel Lagorai - Panoramic Resort - Cavalese - Trentino - Italy\"},\"image\":{\"@id\":\"https:\/\/hotel-lagorai.com\/de\/#\/schema\/logo\/image\/\"},\"sameAs\":[\"https:\/\/www.facebook.com\/pages\/Hotel-Lagorai-Resort-Spa\/116929181672933\",\"https:\/\/www.instagram.com\/lagoraipanoramicresort\/?hl=it\",\"https:\/\/www.youtube.com\/channel\/UCbWMDsy3XeBQ0dk5DqPK5Uw\/\"]}]}<\/script>\n<!-- \/ Yoast SEO plugin. -->","yoast_head_json":{"title":"Umweltbeitrag - Hotel Lagorai - Panoramic Resort - Cavalese - Trentino - Italy","robots":{"index":"index","follow":"follow","max-snippet":"max-snippet:-1","max-image-preview":"max-image-preview:large","max-video-preview":"max-video-preview:-1"},"canonical":"https:\/\/hotel-lagorai.com\/de\/umweltschutz-lagorai-fleimstal\/","og_locale":"de_DE","og_type":"article","og_title":"Umweltbeitrag - Hotel Lagorai - Panoramic Resort - Cavalese - Trentino - Italy","og_description":"Respekt f\u00fcr die Sch\u00f6nheit der Natur In unserem trentiner Hotel legen wir wert auf Umweltschutz und Nachhaltigkeit Die uns umgebenden W\u00e4lder sind ein wertvolles Erbe, das wir sch\u00fctzen und bewahren m\u00f6chten.Die nachhaltige Nutzung von Holz als Rohstoff ist ein wichtiges Thema f\u00fcr das Panoramic Resort Lagorai.Die Energie, die wir zum Heizen und f\u00fcr die Erw\u00e4rmungContinue reading \"Umweltbeitrag\"","og_url":"https:\/\/hotel-lagorai.com\/de\/umweltschutz-lagorai-fleimstal\/","og_site_name":"Hotel Lagorai - Panoramic Resort - Cavalese - Trentino - Italy","article_publisher":"https:\/\/www.facebook.com\/pages\/Hotel-Lagorai-Resort-Spa\/116929181672933","article_modified_time":"2024-05-30T17:59:40+00:00","og_image":[{"width":2000,"height":530,"url":"https:\/\/hotel-lagorai.com\/wp-content\/uploads\/2024\/04\/2AA951BF834E4D20ACCC6DC9D762C91A-testata.jpg","type":"image\/jpeg"}],"twitter_card":"summary_large_image","schema":{"@context":"https:\/\/schema.org","@graph":[{"@type":"WebPage","@id":"https:\/\/hotel-lagorai.com\/de\/umweltschutz-lagorai-fleimstal\/","url":"https:\/\/hotel-lagorai.com\/de\/umweltschutz-lagorai-fleimstal\/","name":"Umweltbeitrag - Hotel Lagorai - Panoramic Resort - Cavalese - Trentino - Italy","isPartOf":{"@id":"https:\/\/hotel-lagorai.com\/de\/#website"},"primaryImageOfPage":{"@id":"https:\/\/hotel-lagorai.com\/de\/umweltschutz-lagorai-fleimstal\/#primaryimage"},"image":{"@id":"https:\/\/hotel-lagorai.com\/de\/umweltschutz-lagorai-fleimstal\/#primaryimage"},"thumbnailUrl":"https:\/\/hotel-lagorai.com\/wp-content\/uploads\/2024\/04\/2AA951BF834E4D20ACCC6DC9D762C91A-testata.jpg","datePublished":"2024-04-09T05:38:34+00:00","dateModified":"2024-05-30T17:59:40+00:00","breadcrumb":{"@id":"https:\/\/hotel-lagorai.com\/de\/umweltschutz-lagorai-fleimstal\/#breadcrumb"},"inLanguage":"de","potentialAction":[{"@type":"ReadAction","target":["https:\/\/hotel-lagorai.com\/de\/umweltschutz-lagorai-fleimstal\/"]}]},{"@type":"ImageObject","inLanguage":"de","@id":"https:\/\/hotel-lagorai.com\/de\/umweltschutz-lagorai-fleimstal\/#primaryimage","url":"https:\/\/hotel-lagorai.com\/wp-content\/uploads\/2024\/04\/2AA951BF834E4D20ACCC6DC9D762C91A-testata.jpg","contentUrl":"https:\/\/hotel-lagorai.com\/wp-content\/uploads\/2024\/04\/2AA951BF834E4D20ACCC6DC9D762C91A-testata.jpg","width":2000,"height":530},{"@type":"BreadcrumbList","@id":"https:\/\/hotel-lagorai.com\/de\/umweltschutz-lagorai-fleimstal\/#breadcrumb","itemListElement":[{"@type":"ListItem","position":1,"name":"Home","item":"https:\/\/hotel-lagorai.com\/de\/"},{"@type":"ListItem","position":2,"name":"Umweltbeitrag"}]},{"@type":"WebSite","@id":"https:\/\/hotel-lagorai.com\/de\/#website","url":"https:\/\/hotel-lagorai.com\/de\/","name":"Hotel Lagorai - Panoramic Resort - Cavalese - Trentino - Italy","description":"","publisher":{"@id":"https:\/\/hotel-lagorai.com\/de\/#organization"},"potentialAction":[{"@type":"SearchAction","target":{"@type":"EntryPoint","urlTemplate":"https:\/\/hotel-lagorai.com\/de\/?s={search_term_string}"},"query-input":{"@type":"PropertyValueSpecification","valueRequired":true,"valueName":"search_term_string"}}],"inLanguage":"de"},{"@type":"Organization","@id":"https:\/\/hotel-lagorai.com\/de\/#organization","name":"Hotel Lagorai - Panoramic Resort - Cavalese - Trentino - Italy","url":"https:\/\/hotel-lagorai.com\/de\/","logo":{"@type":"ImageObject","inLanguage":"de","@id":"https:\/\/hotel-lagorai.com\/de\/#\/schema\/logo\/image\/","url":"https:\/\/hotel-lagorai.com\/wp-content\/uploads\/2024\/04\/toplogo.png","contentUrl":"https:\/\/hotel-lagorai.com\/wp-content\/uploads\/2024\/04\/toplogo.png","width":220,"height":90,"caption":"Hotel Lagorai - Panoramic Resort - Cavalese - Trentino - Italy"},"image":{"@id":"https:\/\/hotel-lagorai.com\/de\/#\/schema\/logo\/image\/"},"sameAs":["https:\/\/www.facebook.com\/pages\/Hotel-Lagorai-Resort-Spa\/116929181672933","https:\/\/www.instagram.com\/lagoraipanoramicresort\/?hl=it","https:\/\/www.youtube.com\/channel\/UCbWMDsy3XeBQ0dk5DqPK5Uw\/"]}]}},"_links":{"self":[{"href":"https:\/\/hotel-lagorai.com\/de\/wp-json\/wp\/v2\/pages\/614","targetHints":{"allow":["GET"]}}],"collection":[{"href":"https:\/\/hotel-lagorai.com\/de\/wp-json\/wp\/v2\/pages"}],"about":[{"href":"https:\/\/hotel-lagorai.com\/de\/wp-json\/wp\/v2\/types\/page"}],"author":[{"embeddable":true,"href":"https:\/\/hotel-lagorai.com\/de\/wp-json\/wp\/v2\/users\/1"}],"replies":[{"embeddable":true,"href":"https:\/\/hotel-lagorai.com\/de\/wp-json\/wp\/v2\/comments?post=614"}],"version-history":[{"count":1,"href":"https:\/\/hotel-lagorai.com\/de\/wp-json\/wp\/v2\/pages\/614\/revisions"}],"predecessor-version":[{"id":615,"href":"https:\/\/hotel-lagorai.com\/de\/wp-json\/wp\/v2\/pages\/614\/revisions\/615"}],"wp:featuredmedia":[{"embeddable":true,"href":"https:\/\/hotel-lagorai.com\/de\/wp-json\/wp\/v2\/media\/359"}],"wp:attachment":[{"href":"https:\/\/hotel-lagorai.com\/de\/wp-json\/wp\/v2\/media?parent=614"}],"curies":[{"name":"wp","href":"https:\/\/api.w.org\/{rel}","templated":true}]}}