{"id":618,"date":"2024-04-09T07:38:56","date_gmt":"2024-04-09T05:38:56","guid":{"rendered":"https:\/\/hotel-lagorai.com\/gourmet\/"},"modified":"2025-07-15T21:48:08","modified_gmt":"2025-07-15T19:48:08","slug":"originalrezepte-landestypische-gerichte-trentiner-kueche-glutenfrei","status":"publish","type":"page","link":"https:\/\/hotel-lagorai.com\/de\/originalrezepte-landestypische-gerichte-trentiner-kueche-glutenfrei\/","title":{"rendered":"Gourmet"},"content":{"rendered":"\n<h2 class=\"wp-block-heading\">K\u00f6stlichkeiten f\u00fcr den Gaumen und die Seele<\/h2>\n\n\n\n<h4 class=\"wp-block-heading has-text-align-center\">Kosten Sie unsere Traditionen mit einer Prise Innovation<\/h4>\n\n\n\n<p class=\"has-text-align-center\">F\u00fcr unser kulinarisches Konzept, das die authentischsten Spezialit\u00e4ten unserer Region hervorheben m\u00f6chte,<br>verwenden wir nat\u00fcrliche und saisonale Zutaten in Verbindung mit Geschmack und Aromen der Tradition.<\/p>\n\n\n\n<p class=\"has-text-align-center\">Eine erlesene Wein-Karte erweitert unser Speise-Angebot.<\/p>\n\n\n\n<p class=\"has-text-align-center\">Die \u00be Pension beinhaltet:<\/p>\n\n\n\n<ul class=\"wp-block-list custom\">\n<li>Fr\u00fchst\u00fccksbuffet ab 7h30 bis 10h: frisches Obst, frischgespresste S\u00e4fte, Brotecke, hausgemachte Kuchen und Hefegeb\u00e4ck,<br>ortstypischer Aufschitt und K\u00e4se, Eier, verschiedene Jogurtsorten.<\/li>\n\n\n\n<li>Nachmittags-Snack, Selbstbedienungsecke ab 15h bis 17h mit Salat-Angebot, Geb\u00e4ck, Jogurt und S\u00e4ften.<\/li>\n\n\n\n<li>Dinner mit Menu-Auswahl, Light-Gerichten und traditionellen Trentiner Spezialit\u00e4ten, frisches Salat- und Gem\u00fcsebuffet, Auswahl an lokalen K\u00e4sesorten mit Honig und Marmeladen, Ger\u00e4uchertes aus unserem Haus, Vorspeisen und frisches Obst.<\/li>\n\n\n\n<li>Flexible Speisekarte f\u00fcr jeden Ern\u00e4hrungsstil: Unsere K\u00fcche richtet sich mit maximaler Aufmerksamkeit nach den W\u00fcnschen und Notwendigkeiten unserer G\u00e4ste; z.B. bei Glutenunvertr\u00e4glichkeit, vegetarischer und veganer Ern\u00e4hrungsweise oder auch f\u00fcr unsere j\u00fcngsten G\u00e4ste kreiieren wir gerne auch pers\u00f6nlich abgestimmte Mahlzeiten und Suppen.<\/li>\n<\/ul>\n","protected":false},"excerpt":{"rendered":"<p>K\u00f6stlichkeiten f\u00fcr den Gaumen und die Seele Kosten Sie unsere Traditionen mit einer Prise Innovation F\u00fcr unser kulinarisches Konzept, das die authentischsten Spezialit\u00e4ten unserer Region hervorheben m\u00f6chte,verwenden wir nat\u00fcrliche und saisonale Zutaten in Verbindung mit Geschmack und Aromen der Tradition. Eine erlesene Wein-Karte erweitert unser Speise-Angebot. Die \u00be Pension beinhaltet:<\/p>\n","protected":false},"author":1,"featured_media":361,"parent":0,"menu_order":0,"comment_status":"closed","ping_status":"closed","template":"","meta":{"_acf_changed":false,"footnotes":""},"class_list":["post-618","page","type-page","status-publish","has-post-thumbnail","hentry"],"acf":[],"yoast_head":"<!-- This site is optimized with the Yoast SEO plugin v25.8 - https:\/\/yoast.com\/wordpress\/plugins\/seo\/ -->\n<title>Gourmet - Hotel Lagorai - Panoramic Resort - Cavalese - Trentino - Italy<\/title>\n<meta name=\"robots\" content=\"index, follow, max-snippet:-1, max-image-preview:large, max-video-preview:-1\" \/>\n<link rel=\"canonical\" href=\"https:\/\/hotel-lagorai.com\/de\/originalrezepte-landestypische-gerichte-trentiner-kueche-glutenfrei\/\" \/>\n<meta property=\"og:locale\" content=\"de_DE\" \/>\n<meta property=\"og:type\" content=\"article\" \/>\n<meta property=\"og:title\" content=\"Gourmet - Hotel Lagorai - Panoramic Resort - Cavalese - Trentino - Italy\" \/>\n<meta property=\"og:description\" content=\"K\u00f6stlichkeiten f\u00fcr den Gaumen und die Seele Kosten Sie unsere Traditionen mit einer Prise Innovation F\u00fcr unser kulinarisches Konzept, das die authentischsten Spezialit\u00e4ten unserer Region hervorheben m\u00f6chte,verwenden wir nat\u00fcrliche und saisonale Zutaten in Verbindung mit Geschmack und Aromen der Tradition. Eine erlesene Wein-Karte erweitert unser Speise-Angebot. Die \u00be Pension beinhaltet:\" \/>\n<meta property=\"og:url\" content=\"https:\/\/hotel-lagorai.com\/de\/originalrezepte-landestypische-gerichte-trentiner-kueche-glutenfrei\/\" \/>\n<meta property=\"og:site_name\" content=\"Hotel Lagorai - Panoramic Resort - Cavalese - Trentino - Italy\" \/>\n<meta property=\"article:publisher\" content=\"https:\/\/www.facebook.com\/pages\/Hotel-Lagorai-Resort-Spa\/116929181672933\" \/>\n<meta property=\"article:modified_time\" content=\"2025-07-15T19:48:08+00:00\" \/>\n<meta property=\"og:image\" content=\"https:\/\/hotel-lagorai.com\/wp-content\/uploads\/2024\/04\/0DE105D01CD043469308688A666FE083-testata.jpg\" \/>\n\t<meta property=\"og:image:width\" content=\"2000\" \/>\n\t<meta property=\"og:image:height\" content=\"530\" \/>\n\t<meta property=\"og:image:type\" content=\"image\/jpeg\" \/>\n<meta name=\"twitter:card\" content=\"summary_large_image\" \/>\n<meta name=\"twitter:label1\" content=\"Gesch\u00e4tzte Lesezeit\" \/>\n\t<meta name=\"twitter:data1\" content=\"2\u00a0Minuten\" \/>\n<script type=\"application\/ld+json\" class=\"yoast-schema-graph\">{\"@context\":\"https:\/\/schema.org\",\"@graph\":[{\"@type\":\"WebPage\",\"@id\":\"https:\/\/hotel-lagorai.com\/de\/originalrezepte-landestypische-gerichte-trentiner-kueche-glutenfrei\/\",\"url\":\"https:\/\/hotel-lagorai.com\/de\/originalrezepte-landestypische-gerichte-trentiner-kueche-glutenfrei\/\",\"name\":\"Gourmet - Hotel Lagorai - Panoramic Resort - Cavalese - Trentino - Italy\",\"isPartOf\":{\"@id\":\"https:\/\/hotel-lagorai.com\/de\/#website\"},\"primaryImageOfPage\":{\"@id\":\"https:\/\/hotel-lagorai.com\/de\/originalrezepte-landestypische-gerichte-trentiner-kueche-glutenfrei\/#primaryimage\"},\"image\":{\"@id\":\"https:\/\/hotel-lagorai.com\/de\/originalrezepte-landestypische-gerichte-trentiner-kueche-glutenfrei\/#primaryimage\"},\"thumbnailUrl\":\"https:\/\/hotel-lagorai.com\/wp-content\/uploads\/2024\/04\/0DE105D01CD043469308688A666FE083-testata.jpg\",\"datePublished\":\"2024-04-09T05:38:56+00:00\",\"dateModified\":\"2025-07-15T19:48:08+00:00\",\"breadcrumb\":{\"@id\":\"https:\/\/hotel-lagorai.com\/de\/originalrezepte-landestypische-gerichte-trentiner-kueche-glutenfrei\/#breadcrumb\"},\"inLanguage\":\"de\",\"potentialAction\":[{\"@type\":\"ReadAction\",\"target\":[\"https:\/\/hotel-lagorai.com\/de\/originalrezepte-landestypische-gerichte-trentiner-kueche-glutenfrei\/\"]}]},{\"@type\":\"ImageObject\",\"inLanguage\":\"de\",\"@id\":\"https:\/\/hotel-lagorai.com\/de\/originalrezepte-landestypische-gerichte-trentiner-kueche-glutenfrei\/#primaryimage\",\"url\":\"https:\/\/hotel-lagorai.com\/wp-content\/uploads\/2024\/04\/0DE105D01CD043469308688A666FE083-testata.jpg\",\"contentUrl\":\"https:\/\/hotel-lagorai.com\/wp-content\/uploads\/2024\/04\/0DE105D01CD043469308688A666FE083-testata.jpg\",\"width\":2000,\"height\":530},{\"@type\":\"BreadcrumbList\",\"@id\":\"https:\/\/hotel-lagorai.com\/de\/originalrezepte-landestypische-gerichte-trentiner-kueche-glutenfrei\/#breadcrumb\",\"itemListElement\":[{\"@type\":\"ListItem\",\"position\":1,\"name\":\"Home\",\"item\":\"https:\/\/hotel-lagorai.com\/de\/\"},{\"@type\":\"ListItem\",\"position\":2,\"name\":\"Gourmet\"}]},{\"@type\":\"WebSite\",\"@id\":\"https:\/\/hotel-lagorai.com\/de\/#website\",\"url\":\"https:\/\/hotel-lagorai.com\/de\/\",\"name\":\"Hotel Lagorai - Panoramic Resort - Cavalese - Trentino - Italy\",\"description\":\"\",\"publisher\":{\"@id\":\"https:\/\/hotel-lagorai.com\/de\/#organization\"},\"potentialAction\":[{\"@type\":\"SearchAction\",\"target\":{\"@type\":\"EntryPoint\",\"urlTemplate\":\"https:\/\/hotel-lagorai.com\/de\/?s={search_term_string}\"},\"query-input\":{\"@type\":\"PropertyValueSpecification\",\"valueRequired\":true,\"valueName\":\"search_term_string\"}}],\"inLanguage\":\"de\"},{\"@type\":\"Organization\",\"@id\":\"https:\/\/hotel-lagorai.com\/de\/#organization\",\"name\":\"Hotel Lagorai - Panoramic Resort - Cavalese - Trentino - Italy\",\"url\":\"https:\/\/hotel-lagorai.com\/de\/\",\"logo\":{\"@type\":\"ImageObject\",\"inLanguage\":\"de\",\"@id\":\"https:\/\/hotel-lagorai.com\/de\/#\/schema\/logo\/image\/\",\"url\":\"https:\/\/hotel-lagorai.com\/wp-content\/uploads\/2024\/04\/toplogo.png\",\"contentUrl\":\"https:\/\/hotel-lagorai.com\/wp-content\/uploads\/2024\/04\/toplogo.png\",\"width\":220,\"height\":90,\"caption\":\"Hotel Lagorai - Panoramic Resort - Cavalese - Trentino - Italy\"},\"image\":{\"@id\":\"https:\/\/hotel-lagorai.com\/de\/#\/schema\/logo\/image\/\"},\"sameAs\":[\"https:\/\/www.facebook.com\/pages\/Hotel-Lagorai-Resort-Spa\/116929181672933\",\"https:\/\/www.instagram.com\/lagoraipanoramicresort\/?hl=it\",\"https:\/\/www.youtube.com\/channel\/UCbWMDsy3XeBQ0dk5DqPK5Uw\/\"]}]}<\/script>\n<!-- \/ Yoast SEO plugin. -->","yoast_head_json":{"title":"Gourmet - Hotel Lagorai - Panoramic Resort - Cavalese - Trentino - Italy","robots":{"index":"index","follow":"follow","max-snippet":"max-snippet:-1","max-image-preview":"max-image-preview:large","max-video-preview":"max-video-preview:-1"},"canonical":"https:\/\/hotel-lagorai.com\/de\/originalrezepte-landestypische-gerichte-trentiner-kueche-glutenfrei\/","og_locale":"de_DE","og_type":"article","og_title":"Gourmet - Hotel Lagorai - Panoramic Resort - Cavalese - Trentino - Italy","og_description":"K\u00f6stlichkeiten f\u00fcr den Gaumen und die Seele Kosten Sie unsere Traditionen mit einer Prise Innovation F\u00fcr unser kulinarisches Konzept, das die authentischsten Spezialit\u00e4ten unserer Region hervorheben m\u00f6chte,verwenden wir nat\u00fcrliche und saisonale Zutaten in Verbindung mit Geschmack und Aromen der Tradition. Eine erlesene Wein-Karte erweitert unser Speise-Angebot. Die \u00be Pension beinhaltet:","og_url":"https:\/\/hotel-lagorai.com\/de\/originalrezepte-landestypische-gerichte-trentiner-kueche-glutenfrei\/","og_site_name":"Hotel Lagorai - Panoramic Resort - Cavalese - Trentino - Italy","article_publisher":"https:\/\/www.facebook.com\/pages\/Hotel-Lagorai-Resort-Spa\/116929181672933","article_modified_time":"2025-07-15T19:48:08+00:00","og_image":[{"width":2000,"height":530,"url":"https:\/\/hotel-lagorai.com\/wp-content\/uploads\/2024\/04\/0DE105D01CD043469308688A666FE083-testata.jpg","type":"image\/jpeg"}],"twitter_card":"summary_large_image","twitter_misc":{"Gesch\u00e4tzte Lesezeit":"2\u00a0Minuten"},"schema":{"@context":"https:\/\/schema.org","@graph":[{"@type":"WebPage","@id":"https:\/\/hotel-lagorai.com\/de\/originalrezepte-landestypische-gerichte-trentiner-kueche-glutenfrei\/","url":"https:\/\/hotel-lagorai.com\/de\/originalrezepte-landestypische-gerichte-trentiner-kueche-glutenfrei\/","name":"Gourmet - Hotel Lagorai - Panoramic Resort - Cavalese - Trentino - Italy","isPartOf":{"@id":"https:\/\/hotel-lagorai.com\/de\/#website"},"primaryImageOfPage":{"@id":"https:\/\/hotel-lagorai.com\/de\/originalrezepte-landestypische-gerichte-trentiner-kueche-glutenfrei\/#primaryimage"},"image":{"@id":"https:\/\/hotel-lagorai.com\/de\/originalrezepte-landestypische-gerichte-trentiner-kueche-glutenfrei\/#primaryimage"},"thumbnailUrl":"https:\/\/hotel-lagorai.com\/wp-content\/uploads\/2024\/04\/0DE105D01CD043469308688A666FE083-testata.jpg","datePublished":"2024-04-09T05:38:56+00:00","dateModified":"2025-07-15T19:48:08+00:00","breadcrumb":{"@id":"https:\/\/hotel-lagorai.com\/de\/originalrezepte-landestypische-gerichte-trentiner-kueche-glutenfrei\/#breadcrumb"},"inLanguage":"de","potentialAction":[{"@type":"ReadAction","target":["https:\/\/hotel-lagorai.com\/de\/originalrezepte-landestypische-gerichte-trentiner-kueche-glutenfrei\/"]}]},{"@type":"ImageObject","inLanguage":"de","@id":"https:\/\/hotel-lagorai.com\/de\/originalrezepte-landestypische-gerichte-trentiner-kueche-glutenfrei\/#primaryimage","url":"https:\/\/hotel-lagorai.com\/wp-content\/uploads\/2024\/04\/0DE105D01CD043469308688A666FE083-testata.jpg","contentUrl":"https:\/\/hotel-lagorai.com\/wp-content\/uploads\/2024\/04\/0DE105D01CD043469308688A666FE083-testata.jpg","width":2000,"height":530},{"@type":"BreadcrumbList","@id":"https:\/\/hotel-lagorai.com\/de\/originalrezepte-landestypische-gerichte-trentiner-kueche-glutenfrei\/#breadcrumb","itemListElement":[{"@type":"ListItem","position":1,"name":"Home","item":"https:\/\/hotel-lagorai.com\/de\/"},{"@type":"ListItem","position":2,"name":"Gourmet"}]},{"@type":"WebSite","@id":"https:\/\/hotel-lagorai.com\/de\/#website","url":"https:\/\/hotel-lagorai.com\/de\/","name":"Hotel Lagorai - Panoramic Resort - Cavalese - Trentino - Italy","description":"","publisher":{"@id":"https:\/\/hotel-lagorai.com\/de\/#organization"},"potentialAction":[{"@type":"SearchAction","target":{"@type":"EntryPoint","urlTemplate":"https:\/\/hotel-lagorai.com\/de\/?s={search_term_string}"},"query-input":{"@type":"PropertyValueSpecification","valueRequired":true,"valueName":"search_term_string"}}],"inLanguage":"de"},{"@type":"Organization","@id":"https:\/\/hotel-lagorai.com\/de\/#organization","name":"Hotel Lagorai - Panoramic Resort - Cavalese - Trentino - Italy","url":"https:\/\/hotel-lagorai.com\/de\/","logo":{"@type":"ImageObject","inLanguage":"de","@id":"https:\/\/hotel-lagorai.com\/de\/#\/schema\/logo\/image\/","url":"https:\/\/hotel-lagorai.com\/wp-content\/uploads\/2024\/04\/toplogo.png","contentUrl":"https:\/\/hotel-lagorai.com\/wp-content\/uploads\/2024\/04\/toplogo.png","width":220,"height":90,"caption":"Hotel Lagorai - Panoramic Resort - Cavalese - Trentino - Italy"},"image":{"@id":"https:\/\/hotel-lagorai.com\/de\/#\/schema\/logo\/image\/"},"sameAs":["https:\/\/www.facebook.com\/pages\/Hotel-Lagorai-Resort-Spa\/116929181672933","https:\/\/www.instagram.com\/lagoraipanoramicresort\/?hl=it","https:\/\/www.youtube.com\/channel\/UCbWMDsy3XeBQ0dk5DqPK5Uw\/"]}]}},"_links":{"self":[{"href":"https:\/\/hotel-lagorai.com\/de\/wp-json\/wp\/v2\/pages\/618","targetHints":{"allow":["GET"]}}],"collection":[{"href":"https:\/\/hotel-lagorai.com\/de\/wp-json\/wp\/v2\/pages"}],"about":[{"href":"https:\/\/hotel-lagorai.com\/de\/wp-json\/wp\/v2\/types\/page"}],"author":[{"embeddable":true,"href":"https:\/\/hotel-lagorai.com\/de\/wp-json\/wp\/v2\/users\/1"}],"replies":[{"embeddable":true,"href":"https:\/\/hotel-lagorai.com\/de\/wp-json\/wp\/v2\/comments?post=618"}],"version-history":[{"count":3,"href":"https:\/\/hotel-lagorai.com\/de\/wp-json\/wp\/v2\/pages\/618\/revisions"}],"predecessor-version":[{"id":3881,"href":"https:\/\/hotel-lagorai.com\/de\/wp-json\/wp\/v2\/pages\/618\/revisions\/3881"}],"wp:featuredmedia":[{"embeddable":true,"href":"https:\/\/hotel-lagorai.com\/de\/wp-json\/wp\/v2\/media\/361"}],"wp:attachment":[{"href":"https:\/\/hotel-lagorai.com\/de\/wp-json\/wp\/v2\/media?parent=618"}],"curies":[{"name":"wp","href":"https:\/\/api.w.org\/{rel}","templated":true}]}}