{"id":628,"date":"2024-04-09T07:39:40","date_gmt":"2024-04-09T05:39:40","guid":{"rendered":"https:\/\/hotel-lagorai.com\/hochzeiten\/"},"modified":"2024-05-30T20:01:10","modified_gmt":"2024-05-30T18:01:10","slug":"hochzeiten-in-fleimstal-den-dolomiten","status":"publish","type":"page","link":"https:\/\/hotel-lagorai.com\/de\/hochzeiten-in-fleimstal-den-dolomiten\/","title":{"rendered":"Hochzeiten"},"content":{"rendered":"\n<h2 class=\"wp-block-heading\">Ihre Traum Location<\/h2>\n\n<h4 class=\"wp-block-heading has-text-align-center\">Feiern Sie den wichtigsten Augenblick Ihres Lebens an einem einzigartigen Ort<br\/>mit atemberaubenden Ausblick<\/h4>\n\n<div style=\"height:24px\" aria-hidden=\"true\" class=\"wp-block-spacer\"><\/div>\n\n<p class=\"has-text-align-center\">Eine suggestive Location, wo das Panorama Herz und Sinne \u00fcberw\u00e4ltigt.<\/p>\n\n<p class=\"has-text-align-center\">Ob f\u00fcr eine Feierlichkeit im vertrauten Kreise oder mit Familie und Freunden, eine Hochzeit umrahmt von den wundersch\u00f6nen<br\/>Dolomiten und den K\u00f6stlichkeiten unserer Chefk\u00f6che wird diesen besonderen Moment in ein wahrhaft unvergessliches Ereignis verwandeln.<\/p>\n\n<p class=\"has-text-align-center\">Im Zusammenspiel von ihren Ideen und unserer Erfahrung werden wir ein einzigartiges Event schaffen.<\/p>\n\n<div style=\"height:24px\" aria-hidden=\"true\" class=\"wp-block-spacer\"><\/div>\n\n<p><strong>F\u00fcr Ihre Hochzeit stellen wir Ihnen zur Verf\u00fcgung:<\/strong><\/p>\n\n<ul class=\"custom wp-block-list\">\n<li>Ein f\u00fcr Sie ma\u00dfgeschneidertes Menu.<\/li>\n\n\n\n<li>Hauptspeisesaal mit Panorama-Ausblick (Platz f\u00fcr bis zu 180 Personen).<\/li>\n\n\n\n<li>Nebenspeisesaal mit Panorama-Ausblick<br\/>(Platz f\u00fcr bis zu 90 Personen), mit angrenzender Bar\/Taverne und B\u00fchne f\u00fcr Band\/Orchester.<\/li>\n\n\n\n<li>Panorama-Terrasse mit Blick auf das Tal, f\u00fcr Buffets oder Partys, auch abends.<\/li>\n\n\n\n<li>Individuell gestaltete Mise en place (Raumgestaltung).<\/li>\n\n\n\n<li>Das Hochzeitspaar hat die M\u00f6glichkeit, die Hochzeitsnacht in einer unserer romantischen Suites zu verbringen.<\/li>\n\n\n\n<li class=\"custom\">Gro\u00dfer, privater Aussenparkplatz.<\/li>\n<\/ul>\n\n<p><strong>Auf Anfrage:<\/strong><\/p>\n\n<ul class=\"custom wp-block-list\">\n<li>Hochzeitstorte nach Wahl<\/li>\n\n\n\n<li>Blumenschmuck<\/li>\n\n\n\n<li>musikalische Unterhaltung<\/li>\n\n\n\n<li>Zimmer f\u00fcr die \u00dcbernachtung der Hochzeitsg\u00e4ste<\/li>\n\n\n\n<li>Die G\u00e4ste k\u00f6nnen sich in unserem Wellness-Bereich entspannen<br\/>und sich in unserem \u00fcppigen Garten sonnen.<\/li>\n\n\n\n<li>Unser Haus ist mit einer behindertengerechten Rampe ausgestattet.<\/li>\n<\/ul>\n\n<div style=\"height:24px\" aria-hidden=\"true\" class=\"wp-block-spacer\"><\/div>\n\n<p class=\"has-text-align-center\">Im Hotel Lagorai k\u00f6nnen Sie ausser Hochzeiten,<br\/>Tauffeiern, Diplom- oder Geburtstagsfeiern auch Festlichkeiten f\u00fcr jeden anderen besonderen Anlass organisieren.<\/p>\n\n<p class=\"has-text-align-center\"><strong>Fragen Sie uns nach einem pers\u00f6nlichen Kostenvoranschlag!<\/strong><\/p>\n","protected":false},"excerpt":{"rendered":"<p>Ihre Traum Location Feiern Sie den wichtigsten Augenblick Ihres Lebens an einem einzigartigen Ortmit atemberaubenden Ausblick Eine suggestive Location, wo das Panorama Herz und Sinne \u00fcberw\u00e4ltigt. Ob f\u00fcr eine Feierlichkeit im vertrauten Kreise oder mit Familie und Freunden, eine Hochzeit umrahmt von den wundersch\u00f6nenDolomiten und den K\u00f6stlichkeiten unserer Chefk\u00f6che wird diesen besonderen Moment in ein<a href=\"https:\/\/hotel-lagorai.com\/de\/hochzeiten-in-fleimstal-den-dolomiten\/\">Continue reading <span class=\"sr-only\">&#8222;Hochzeiten&#8220;<\/span><\/a><\/p>\n","protected":false},"author":1,"featured_media":365,"parent":0,"menu_order":0,"comment_status":"closed","ping_status":"closed","template":"","meta":{"_acf_changed":false,"footnotes":""},"class_list":["post-628","page","type-page","status-publish","has-post-thumbnail","hentry"],"acf":[],"yoast_head":"<!-- This site is optimized with the Yoast SEO plugin v25.8 - https:\/\/yoast.com\/wordpress\/plugins\/seo\/ -->\n<title>Hochzeiten - Hotel Lagorai - Panoramic Resort - Cavalese - Trentino - Italy<\/title>\n<meta name=\"robots\" content=\"index, follow, max-snippet:-1, max-image-preview:large, max-video-preview:-1\" \/>\n<link rel=\"canonical\" href=\"https:\/\/hotel-lagorai.com\/de\/hochzeiten-in-fleimstal-den-dolomiten\/\" \/>\n<meta property=\"og:locale\" content=\"de_DE\" \/>\n<meta property=\"og:type\" content=\"article\" \/>\n<meta property=\"og:title\" content=\"Hochzeiten - Hotel Lagorai - Panoramic Resort - Cavalese - Trentino - Italy\" \/>\n<meta property=\"og:description\" content=\"Ihre Traum Location Feiern Sie den wichtigsten Augenblick Ihres Lebens an einem einzigartigen Ortmit atemberaubenden Ausblick Eine suggestive Location, wo das Panorama Herz und Sinne \u00fcberw\u00e4ltigt. Ob f\u00fcr eine Feierlichkeit im vertrauten Kreise oder mit Familie und Freunden, eine Hochzeit umrahmt von den wundersch\u00f6nenDolomiten und den K\u00f6stlichkeiten unserer Chefk\u00f6che wird diesen besonderen Moment in einContinue reading &quot;Hochzeiten&quot;\" \/>\n<meta property=\"og:url\" content=\"https:\/\/hotel-lagorai.com\/de\/hochzeiten-in-fleimstal-den-dolomiten\/\" \/>\n<meta property=\"og:site_name\" content=\"Hotel Lagorai - Panoramic Resort - Cavalese - Trentino - Italy\" \/>\n<meta property=\"article:publisher\" content=\"https:\/\/www.facebook.com\/pages\/Hotel-Lagorai-Resort-Spa\/116929181672933\" \/>\n<meta property=\"article:modified_time\" content=\"2024-05-30T18:01:10+00:00\" \/>\n<meta property=\"og:image\" content=\"https:\/\/hotel-lagorai.com\/wp-content\/uploads\/2024\/04\/4E9E7A302EBB4998A805237C6D9A33CC-testata.jpg\" \/>\n\t<meta property=\"og:image:width\" content=\"2000\" \/>\n\t<meta property=\"og:image:height\" content=\"530\" \/>\n\t<meta property=\"og:image:type\" content=\"image\/jpeg\" \/>\n<meta name=\"twitter:card\" content=\"summary_large_image\" \/>\n<meta name=\"twitter:label1\" content=\"Gesch\u00e4tzte Lesezeit\" \/>\n\t<meta name=\"twitter:data1\" content=\"1\u00a0Minute\" \/>\n<script type=\"application\/ld+json\" class=\"yoast-schema-graph\">{\"@context\":\"https:\/\/schema.org\",\"@graph\":[{\"@type\":\"WebPage\",\"@id\":\"https:\/\/hotel-lagorai.com\/de\/hochzeiten-in-fleimstal-den-dolomiten\/\",\"url\":\"https:\/\/hotel-lagorai.com\/de\/hochzeiten-in-fleimstal-den-dolomiten\/\",\"name\":\"Hochzeiten - Hotel Lagorai - Panoramic Resort - Cavalese - Trentino - Italy\",\"isPartOf\":{\"@id\":\"https:\/\/hotel-lagorai.com\/de\/#website\"},\"primaryImageOfPage\":{\"@id\":\"https:\/\/hotel-lagorai.com\/de\/hochzeiten-in-fleimstal-den-dolomiten\/#primaryimage\"},\"image\":{\"@id\":\"https:\/\/hotel-lagorai.com\/de\/hochzeiten-in-fleimstal-den-dolomiten\/#primaryimage\"},\"thumbnailUrl\":\"https:\/\/hotel-lagorai.com\/wp-content\/uploads\/2024\/04\/4E9E7A302EBB4998A805237C6D9A33CC-testata.jpg\",\"datePublished\":\"2024-04-09T05:39:40+00:00\",\"dateModified\":\"2024-05-30T18:01:10+00:00\",\"breadcrumb\":{\"@id\":\"https:\/\/hotel-lagorai.com\/de\/hochzeiten-in-fleimstal-den-dolomiten\/#breadcrumb\"},\"inLanguage\":\"de\",\"potentialAction\":[{\"@type\":\"ReadAction\",\"target\":[\"https:\/\/hotel-lagorai.com\/de\/hochzeiten-in-fleimstal-den-dolomiten\/\"]}]},{\"@type\":\"ImageObject\",\"inLanguage\":\"de\",\"@id\":\"https:\/\/hotel-lagorai.com\/de\/hochzeiten-in-fleimstal-den-dolomiten\/#primaryimage\",\"url\":\"https:\/\/hotel-lagorai.com\/wp-content\/uploads\/2024\/04\/4E9E7A302EBB4998A805237C6D9A33CC-testata.jpg\",\"contentUrl\":\"https:\/\/hotel-lagorai.com\/wp-content\/uploads\/2024\/04\/4E9E7A302EBB4998A805237C6D9A33CC-testata.jpg\",\"width\":2000,\"height\":530},{\"@type\":\"BreadcrumbList\",\"@id\":\"https:\/\/hotel-lagorai.com\/de\/hochzeiten-in-fleimstal-den-dolomiten\/#breadcrumb\",\"itemListElement\":[{\"@type\":\"ListItem\",\"position\":1,\"name\":\"Home\",\"item\":\"https:\/\/hotel-lagorai.com\/de\/\"},{\"@type\":\"ListItem\",\"position\":2,\"name\":\"Hochzeiten\"}]},{\"@type\":\"WebSite\",\"@id\":\"https:\/\/hotel-lagorai.com\/de\/#website\",\"url\":\"https:\/\/hotel-lagorai.com\/de\/\",\"name\":\"Hotel Lagorai - Panoramic Resort - Cavalese - Trentino - Italy\",\"description\":\"\",\"publisher\":{\"@id\":\"https:\/\/hotel-lagorai.com\/de\/#organization\"},\"potentialAction\":[{\"@type\":\"SearchAction\",\"target\":{\"@type\":\"EntryPoint\",\"urlTemplate\":\"https:\/\/hotel-lagorai.com\/de\/?s={search_term_string}\"},\"query-input\":{\"@type\":\"PropertyValueSpecification\",\"valueRequired\":true,\"valueName\":\"search_term_string\"}}],\"inLanguage\":\"de\"},{\"@type\":\"Organization\",\"@id\":\"https:\/\/hotel-lagorai.com\/de\/#organization\",\"name\":\"Hotel Lagorai - Panoramic Resort - Cavalese - Trentino - Italy\",\"url\":\"https:\/\/hotel-lagorai.com\/de\/\",\"logo\":{\"@type\":\"ImageObject\",\"inLanguage\":\"de\",\"@id\":\"https:\/\/hotel-lagorai.com\/de\/#\/schema\/logo\/image\/\",\"url\":\"https:\/\/hotel-lagorai.com\/wp-content\/uploads\/2024\/04\/toplogo.png\",\"contentUrl\":\"https:\/\/hotel-lagorai.com\/wp-content\/uploads\/2024\/04\/toplogo.png\",\"width\":220,\"height\":90,\"caption\":\"Hotel Lagorai - Panoramic Resort - Cavalese - Trentino - Italy\"},\"image\":{\"@id\":\"https:\/\/hotel-lagorai.com\/de\/#\/schema\/logo\/image\/\"},\"sameAs\":[\"https:\/\/www.facebook.com\/pages\/Hotel-Lagorai-Resort-Spa\/116929181672933\",\"https:\/\/www.instagram.com\/lagoraipanoramicresort\/?hl=it\",\"https:\/\/www.youtube.com\/channel\/UCbWMDsy3XeBQ0dk5DqPK5Uw\/\"]}]}<\/script>\n<!-- \/ Yoast SEO plugin. -->","yoast_head_json":{"title":"Hochzeiten - Hotel Lagorai - Panoramic Resort - Cavalese - Trentino - Italy","robots":{"index":"index","follow":"follow","max-snippet":"max-snippet:-1","max-image-preview":"max-image-preview:large","max-video-preview":"max-video-preview:-1"},"canonical":"https:\/\/hotel-lagorai.com\/de\/hochzeiten-in-fleimstal-den-dolomiten\/","og_locale":"de_DE","og_type":"article","og_title":"Hochzeiten - Hotel Lagorai - Panoramic Resort - Cavalese - Trentino - Italy","og_description":"Ihre Traum Location Feiern Sie den wichtigsten Augenblick Ihres Lebens an einem einzigartigen Ortmit atemberaubenden Ausblick Eine suggestive Location, wo das Panorama Herz und Sinne \u00fcberw\u00e4ltigt. Ob f\u00fcr eine Feierlichkeit im vertrauten Kreise oder mit Familie und Freunden, eine Hochzeit umrahmt von den wundersch\u00f6nenDolomiten und den K\u00f6stlichkeiten unserer Chefk\u00f6che wird diesen besonderen Moment in einContinue reading \"Hochzeiten\"","og_url":"https:\/\/hotel-lagorai.com\/de\/hochzeiten-in-fleimstal-den-dolomiten\/","og_site_name":"Hotel Lagorai - Panoramic Resort - Cavalese - Trentino - Italy","article_publisher":"https:\/\/www.facebook.com\/pages\/Hotel-Lagorai-Resort-Spa\/116929181672933","article_modified_time":"2024-05-30T18:01:10+00:00","og_image":[{"width":2000,"height":530,"url":"https:\/\/hotel-lagorai.com\/wp-content\/uploads\/2024\/04\/4E9E7A302EBB4998A805237C6D9A33CC-testata.jpg","type":"image\/jpeg"}],"twitter_card":"summary_large_image","twitter_misc":{"Gesch\u00e4tzte Lesezeit":"1\u00a0Minute"},"schema":{"@context":"https:\/\/schema.org","@graph":[{"@type":"WebPage","@id":"https:\/\/hotel-lagorai.com\/de\/hochzeiten-in-fleimstal-den-dolomiten\/","url":"https:\/\/hotel-lagorai.com\/de\/hochzeiten-in-fleimstal-den-dolomiten\/","name":"Hochzeiten - Hotel Lagorai - Panoramic Resort - Cavalese - Trentino - Italy","isPartOf":{"@id":"https:\/\/hotel-lagorai.com\/de\/#website"},"primaryImageOfPage":{"@id":"https:\/\/hotel-lagorai.com\/de\/hochzeiten-in-fleimstal-den-dolomiten\/#primaryimage"},"image":{"@id":"https:\/\/hotel-lagorai.com\/de\/hochzeiten-in-fleimstal-den-dolomiten\/#primaryimage"},"thumbnailUrl":"https:\/\/hotel-lagorai.com\/wp-content\/uploads\/2024\/04\/4E9E7A302EBB4998A805237C6D9A33CC-testata.jpg","datePublished":"2024-04-09T05:39:40+00:00","dateModified":"2024-05-30T18:01:10+00:00","breadcrumb":{"@id":"https:\/\/hotel-lagorai.com\/de\/hochzeiten-in-fleimstal-den-dolomiten\/#breadcrumb"},"inLanguage":"de","potentialAction":[{"@type":"ReadAction","target":["https:\/\/hotel-lagorai.com\/de\/hochzeiten-in-fleimstal-den-dolomiten\/"]}]},{"@type":"ImageObject","inLanguage":"de","@id":"https:\/\/hotel-lagorai.com\/de\/hochzeiten-in-fleimstal-den-dolomiten\/#primaryimage","url":"https:\/\/hotel-lagorai.com\/wp-content\/uploads\/2024\/04\/4E9E7A302EBB4998A805237C6D9A33CC-testata.jpg","contentUrl":"https:\/\/hotel-lagorai.com\/wp-content\/uploads\/2024\/04\/4E9E7A302EBB4998A805237C6D9A33CC-testata.jpg","width":2000,"height":530},{"@type":"BreadcrumbList","@id":"https:\/\/hotel-lagorai.com\/de\/hochzeiten-in-fleimstal-den-dolomiten\/#breadcrumb","itemListElement":[{"@type":"ListItem","position":1,"name":"Home","item":"https:\/\/hotel-lagorai.com\/de\/"},{"@type":"ListItem","position":2,"name":"Hochzeiten"}]},{"@type":"WebSite","@id":"https:\/\/hotel-lagorai.com\/de\/#website","url":"https:\/\/hotel-lagorai.com\/de\/","name":"Hotel Lagorai - Panoramic Resort - Cavalese - Trentino - Italy","description":"","publisher":{"@id":"https:\/\/hotel-lagorai.com\/de\/#organization"},"potentialAction":[{"@type":"SearchAction","target":{"@type":"EntryPoint","urlTemplate":"https:\/\/hotel-lagorai.com\/de\/?s={search_term_string}"},"query-input":{"@type":"PropertyValueSpecification","valueRequired":true,"valueName":"search_term_string"}}],"inLanguage":"de"},{"@type":"Organization","@id":"https:\/\/hotel-lagorai.com\/de\/#organization","name":"Hotel Lagorai - Panoramic Resort - Cavalese - Trentino - Italy","url":"https:\/\/hotel-lagorai.com\/de\/","logo":{"@type":"ImageObject","inLanguage":"de","@id":"https:\/\/hotel-lagorai.com\/de\/#\/schema\/logo\/image\/","url":"https:\/\/hotel-lagorai.com\/wp-content\/uploads\/2024\/04\/toplogo.png","contentUrl":"https:\/\/hotel-lagorai.com\/wp-content\/uploads\/2024\/04\/toplogo.png","width":220,"height":90,"caption":"Hotel Lagorai - Panoramic Resort - Cavalese - Trentino - Italy"},"image":{"@id":"https:\/\/hotel-lagorai.com\/de\/#\/schema\/logo\/image\/"},"sameAs":["https:\/\/www.facebook.com\/pages\/Hotel-Lagorai-Resort-Spa\/116929181672933","https:\/\/www.instagram.com\/lagoraipanoramicresort\/?hl=it","https:\/\/www.youtube.com\/channel\/UCbWMDsy3XeBQ0dk5DqPK5Uw\/"]}]}},"_links":{"self":[{"href":"https:\/\/hotel-lagorai.com\/de\/wp-json\/wp\/v2\/pages\/628","targetHints":{"allow":["GET"]}}],"collection":[{"href":"https:\/\/hotel-lagorai.com\/de\/wp-json\/wp\/v2\/pages"}],"about":[{"href":"https:\/\/hotel-lagorai.com\/de\/wp-json\/wp\/v2\/types\/page"}],"author":[{"embeddable":true,"href":"https:\/\/hotel-lagorai.com\/de\/wp-json\/wp\/v2\/users\/1"}],"replies":[{"embeddable":true,"href":"https:\/\/hotel-lagorai.com\/de\/wp-json\/wp\/v2\/comments?post=628"}],"version-history":[{"count":3,"href":"https:\/\/hotel-lagorai.com\/de\/wp-json\/wp\/v2\/pages\/628\/revisions"}],"predecessor-version":[{"id":631,"href":"https:\/\/hotel-lagorai.com\/de\/wp-json\/wp\/v2\/pages\/628\/revisions\/631"}],"wp:featuredmedia":[{"embeddable":true,"href":"https:\/\/hotel-lagorai.com\/de\/wp-json\/wp\/v2\/media\/365"}],"wp:attachment":[{"href":"https:\/\/hotel-lagorai.com\/de\/wp-json\/wp\/v2\/media?parent=628"}],"curies":[{"name":"wp","href":"https:\/\/api.w.org\/{rel}","templated":true}]}}