{"id":634,"date":"2024-04-09T07:39:57","date_gmt":"2024-04-09T05:39:57","guid":{"rendered":"https:\/\/hotel-lagorai.com\/wo-sind-wir\/"},"modified":"2024-05-30T20:01:49","modified_gmt":"2024-05-30T18:01:49","slug":"cavalese-fleimstal-trentino-suedtirol","status":"publish","type":"page","link":"https:\/\/hotel-lagorai.com\/de\/cavalese-fleimstal-trentino-suedtirol\/","title":{"rendered":"Wo sind wir"},"content":{"rendered":"\n<h2 class=\"wp-block-heading\">Cavalese &#8211; Fleimstal &#8211; Trentino &#8211; Dolomiten<\/h2>\n\n<h4 class=\"wp-block-heading has-text-align-center\">Cavalese, die Hauptstadt des Feimstals im Trentino S\u00fcdtirol<\/h4>\n\n<div style=\"height:24px\" aria-hidden=\"true\" class=\"wp-block-spacer\"><\/div>\n\n<p class=\"has-text-align-center\">Cavalese, die Hauptstadt des Fleimstales in den \u00f6stlichen Dolomiten des Trentino<br\/>und gelegen auf 1.000 Metern \u00fcber dem Meeresspiegel, z\u00e4hlt ca. 4.000 Einwohner.<br\/>Ein ideales Ziel f\u00fcr alle Bergliebhaber, im Winter wie im Sommer!<\/p>\n\n<p class=\"has-text-align-center\">Leicht erreichbar<br\/>GPS Koordinaten: Breitengrad 46.290849 \u2013 L\u00e4ngengrad 11.474005<\/p>\n\n<p class=\"has-text-align-center\">Mit dem Auto:<\/p>\n\n<p class=\"has-text-align-center\">Brenner-Autobahn in Richtung Modena (A22), Ausfahrt Neumarkt\/Auer (Egna\/Ora), anschliessend der Ausschilderung<br\/>nach Cavalese folgen (ca. 26 km) auf der strada statale delle Dolomiti (SS48).<\/p>\n\n<p class=\"has-text-align-center\">Von der Autobahn Venedig\/Ponte delle Alpi (A27), Ausfahrt Belluno und anschliessend der Beschilderung<br\/>nach Agordo folgen (SS203). Weiter nach Falcade, den sch\u00f6nen Passo San Pellegrino (SS346) \u00fcberqueren und dann, bevor Sie in Moena angekommen, auf die neue Umgehungsstrasse in Richtung Predazzo abbiegen (SS48), die Sie durch das gesamte Fleimstal und bis nach Cavalese f\u00fchrt.<\/p>\n\n<p class=\"has-text-align-center\">Von Bozen aus gibt es eine Alternative zur Ausfahrt Neumarkt\/Auer (Egna\/Ora), n\u00e4mlich \u00fcber die strada statale zum Lavaz\u00e8-Pass (SS241 e SS620, 39 km),<br\/>den Pass zu \u00fcberqueren und \u00fcber das \u00d6rtchen Varena hinunter in Richtung Cavalese zu fahren.<\/p>\n\n<p class=\"has-text-align-center\">Einmal in Cavalese angekommen, bleiben Sie auf der strada statale SS48 in Richtung Predazzo<br\/>und durchqueren Sie den Ortskern. urz vor dem Tunnel am Ortsausgang,<br\/>biegen Sie nach rechts auf eine kleine Strasse ab, die Sie direkt zum Hotel f\u00fchrt.<\/p>\n\n<p class=\"has-text-align-center\"><strong>Herzlich willkommen am sch\u00f6nsten Punkt des Tales, an dem das Panoramic Resort Lagorai liegt!<\/strong><\/p>\n\n<p class=\"has-text-align-center\"><strong>Mit dem Zug:<\/strong><\/p>\n\n<p class=\"has-text-align-center\">Der n\u00e4chstgelegene Bahnhof ist Neumarkt\/Auer (Egna\/Ora).<br\/>Von dort aus gibt es eine regelm\u00e4ssige Busverbindung nach Cavalese, auch von und zu den Busbahnh\u00f6fen von Trient\/Trento (Trentino Trasporti) und Bozen\/Bolzano (SAD).<\/p>\n\n<p class=\"has-text-align-center\"><strong>Mit dem Flugzeug:<\/strong><\/p>\n\n<p class=\"has-text-align-center\">Der n\u00e4chstgelegene Flughafen nach Cavalese ist der Flughafen Catullo von Verona.<br\/>Die Distanzen der zu uns am n\u00e4chsten gelegenen Flugh\u00e4fen in km finden Sie hier:<\/p>\n\n<p class=\"has-text-align-center\">Verona Km 160<br\/>Innsbruck Km 160<br\/>Treviso km 170<br\/>Venedig\/Venezia Km 220<br\/>Bergamo Orio al Serio km 240<br\/>Milano Linate Km 280<br\/>Milano Malpensa Km 330<br\/>M\u00fcnchen Km 350<\/p>\n","protected":false},"excerpt":{"rendered":"<p>Cavalese &#8211; Fleimstal &#8211; Trentino &#8211; Dolomiten Cavalese, die Hauptstadt des Feimstals im Trentino S\u00fcdtirol Cavalese, die Hauptstadt des Fleimstales in den \u00f6stlichen Dolomiten des Trentinound gelegen auf 1.000 Metern \u00fcber dem Meeresspiegel, z\u00e4hlt ca. 4.000 Einwohner.Ein ideales Ziel f\u00fcr alle Bergliebhaber, im Winter wie im Sommer! Leicht erreichbarGPS Koordinaten: Breitengrad 46.290849 \u2013 L\u00e4ngengrad 11.474005<a href=\"https:\/\/hotel-lagorai.com\/de\/cavalese-fleimstal-trentino-suedtirol\/\">Continue reading <span class=\"sr-only\">&#8222;Wo sind wir&#8220;<\/span><\/a><\/p>\n","protected":false},"author":1,"featured_media":367,"parent":0,"menu_order":0,"comment_status":"closed","ping_status":"closed","template":"","meta":{"_acf_changed":false,"footnotes":""},"class_list":["post-634","page","type-page","status-publish","has-post-thumbnail","hentry"],"acf":[],"yoast_head":"<!-- This site is optimized with the Yoast SEO plugin v25.8 - https:\/\/yoast.com\/wordpress\/plugins\/seo\/ -->\n<title>Wo sind wir - Hotel Lagorai - Panoramic Resort - Cavalese - Trentino - Italy<\/title>\n<meta name=\"robots\" content=\"index, follow, max-snippet:-1, max-image-preview:large, max-video-preview:-1\" \/>\n<link rel=\"canonical\" href=\"https:\/\/hotel-lagorai.com\/de\/cavalese-fleimstal-trentino-suedtirol\/\" \/>\n<meta property=\"og:locale\" content=\"de_DE\" \/>\n<meta property=\"og:type\" content=\"article\" \/>\n<meta property=\"og:title\" content=\"Wo sind wir - Hotel Lagorai - Panoramic Resort - Cavalese - Trentino - Italy\" \/>\n<meta property=\"og:description\" content=\"Cavalese &#8211; Fleimstal &#8211; Trentino &#8211; Dolomiten Cavalese, die Hauptstadt des Feimstals im Trentino S\u00fcdtirol Cavalese, die Hauptstadt des Fleimstales in den \u00f6stlichen Dolomiten des Trentinound gelegen auf 1.000 Metern \u00fcber dem Meeresspiegel, z\u00e4hlt ca. 4.000 Einwohner.Ein ideales Ziel f\u00fcr alle Bergliebhaber, im Winter wie im Sommer! Leicht erreichbarGPS Koordinaten: Breitengrad 46.290849 \u2013 L\u00e4ngengrad 11.474005Continue reading &quot;Wo sind wir&quot;\" \/>\n<meta property=\"og:url\" content=\"https:\/\/hotel-lagorai.com\/de\/cavalese-fleimstal-trentino-suedtirol\/\" \/>\n<meta property=\"og:site_name\" content=\"Hotel Lagorai - Panoramic Resort - Cavalese - Trentino - Italy\" \/>\n<meta property=\"article:publisher\" content=\"https:\/\/www.facebook.com\/pages\/Hotel-Lagorai-Resort-Spa\/116929181672933\" \/>\n<meta property=\"article:modified_time\" content=\"2024-05-30T18:01:49+00:00\" \/>\n<meta property=\"og:image\" content=\"https:\/\/hotel-lagorai.com\/wp-content\/uploads\/2024\/04\/543AE7D4E4CB472091FA9A03F83B41E0-testata.jpg\" \/>\n\t<meta property=\"og:image:width\" content=\"2000\" \/>\n\t<meta property=\"og:image:height\" content=\"530\" \/>\n\t<meta property=\"og:image:type\" content=\"image\/jpeg\" \/>\n<meta name=\"twitter:card\" content=\"summary_large_image\" \/>\n<meta name=\"twitter:label1\" content=\"Gesch\u00e4tzte Lesezeit\" \/>\n\t<meta name=\"twitter:data1\" content=\"2\u00a0Minuten\" \/>\n<script type=\"application\/ld+json\" class=\"yoast-schema-graph\">{\"@context\":\"https:\/\/schema.org\",\"@graph\":[{\"@type\":\"WebPage\",\"@id\":\"https:\/\/hotel-lagorai.com\/de\/cavalese-fleimstal-trentino-suedtirol\/\",\"url\":\"https:\/\/hotel-lagorai.com\/de\/cavalese-fleimstal-trentino-suedtirol\/\",\"name\":\"Wo sind wir - Hotel Lagorai - Panoramic Resort - Cavalese - Trentino - Italy\",\"isPartOf\":{\"@id\":\"https:\/\/hotel-lagorai.com\/de\/#website\"},\"primaryImageOfPage\":{\"@id\":\"https:\/\/hotel-lagorai.com\/de\/cavalese-fleimstal-trentino-suedtirol\/#primaryimage\"},\"image\":{\"@id\":\"https:\/\/hotel-lagorai.com\/de\/cavalese-fleimstal-trentino-suedtirol\/#primaryimage\"},\"thumbnailUrl\":\"https:\/\/hotel-lagorai.com\/wp-content\/uploads\/2024\/04\/543AE7D4E4CB472091FA9A03F83B41E0-testata.jpg\",\"datePublished\":\"2024-04-09T05:39:57+00:00\",\"dateModified\":\"2024-05-30T18:01:49+00:00\",\"breadcrumb\":{\"@id\":\"https:\/\/hotel-lagorai.com\/de\/cavalese-fleimstal-trentino-suedtirol\/#breadcrumb\"},\"inLanguage\":\"de\",\"potentialAction\":[{\"@type\":\"ReadAction\",\"target\":[\"https:\/\/hotel-lagorai.com\/de\/cavalese-fleimstal-trentino-suedtirol\/\"]}]},{\"@type\":\"ImageObject\",\"inLanguage\":\"de\",\"@id\":\"https:\/\/hotel-lagorai.com\/de\/cavalese-fleimstal-trentino-suedtirol\/#primaryimage\",\"url\":\"https:\/\/hotel-lagorai.com\/wp-content\/uploads\/2024\/04\/543AE7D4E4CB472091FA9A03F83B41E0-testata.jpg\",\"contentUrl\":\"https:\/\/hotel-lagorai.com\/wp-content\/uploads\/2024\/04\/543AE7D4E4CB472091FA9A03F83B41E0-testata.jpg\",\"width\":2000,\"height\":530},{\"@type\":\"BreadcrumbList\",\"@id\":\"https:\/\/hotel-lagorai.com\/de\/cavalese-fleimstal-trentino-suedtirol\/#breadcrumb\",\"itemListElement\":[{\"@type\":\"ListItem\",\"position\":1,\"name\":\"Home\",\"item\":\"https:\/\/hotel-lagorai.com\/de\/\"},{\"@type\":\"ListItem\",\"position\":2,\"name\":\"Wo sind wir\"}]},{\"@type\":\"WebSite\",\"@id\":\"https:\/\/hotel-lagorai.com\/de\/#website\",\"url\":\"https:\/\/hotel-lagorai.com\/de\/\",\"name\":\"Hotel Lagorai - Panoramic Resort - Cavalese - Trentino - Italy\",\"description\":\"\",\"publisher\":{\"@id\":\"https:\/\/hotel-lagorai.com\/de\/#organization\"},\"potentialAction\":[{\"@type\":\"SearchAction\",\"target\":{\"@type\":\"EntryPoint\",\"urlTemplate\":\"https:\/\/hotel-lagorai.com\/de\/?s={search_term_string}\"},\"query-input\":{\"@type\":\"PropertyValueSpecification\",\"valueRequired\":true,\"valueName\":\"search_term_string\"}}],\"inLanguage\":\"de\"},{\"@type\":\"Organization\",\"@id\":\"https:\/\/hotel-lagorai.com\/de\/#organization\",\"name\":\"Hotel Lagorai - Panoramic Resort - Cavalese - Trentino - Italy\",\"url\":\"https:\/\/hotel-lagorai.com\/de\/\",\"logo\":{\"@type\":\"ImageObject\",\"inLanguage\":\"de\",\"@id\":\"https:\/\/hotel-lagorai.com\/de\/#\/schema\/logo\/image\/\",\"url\":\"https:\/\/hotel-lagorai.com\/wp-content\/uploads\/2024\/04\/toplogo.png\",\"contentUrl\":\"https:\/\/hotel-lagorai.com\/wp-content\/uploads\/2024\/04\/toplogo.png\",\"width\":220,\"height\":90,\"caption\":\"Hotel Lagorai - Panoramic Resort - Cavalese - Trentino - Italy\"},\"image\":{\"@id\":\"https:\/\/hotel-lagorai.com\/de\/#\/schema\/logo\/image\/\"},\"sameAs\":[\"https:\/\/www.facebook.com\/pages\/Hotel-Lagorai-Resort-Spa\/116929181672933\",\"https:\/\/www.instagram.com\/lagoraipanoramicresort\/?hl=it\",\"https:\/\/www.youtube.com\/channel\/UCbWMDsy3XeBQ0dk5DqPK5Uw\/\"]}]}<\/script>\n<!-- \/ Yoast SEO plugin. -->","yoast_head_json":{"title":"Wo sind wir - Hotel Lagorai - Panoramic Resort - Cavalese - Trentino - Italy","robots":{"index":"index","follow":"follow","max-snippet":"max-snippet:-1","max-image-preview":"max-image-preview:large","max-video-preview":"max-video-preview:-1"},"canonical":"https:\/\/hotel-lagorai.com\/de\/cavalese-fleimstal-trentino-suedtirol\/","og_locale":"de_DE","og_type":"article","og_title":"Wo sind wir - Hotel Lagorai - Panoramic Resort - Cavalese - Trentino - Italy","og_description":"Cavalese &#8211; Fleimstal &#8211; Trentino &#8211; Dolomiten Cavalese, die Hauptstadt des Feimstals im Trentino S\u00fcdtirol Cavalese, die Hauptstadt des Fleimstales in den \u00f6stlichen Dolomiten des Trentinound gelegen auf 1.000 Metern \u00fcber dem Meeresspiegel, z\u00e4hlt ca. 4.000 Einwohner.Ein ideales Ziel f\u00fcr alle Bergliebhaber, im Winter wie im Sommer! Leicht erreichbarGPS Koordinaten: Breitengrad 46.290849 \u2013 L\u00e4ngengrad 11.474005Continue reading \"Wo sind wir\"","og_url":"https:\/\/hotel-lagorai.com\/de\/cavalese-fleimstal-trentino-suedtirol\/","og_site_name":"Hotel Lagorai - Panoramic Resort - Cavalese - Trentino - Italy","article_publisher":"https:\/\/www.facebook.com\/pages\/Hotel-Lagorai-Resort-Spa\/116929181672933","article_modified_time":"2024-05-30T18:01:49+00:00","og_image":[{"width":2000,"height":530,"url":"https:\/\/hotel-lagorai.com\/wp-content\/uploads\/2024\/04\/543AE7D4E4CB472091FA9A03F83B41E0-testata.jpg","type":"image\/jpeg"}],"twitter_card":"summary_large_image","twitter_misc":{"Gesch\u00e4tzte Lesezeit":"2\u00a0Minuten"},"schema":{"@context":"https:\/\/schema.org","@graph":[{"@type":"WebPage","@id":"https:\/\/hotel-lagorai.com\/de\/cavalese-fleimstal-trentino-suedtirol\/","url":"https:\/\/hotel-lagorai.com\/de\/cavalese-fleimstal-trentino-suedtirol\/","name":"Wo sind wir - Hotel Lagorai - Panoramic Resort - Cavalese - Trentino - Italy","isPartOf":{"@id":"https:\/\/hotel-lagorai.com\/de\/#website"},"primaryImageOfPage":{"@id":"https:\/\/hotel-lagorai.com\/de\/cavalese-fleimstal-trentino-suedtirol\/#primaryimage"},"image":{"@id":"https:\/\/hotel-lagorai.com\/de\/cavalese-fleimstal-trentino-suedtirol\/#primaryimage"},"thumbnailUrl":"https:\/\/hotel-lagorai.com\/wp-content\/uploads\/2024\/04\/543AE7D4E4CB472091FA9A03F83B41E0-testata.jpg","datePublished":"2024-04-09T05:39:57+00:00","dateModified":"2024-05-30T18:01:49+00:00","breadcrumb":{"@id":"https:\/\/hotel-lagorai.com\/de\/cavalese-fleimstal-trentino-suedtirol\/#breadcrumb"},"inLanguage":"de","potentialAction":[{"@type":"ReadAction","target":["https:\/\/hotel-lagorai.com\/de\/cavalese-fleimstal-trentino-suedtirol\/"]}]},{"@type":"ImageObject","inLanguage":"de","@id":"https:\/\/hotel-lagorai.com\/de\/cavalese-fleimstal-trentino-suedtirol\/#primaryimage","url":"https:\/\/hotel-lagorai.com\/wp-content\/uploads\/2024\/04\/543AE7D4E4CB472091FA9A03F83B41E0-testata.jpg","contentUrl":"https:\/\/hotel-lagorai.com\/wp-content\/uploads\/2024\/04\/543AE7D4E4CB472091FA9A03F83B41E0-testata.jpg","width":2000,"height":530},{"@type":"BreadcrumbList","@id":"https:\/\/hotel-lagorai.com\/de\/cavalese-fleimstal-trentino-suedtirol\/#breadcrumb","itemListElement":[{"@type":"ListItem","position":1,"name":"Home","item":"https:\/\/hotel-lagorai.com\/de\/"},{"@type":"ListItem","position":2,"name":"Wo sind wir"}]},{"@type":"WebSite","@id":"https:\/\/hotel-lagorai.com\/de\/#website","url":"https:\/\/hotel-lagorai.com\/de\/","name":"Hotel Lagorai - Panoramic Resort - Cavalese - Trentino - Italy","description":"","publisher":{"@id":"https:\/\/hotel-lagorai.com\/de\/#organization"},"potentialAction":[{"@type":"SearchAction","target":{"@type":"EntryPoint","urlTemplate":"https:\/\/hotel-lagorai.com\/de\/?s={search_term_string}"},"query-input":{"@type":"PropertyValueSpecification","valueRequired":true,"valueName":"search_term_string"}}],"inLanguage":"de"},{"@type":"Organization","@id":"https:\/\/hotel-lagorai.com\/de\/#organization","name":"Hotel Lagorai - Panoramic Resort - Cavalese - Trentino - Italy","url":"https:\/\/hotel-lagorai.com\/de\/","logo":{"@type":"ImageObject","inLanguage":"de","@id":"https:\/\/hotel-lagorai.com\/de\/#\/schema\/logo\/image\/","url":"https:\/\/hotel-lagorai.com\/wp-content\/uploads\/2024\/04\/toplogo.png","contentUrl":"https:\/\/hotel-lagorai.com\/wp-content\/uploads\/2024\/04\/toplogo.png","width":220,"height":90,"caption":"Hotel Lagorai - Panoramic Resort - Cavalese - Trentino - Italy"},"image":{"@id":"https:\/\/hotel-lagorai.com\/de\/#\/schema\/logo\/image\/"},"sameAs":["https:\/\/www.facebook.com\/pages\/Hotel-Lagorai-Resort-Spa\/116929181672933","https:\/\/www.instagram.com\/lagoraipanoramicresort\/?hl=it","https:\/\/www.youtube.com\/channel\/UCbWMDsy3XeBQ0dk5DqPK5Uw\/"]}]}},"_links":{"self":[{"href":"https:\/\/hotel-lagorai.com\/de\/wp-json\/wp\/v2\/pages\/634","targetHints":{"allow":["GET"]}}],"collection":[{"href":"https:\/\/hotel-lagorai.com\/de\/wp-json\/wp\/v2\/pages"}],"about":[{"href":"https:\/\/hotel-lagorai.com\/de\/wp-json\/wp\/v2\/types\/page"}],"author":[{"embeddable":true,"href":"https:\/\/hotel-lagorai.com\/de\/wp-json\/wp\/v2\/users\/1"}],"replies":[{"embeddable":true,"href":"https:\/\/hotel-lagorai.com\/de\/wp-json\/wp\/v2\/comments?post=634"}],"version-history":[{"count":1,"href":"https:\/\/hotel-lagorai.com\/de\/wp-json\/wp\/v2\/pages\/634\/revisions"}],"predecessor-version":[{"id":635,"href":"https:\/\/hotel-lagorai.com\/de\/wp-json\/wp\/v2\/pages\/634\/revisions\/635"}],"wp:featuredmedia":[{"embeddable":true,"href":"https:\/\/hotel-lagorai.com\/de\/wp-json\/wp\/v2\/media\/367"}],"wp:attachment":[{"href":"https:\/\/hotel-lagorai.com\/de\/wp-json\/wp\/v2\/media?parent=634"}],"curies":[{"name":"wp","href":"https:\/\/api.w.org\/{rel}","templated":true}]}}