{"id":645,"date":"2024-04-09T07:29:57","date_gmt":"2024-04-09T05:29:57","guid":{"rendered":"https:\/\/hotel-lagorai.com\/zimmer\/"},"modified":"2024-05-30T20:49:53","modified_gmt":"2024-05-30T18:49:53","slug":"zimmer-und-suiten-mit-blick-auf-die-berge","status":"publish","type":"page","link":"https:\/\/hotel-lagorai.com\/de\/zimmer-und-suiten-mit-blick-auf-die-berge\/","title":{"rendered":"Zimmer"},"content":{"rendered":"\n<h2 class=\"wp-block-heading\">Ein \u201eNest&#8220; einzig f\u00fcr Ihre Entspannung kreiiert<\/h2>\n\n<h4 class=\"wp-block-heading has-text-align-center\">Der unsch\u00e4tzbare Wert von erholsamem Schlaf<\/h4>\n\n<p class=\"has-text-align-center\">Ein Blick auf unsere Zimmer, f\u00fcr Ihr Wohlbefinden konzipiert: der Duft und die warme Atmosp\u00e4re<br\/>welche nur naturbelassenes Holz &#8211; von unseren Handwerkern gekonnt gearbeitet &#8211; schenken k\u00f6nnen.<\/p>\n\n<p class=\"has-text-align-center\"><strong>Sie geniessen einen \u00fcberw\u00e4ltigenden Ausblick von unseren Zimmern, was Ihren Aufenthalt bei uns zum Traumurlaub machen wird!<\/strong><\/p>\n\n<div style=\"height:100px\" aria-hidden=\"true\" class=\"wp-block-spacer\"><\/div>\n\r\n<!-- Attivita -->\r\n<section id=\"camere\" class=\"alignnone\">\r\n\t<div class=\"grid grid-cols-1 md:grid-cols-2 gap-4 mb-8\">\r\n\t\t\t\t\t<div class=\"relative\">\r\n\t\t\t\t<a href=\"https:\/\/hotel-lagorai.com\/de\/camera\/classic-erica-20-m2\/\">\r\n\t\t\t\t\t<div class=\"bg-120 bg-center hover:bg-130 bg-no-repeat transition-all duration-500\" style=\"padding-top: 60%; background-image:url(https:\/\/hotel-lagorai.com\/wp-content\/uploads\/2024\/04\/104-scaled.jpg)\">\r\n\r\n\t\t\t\t\t\t<div class=\"rounded-sm bg-dark bg-opacity-50 absolute bottom-0 w-full\">\r\n\t\t\t\t\t\t\t<div class=\"flex flex-col items-center justify-center p-2\">\r\n\t\t\t\t\t\t\t\t<h4 class=\"text-white text-left font-bold pb-0\">Classic Erica 20mq<\/h4>\r\n\t\t\t\t\t\t\t\t<p class=\"text-white text-lg mb-0\"> <\/p>\r\n\t\t\t\t\t\t\t\t<p class=\"text-white text-base\">\r\n\t\t\t\t\t\t\t\t\tOccupazione :  2 &#8211; 3 Personen persone\t\t\t\t\t\t\t\t<\/p>\r\n\t\t\t\t\t\t\t<\/div>\r\n\t\t\t\t\t\t<\/div>\r\n\t\t\t\t\t<\/div>\r\n\t\t\t\t<\/a>\r\n\t\t\t<\/div>\r\n\t\t\t\t\t<div class=\"relative\">\r\n\t\t\t\t<a href=\"https:\/\/hotel-lagorai.com\/de\/camera\/comfort-rosa-di-bosco\/\">\r\n\t\t\t\t\t<div class=\"bg-120 bg-center hover:bg-130 bg-no-repeat transition-all duration-500\" style=\"padding-top: 60%; background-image:url(https:\/\/hotel-lagorai.com\/wp-content\/uploads\/2024\/04\/02A2509-scaled.jpg)\">\r\n\r\n\t\t\t\t\t\t<div class=\"rounded-sm bg-dark bg-opacity-50 absolute bottom-0 w-full\">\r\n\t\t\t\t\t\t\t<div class=\"flex flex-col items-center justify-center p-2\">\r\n\t\t\t\t\t\t\t\t<h4 class=\"text-white text-left font-bold pb-0\">Comfort Rosa di Bosco 20mq<\/h4>\r\n\t\t\t\t\t\t\t\t<p class=\"text-white text-lg mb-0\"> <\/p>\r\n\t\t\t\t\t\t\t\t<p class=\"text-white text-base\">\r\n\t\t\t\t\t\t\t\t\tOccupazione :  2 &#8211; 3 Personen persone\t\t\t\t\t\t\t\t<\/p>\r\n\t\t\t\t\t\t\t<\/div>\r\n\t\t\t\t\t\t<\/div>\r\n\t\t\t\t\t<\/div>\r\n\t\t\t\t<\/a>\r\n\t\t\t<\/div>\r\n\t\t\t\t\t<div class=\"relative\">\r\n\t\t\t\t<a href=\"https:\/\/hotel-lagorai.com\/de\/camera\/junior-suite-genziana-25-m2\/\">\r\n\t\t\t\t\t<div class=\"bg-120 bg-center hover:bg-130 bg-no-repeat transition-all duration-500\" style=\"padding-top: 60%; background-image:url(https:\/\/hotel-lagorai.com\/wp-content\/uploads\/2024\/04\/02A2429-scaled.jpg)\">\r\n\r\n\t\t\t\t\t\t<div class=\"rounded-sm bg-dark bg-opacity-50 absolute bottom-0 w-full\">\r\n\t\t\t\t\t\t\t<div class=\"flex flex-col items-center justify-center p-2\">\r\n\t\t\t\t\t\t\t\t<h4 class=\"text-white text-left font-bold pb-0\">Junior Suite Genziana 25mq<\/h4>\r\n\t\t\t\t\t\t\t\t<p class=\"text-white text-lg mb-0\"> <\/p>\r\n\t\t\t\t\t\t\t\t<p class=\"text-white text-base\">\r\n\t\t\t\t\t\t\t\t\tOccupazione :  2 &#8211; 4 personen persone\t\t\t\t\t\t\t\t<\/p>\r\n\t\t\t\t\t\t\t<\/div>\r\n\t\t\t\t\t\t<\/div>\r\n\t\t\t\t\t<\/div>\r\n\t\t\t\t<\/a>\r\n\t\t\t<\/div>\r\n\t\t\t\t\t<div class=\"relative\">\r\n\t\t\t\t<a href=\"https:\/\/hotel-lagorai.com\/de\/camera\/junior-suite-stella-alpina-25-m2\/\">\r\n\t\t\t\t\t<div class=\"bg-120 bg-center hover:bg-130 bg-no-repeat transition-all duration-500\" style=\"padding-top: 60%; background-image:url(https:\/\/hotel-lagorai.com\/wp-content\/uploads\/2024\/04\/02A4595-scaled.jpg)\">\r\n\r\n\t\t\t\t\t\t<div class=\"rounded-sm bg-dark bg-opacity-50 absolute bottom-0 w-full\">\r\n\t\t\t\t\t\t\t<div class=\"flex flex-col items-center justify-center p-2\">\r\n\t\t\t\t\t\t\t\t<h4 class=\"text-white text-left font-bold pb-0\">Junior Suite Stella Alpina 25mq<\/h4>\r\n\t\t\t\t\t\t\t\t<p class=\"text-white text-lg mb-0\"> <\/p>\r\n\t\t\t\t\t\t\t\t<p class=\"text-white text-base\">\r\n\t\t\t\t\t\t\t\t\tOccupazione :  2 &#8211; 4 personen persone\t\t\t\t\t\t\t\t<\/p>\r\n\t\t\t\t\t\t\t<\/div>\r\n\t\t\t\t\t\t<\/div>\r\n\t\t\t\t\t<\/div>\r\n\t\t\t\t<\/a>\r\n\t\t\t<\/div>\r\n\t\t\t\t\t<div class=\"relative\">\r\n\t\t\t\t<a href=\"https:\/\/hotel-lagorai.com\/de\/camera\/junior-suite-orchidea-25-m2\/\">\r\n\t\t\t\t\t<div class=\"bg-120 bg-center hover:bg-130 bg-no-repeat transition-all duration-500\" style=\"padding-top: 60%; background-image:url(https:\/\/hotel-lagorai.com\/wp-content\/uploads\/2024\/04\/02A4996-scaled.jpg)\">\r\n\r\n\t\t\t\t\t\t<div class=\"rounded-sm bg-dark bg-opacity-50 absolute bottom-0 w-full\">\r\n\t\t\t\t\t\t\t<div class=\"flex flex-col items-center justify-center p-2\">\r\n\t\t\t\t\t\t\t\t<h4 class=\"text-white text-left font-bold pb-0\">Junior Suite Orchidea 25mq<\/h4>\r\n\t\t\t\t\t\t\t\t<p class=\"text-white text-lg mb-0\"> <\/p>\r\n\t\t\t\t\t\t\t\t<p class=\"text-white text-base\">\r\n\t\t\t\t\t\t\t\t\tOccupazione :  2 personen persone\t\t\t\t\t\t\t\t<\/p>\r\n\t\t\t\t\t\t\t<\/div>\r\n\t\t\t\t\t\t<\/div>\r\n\t\t\t\t\t<\/div>\r\n\t\t\t\t<\/a>\r\n\t\t\t<\/div>\r\n\t\t\t\t\t<div class=\"relative\">\r\n\t\t\t\t<a href=\"https:\/\/hotel-lagorai.com\/de\/camera\/family-suite-mughetto-40m2\/\">\r\n\t\t\t\t\t<div class=\"bg-120 bg-center hover:bg-130 bg-no-repeat transition-all duration-500\" style=\"padding-top: 60%; background-image:url(https:\/\/hotel-lagorai.com\/wp-content\/uploads\/2024\/04\/02A5362-scaled.jpg)\">\r\n\r\n\t\t\t\t\t\t<div class=\"rounded-sm bg-dark bg-opacity-50 absolute bottom-0 w-full\">\r\n\t\t\t\t\t\t\t<div class=\"flex flex-col items-center justify-center p-2\">\r\n\t\t\t\t\t\t\t\t<h4 class=\"text-white text-left font-bold pb-0\">Family Suite Mughetto 40mq<\/h4>\r\n\t\t\t\t\t\t\t\t<p class=\"text-white text-lg mb-0\"> <\/p>\r\n\t\t\t\t\t\t\t\t<p class=\"text-white text-base\">\r\n\t\t\t\t\t\t\t\t\tOccupazione :  3 &#8211; 4 personen persone\t\t\t\t\t\t\t\t<\/p>\r\n\t\t\t\t\t\t\t<\/div>\r\n\t\t\t\t\t\t<\/div>\r\n\t\t\t\t\t<\/div>\r\n\t\t\t\t<\/a>\r\n\t\t\t<\/div>\r\n\t\t\t\t\t<div class=\"relative\">\r\n\t\t\t\t<a href=\"https:\/\/hotel-lagorai.com\/de\/camera\/family-suite-rododendro-45-m2\/\">\r\n\t\t\t\t\t<div class=\"bg-120 bg-center hover:bg-130 bg-no-repeat transition-all duration-500\" style=\"padding-top: 60%; background-image:url(https:\/\/hotel-lagorai.com\/wp-content\/uploads\/2024\/04\/02A1498-scaled.jpg)\">\r\n\r\n\t\t\t\t\t\t<div class=\"rounded-sm bg-dark bg-opacity-50 absolute bottom-0 w-full\">\r\n\t\t\t\t\t\t\t<div class=\"flex flex-col items-center justify-center p-2\">\r\n\t\t\t\t\t\t\t\t<h4 class=\"text-white text-left font-bold pb-0\">Family Suite Rododendro 45mq<\/h4>\r\n\t\t\t\t\t\t\t\t<p class=\"text-white text-lg mb-0\"> <\/p>\r\n\t\t\t\t\t\t\t\t<p class=\"text-white text-base\">\r\n\t\t\t\t\t\t\t\t\tOccupazione :  3 &#8211; 5 persone\t\t\t\t\t\t\t\t<\/p>\r\n\t\t\t\t\t\t\t<\/div>\r\n\t\t\t\t\t\t<\/div>\r\n\t\t\t\t\t<\/div>\r\n\t\t\t\t<\/a>\r\n\t\t\t<\/div>\r\n\t\t\t\t\t<div class=\"relative\">\r\n\t\t\t\t<a href=\"https:\/\/hotel-lagorai.com\/de\/camera\/suite-latemar-36-m2\/\">\r\n\t\t\t\t\t<div class=\"bg-120 bg-center hover:bg-130 bg-no-repeat transition-all duration-500\" style=\"padding-top: 60%; background-image:url(https:\/\/hotel-lagorai.com\/wp-content\/uploads\/2024\/04\/02A2312-scaled.jpg)\">\r\n\r\n\t\t\t\t\t\t<div class=\"rounded-sm bg-dark bg-opacity-50 absolute bottom-0 w-full\">\r\n\t\t\t\t\t\t\t<div class=\"flex flex-col items-center justify-center p-2\">\r\n\t\t\t\t\t\t\t\t<h4 class=\"text-white text-left font-bold pb-0\">Suite Latemar 36mq<\/h4>\r\n\t\t\t\t\t\t\t\t<p class=\"text-white text-lg mb-0\"> <\/p>\r\n\t\t\t\t\t\t\t\t<p class=\"text-white text-base\">\r\n\t\t\t\t\t\t\t\t\tOccupazione :  2 &#8211; 4 persone\t\t\t\t\t\t\t\t<\/p>\r\n\t\t\t\t\t\t\t<\/div>\r\n\t\t\t\t\t\t<\/div>\r\n\t\t\t\t\t<\/div>\r\n\t\t\t\t<\/a>\r\n\t\t\t<\/div>\r\n\t\t\t\t\t<div class=\"relative\">\r\n\t\t\t\t<a href=\"https:\/\/hotel-lagorai.com\/de\/camera\/suite-romantic-36-m2\/\">\r\n\t\t\t\t\t<div class=\"bg-120 bg-center hover:bg-130 bg-no-repeat transition-all duration-500\" style=\"padding-top: 60%; background-image:url(https:\/\/hotel-lagorai.com\/wp-content\/uploads\/2024\/04\/02A3663-scaled.jpg)\">\r\n\r\n\t\t\t\t\t\t<div class=\"rounded-sm bg-dark bg-opacity-50 absolute bottom-0 w-full\">\r\n\t\t\t\t\t\t\t<div class=\"flex flex-col items-center justify-center p-2\">\r\n\t\t\t\t\t\t\t\t<h4 class=\"text-white text-left font-bold pb-0\">Suite Romantic 36mq<\/h4>\r\n\t\t\t\t\t\t\t\t<p class=\"text-white text-lg mb-0\"> <\/p>\r\n\t\t\t\t\t\t\t\t<p class=\"text-white text-base\">\r\n\t\t\t\t\t\t\t\t\tOccupazione :  2 &#8211; 4 persone\t\t\t\t\t\t\t\t<\/p>\r\n\t\t\t\t\t\t\t<\/div>\r\n\t\t\t\t\t\t<\/div>\r\n\t\t\t\t\t<\/div>\r\n\t\t\t\t<\/a>\r\n\t\t\t<\/div>\r\n\t\t\t\t\t<div class=\"relative\">\r\n\t\t\t\t<a href=\"https:\/\/hotel-lagorai.com\/de\/camera\/suite-panorama-35-m2\/\">\r\n\t\t\t\t\t<div class=\"bg-120 bg-center hover:bg-130 bg-no-repeat transition-all duration-500\" style=\"padding-top: 60%; background-image:url(https:\/\/hotel-lagorai.com\/wp-content\/uploads\/2024\/04\/02A3091-scaled.jpg)\">\r\n\r\n\t\t\t\t\t\t<div class=\"rounded-sm bg-dark bg-opacity-50 absolute bottom-0 w-full\">\r\n\t\t\t\t\t\t\t<div class=\"flex flex-col items-center justify-center p-2\">\r\n\t\t\t\t\t\t\t\t<h4 class=\"text-white text-left font-bold pb-0\">Suite Panorama 35mq<\/h4>\r\n\t\t\t\t\t\t\t\t<p class=\"text-white text-lg mb-0\"> <\/p>\r\n\t\t\t\t\t\t\t\t<p class=\"text-white text-base\">\r\n\t\t\t\t\t\t\t\t\tOccupazione :  2 &#8211; 4 persone\t\t\t\t\t\t\t\t<\/p>\r\n\t\t\t\t\t\t\t<\/div>\r\n\t\t\t\t\t\t<\/div>\r\n\t\t\t\t\t<\/div>\r\n\t\t\t\t<\/a>\r\n\t\t\t<\/div>\r\n\t\t\t\t\t<div class=\"relative\">\r\n\t\t\t\t<a href=\"https:\/\/hotel-lagorai.com\/de\/camera\/family-suite-lagorai-50-m2\/\">\r\n\t\t\t\t\t<div class=\"bg-120 bg-center hover:bg-130 bg-no-repeat transition-all duration-500\" style=\"padding-top: 60%; background-image:url(https:\/\/hotel-lagorai.com\/wp-content\/uploads\/2024\/04\/02A4346-scaled.jpg)\">\r\n\r\n\t\t\t\t\t\t<div class=\"rounded-sm bg-dark bg-opacity-50 absolute bottom-0 w-full\">\r\n\t\t\t\t\t\t\t<div class=\"flex flex-col items-center justify-center p-2\">\r\n\t\t\t\t\t\t\t\t<h4 class=\"text-white text-left font-bold pb-0\">Family Suite Lagorai 50mq<\/h4>\r\n\t\t\t\t\t\t\t\t<p class=\"text-white text-lg mb-0\"> <\/p>\r\n\t\t\t\t\t\t\t\t<p class=\"text-white text-base\">\r\n\t\t\t\t\t\t\t\t\tOccupazione :  3 &#8211; 6 persone\t\t\t\t\t\t\t\t<\/p>\r\n\t\t\t\t\t\t\t<\/div>\r\n\t\t\t\t\t\t<\/div>\r\n\t\t\t\t\t<\/div>\r\n\t\t\t\t<\/a>\r\n\t\t\t<\/div>\r\n\t\t\t<\/div>\r\n<\/section>\r\n<!-- EOF camere -->","protected":false},"excerpt":{"rendered":"<p>Ein \u201eNest&#8220; einzig f\u00fcr Ihre Entspannung kreiiert Der unsch\u00e4tzbare Wert von erholsamem Schlaf Ein Blick auf unsere Zimmer, f\u00fcr Ihr Wohlbefinden konzipiert: der Duft und die warme Atmosp\u00e4rewelche nur naturbelassenes Holz &#8211; von unseren Handwerkern gekonnt gearbeitet &#8211; schenken k\u00f6nnen. Sie geniessen einen \u00fcberw\u00e4ltigenden Ausblick von unseren Zimmern, was Ihren Aufenthalt bei uns zum Traumurlaub<a href=\"https:\/\/hotel-lagorai.com\/de\/zimmer-und-suiten-mit-blick-auf-die-berge\/\">Continue reading <span class=\"sr-only\">&#8222;Zimmer&#8220;<\/span><\/a><\/p>\n","protected":false},"author":1,"featured_media":4032,"parent":0,"menu_order":0,"comment_status":"closed","ping_status":"closed","template":"","meta":{"_acf_changed":false,"footnotes":""},"class_list":["post-645","page","type-page","status-publish","has-post-thumbnail","hentry"],"acf":[],"yoast_head":"<!-- This site is optimized with the Yoast SEO plugin v25.8 - https:\/\/yoast.com\/wordpress\/plugins\/seo\/ -->\n<title>Zimmer - Hotel Lagorai - Panoramic Resort - Cavalese - Trentino - Italy<\/title>\n<meta name=\"robots\" content=\"index, follow, max-snippet:-1, max-image-preview:large, max-video-preview:-1\" \/>\n<link rel=\"canonical\" href=\"https:\/\/hotel-lagorai.com\/de\/zimmer-und-suiten-mit-blick-auf-die-berge\/\" \/>\n<meta property=\"og:locale\" content=\"de_DE\" \/>\n<meta property=\"og:type\" content=\"article\" \/>\n<meta property=\"og:title\" content=\"Zimmer - Hotel Lagorai - Panoramic Resort - Cavalese - Trentino - Italy\" \/>\n<meta property=\"og:description\" content=\"Ein \u201eNest&#8220; einzig f\u00fcr Ihre Entspannung kreiiert Der unsch\u00e4tzbare Wert von erholsamem Schlaf Ein Blick auf unsere Zimmer, f\u00fcr Ihr Wohlbefinden konzipiert: der Duft und die warme Atmosp\u00e4rewelche nur naturbelassenes Holz &#8211; von unseren Handwerkern gekonnt gearbeitet &#8211; schenken k\u00f6nnen. Sie geniessen einen \u00fcberw\u00e4ltigenden Ausblick von unseren Zimmern, was Ihren Aufenthalt bei uns zum TraumurlaubContinue reading &quot;Zimmer&quot;\" \/>\n<meta property=\"og:url\" content=\"https:\/\/hotel-lagorai.com\/de\/zimmer-und-suiten-mit-blick-auf-die-berge\/\" \/>\n<meta property=\"og:site_name\" content=\"Hotel Lagorai - Panoramic Resort - Cavalese - Trentino - Italy\" \/>\n<meta property=\"article:publisher\" content=\"https:\/\/www.facebook.com\/pages\/Hotel-Lagorai-Resort-Spa\/116929181672933\" \/>\n<meta property=\"article:modified_time\" content=\"2024-05-30T18:49:53+00:00\" \/>\n<meta property=\"og:image\" content=\"https:\/\/hotel-lagorai.com\/wp-content\/uploads\/2024\/04\/82548F43E43D4F2690E58C35ECF168FB-testata.jpg\" \/>\n\t<meta property=\"og:image:width\" content=\"2000\" \/>\n\t<meta property=\"og:image:height\" content=\"530\" \/>\n\t<meta property=\"og:image:type\" content=\"image\/jpeg\" \/>\n<meta name=\"twitter:card\" content=\"summary_large_image\" \/>\n<script type=\"application\/ld+json\" class=\"yoast-schema-graph\">{\"@context\":\"https:\/\/schema.org\",\"@graph\":[{\"@type\":\"WebPage\",\"@id\":\"https:\/\/hotel-lagorai.com\/de\/zimmer-und-suiten-mit-blick-auf-die-berge\/\",\"url\":\"https:\/\/hotel-lagorai.com\/de\/zimmer-und-suiten-mit-blick-auf-die-berge\/\",\"name\":\"Zimmer - Hotel Lagorai - Panoramic Resort - Cavalese - Trentino - Italy\",\"isPartOf\":{\"@id\":\"https:\/\/hotel-lagorai.com\/de\/#website\"},\"primaryImageOfPage\":{\"@id\":\"https:\/\/hotel-lagorai.com\/de\/zimmer-und-suiten-mit-blick-auf-die-berge\/#primaryimage\"},\"image\":{\"@id\":\"https:\/\/hotel-lagorai.com\/de\/zimmer-und-suiten-mit-blick-auf-die-berge\/#primaryimage\"},\"thumbnailUrl\":\"https:\/\/hotel-lagorai.com\/wp-content\/uploads\/2024\/04\/02A3663-scaled.jpg\",\"datePublished\":\"2024-04-09T05:29:57+00:00\",\"dateModified\":\"2024-05-30T18:49:53+00:00\",\"breadcrumb\":{\"@id\":\"https:\/\/hotel-lagorai.com\/de\/zimmer-und-suiten-mit-blick-auf-die-berge\/#breadcrumb\"},\"inLanguage\":\"de\",\"potentialAction\":[{\"@type\":\"ReadAction\",\"target\":[\"https:\/\/hotel-lagorai.com\/de\/zimmer-und-suiten-mit-blick-auf-die-berge\/\"]}]},{\"@type\":\"ImageObject\",\"inLanguage\":\"de\",\"@id\":\"https:\/\/hotel-lagorai.com\/de\/zimmer-und-suiten-mit-blick-auf-die-berge\/#primaryimage\",\"url\":\"https:\/\/hotel-lagorai.com\/wp-content\/uploads\/2024\/04\/02A3663-scaled.jpg\",\"contentUrl\":\"https:\/\/hotel-lagorai.com\/wp-content\/uploads\/2024\/04\/02A3663-scaled.jpg\",\"width\":2560,\"height\":1707},{\"@type\":\"BreadcrumbList\",\"@id\":\"https:\/\/hotel-lagorai.com\/de\/zimmer-und-suiten-mit-blick-auf-die-berge\/#breadcrumb\",\"itemListElement\":[{\"@type\":\"ListItem\",\"position\":1,\"name\":\"Home\",\"item\":\"https:\/\/hotel-lagorai.com\/de\/\"},{\"@type\":\"ListItem\",\"position\":2,\"name\":\"Zimmer\"}]},{\"@type\":\"WebSite\",\"@id\":\"https:\/\/hotel-lagorai.com\/de\/#website\",\"url\":\"https:\/\/hotel-lagorai.com\/de\/\",\"name\":\"Hotel Lagorai - Panoramic Resort - Cavalese - Trentino - Italy\",\"description\":\"\",\"publisher\":{\"@id\":\"https:\/\/hotel-lagorai.com\/de\/#organization\"},\"potentialAction\":[{\"@type\":\"SearchAction\",\"target\":{\"@type\":\"EntryPoint\",\"urlTemplate\":\"https:\/\/hotel-lagorai.com\/de\/?s={search_term_string}\"},\"query-input\":{\"@type\":\"PropertyValueSpecification\",\"valueRequired\":true,\"valueName\":\"search_term_string\"}}],\"inLanguage\":\"de\"},{\"@type\":\"Organization\",\"@id\":\"https:\/\/hotel-lagorai.com\/de\/#organization\",\"name\":\"Hotel Lagorai - Panoramic Resort - Cavalese - Trentino - Italy\",\"url\":\"https:\/\/hotel-lagorai.com\/de\/\",\"logo\":{\"@type\":\"ImageObject\",\"inLanguage\":\"de\",\"@id\":\"https:\/\/hotel-lagorai.com\/de\/#\/schema\/logo\/image\/\",\"url\":\"https:\/\/hotel-lagorai.com\/wp-content\/uploads\/2024\/04\/toplogo.png\",\"contentUrl\":\"https:\/\/hotel-lagorai.com\/wp-content\/uploads\/2024\/04\/toplogo.png\",\"width\":220,\"height\":90,\"caption\":\"Hotel Lagorai - Panoramic Resort - Cavalese - Trentino - Italy\"},\"image\":{\"@id\":\"https:\/\/hotel-lagorai.com\/de\/#\/schema\/logo\/image\/\"},\"sameAs\":[\"https:\/\/www.facebook.com\/pages\/Hotel-Lagorai-Resort-Spa\/116929181672933\",\"https:\/\/www.instagram.com\/lagoraipanoramicresort\/?hl=it\",\"https:\/\/www.youtube.com\/channel\/UCbWMDsy3XeBQ0dk5DqPK5Uw\/\"]}]}<\/script>\n<!-- \/ Yoast SEO plugin. -->","yoast_head_json":{"title":"Zimmer - Hotel Lagorai - Panoramic Resort - Cavalese - Trentino - Italy","robots":{"index":"index","follow":"follow","max-snippet":"max-snippet:-1","max-image-preview":"max-image-preview:large","max-video-preview":"max-video-preview:-1"},"canonical":"https:\/\/hotel-lagorai.com\/de\/zimmer-und-suiten-mit-blick-auf-die-berge\/","og_locale":"de_DE","og_type":"article","og_title":"Zimmer - Hotel Lagorai - Panoramic Resort - Cavalese - Trentino - Italy","og_description":"Ein \u201eNest&#8220; einzig f\u00fcr Ihre Entspannung kreiiert Der unsch\u00e4tzbare Wert von erholsamem Schlaf Ein Blick auf unsere Zimmer, f\u00fcr Ihr Wohlbefinden konzipiert: der Duft und die warme Atmosp\u00e4rewelche nur naturbelassenes Holz &#8211; von unseren Handwerkern gekonnt gearbeitet &#8211; schenken k\u00f6nnen. Sie geniessen einen \u00fcberw\u00e4ltigenden Ausblick von unseren Zimmern, was Ihren Aufenthalt bei uns zum TraumurlaubContinue reading \"Zimmer\"","og_url":"https:\/\/hotel-lagorai.com\/de\/zimmer-und-suiten-mit-blick-auf-die-berge\/","og_site_name":"Hotel Lagorai - Panoramic Resort - Cavalese - Trentino - Italy","article_publisher":"https:\/\/www.facebook.com\/pages\/Hotel-Lagorai-Resort-Spa\/116929181672933","article_modified_time":"2024-05-30T18:49:53+00:00","og_image":[{"width":2000,"height":530,"url":"https:\/\/hotel-lagorai.com\/wp-content\/uploads\/2024\/04\/82548F43E43D4F2690E58C35ECF168FB-testata.jpg","type":"image\/jpeg"}],"twitter_card":"summary_large_image","schema":{"@context":"https:\/\/schema.org","@graph":[{"@type":"WebPage","@id":"https:\/\/hotel-lagorai.com\/de\/zimmer-und-suiten-mit-blick-auf-die-berge\/","url":"https:\/\/hotel-lagorai.com\/de\/zimmer-und-suiten-mit-blick-auf-die-berge\/","name":"Zimmer - Hotel Lagorai - Panoramic Resort - Cavalese - Trentino - Italy","isPartOf":{"@id":"https:\/\/hotel-lagorai.com\/de\/#website"},"primaryImageOfPage":{"@id":"https:\/\/hotel-lagorai.com\/de\/zimmer-und-suiten-mit-blick-auf-die-berge\/#primaryimage"},"image":{"@id":"https:\/\/hotel-lagorai.com\/de\/zimmer-und-suiten-mit-blick-auf-die-berge\/#primaryimage"},"thumbnailUrl":"https:\/\/hotel-lagorai.com\/wp-content\/uploads\/2024\/04\/02A3663-scaled.jpg","datePublished":"2024-04-09T05:29:57+00:00","dateModified":"2024-05-30T18:49:53+00:00","breadcrumb":{"@id":"https:\/\/hotel-lagorai.com\/de\/zimmer-und-suiten-mit-blick-auf-die-berge\/#breadcrumb"},"inLanguage":"de","potentialAction":[{"@type":"ReadAction","target":["https:\/\/hotel-lagorai.com\/de\/zimmer-und-suiten-mit-blick-auf-die-berge\/"]}]},{"@type":"ImageObject","inLanguage":"de","@id":"https:\/\/hotel-lagorai.com\/de\/zimmer-und-suiten-mit-blick-auf-die-berge\/#primaryimage","url":"https:\/\/hotel-lagorai.com\/wp-content\/uploads\/2024\/04\/02A3663-scaled.jpg","contentUrl":"https:\/\/hotel-lagorai.com\/wp-content\/uploads\/2024\/04\/02A3663-scaled.jpg","width":2560,"height":1707},{"@type":"BreadcrumbList","@id":"https:\/\/hotel-lagorai.com\/de\/zimmer-und-suiten-mit-blick-auf-die-berge\/#breadcrumb","itemListElement":[{"@type":"ListItem","position":1,"name":"Home","item":"https:\/\/hotel-lagorai.com\/de\/"},{"@type":"ListItem","position":2,"name":"Zimmer"}]},{"@type":"WebSite","@id":"https:\/\/hotel-lagorai.com\/de\/#website","url":"https:\/\/hotel-lagorai.com\/de\/","name":"Hotel Lagorai - Panoramic Resort - Cavalese - Trentino - Italy","description":"","publisher":{"@id":"https:\/\/hotel-lagorai.com\/de\/#organization"},"potentialAction":[{"@type":"SearchAction","target":{"@type":"EntryPoint","urlTemplate":"https:\/\/hotel-lagorai.com\/de\/?s={search_term_string}"},"query-input":{"@type":"PropertyValueSpecification","valueRequired":true,"valueName":"search_term_string"}}],"inLanguage":"de"},{"@type":"Organization","@id":"https:\/\/hotel-lagorai.com\/de\/#organization","name":"Hotel Lagorai - Panoramic Resort - Cavalese - Trentino - Italy","url":"https:\/\/hotel-lagorai.com\/de\/","logo":{"@type":"ImageObject","inLanguage":"de","@id":"https:\/\/hotel-lagorai.com\/de\/#\/schema\/logo\/image\/","url":"https:\/\/hotel-lagorai.com\/wp-content\/uploads\/2024\/04\/toplogo.png","contentUrl":"https:\/\/hotel-lagorai.com\/wp-content\/uploads\/2024\/04\/toplogo.png","width":220,"height":90,"caption":"Hotel Lagorai - Panoramic Resort - Cavalese - Trentino - Italy"},"image":{"@id":"https:\/\/hotel-lagorai.com\/de\/#\/schema\/logo\/image\/"},"sameAs":["https:\/\/www.facebook.com\/pages\/Hotel-Lagorai-Resort-Spa\/116929181672933","https:\/\/www.instagram.com\/lagoraipanoramicresort\/?hl=it","https:\/\/www.youtube.com\/channel\/UCbWMDsy3XeBQ0dk5DqPK5Uw\/"]}]}},"_links":{"self":[{"href":"https:\/\/hotel-lagorai.com\/de\/wp-json\/wp\/v2\/pages\/645","targetHints":{"allow":["GET"]}}],"collection":[{"href":"https:\/\/hotel-lagorai.com\/de\/wp-json\/wp\/v2\/pages"}],"about":[{"href":"https:\/\/hotel-lagorai.com\/de\/wp-json\/wp\/v2\/types\/page"}],"author":[{"embeddable":true,"href":"https:\/\/hotel-lagorai.com\/de\/wp-json\/wp\/v2\/users\/1"}],"replies":[{"embeddable":true,"href":"https:\/\/hotel-lagorai.com\/de\/wp-json\/wp\/v2\/comments?post=645"}],"version-history":[{"count":1,"href":"https:\/\/hotel-lagorai.com\/de\/wp-json\/wp\/v2\/pages\/645\/revisions"}],"predecessor-version":[{"id":646,"href":"https:\/\/hotel-lagorai.com\/de\/wp-json\/wp\/v2\/pages\/645\/revisions\/646"}],"wp:featuredmedia":[{"embeddable":true,"href":"https:\/\/hotel-lagorai.com\/de\/wp-json\/wp\/v2\/media\/4032"}],"wp:attachment":[{"href":"https:\/\/hotel-lagorai.com\/de\/wp-json\/wp\/v2\/media?parent=645"}],"curies":[{"name":"wp","href":"https:\/\/api.w.org\/{rel}","templated":true}]}}