{"id":670,"date":"2024-04-09T07:31:27","date_gmt":"2024-04-09T05:31:27","guid":{"rendered":"https:\/\/hotel-lagorai.com\/preisinformationen\/"},"modified":"2026-04-14T14:45:00","modified_gmt":"2026-04-14T12:45:00","slug":"preise-wellness-hotel-fleimstal","status":"publish","type":"page","link":"https:\/\/hotel-lagorai.com\/de\/preise-wellness-hotel-fleimstal\/","title":{"rendered":"Preisinformationen"},"content":{"rendered":"\n<h2 class=\"wp-block-heading\">Informationen zu den Preisen<\/h2>\n\n\n\n<h4 class=\"wp-block-heading has-text-align-center\">Allgemeine Gesch\u00e4ftsbedingungen<\/h4>\n\n\n\n<p><strong>Buchungsbest\u00e4tigung:<\/strong><br>Die Reservierung ist ab dem Zeitpunkt g\u00fcltig, wo Sie unsere schriftliche Best\u00e4tigung erhalten.<\/p>\n\n\n\n<p><strong>Stornierungsbedingungen:<br><\/strong>&#8211; bis 14 Tage vor Ihrer Anreise wird die Anzahlung einbehalten und bei n\u00e4chster Buchung (innerhalb eines Jahres) verrechnet;<br>&#8211; von 14 bis 0 Tagen ab dem Tag der Ankunft wird die Anzahlung nicht zur\u00fcckerstattet;<br>&#8211; bei versp\u00e4teter Ankunft oder vorzeitiger Abreise wird der Betrag der gebuchten und nicht genutzten Tage berechnet.<\/p>\n\n\n\n<p><strong>Versp\u00e4tete Ankunft und vorzeitige Abreise:<\/strong><br>Die schriftlich gebuchten Tage werden in voller H\u00f6he in Rechnung gestellt, wie es die europ\u00e4ischen Bestimmungen vorsehen.<\/p>\n\n\n\n<p><strong>Zahlungsmethoden:<\/strong><br>Alle Extras, die Sie w\u00e4hrend Ihres Aufenthalts in Anspruch nehmen, werden dem Zimmer in Rechnung gestellt. Der Restbetrag kann in bar, mit EC- oder mit Kreditkarte (Visa und Mastercard) bezahlt werden. Schecks werden nur akzeptiert, wenn der Aufenthalt bei Ankunft bezahlt wird.<\/p>\n\n\n\n<p><strong>Angebote:<\/strong><br>Die Angebote sind nicht kombinierbar.<\/p>\n\n\n\n<p><strong>Nichtraucherzimmer:<\/strong><br>Alle Zimmer sind Nichtraucherzimmer.<\/p>\n\n\n\n<p><strong>Reservierung Ihres bevorzugten Zimmers:<\/strong><br>Wir ber\u00fccksichtigen gerne alle Zimmerw\u00fcnsche, k\u00f6nnen aber die Reservierung des von<br>Ihnen gew\u00fcnschten Zimmers nicht garantieren!<\/p>\n\n\n\n<p><strong>SPA-Besichtigung:<\/strong><br>Wir freuen uns, Ihnen unser au\u00dfergew\u00f6hnliches SPA zeigen zu k\u00f6nnen. Fragen Sie unsere Mitarbeiter<br>und buchen Sie eine pers\u00f6nliche Besichtigung.<\/p>\n\n\n\n<p><strong>Beauty-Termine:<\/strong><br>Unserem Personal liegt Ihr Wohlbefinden am Herzen, daher ist es uns wichtig, dass jeder p\u00fcnktlich zum vereinbarten Termin erscheint, um die vorgesehene Zeit einhalten zu k\u00f6nnen. Andernfalls muss die Dauer der Sitzung verk\u00fcrzt werden.<br>Vereinbarten Termine k\u00f6nnen nicht kurzfristig (24 Stunden im Voraus) verschoben werden.<br>Wenn Sie Ihren Termin kurzfristig (24 Stunden vorher) absagen, m\u00fcssen wir Ihnen 100% der Kosten in Rechnung stellen!<\/p>\n\n\n\n<p><strong>Zimmer und Fr\u00fchst\u00fcck (B&amp;B):<\/strong><br>F\u00fcr \u00dcbernachtung mit Fr\u00fchst\u00fcck werden \u20ac 15,00 vom Preis der 3\/4-Pension abgezogen.<\/p>\n\n\n\n<p><strong>Weihnachten und Neujahr:<\/strong><br>Wir stellen Ihnen keine zus\u00e4tzlichen Kosten f\u00fcr das Weihnachts- und Silvester-Dinner mit Musik und Unterhaltung in Rechnung.<\/p>\n\n\n\n<p><strong>Voll-Pension:<\/strong><br>Von 12.30 bis 14.00 Uhr besteht die M\u00f6glichkeit, ein Mittagessen mit einem Men\u00fc \u00e0 la carte einzunehmen.<\/p>\n\n\n\n<p><strong>Mahlzeiten:<\/strong><br>Nicht eingenommene Mahlzeiten werden nicht vom Preis abgezogen, Sie k\u00f6nnen aber anstelle der ausgefallenen Mahlzeit ein Lunchpaket bestellen.<\/p>\n\n\n\n<p><strong>Doppelzimmer zur Einzelbenutzung:<\/strong><br>auf Anfrage.<\/p>\n\n\n\n<p><strong>Ank\u00fcnfte und Abfahrten:<\/strong><br>Am Anreisetag stehen die Zimmer ab 14.00 Uhr zur Verf\u00fcgung, am Abreisetag bitten wir Sie, diese bis 10.00<br>Uhr freizugeben.<br>Die Ankunft ist bis 18.00 Uhr geplant, im Falle einer Versp\u00e4tung sind wir Ihnen f\u00fcr eine Mitteilung dankbar.<br>Wenn Ihr Zimmer frei bleibt, k\u00f6nnen Sie die Tagesnutzung \u201eDay Use\u201c zum Preis von \u20ac 40,00 pro Person ab 12 Jahre alt.<br>einschlie\u00dflich Dessertbuffet und Zugang zum Wellnesszentrum in Anspruch nehmen.<\/p>\n\n\n\n<p><strong>Zimmerservice:<\/strong><br>Gerne k\u00f6nnen Sie das Fr\u00fchst\u00fcck auf Ihr Zimmer zum Preis von \u20ac 3,00 pro Person bestellen.<\/p>\n\n\n\n<p><strong>Garage:<\/strong><br>Parkplatz in der Garage: \u20ac 10,00 pro Nacht. Kostenlose Parkpl\u00e4tze im Freien.<\/p>\n\n\n\n<p><strong>F\u00fcr unsere vierbeinigen Freunde:<\/strong><br>Auf Anfrage akzeptieren wir kleine Hunde (max. 25 Kg, keine Welpen) gegen einen Tagesaufpreis von \u20ac 25,00, allerdings nur in den Zimmern mit Holzfu\u00dfboden. Haustiere sind in den Gemeinschaftsr\u00e4umen, im Wellness-Center und im Garten nicht erlaubt.<br>F\u00fcr Sch\u00e4den an M\u00f6beln und Einrichtungsgegenst\u00e4nden ist allein der Eigent\u00fcmer verantwortlich.<\/p>\n\n\n\n<p><strong>Reisen Sie mit leichtem Gep\u00e4ck:<\/strong><br>Es ist angenehm und \u201eleicht\u201c, ohne Gep\u00e4ck zu reisen und es bei der Ankunft im Hotelzimmer<br>und bei der R\u00fcckkehr direkt zu Hause vorzufinden. Auch diesen Service haben wir zusammen mit dem Kurier unseres Vertrauens f\u00fcr Sie eingerichtet!<\/p>\n","protected":false},"excerpt":{"rendered":"<p>Informationen zu den Preisen Allgemeine Gesch\u00e4ftsbedingungen Buchungsbest\u00e4tigung:Die Reservierung ist ab dem Zeitpunkt g\u00fcltig, wo Sie unsere schriftliche Best\u00e4tigung erhalten. Stornierungsbedingungen:&#8211; bis 14 Tage vor Ihrer Anreise wird die Anzahlung einbehalten und bei n\u00e4chster Buchung (innerhalb eines Jahres) verrechnet;&#8211; von 14 bis 0 Tagen ab dem Tag der Ankunft wird die Anzahlung nicht zur\u00fcckerstattet;&#8211; bei versp\u00e4teter<a href=\"https:\/\/hotel-lagorai.com\/de\/preise-wellness-hotel-fleimstal\/\">Continue reading <span class=\"sr-only\">&#8222;Preisinformationen&#8220;<\/span><\/a><\/p>\n","protected":false},"author":1,"featured_media":375,"parent":0,"menu_order":0,"comment_status":"closed","ping_status":"closed","template":"","meta":{"_acf_changed":false,"footnotes":""},"class_list":["post-670","page","type-page","status-publish","has-post-thumbnail","hentry"],"acf":[],"yoast_head":"<!-- This site is optimized with the Yoast SEO plugin v25.8 - https:\/\/yoast.com\/wordpress\/plugins\/seo\/ -->\n<title>Preisinformationen - Hotel Lagorai - Panoramic Resort - Cavalese - Trentino - Italy<\/title>\n<meta name=\"robots\" content=\"index, follow, max-snippet:-1, max-image-preview:large, max-video-preview:-1\" \/>\n<link rel=\"canonical\" href=\"https:\/\/hotel-lagorai.com\/de\/preise-wellness-hotel-fleimstal\/\" \/>\n<meta property=\"og:locale\" content=\"de_DE\" \/>\n<meta property=\"og:type\" content=\"article\" \/>\n<meta property=\"og:title\" content=\"Preisinformationen - Hotel Lagorai - Panoramic Resort - Cavalese - Trentino - Italy\" \/>\n<meta property=\"og:description\" content=\"Informationen zu den Preisen Allgemeine Gesch\u00e4ftsbedingungen Buchungsbest\u00e4tigung:Die Reservierung ist ab dem Zeitpunkt g\u00fcltig, wo Sie unsere schriftliche Best\u00e4tigung erhalten. Stornierungsbedingungen:&#8211; bis 14 Tage vor Ihrer Anreise wird die Anzahlung einbehalten und bei n\u00e4chster Buchung (innerhalb eines Jahres) verrechnet;&#8211; von 14 bis 0 Tagen ab dem Tag der Ankunft wird die Anzahlung nicht zur\u00fcckerstattet;&#8211; bei versp\u00e4teterContinue reading &quot;Preisinformationen&quot;\" \/>\n<meta property=\"og:url\" content=\"https:\/\/hotel-lagorai.com\/de\/preise-wellness-hotel-fleimstal\/\" \/>\n<meta property=\"og:site_name\" content=\"Hotel Lagorai - Panoramic Resort - Cavalese - Trentino - Italy\" \/>\n<meta property=\"article:publisher\" content=\"https:\/\/www.facebook.com\/pages\/Hotel-Lagorai-Resort-Spa\/116929181672933\" \/>\n<meta property=\"article:modified_time\" content=\"2026-04-14T12:45:00+00:00\" \/>\n<meta property=\"og:image\" content=\"https:\/\/hotel-lagorai.com\/wp-content\/uploads\/2024\/04\/CA882EDAF9D64ABDBB6AD221F03A4CF2-testata.jpg\" \/>\n\t<meta property=\"og:image:width\" content=\"2000\" \/>\n\t<meta property=\"og:image:height\" content=\"530\" \/>\n\t<meta property=\"og:image:type\" content=\"image\/jpeg\" \/>\n<meta name=\"twitter:card\" content=\"summary_large_image\" \/>\n<meta name=\"twitter:label1\" content=\"Gesch\u00e4tzte Lesezeit\" \/>\n\t<meta name=\"twitter:data1\" content=\"3\u00a0Minuten\" \/>\n<script type=\"application\/ld+json\" class=\"yoast-schema-graph\">{\"@context\":\"https:\/\/schema.org\",\"@graph\":[{\"@type\":\"WebPage\",\"@id\":\"https:\/\/hotel-lagorai.com\/de\/preise-wellness-hotel-fleimstal\/\",\"url\":\"https:\/\/hotel-lagorai.com\/de\/preise-wellness-hotel-fleimstal\/\",\"name\":\"Preisinformationen - Hotel Lagorai - Panoramic Resort - Cavalese - Trentino - Italy\",\"isPartOf\":{\"@id\":\"https:\/\/hotel-lagorai.com\/de\/#website\"},\"primaryImageOfPage\":{\"@id\":\"https:\/\/hotel-lagorai.com\/de\/preise-wellness-hotel-fleimstal\/#primaryimage\"},\"image\":{\"@id\":\"https:\/\/hotel-lagorai.com\/de\/preise-wellness-hotel-fleimstal\/#primaryimage\"},\"thumbnailUrl\":\"https:\/\/hotel-lagorai.com\/wp-content\/uploads\/2024\/04\/CA882EDAF9D64ABDBB6AD221F03A4CF2-testata.jpg\",\"datePublished\":\"2024-04-09T05:31:27+00:00\",\"dateModified\":\"2026-04-14T12:45:00+00:00\",\"breadcrumb\":{\"@id\":\"https:\/\/hotel-lagorai.com\/de\/preise-wellness-hotel-fleimstal\/#breadcrumb\"},\"inLanguage\":\"de\",\"potentialAction\":[{\"@type\":\"ReadAction\",\"target\":[\"https:\/\/hotel-lagorai.com\/de\/preise-wellness-hotel-fleimstal\/\"]}]},{\"@type\":\"ImageObject\",\"inLanguage\":\"de\",\"@id\":\"https:\/\/hotel-lagorai.com\/de\/preise-wellness-hotel-fleimstal\/#primaryimage\",\"url\":\"https:\/\/hotel-lagorai.com\/wp-content\/uploads\/2024\/04\/CA882EDAF9D64ABDBB6AD221F03A4CF2-testata.jpg\",\"contentUrl\":\"https:\/\/hotel-lagorai.com\/wp-content\/uploads\/2024\/04\/CA882EDAF9D64ABDBB6AD221F03A4CF2-testata.jpg\",\"width\":2000,\"height\":530},{\"@type\":\"BreadcrumbList\",\"@id\":\"https:\/\/hotel-lagorai.com\/de\/preise-wellness-hotel-fleimstal\/#breadcrumb\",\"itemListElement\":[{\"@type\":\"ListItem\",\"position\":1,\"name\":\"Home\",\"item\":\"https:\/\/hotel-lagorai.com\/de\/\"},{\"@type\":\"ListItem\",\"position\":2,\"name\":\"Preisinformationen\"}]},{\"@type\":\"WebSite\",\"@id\":\"https:\/\/hotel-lagorai.com\/de\/#website\",\"url\":\"https:\/\/hotel-lagorai.com\/de\/\",\"name\":\"Hotel Lagorai - Panoramic Resort - Cavalese - Trentino - Italy\",\"description\":\"\",\"publisher\":{\"@id\":\"https:\/\/hotel-lagorai.com\/de\/#organization\"},\"potentialAction\":[{\"@type\":\"SearchAction\",\"target\":{\"@type\":\"EntryPoint\",\"urlTemplate\":\"https:\/\/hotel-lagorai.com\/de\/?s={search_term_string}\"},\"query-input\":{\"@type\":\"PropertyValueSpecification\",\"valueRequired\":true,\"valueName\":\"search_term_string\"}}],\"inLanguage\":\"de\"},{\"@type\":\"Organization\",\"@id\":\"https:\/\/hotel-lagorai.com\/de\/#organization\",\"name\":\"Hotel Lagorai - Panoramic Resort - Cavalese - Trentino - Italy\",\"url\":\"https:\/\/hotel-lagorai.com\/de\/\",\"logo\":{\"@type\":\"ImageObject\",\"inLanguage\":\"de\",\"@id\":\"https:\/\/hotel-lagorai.com\/de\/#\/schema\/logo\/image\/\",\"url\":\"https:\/\/hotel-lagorai.com\/wp-content\/uploads\/2024\/04\/toplogo.png\",\"contentUrl\":\"https:\/\/hotel-lagorai.com\/wp-content\/uploads\/2024\/04\/toplogo.png\",\"width\":220,\"height\":90,\"caption\":\"Hotel Lagorai - Panoramic Resort - Cavalese - Trentino - Italy\"},\"image\":{\"@id\":\"https:\/\/hotel-lagorai.com\/de\/#\/schema\/logo\/image\/\"},\"sameAs\":[\"https:\/\/www.facebook.com\/pages\/Hotel-Lagorai-Resort-Spa\/116929181672933\",\"https:\/\/www.instagram.com\/lagoraipanoramicresort\/?hl=it\",\"https:\/\/www.youtube.com\/channel\/UCbWMDsy3XeBQ0dk5DqPK5Uw\/\"]}]}<\/script>\n<!-- \/ Yoast SEO plugin. -->","yoast_head_json":{"title":"Preisinformationen - Hotel Lagorai - Panoramic Resort - Cavalese - Trentino - Italy","robots":{"index":"index","follow":"follow","max-snippet":"max-snippet:-1","max-image-preview":"max-image-preview:large","max-video-preview":"max-video-preview:-1"},"canonical":"https:\/\/hotel-lagorai.com\/de\/preise-wellness-hotel-fleimstal\/","og_locale":"de_DE","og_type":"article","og_title":"Preisinformationen - Hotel Lagorai - Panoramic Resort - Cavalese - Trentino - Italy","og_description":"Informationen zu den Preisen Allgemeine Gesch\u00e4ftsbedingungen Buchungsbest\u00e4tigung:Die Reservierung ist ab dem Zeitpunkt g\u00fcltig, wo Sie unsere schriftliche Best\u00e4tigung erhalten. Stornierungsbedingungen:&#8211; bis 14 Tage vor Ihrer Anreise wird die Anzahlung einbehalten und bei n\u00e4chster Buchung (innerhalb eines Jahres) verrechnet;&#8211; von 14 bis 0 Tagen ab dem Tag der Ankunft wird die Anzahlung nicht zur\u00fcckerstattet;&#8211; bei versp\u00e4teterContinue reading \"Preisinformationen\"","og_url":"https:\/\/hotel-lagorai.com\/de\/preise-wellness-hotel-fleimstal\/","og_site_name":"Hotel Lagorai - Panoramic Resort - Cavalese - Trentino - Italy","article_publisher":"https:\/\/www.facebook.com\/pages\/Hotel-Lagorai-Resort-Spa\/116929181672933","article_modified_time":"2026-04-14T12:45:00+00:00","og_image":[{"width":2000,"height":530,"url":"https:\/\/hotel-lagorai.com\/wp-content\/uploads\/2024\/04\/CA882EDAF9D64ABDBB6AD221F03A4CF2-testata.jpg","type":"image\/jpeg"}],"twitter_card":"summary_large_image","twitter_misc":{"Gesch\u00e4tzte Lesezeit":"3\u00a0Minuten"},"schema":{"@context":"https:\/\/schema.org","@graph":[{"@type":"WebPage","@id":"https:\/\/hotel-lagorai.com\/de\/preise-wellness-hotel-fleimstal\/","url":"https:\/\/hotel-lagorai.com\/de\/preise-wellness-hotel-fleimstal\/","name":"Preisinformationen - Hotel Lagorai - Panoramic Resort - Cavalese - Trentino - Italy","isPartOf":{"@id":"https:\/\/hotel-lagorai.com\/de\/#website"},"primaryImageOfPage":{"@id":"https:\/\/hotel-lagorai.com\/de\/preise-wellness-hotel-fleimstal\/#primaryimage"},"image":{"@id":"https:\/\/hotel-lagorai.com\/de\/preise-wellness-hotel-fleimstal\/#primaryimage"},"thumbnailUrl":"https:\/\/hotel-lagorai.com\/wp-content\/uploads\/2024\/04\/CA882EDAF9D64ABDBB6AD221F03A4CF2-testata.jpg","datePublished":"2024-04-09T05:31:27+00:00","dateModified":"2026-04-14T12:45:00+00:00","breadcrumb":{"@id":"https:\/\/hotel-lagorai.com\/de\/preise-wellness-hotel-fleimstal\/#breadcrumb"},"inLanguage":"de","potentialAction":[{"@type":"ReadAction","target":["https:\/\/hotel-lagorai.com\/de\/preise-wellness-hotel-fleimstal\/"]}]},{"@type":"ImageObject","inLanguage":"de","@id":"https:\/\/hotel-lagorai.com\/de\/preise-wellness-hotel-fleimstal\/#primaryimage","url":"https:\/\/hotel-lagorai.com\/wp-content\/uploads\/2024\/04\/CA882EDAF9D64ABDBB6AD221F03A4CF2-testata.jpg","contentUrl":"https:\/\/hotel-lagorai.com\/wp-content\/uploads\/2024\/04\/CA882EDAF9D64ABDBB6AD221F03A4CF2-testata.jpg","width":2000,"height":530},{"@type":"BreadcrumbList","@id":"https:\/\/hotel-lagorai.com\/de\/preise-wellness-hotel-fleimstal\/#breadcrumb","itemListElement":[{"@type":"ListItem","position":1,"name":"Home","item":"https:\/\/hotel-lagorai.com\/de\/"},{"@type":"ListItem","position":2,"name":"Preisinformationen"}]},{"@type":"WebSite","@id":"https:\/\/hotel-lagorai.com\/de\/#website","url":"https:\/\/hotel-lagorai.com\/de\/","name":"Hotel Lagorai - Panoramic Resort - Cavalese - Trentino - Italy","description":"","publisher":{"@id":"https:\/\/hotel-lagorai.com\/de\/#organization"},"potentialAction":[{"@type":"SearchAction","target":{"@type":"EntryPoint","urlTemplate":"https:\/\/hotel-lagorai.com\/de\/?s={search_term_string}"},"query-input":{"@type":"PropertyValueSpecification","valueRequired":true,"valueName":"search_term_string"}}],"inLanguage":"de"},{"@type":"Organization","@id":"https:\/\/hotel-lagorai.com\/de\/#organization","name":"Hotel Lagorai - Panoramic Resort - Cavalese - Trentino - Italy","url":"https:\/\/hotel-lagorai.com\/de\/","logo":{"@type":"ImageObject","inLanguage":"de","@id":"https:\/\/hotel-lagorai.com\/de\/#\/schema\/logo\/image\/","url":"https:\/\/hotel-lagorai.com\/wp-content\/uploads\/2024\/04\/toplogo.png","contentUrl":"https:\/\/hotel-lagorai.com\/wp-content\/uploads\/2024\/04\/toplogo.png","width":220,"height":90,"caption":"Hotel Lagorai - Panoramic Resort - Cavalese - Trentino - Italy"},"image":{"@id":"https:\/\/hotel-lagorai.com\/de\/#\/schema\/logo\/image\/"},"sameAs":["https:\/\/www.facebook.com\/pages\/Hotel-Lagorai-Resort-Spa\/116929181672933","https:\/\/www.instagram.com\/lagoraipanoramicresort\/?hl=it","https:\/\/www.youtube.com\/channel\/UCbWMDsy3XeBQ0dk5DqPK5Uw\/"]}]}},"_links":{"self":[{"href":"https:\/\/hotel-lagorai.com\/de\/wp-json\/wp\/v2\/pages\/670","targetHints":{"allow":["GET"]}}],"collection":[{"href":"https:\/\/hotel-lagorai.com\/de\/wp-json\/wp\/v2\/pages"}],"about":[{"href":"https:\/\/hotel-lagorai.com\/de\/wp-json\/wp\/v2\/types\/page"}],"author":[{"embeddable":true,"href":"https:\/\/hotel-lagorai.com\/de\/wp-json\/wp\/v2\/users\/1"}],"replies":[{"embeddable":true,"href":"https:\/\/hotel-lagorai.com\/de\/wp-json\/wp\/v2\/comments?post=670"}],"version-history":[{"count":7,"href":"https:\/\/hotel-lagorai.com\/de\/wp-json\/wp\/v2\/pages\/670\/revisions"}],"predecessor-version":[{"id":5814,"href":"https:\/\/hotel-lagorai.com\/de\/wp-json\/wp\/v2\/pages\/670\/revisions\/5814"}],"wp:featuredmedia":[{"embeddable":true,"href":"https:\/\/hotel-lagorai.com\/de\/wp-json\/wp\/v2\/media\/375"}],"wp:attachment":[{"href":"https:\/\/hotel-lagorai.com\/de\/wp-json\/wp\/v2\/media?parent=670"}],"curies":[{"name":"wp","href":"https:\/\/api.w.org\/{rel}","templated":true}]}}