{"id":706,"date":"2024-04-09T07:32:13","date_gmt":"2024-04-09T05:32:13","guid":{"rendered":"https:\/\/hotel-lagorai.com\/pools\/"},"modified":"2024-06-01T11:29:06","modified_gmt":"2024-06-01T09:29:06","slug":"pools-hotel-lagorai","status":"publish","type":"page","link":"https:\/\/hotel-lagorai.com\/de\/pools-hotel-lagorai\/","title":{"rendered":"Pools"},"content":{"rendered":"\n<h2 class=\"wp-block-heading\">Wasser, Quell des Lebens&#8230;<\/h2>\n\n<h4 class=\"wp-block-heading has-text-align-center\">Finden Sie ein neues Gleichgewicht und regenerieren Sie Ihre Seele<\/h4>\n\n<div style=\"height:48px\" aria-hidden=\"true\" class=\"wp-block-spacer\"><\/div>\n    <section id=\"cards-69e376807c4a2\" class=\"alignnone\">\r\n        <div class=\"grid grid-cols-1 md:grid-cols-2 gap-4\">\r\n                            <div class=\"relative\">\r\n                                            <div class=\"bg-cover lg:bg-120 bg-center hover:bg-130 bg-no-repeat transition-all duration-500 pt-[120%] md:pt-[60%]\" style=\"background-image:url(https:\/\/hotel-lagorai.com\/wp-content\/uploads\/2024\/04\/9E04374C63D54342A9AC5B0141DA52F4-fotolista.jpg)\">\r\n                            <div class=\"rounded-sm bg-dark bg-opacity-50 absolute bottom-0 w-full min-h-40\">\r\n                                <div class=\"flex flex-col items-start justify-center p-4\">\r\n                                    <h4 class=\"text-white text-left font-bold pb-1\">Kinderbecken, innen (35\u00b0)<\/h4>\r\n                                    <p class=\"text-white text-sm lg:text-base mb-0\">Warmes Kinderbecken f\u00fcr Kleinkinder neben dem Hauptbecken, 30 cm Wassertiefe.<\/p>\r\n                                <\/div>\r\n                            <\/div>\r\n                        <\/div>\r\n                                        <\/div>\r\n                            <div class=\"relative\">\r\n                                            <div class=\"bg-cover lg:bg-120 bg-center hover:bg-130 bg-no-repeat transition-all duration-500 pt-[120%] md:pt-[60%]\" style=\"background-image:url(https:\/\/hotel-lagorai.com\/wp-content\/uploads\/2024\/04\/20732E053E6F4007B8DDEF9D48560AA0-fotolista.jpg)\">\r\n                            <div class=\"rounded-sm bg-dark bg-opacity-50 absolute bottom-0 w-full min-h-40\">\r\n                                <div class=\"flex flex-col items-start justify-center p-4\">\r\n                                    <h4 class=\"text-white text-left font-bold pb-1\">Hallenbad mit Whirlpool (30\u00b0)<\/h4>\r\n                                    <p class=\"text-white text-sm lg:text-base mb-0\">Hallenbad mit Panoramablick auf die majest\u00e4tische Lagorai-Bergkette, Whirlpool mit Wasserfall und Unterwasserstr\u00f6mung f\u00fcr Gegenstromschwimmen.<\/p>\r\n                                <\/div>\r\n                            <\/div>\r\n                        <\/div>\r\n                                        <\/div>\r\n                            <div class=\"relative\">\r\n                                            <div class=\"bg-cover lg:bg-120 bg-center hover:bg-130 bg-no-repeat transition-all duration-500 pt-[120%] md:pt-[60%]\" style=\"background-image:url(https:\/\/hotel-lagorai.com\/wp-content\/uploads\/2024\/04\/FC6844B6ABC648D09C6D47E3012F6EB8-fotolista.jpg)\">\r\n                            <div class=\"rounded-sm bg-dark bg-opacity-50 absolute bottom-0 w-full min-h-40\">\r\n                                <div class=\"flex flex-col items-start justify-center p-4\">\r\n                                    <h4 class=\"text-white text-left font-bold pb-1\">Aussenbad mit Whirlpool (34\u00b0)<\/h4>\r\n                                    <p class=\"text-white text-sm lg:text-base mb-0\">Das Panorama-Aussenbecken mit Whirlpool wird das ganze Jahr \u00fcber beheizt; im Sommer schenkt es Ihnen bei Sonnenuntergang Abk\u00fchlung und h\u00fcllt Sie im Winter bei Schneefall in eine warme Dampfwolke ein.<\/p>\r\n                                <\/div>\r\n                            <\/div>\r\n                        <\/div>\r\n                                        <\/div>\r\n                    <\/div>\r\n    <\/section>\r\n","protected":false},"excerpt":{"rendered":"<p>Wasser, Quell des Lebens&#8230; Finden Sie ein neues Gleichgewicht und regenerieren Sie Ihre Seele<\/p>\n","protected":false},"author":1,"featured_media":388,"parent":0,"menu_order":0,"comment_status":"closed","ping_status":"closed","template":"","meta":{"_acf_changed":false,"footnotes":""},"class_list":["post-706","page","type-page","status-publish","has-post-thumbnail","hentry"],"acf":[],"yoast_head":"<!-- This site is optimized with the Yoast SEO plugin v25.8 - https:\/\/yoast.com\/wordpress\/plugins\/seo\/ -->\n<title>Pools - Hotel Lagorai - Panoramic Resort - Cavalese - Trentino - Italy<\/title>\n<meta name=\"robots\" content=\"index, follow, max-snippet:-1, max-image-preview:large, max-video-preview:-1\" \/>\n<link rel=\"canonical\" href=\"https:\/\/hotel-lagorai.com\/de\/pools-hotel-lagorai\/\" \/>\n<meta property=\"og:locale\" content=\"de_DE\" \/>\n<meta property=\"og:type\" content=\"article\" \/>\n<meta property=\"og:title\" content=\"Pools - Hotel Lagorai - Panoramic Resort - Cavalese - Trentino - Italy\" \/>\n<meta property=\"og:description\" content=\"Wasser, Quell des Lebens&#8230; Finden Sie ein neues Gleichgewicht und regenerieren Sie Ihre Seele\" \/>\n<meta property=\"og:url\" content=\"https:\/\/hotel-lagorai.com\/de\/pools-hotel-lagorai\/\" \/>\n<meta property=\"og:site_name\" content=\"Hotel Lagorai - Panoramic Resort - Cavalese - Trentino - Italy\" \/>\n<meta property=\"article:publisher\" content=\"https:\/\/www.facebook.com\/pages\/Hotel-Lagorai-Resort-Spa\/116929181672933\" \/>\n<meta property=\"article:modified_time\" content=\"2024-06-01T09:29:06+00:00\" \/>\n<meta property=\"og:image\" content=\"https:\/\/hotel-lagorai.com\/wp-content\/uploads\/2024\/04\/BB48DA8048B042059506803396653A99-testata.jpg\" \/>\n\t<meta property=\"og:image:width\" content=\"2000\" \/>\n\t<meta property=\"og:image:height\" content=\"530\" \/>\n\t<meta property=\"og:image:type\" content=\"image\/jpeg\" \/>\n<meta name=\"twitter:card\" content=\"summary_large_image\" \/>\n<script type=\"application\/ld+json\" class=\"yoast-schema-graph\">{\"@context\":\"https:\/\/schema.org\",\"@graph\":[{\"@type\":\"WebPage\",\"@id\":\"https:\/\/hotel-lagorai.com\/de\/pools-hotel-lagorai\/\",\"url\":\"https:\/\/hotel-lagorai.com\/de\/pools-hotel-lagorai\/\",\"name\":\"Pools - Hotel Lagorai - Panoramic Resort - Cavalese - Trentino - Italy\",\"isPartOf\":{\"@id\":\"https:\/\/hotel-lagorai.com\/de\/#website\"},\"primaryImageOfPage\":{\"@id\":\"https:\/\/hotel-lagorai.com\/de\/pools-hotel-lagorai\/#primaryimage\"},\"image\":{\"@id\":\"https:\/\/hotel-lagorai.com\/de\/pools-hotel-lagorai\/#primaryimage\"},\"thumbnailUrl\":\"https:\/\/hotel-lagorai.com\/wp-content\/uploads\/2024\/04\/BB48DA8048B042059506803396653A99-testata.jpg\",\"datePublished\":\"2024-04-09T05:32:13+00:00\",\"dateModified\":\"2024-06-01T09:29:06+00:00\",\"breadcrumb\":{\"@id\":\"https:\/\/hotel-lagorai.com\/de\/pools-hotel-lagorai\/#breadcrumb\"},\"inLanguage\":\"de\",\"potentialAction\":[{\"@type\":\"ReadAction\",\"target\":[\"https:\/\/hotel-lagorai.com\/de\/pools-hotel-lagorai\/\"]}]},{\"@type\":\"ImageObject\",\"inLanguage\":\"de\",\"@id\":\"https:\/\/hotel-lagorai.com\/de\/pools-hotel-lagorai\/#primaryimage\",\"url\":\"https:\/\/hotel-lagorai.com\/wp-content\/uploads\/2024\/04\/BB48DA8048B042059506803396653A99-testata.jpg\",\"contentUrl\":\"https:\/\/hotel-lagorai.com\/wp-content\/uploads\/2024\/04\/BB48DA8048B042059506803396653A99-testata.jpg\",\"width\":2000,\"height\":530},{\"@type\":\"BreadcrumbList\",\"@id\":\"https:\/\/hotel-lagorai.com\/de\/pools-hotel-lagorai\/#breadcrumb\",\"itemListElement\":[{\"@type\":\"ListItem\",\"position\":1,\"name\":\"Home\",\"item\":\"https:\/\/hotel-lagorai.com\/de\/\"},{\"@type\":\"ListItem\",\"position\":2,\"name\":\"Pools\"}]},{\"@type\":\"WebSite\",\"@id\":\"https:\/\/hotel-lagorai.com\/de\/#website\",\"url\":\"https:\/\/hotel-lagorai.com\/de\/\",\"name\":\"Hotel Lagorai - Panoramic Resort - Cavalese - Trentino - Italy\",\"description\":\"\",\"publisher\":{\"@id\":\"https:\/\/hotel-lagorai.com\/de\/#organization\"},\"potentialAction\":[{\"@type\":\"SearchAction\",\"target\":{\"@type\":\"EntryPoint\",\"urlTemplate\":\"https:\/\/hotel-lagorai.com\/de\/?s={search_term_string}\"},\"query-input\":{\"@type\":\"PropertyValueSpecification\",\"valueRequired\":true,\"valueName\":\"search_term_string\"}}],\"inLanguage\":\"de\"},{\"@type\":\"Organization\",\"@id\":\"https:\/\/hotel-lagorai.com\/de\/#organization\",\"name\":\"Hotel Lagorai - Panoramic Resort - Cavalese - Trentino - Italy\",\"url\":\"https:\/\/hotel-lagorai.com\/de\/\",\"logo\":{\"@type\":\"ImageObject\",\"inLanguage\":\"de\",\"@id\":\"https:\/\/hotel-lagorai.com\/de\/#\/schema\/logo\/image\/\",\"url\":\"https:\/\/hotel-lagorai.com\/wp-content\/uploads\/2024\/04\/toplogo.png\",\"contentUrl\":\"https:\/\/hotel-lagorai.com\/wp-content\/uploads\/2024\/04\/toplogo.png\",\"width\":220,\"height\":90,\"caption\":\"Hotel Lagorai - Panoramic Resort - Cavalese - Trentino - Italy\"},\"image\":{\"@id\":\"https:\/\/hotel-lagorai.com\/de\/#\/schema\/logo\/image\/\"},\"sameAs\":[\"https:\/\/www.facebook.com\/pages\/Hotel-Lagorai-Resort-Spa\/116929181672933\",\"https:\/\/www.instagram.com\/lagoraipanoramicresort\/?hl=it\",\"https:\/\/www.youtube.com\/channel\/UCbWMDsy3XeBQ0dk5DqPK5Uw\/\"]}]}<\/script>\n<!-- \/ Yoast SEO plugin. -->","yoast_head_json":{"title":"Pools - Hotel Lagorai - Panoramic Resort - Cavalese - Trentino - Italy","robots":{"index":"index","follow":"follow","max-snippet":"max-snippet:-1","max-image-preview":"max-image-preview:large","max-video-preview":"max-video-preview:-1"},"canonical":"https:\/\/hotel-lagorai.com\/de\/pools-hotel-lagorai\/","og_locale":"de_DE","og_type":"article","og_title":"Pools - Hotel Lagorai - Panoramic Resort - Cavalese - Trentino - Italy","og_description":"Wasser, Quell des Lebens&#8230; Finden Sie ein neues Gleichgewicht und regenerieren Sie Ihre Seele","og_url":"https:\/\/hotel-lagorai.com\/de\/pools-hotel-lagorai\/","og_site_name":"Hotel Lagorai - Panoramic Resort - Cavalese - Trentino - Italy","article_publisher":"https:\/\/www.facebook.com\/pages\/Hotel-Lagorai-Resort-Spa\/116929181672933","article_modified_time":"2024-06-01T09:29:06+00:00","og_image":[{"width":2000,"height":530,"url":"https:\/\/hotel-lagorai.com\/wp-content\/uploads\/2024\/04\/BB48DA8048B042059506803396653A99-testata.jpg","type":"image\/jpeg"}],"twitter_card":"summary_large_image","schema":{"@context":"https:\/\/schema.org","@graph":[{"@type":"WebPage","@id":"https:\/\/hotel-lagorai.com\/de\/pools-hotel-lagorai\/","url":"https:\/\/hotel-lagorai.com\/de\/pools-hotel-lagorai\/","name":"Pools - Hotel Lagorai - Panoramic Resort - Cavalese - Trentino - Italy","isPartOf":{"@id":"https:\/\/hotel-lagorai.com\/de\/#website"},"primaryImageOfPage":{"@id":"https:\/\/hotel-lagorai.com\/de\/pools-hotel-lagorai\/#primaryimage"},"image":{"@id":"https:\/\/hotel-lagorai.com\/de\/pools-hotel-lagorai\/#primaryimage"},"thumbnailUrl":"https:\/\/hotel-lagorai.com\/wp-content\/uploads\/2024\/04\/BB48DA8048B042059506803396653A99-testata.jpg","datePublished":"2024-04-09T05:32:13+00:00","dateModified":"2024-06-01T09:29:06+00:00","breadcrumb":{"@id":"https:\/\/hotel-lagorai.com\/de\/pools-hotel-lagorai\/#breadcrumb"},"inLanguage":"de","potentialAction":[{"@type":"ReadAction","target":["https:\/\/hotel-lagorai.com\/de\/pools-hotel-lagorai\/"]}]},{"@type":"ImageObject","inLanguage":"de","@id":"https:\/\/hotel-lagorai.com\/de\/pools-hotel-lagorai\/#primaryimage","url":"https:\/\/hotel-lagorai.com\/wp-content\/uploads\/2024\/04\/BB48DA8048B042059506803396653A99-testata.jpg","contentUrl":"https:\/\/hotel-lagorai.com\/wp-content\/uploads\/2024\/04\/BB48DA8048B042059506803396653A99-testata.jpg","width":2000,"height":530},{"@type":"BreadcrumbList","@id":"https:\/\/hotel-lagorai.com\/de\/pools-hotel-lagorai\/#breadcrumb","itemListElement":[{"@type":"ListItem","position":1,"name":"Home","item":"https:\/\/hotel-lagorai.com\/de\/"},{"@type":"ListItem","position":2,"name":"Pools"}]},{"@type":"WebSite","@id":"https:\/\/hotel-lagorai.com\/de\/#website","url":"https:\/\/hotel-lagorai.com\/de\/","name":"Hotel Lagorai - Panoramic Resort - Cavalese - Trentino - Italy","description":"","publisher":{"@id":"https:\/\/hotel-lagorai.com\/de\/#organization"},"potentialAction":[{"@type":"SearchAction","target":{"@type":"EntryPoint","urlTemplate":"https:\/\/hotel-lagorai.com\/de\/?s={search_term_string}"},"query-input":{"@type":"PropertyValueSpecification","valueRequired":true,"valueName":"search_term_string"}}],"inLanguage":"de"},{"@type":"Organization","@id":"https:\/\/hotel-lagorai.com\/de\/#organization","name":"Hotel Lagorai - Panoramic Resort - Cavalese - Trentino - Italy","url":"https:\/\/hotel-lagorai.com\/de\/","logo":{"@type":"ImageObject","inLanguage":"de","@id":"https:\/\/hotel-lagorai.com\/de\/#\/schema\/logo\/image\/","url":"https:\/\/hotel-lagorai.com\/wp-content\/uploads\/2024\/04\/toplogo.png","contentUrl":"https:\/\/hotel-lagorai.com\/wp-content\/uploads\/2024\/04\/toplogo.png","width":220,"height":90,"caption":"Hotel Lagorai - Panoramic Resort - Cavalese - Trentino - Italy"},"image":{"@id":"https:\/\/hotel-lagorai.com\/de\/#\/schema\/logo\/image\/"},"sameAs":["https:\/\/www.facebook.com\/pages\/Hotel-Lagorai-Resort-Spa\/116929181672933","https:\/\/www.instagram.com\/lagoraipanoramicresort\/?hl=it","https:\/\/www.youtube.com\/channel\/UCbWMDsy3XeBQ0dk5DqPK5Uw\/"]}]}},"_links":{"self":[{"href":"https:\/\/hotel-lagorai.com\/de\/wp-json\/wp\/v2\/pages\/706","targetHints":{"allow":["GET"]}}],"collection":[{"href":"https:\/\/hotel-lagorai.com\/de\/wp-json\/wp\/v2\/pages"}],"about":[{"href":"https:\/\/hotel-lagorai.com\/de\/wp-json\/wp\/v2\/types\/page"}],"author":[{"embeddable":true,"href":"https:\/\/hotel-lagorai.com\/de\/wp-json\/wp\/v2\/users\/1"}],"replies":[{"embeddable":true,"href":"https:\/\/hotel-lagorai.com\/de\/wp-json\/wp\/v2\/comments?post=706"}],"version-history":[{"count":3,"href":"https:\/\/hotel-lagorai.com\/de\/wp-json\/wp\/v2\/pages\/706\/revisions"}],"predecessor-version":[{"id":709,"href":"https:\/\/hotel-lagorai.com\/de\/wp-json\/wp\/v2\/pages\/706\/revisions\/709"}],"wp:featuredmedia":[{"embeddable":true,"href":"https:\/\/hotel-lagorai.com\/de\/wp-json\/wp\/v2\/media\/388"}],"wp:attachment":[{"href":"https:\/\/hotel-lagorai.com\/de\/wp-json\/wp\/v2\/media?parent=706"}],"curies":[{"name":"wp","href":"https:\/\/api.w.org\/{rel}","templated":true}]}}