{"id":714,"date":"2024-04-09T07:32:45","date_gmt":"2024-04-09T05:32:45","guid":{"rendered":"https:\/\/hotel-lagorai.com\/welt-der-saunen\/"},"modified":"2024-06-01T11:29:23","modified_gmt":"2024-06-01T09:29:23","slug":"spa-e-relax-wellness-fleimstal","status":"publish","type":"page","link":"https:\/\/hotel-lagorai.com\/de\/spa-e-relax-wellness-fleimstal\/","title":{"rendered":"Welt der Saunen"},"content":{"rendered":"    <section id=\"cards-69f0e7ce32b64\" class=\"alignnone\">\r\n        <div class=\"grid grid-cols-1 md:grid-cols-2 gap-4\">\r\n                            <div class=\"relative\">\r\n                                            <div class=\"bg-cover lg:bg-120 bg-center hover:bg-130 bg-no-repeat transition-all duration-500 pt-[120%] md:pt-[60%]\" style=\"background-image:url(https:\/\/hotel-lagorai.com\/wp-content\/uploads\/2024\/05\/B5A54665E0094B54B38EA48C1A4696BE-fotolista.jpg)\">\r\n                            <div class=\"rounded-sm bg-dark bg-opacity-50 absolute bottom-0 w-full min-h-40\">\r\n                                <div class=\"flex flex-col items-start justify-center p-4\">\r\n                                    <h4 class=\"text-white text-left font-bold pb-1\">Finnische Sauna<\/h4>\r\n                                    <p class=\"text-white text-sm lg:text-base mb-0\">Ihre hohen Temperaturen und geringe Luftfeuchtigkeit f\u00f6rdern das Schwitzen, regen den Stoffwechsel an und erleichtern damit die Ausscheidung von Schlacken und Toxinen. Bekannt als wirkungsvolle und nat\u00fcrliche Therapie gegen Stress, wirkt sich diese Sauna ebenfalls nachhaltig positiv auf das Herz-Kreislauf-System und den gesamten Organismus aus.<\/p>\r\n                                <\/div>\r\n                            <\/div>\r\n                        <\/div>\r\n                                        <\/div>\r\n                            <div class=\"relative\">\r\n                                            <div class=\"bg-cover lg:bg-120 bg-center hover:bg-130 bg-no-repeat transition-all duration-500 pt-[120%] md:pt-[60%]\" style=\"background-image:url(https:\/\/hotel-lagorai.com\/wp-content\/uploads\/2024\/05\/07D694E5E224477B93CA678BF20573E2-fotolista.jpg)\">\r\n                            <div class=\"rounded-sm bg-dark bg-opacity-50 absolute bottom-0 w-full min-h-40\">\r\n                                <div class=\"flex flex-col items-start justify-center p-4\">\r\n                                    <h4 class=\"text-white text-left font-bold pb-1\">Kneipp-Becken<\/h4>\r\n                                    <p class=\"text-white text-sm lg:text-base mb-0\">Tauchen Sie Ihre F\u00fcsse abwechselnd in hei\u00dfes und kaltes Wasser ein und sofort erleben Sie das prickelnde Gef\u00fchl der Regeneration Ihrer Beine! Die nat\u00fcrliche Massage der Fu\u00dfsohlen und die schnelle Ver\u00e4nderung der Wassertemperatur regen die Durchblutung und damit eine verbesserte Sauerstoffversorgung in den unteren Extremit\u00e4ten an.<\/p>\r\n                                <\/div>\r\n                            <\/div>\r\n                        <\/div>\r\n                                        <\/div>\r\n                            <div class=\"relative\">\r\n                                            <div class=\"bg-cover lg:bg-120 bg-center hover:bg-130 bg-no-repeat transition-all duration-500 pt-[120%] md:pt-[60%]\" style=\"background-image:url(https:\/\/hotel-lagorai.com\/wp-content\/uploads\/2024\/05\/E71663A7F0454C6AA240E45A9D5E6286-fotolista.jpg)\">\r\n                            <div class=\"rounded-sm bg-dark bg-opacity-50 absolute bottom-0 w-full min-h-40\">\r\n                                <div class=\"flex flex-col items-start justify-center p-4\">\r\n                                    <h4 class=\"text-white text-left font-bold pb-1\">Lakonium<\/h4>\r\n                                    <p class=\"text-white text-sm lg:text-base mb-0\">&#8230;oder auch r\u00f6mische Bergkr\u00e4utersauna, zeichnet sich durch ein warmes und trockenes Ambiente aus, das durch eine graduelle Erw\u00e4rmung der W\u00e4nde und B\u00e4nke erreicht wird. Damit stellt diese Saunaform eine sanfte Alternative zur traditionellen Sauna dar, wobei die wohltuenden Wirkungen der Heilkr\u00e4uter den Organismus stimulieren und die Psyche auf milde Weise<\/p>\r\n                                <\/div>\r\n                            <\/div>\r\n                        <\/div>\r\n                                        <\/div>\r\n                            <div class=\"relative\">\r\n                                            <div class=\"bg-cover lg:bg-120 bg-center hover:bg-130 bg-no-repeat transition-all duration-500 pt-[120%] md:pt-[60%]\" style=\"background-image:url(https:\/\/hotel-lagorai.com\/wp-content\/uploads\/2024\/05\/D5594A4C6B78451188A096CEBD8CA855-fotolista.jpg)\">\r\n                            <div class=\"rounded-sm bg-dark bg-opacity-50 absolute bottom-0 w-full min-h-40\">\r\n                                <div class=\"flex flex-col items-start justify-center p-4\">\r\n                                    <h4 class=\"text-white text-left font-bold pb-1\">T\u00fcrkisches Dampfbad<\/h4>\r\n                                    <p class=\"text-white text-sm lg:text-base mb-0\">Mit Temperaturen von 25\u00b0C am Boden bis zu 50\u00b0C an der Decke und feinem Menthol-Duft, beg\u00fcnstigen die 100%ige Luftfeuchtigkeit und die wohltuenden Eigenschaften der Minz-Essenzen durch Transpiration die Reinigung der Haut und die Befreiung der Atemwege.<\/p>\r\n                                <\/div>\r\n                            <\/div>\r\n                        <\/div>\r\n                                        <\/div>\r\n                            <div class=\"relative\">\r\n                                            <div class=\"bg-cover lg:bg-120 bg-center hover:bg-130 bg-no-repeat transition-all duration-500 pt-[120%] md:pt-[60%]\" style=\"background-image:url(https:\/\/hotel-lagorai.com\/wp-content\/uploads\/2024\/05\/F77389FAAE734064946F2A808EE6CB41-fotolista.jpg)\">\r\n                            <div class=\"rounded-sm bg-dark bg-opacity-50 absolute bottom-0 w-full min-h-40\">\r\n                                <div class=\"flex flex-col items-start justify-center p-4\">\r\n                                    <h4 class=\"text-white text-left font-bold pb-1\">Meersalz-Dampfbad<\/h4>\r\n                                    <p class=\"text-white text-sm lg:text-base mb-0\">Eine Entschlackungssauna, die mit gradueller Erw\u00e4rmung eine Temperatur zwischen 45\u00b0 und 55\u00b0 erreicht. Diese Sauna erfreut sich gro\u00dfer Beliebtheit bei allen, die zu hohe Temperaturen und \u00fcberm\u00e4\u00dfige Luftfeuchtigkeit schlecht vertragen, wobei sie auf sanfte Weise die Durchblutung f\u00f6rdert und ein angenehmes Gef\u00fchl von Frische und Entspannung hinterl\u00e4sst.<\/p>\r\n                                <\/div>\r\n                            <\/div>\r\n                        <\/div>\r\n                                        <\/div>\r\n                            <div class=\"relative\">\r\n                                            <div class=\"bg-cover lg:bg-120 bg-center hover:bg-130 bg-no-repeat transition-all duration-500 pt-[120%] md:pt-[60%]\" style=\"background-image:url(https:\/\/hotel-lagorai.com\/wp-content\/uploads\/2024\/05\/F99945ED527C496A971A23547D406655-fotolista.jpg)\">\r\n                            <div class=\"rounded-sm bg-dark bg-opacity-50 absolute bottom-0 w-full min-h-40\">\r\n                                <div class=\"flex flex-col items-start justify-center p-4\">\r\n                                    <h4 class=\"text-white text-left font-bold pb-1\">Ruhe- und Entspannungsbereich<\/h4>\r\n                                    <p class=\"text-white text-sm lg:text-base mb-0\">Lassen Sie sich von der entspannenden Atmosph\u00e4re unserer &#8218;Area Relax&#8216; davontragen: In unseren Warmwassermatratzen-Betten k\u00f6nnen Sie ihren K\u00f6rper schweben lassen, oder auch auf einer Relax-Liege mit Gartenblick und sanft entspannender Hintegrundsmusik diesen magischen Augenblick geniessen. In unserer Wellness-Oase finden Sie Fr\u00fcchte und aromatische<\/p>\r\n                                <\/div>\r\n                            <\/div>\r\n                        <\/div>\r\n                                        <\/div>\r\n                    <\/div>\r\n    <\/section>\r\n","protected":false},"excerpt":{"rendered":"","protected":false},"author":1,"featured_media":516,"parent":0,"menu_order":0,"comment_status":"closed","ping_status":"closed","template":"","meta":{"_acf_changed":false,"footnotes":""},"class_list":["post-714","page","type-page","status-publish","has-post-thumbnail","hentry"],"acf":[],"yoast_head":"<!-- This site is optimized with the Yoast SEO plugin v25.8 - https:\/\/yoast.com\/wordpress\/plugins\/seo\/ -->\n<title>Welt der Saunen - Hotel Lagorai - Panoramic Resort - Cavalese - Trentino - Italy<\/title>\n<meta name=\"robots\" content=\"index, follow, max-snippet:-1, max-image-preview:large, max-video-preview:-1\" \/>\n<link rel=\"canonical\" href=\"https:\/\/hotel-lagorai.com\/de\/spa-e-relax-wellness-fleimstal\/\" \/>\n<meta property=\"og:locale\" content=\"de_DE\" \/>\n<meta property=\"og:type\" content=\"article\" \/>\n<meta property=\"og:title\" content=\"Welt der Saunen - Hotel Lagorai - Panoramic Resort - Cavalese - Trentino - Italy\" \/>\n<meta property=\"og:url\" content=\"https:\/\/hotel-lagorai.com\/de\/spa-e-relax-wellness-fleimstal\/\" \/>\n<meta property=\"og:site_name\" content=\"Hotel Lagorai - Panoramic Resort - Cavalese - Trentino - Italy\" \/>\n<meta property=\"article:publisher\" content=\"https:\/\/www.facebook.com\/pages\/Hotel-Lagorai-Resort-Spa\/116929181672933\" \/>\n<meta property=\"article:modified_time\" content=\"2024-06-01T09:29:23+00:00\" \/>\n<meta property=\"og:image\" content=\"https:\/\/hotel-lagorai.com\/wp-content\/uploads\/2024\/05\/sauna-val-di-fiemme-dolomiti.jpg\" \/>\n\t<meta property=\"og:image:width\" content=\"2000\" \/>\n\t<meta property=\"og:image:height\" content=\"530\" \/>\n\t<meta property=\"og:image:type\" content=\"image\/jpeg\" \/>\n<meta name=\"twitter:card\" content=\"summary_large_image\" \/>\n<script type=\"application\/ld+json\" class=\"yoast-schema-graph\">{\"@context\":\"https:\/\/schema.org\",\"@graph\":[{\"@type\":\"WebPage\",\"@id\":\"https:\/\/hotel-lagorai.com\/de\/spa-e-relax-wellness-fleimstal\/\",\"url\":\"https:\/\/hotel-lagorai.com\/de\/spa-e-relax-wellness-fleimstal\/\",\"name\":\"Welt der Saunen - Hotel Lagorai - Panoramic Resort - Cavalese - Trentino - Italy\",\"isPartOf\":{\"@id\":\"https:\/\/hotel-lagorai.com\/de\/#website\"},\"primaryImageOfPage\":{\"@id\":\"https:\/\/hotel-lagorai.com\/de\/spa-e-relax-wellness-fleimstal\/#primaryimage\"},\"image\":{\"@id\":\"https:\/\/hotel-lagorai.com\/de\/spa-e-relax-wellness-fleimstal\/#primaryimage\"},\"thumbnailUrl\":\"https:\/\/hotel-lagorai.com\/wp-content\/uploads\/2024\/05\/sauna-val-di-fiemme-dolomiti.jpg\",\"datePublished\":\"2024-04-09T05:32:45+00:00\",\"dateModified\":\"2024-06-01T09:29:23+00:00\",\"breadcrumb\":{\"@id\":\"https:\/\/hotel-lagorai.com\/de\/spa-e-relax-wellness-fleimstal\/#breadcrumb\"},\"inLanguage\":\"de\",\"potentialAction\":[{\"@type\":\"ReadAction\",\"target\":[\"https:\/\/hotel-lagorai.com\/de\/spa-e-relax-wellness-fleimstal\/\"]}]},{\"@type\":\"ImageObject\",\"inLanguage\":\"de\",\"@id\":\"https:\/\/hotel-lagorai.com\/de\/spa-e-relax-wellness-fleimstal\/#primaryimage\",\"url\":\"https:\/\/hotel-lagorai.com\/wp-content\/uploads\/2024\/05\/sauna-val-di-fiemme-dolomiti.jpg\",\"contentUrl\":\"https:\/\/hotel-lagorai.com\/wp-content\/uploads\/2024\/05\/sauna-val-di-fiemme-dolomiti.jpg\",\"width\":2000,\"height\":530},{\"@type\":\"BreadcrumbList\",\"@id\":\"https:\/\/hotel-lagorai.com\/de\/spa-e-relax-wellness-fleimstal\/#breadcrumb\",\"itemListElement\":[{\"@type\":\"ListItem\",\"position\":1,\"name\":\"Home\",\"item\":\"https:\/\/hotel-lagorai.com\/de\/\"},{\"@type\":\"ListItem\",\"position\":2,\"name\":\"Welt der Saunen\"}]},{\"@type\":\"WebSite\",\"@id\":\"https:\/\/hotel-lagorai.com\/de\/#website\",\"url\":\"https:\/\/hotel-lagorai.com\/de\/\",\"name\":\"Hotel Lagorai - Panoramic Resort - Cavalese - Trentino - Italy\",\"description\":\"\",\"publisher\":{\"@id\":\"https:\/\/hotel-lagorai.com\/de\/#organization\"},\"potentialAction\":[{\"@type\":\"SearchAction\",\"target\":{\"@type\":\"EntryPoint\",\"urlTemplate\":\"https:\/\/hotel-lagorai.com\/de\/?s={search_term_string}\"},\"query-input\":{\"@type\":\"PropertyValueSpecification\",\"valueRequired\":true,\"valueName\":\"search_term_string\"}}],\"inLanguage\":\"de\"},{\"@type\":\"Organization\",\"@id\":\"https:\/\/hotel-lagorai.com\/de\/#organization\",\"name\":\"Hotel Lagorai - Panoramic Resort - Cavalese - Trentino - Italy\",\"url\":\"https:\/\/hotel-lagorai.com\/de\/\",\"logo\":{\"@type\":\"ImageObject\",\"inLanguage\":\"de\",\"@id\":\"https:\/\/hotel-lagorai.com\/de\/#\/schema\/logo\/image\/\",\"url\":\"https:\/\/hotel-lagorai.com\/wp-content\/uploads\/2024\/04\/toplogo.png\",\"contentUrl\":\"https:\/\/hotel-lagorai.com\/wp-content\/uploads\/2024\/04\/toplogo.png\",\"width\":220,\"height\":90,\"caption\":\"Hotel Lagorai - Panoramic Resort - Cavalese - Trentino - Italy\"},\"image\":{\"@id\":\"https:\/\/hotel-lagorai.com\/de\/#\/schema\/logo\/image\/\"},\"sameAs\":[\"https:\/\/www.facebook.com\/pages\/Hotel-Lagorai-Resort-Spa\/116929181672933\",\"https:\/\/www.instagram.com\/lagoraipanoramicresort\/?hl=it\",\"https:\/\/www.youtube.com\/channel\/UCbWMDsy3XeBQ0dk5DqPK5Uw\/\"]}]}<\/script>\n<!-- \/ Yoast SEO plugin. -->","yoast_head_json":{"title":"Welt der Saunen - Hotel Lagorai - Panoramic Resort - Cavalese - Trentino - Italy","robots":{"index":"index","follow":"follow","max-snippet":"max-snippet:-1","max-image-preview":"max-image-preview:large","max-video-preview":"max-video-preview:-1"},"canonical":"https:\/\/hotel-lagorai.com\/de\/spa-e-relax-wellness-fleimstal\/","og_locale":"de_DE","og_type":"article","og_title":"Welt der Saunen - Hotel Lagorai - Panoramic Resort - Cavalese - Trentino - Italy","og_url":"https:\/\/hotel-lagorai.com\/de\/spa-e-relax-wellness-fleimstal\/","og_site_name":"Hotel Lagorai - Panoramic Resort - Cavalese - Trentino - Italy","article_publisher":"https:\/\/www.facebook.com\/pages\/Hotel-Lagorai-Resort-Spa\/116929181672933","article_modified_time":"2024-06-01T09:29:23+00:00","og_image":[{"width":2000,"height":530,"url":"https:\/\/hotel-lagorai.com\/wp-content\/uploads\/2024\/05\/sauna-val-di-fiemme-dolomiti.jpg","type":"image\/jpeg"}],"twitter_card":"summary_large_image","schema":{"@context":"https:\/\/schema.org","@graph":[{"@type":"WebPage","@id":"https:\/\/hotel-lagorai.com\/de\/spa-e-relax-wellness-fleimstal\/","url":"https:\/\/hotel-lagorai.com\/de\/spa-e-relax-wellness-fleimstal\/","name":"Welt der Saunen - Hotel Lagorai - Panoramic Resort - Cavalese - Trentino - Italy","isPartOf":{"@id":"https:\/\/hotel-lagorai.com\/de\/#website"},"primaryImageOfPage":{"@id":"https:\/\/hotel-lagorai.com\/de\/spa-e-relax-wellness-fleimstal\/#primaryimage"},"image":{"@id":"https:\/\/hotel-lagorai.com\/de\/spa-e-relax-wellness-fleimstal\/#primaryimage"},"thumbnailUrl":"https:\/\/hotel-lagorai.com\/wp-content\/uploads\/2024\/05\/sauna-val-di-fiemme-dolomiti.jpg","datePublished":"2024-04-09T05:32:45+00:00","dateModified":"2024-06-01T09:29:23+00:00","breadcrumb":{"@id":"https:\/\/hotel-lagorai.com\/de\/spa-e-relax-wellness-fleimstal\/#breadcrumb"},"inLanguage":"de","potentialAction":[{"@type":"ReadAction","target":["https:\/\/hotel-lagorai.com\/de\/spa-e-relax-wellness-fleimstal\/"]}]},{"@type":"ImageObject","inLanguage":"de","@id":"https:\/\/hotel-lagorai.com\/de\/spa-e-relax-wellness-fleimstal\/#primaryimage","url":"https:\/\/hotel-lagorai.com\/wp-content\/uploads\/2024\/05\/sauna-val-di-fiemme-dolomiti.jpg","contentUrl":"https:\/\/hotel-lagorai.com\/wp-content\/uploads\/2024\/05\/sauna-val-di-fiemme-dolomiti.jpg","width":2000,"height":530},{"@type":"BreadcrumbList","@id":"https:\/\/hotel-lagorai.com\/de\/spa-e-relax-wellness-fleimstal\/#breadcrumb","itemListElement":[{"@type":"ListItem","position":1,"name":"Home","item":"https:\/\/hotel-lagorai.com\/de\/"},{"@type":"ListItem","position":2,"name":"Welt der Saunen"}]},{"@type":"WebSite","@id":"https:\/\/hotel-lagorai.com\/de\/#website","url":"https:\/\/hotel-lagorai.com\/de\/","name":"Hotel Lagorai - Panoramic Resort - Cavalese - Trentino - Italy","description":"","publisher":{"@id":"https:\/\/hotel-lagorai.com\/de\/#organization"},"potentialAction":[{"@type":"SearchAction","target":{"@type":"EntryPoint","urlTemplate":"https:\/\/hotel-lagorai.com\/de\/?s={search_term_string}"},"query-input":{"@type":"PropertyValueSpecification","valueRequired":true,"valueName":"search_term_string"}}],"inLanguage":"de"},{"@type":"Organization","@id":"https:\/\/hotel-lagorai.com\/de\/#organization","name":"Hotel Lagorai - Panoramic Resort - Cavalese - Trentino - Italy","url":"https:\/\/hotel-lagorai.com\/de\/","logo":{"@type":"ImageObject","inLanguage":"de","@id":"https:\/\/hotel-lagorai.com\/de\/#\/schema\/logo\/image\/","url":"https:\/\/hotel-lagorai.com\/wp-content\/uploads\/2024\/04\/toplogo.png","contentUrl":"https:\/\/hotel-lagorai.com\/wp-content\/uploads\/2024\/04\/toplogo.png","width":220,"height":90,"caption":"Hotel Lagorai - Panoramic Resort - Cavalese - Trentino - Italy"},"image":{"@id":"https:\/\/hotel-lagorai.com\/de\/#\/schema\/logo\/image\/"},"sameAs":["https:\/\/www.facebook.com\/pages\/Hotel-Lagorai-Resort-Spa\/116929181672933","https:\/\/www.instagram.com\/lagoraipanoramicresort\/?hl=it","https:\/\/www.youtube.com\/channel\/UCbWMDsy3XeBQ0dk5DqPK5Uw\/"]}]}},"_links":{"self":[{"href":"https:\/\/hotel-lagorai.com\/de\/wp-json\/wp\/v2\/pages\/714","targetHints":{"allow":["GET"]}}],"collection":[{"href":"https:\/\/hotel-lagorai.com\/de\/wp-json\/wp\/v2\/pages"}],"about":[{"href":"https:\/\/hotel-lagorai.com\/de\/wp-json\/wp\/v2\/types\/page"}],"author":[{"embeddable":true,"href":"https:\/\/hotel-lagorai.com\/de\/wp-json\/wp\/v2\/users\/1"}],"replies":[{"embeddable":true,"href":"https:\/\/hotel-lagorai.com\/de\/wp-json\/wp\/v2\/comments?post=714"}],"version-history":[{"count":3,"href":"https:\/\/hotel-lagorai.com\/de\/wp-json\/wp\/v2\/pages\/714\/revisions"}],"predecessor-version":[{"id":717,"href":"https:\/\/hotel-lagorai.com\/de\/wp-json\/wp\/v2\/pages\/714\/revisions\/717"}],"wp:featuredmedia":[{"embeddable":true,"href":"https:\/\/hotel-lagorai.com\/de\/wp-json\/wp\/v2\/media\/516"}],"wp:attachment":[{"href":"https:\/\/hotel-lagorai.com\/de\/wp-json\/wp\/v2\/media?parent=714"}],"curies":[{"name":"wp","href":"https:\/\/api.w.org\/{rel}","templated":true}]}}