{"id":722,"date":"2024-04-09T07:33:08","date_gmt":"2024-04-09T05:33:08","guid":{"rendered":"https:\/\/hotel-lagorai.com\/entspannung\/"},"modified":"2024-06-01T11:29:39","modified_gmt":"2024-06-01T09:29:39","slug":"schoenheitszentrum-trentino","status":"publish","type":"page","link":"https:\/\/hotel-lagorai.com\/de\/schoenheitszentrum-trentino\/","title":{"rendered":"Entspannung"},"content":{"rendered":"\n<h2 class=\"wp-block-heading\">Schenken Sie sich etwas Zeit<\/h2>\n\n<h4 class=\"wp-block-heading has-text-align-center\">Wellness nach Ma\u00df &#8211; um Sie wieder zum Strahlen zu bringen!<\/h4>\n\n<p class=\"has-text-align-center\">Im Beauty- und Wellnesszentrum \u201eCassiopea\u201c finden Sie Ruhe, Harmonie und Sch\u00f6nheit<br\/>dank unserer wirkungsvollen Behandlungen mit \u201eMaria Galland\u201c und \u201eVitalis\u201c (Dr. Joseph)-Produkten.<\/p>\n\n<p class=\"has-text-align-center\"><strong>Wir verw\u00f6hnen Sie von Kopf bis Fu\u00df, auf einem auf Sie pers\u00f6nlich ma\u00dfgeschneidertem Weg.<\/strong><\/p>\n\n<div style=\"height:32px\" aria-hidden=\"true\" class=\"wp-block-spacer\"><\/div>\n\n<div class=\"wp-block-buttons is-content-justification-center is-layout-flex wp-container-core-buttons-is-layout-16018d1d wp-block-buttons-is-layout-flex\">\n<div class=\"wp-block-button\"><a class=\"wp-block-button__link has-primary-background-color has-background has-text-align-left wp-element-button\" href=\"https:\/\/hotel-lagorai.com\/wp-content\/uploads\/2024\/05\/E5110D894F544361858A5C63A3C434E8.pdf\">Hier finden Sie unsere Beauty-Brosch\u00fcre, mit allen unseren Angeboten und Wellness-Paketen<\/a><\/div>\n<\/div>\n","protected":false},"excerpt":{"rendered":"<p>Schenken Sie sich etwas Zeit Wellness nach Ma\u00df &#8211; um Sie wieder zum Strahlen zu bringen! Im Beauty- und Wellnesszentrum \u201eCassiopea\u201c finden Sie Ruhe, Harmonie und Sch\u00f6nheitdank unserer wirkungsvollen Behandlungen mit \u201eMaria Galland\u201c und \u201eVitalis\u201c (Dr. Joseph)-Produkten. Wir verw\u00f6hnen Sie von Kopf bis Fu\u00df, auf einem auf Sie pers\u00f6nlich ma\u00dfgeschneidertem Weg.<\/p>\n","protected":false},"author":1,"featured_media":545,"parent":0,"menu_order":0,"comment_status":"closed","ping_status":"closed","template":"","meta":{"_acf_changed":false,"footnotes":""},"class_list":["post-722","page","type-page","status-publish","has-post-thumbnail","hentry"],"acf":[],"yoast_head":"<!-- This site is optimized with the Yoast SEO plugin v25.8 - https:\/\/yoast.com\/wordpress\/plugins\/seo\/ -->\n<title>Entspannung - Hotel Lagorai - Panoramic Resort - Cavalese - Trentino - Italy<\/title>\n<meta name=\"robots\" content=\"index, follow, max-snippet:-1, max-image-preview:large, max-video-preview:-1\" \/>\n<link rel=\"canonical\" href=\"https:\/\/hotel-lagorai.com\/de\/schoenheitszentrum-trentino\/\" \/>\n<meta property=\"og:locale\" content=\"de_DE\" \/>\n<meta property=\"og:type\" content=\"article\" \/>\n<meta property=\"og:title\" content=\"Entspannung - Hotel Lagorai - Panoramic Resort - Cavalese - Trentino - Italy\" \/>\n<meta property=\"og:description\" content=\"Schenken Sie sich etwas Zeit Wellness nach Ma\u00df &#8211; um Sie wieder zum Strahlen zu bringen! Im Beauty- und Wellnesszentrum \u201eCassiopea\u201c finden Sie Ruhe, Harmonie und Sch\u00f6nheitdank unserer wirkungsvollen Behandlungen mit \u201eMaria Galland\u201c und \u201eVitalis\u201c (Dr. Joseph)-Produkten. Wir verw\u00f6hnen Sie von Kopf bis Fu\u00df, auf einem auf Sie pers\u00f6nlich ma\u00dfgeschneidertem Weg.\" \/>\n<meta property=\"og:url\" content=\"https:\/\/hotel-lagorai.com\/de\/schoenheitszentrum-trentino\/\" \/>\n<meta property=\"og:site_name\" content=\"Hotel Lagorai - Panoramic Resort - Cavalese - Trentino - Italy\" \/>\n<meta property=\"article:publisher\" content=\"https:\/\/www.facebook.com\/pages\/Hotel-Lagorai-Resort-Spa\/116929181672933\" \/>\n<meta property=\"article:modified_time\" content=\"2024-06-01T09:29:39+00:00\" \/>\n<meta property=\"og:image\" content=\"https:\/\/hotel-lagorai.com\/wp-content\/uploads\/2024\/05\/9411E209F068437282685F2E97644009-testata.jpg\" \/>\n\t<meta property=\"og:image:width\" content=\"2000\" \/>\n\t<meta property=\"og:image:height\" content=\"530\" \/>\n\t<meta property=\"og:image:type\" content=\"image\/jpeg\" \/>\n<meta name=\"twitter:card\" content=\"summary_large_image\" \/>\n<script type=\"application\/ld+json\" class=\"yoast-schema-graph\">{\"@context\":\"https:\/\/schema.org\",\"@graph\":[{\"@type\":\"WebPage\",\"@id\":\"https:\/\/hotel-lagorai.com\/de\/schoenheitszentrum-trentino\/\",\"url\":\"https:\/\/hotel-lagorai.com\/de\/schoenheitszentrum-trentino\/\",\"name\":\"Entspannung - Hotel Lagorai - Panoramic Resort - Cavalese - Trentino - Italy\",\"isPartOf\":{\"@id\":\"https:\/\/hotel-lagorai.com\/de\/#website\"},\"primaryImageOfPage\":{\"@id\":\"https:\/\/hotel-lagorai.com\/de\/schoenheitszentrum-trentino\/#primaryimage\"},\"image\":{\"@id\":\"https:\/\/hotel-lagorai.com\/de\/schoenheitszentrum-trentino\/#primaryimage\"},\"thumbnailUrl\":\"https:\/\/hotel-lagorai.com\/wp-content\/uploads\/2024\/05\/9411E209F068437282685F2E97644009-testata.jpg\",\"datePublished\":\"2024-04-09T05:33:08+00:00\",\"dateModified\":\"2024-06-01T09:29:39+00:00\",\"breadcrumb\":{\"@id\":\"https:\/\/hotel-lagorai.com\/de\/schoenheitszentrum-trentino\/#breadcrumb\"},\"inLanguage\":\"de\",\"potentialAction\":[{\"@type\":\"ReadAction\",\"target\":[\"https:\/\/hotel-lagorai.com\/de\/schoenheitszentrum-trentino\/\"]}]},{\"@type\":\"ImageObject\",\"inLanguage\":\"de\",\"@id\":\"https:\/\/hotel-lagorai.com\/de\/schoenheitszentrum-trentino\/#primaryimage\",\"url\":\"https:\/\/hotel-lagorai.com\/wp-content\/uploads\/2024\/05\/9411E209F068437282685F2E97644009-testata.jpg\",\"contentUrl\":\"https:\/\/hotel-lagorai.com\/wp-content\/uploads\/2024\/05\/9411E209F068437282685F2E97644009-testata.jpg\",\"width\":2000,\"height\":530},{\"@type\":\"BreadcrumbList\",\"@id\":\"https:\/\/hotel-lagorai.com\/de\/schoenheitszentrum-trentino\/#breadcrumb\",\"itemListElement\":[{\"@type\":\"ListItem\",\"position\":1,\"name\":\"Home\",\"item\":\"https:\/\/hotel-lagorai.com\/de\/\"},{\"@type\":\"ListItem\",\"position\":2,\"name\":\"Entspannung\"}]},{\"@type\":\"WebSite\",\"@id\":\"https:\/\/hotel-lagorai.com\/de\/#website\",\"url\":\"https:\/\/hotel-lagorai.com\/de\/\",\"name\":\"Hotel Lagorai - Panoramic Resort - Cavalese - Trentino - Italy\",\"description\":\"\",\"publisher\":{\"@id\":\"https:\/\/hotel-lagorai.com\/de\/#organization\"},\"potentialAction\":[{\"@type\":\"SearchAction\",\"target\":{\"@type\":\"EntryPoint\",\"urlTemplate\":\"https:\/\/hotel-lagorai.com\/de\/?s={search_term_string}\"},\"query-input\":{\"@type\":\"PropertyValueSpecification\",\"valueRequired\":true,\"valueName\":\"search_term_string\"}}],\"inLanguage\":\"de\"},{\"@type\":\"Organization\",\"@id\":\"https:\/\/hotel-lagorai.com\/de\/#organization\",\"name\":\"Hotel Lagorai - Panoramic Resort - Cavalese - Trentino - Italy\",\"url\":\"https:\/\/hotel-lagorai.com\/de\/\",\"logo\":{\"@type\":\"ImageObject\",\"inLanguage\":\"de\",\"@id\":\"https:\/\/hotel-lagorai.com\/de\/#\/schema\/logo\/image\/\",\"url\":\"https:\/\/hotel-lagorai.com\/wp-content\/uploads\/2024\/04\/toplogo.png\",\"contentUrl\":\"https:\/\/hotel-lagorai.com\/wp-content\/uploads\/2024\/04\/toplogo.png\",\"width\":220,\"height\":90,\"caption\":\"Hotel Lagorai - Panoramic Resort - Cavalese - Trentino - Italy\"},\"image\":{\"@id\":\"https:\/\/hotel-lagorai.com\/de\/#\/schema\/logo\/image\/\"},\"sameAs\":[\"https:\/\/www.facebook.com\/pages\/Hotel-Lagorai-Resort-Spa\/116929181672933\",\"https:\/\/www.instagram.com\/lagoraipanoramicresort\/?hl=it\",\"https:\/\/www.youtube.com\/channel\/UCbWMDsy3XeBQ0dk5DqPK5Uw\/\"]}]}<\/script>\n<!-- \/ Yoast SEO plugin. -->","yoast_head_json":{"title":"Entspannung - Hotel Lagorai - Panoramic Resort - Cavalese - Trentino - Italy","robots":{"index":"index","follow":"follow","max-snippet":"max-snippet:-1","max-image-preview":"max-image-preview:large","max-video-preview":"max-video-preview:-1"},"canonical":"https:\/\/hotel-lagorai.com\/de\/schoenheitszentrum-trentino\/","og_locale":"de_DE","og_type":"article","og_title":"Entspannung - Hotel Lagorai - Panoramic Resort - Cavalese - Trentino - Italy","og_description":"Schenken Sie sich etwas Zeit Wellness nach Ma\u00df &#8211; um Sie wieder zum Strahlen zu bringen! Im Beauty- und Wellnesszentrum \u201eCassiopea\u201c finden Sie Ruhe, Harmonie und Sch\u00f6nheitdank unserer wirkungsvollen Behandlungen mit \u201eMaria Galland\u201c und \u201eVitalis\u201c (Dr. Joseph)-Produkten. Wir verw\u00f6hnen Sie von Kopf bis Fu\u00df, auf einem auf Sie pers\u00f6nlich ma\u00dfgeschneidertem Weg.","og_url":"https:\/\/hotel-lagorai.com\/de\/schoenheitszentrum-trentino\/","og_site_name":"Hotel Lagorai - Panoramic Resort - Cavalese - Trentino - Italy","article_publisher":"https:\/\/www.facebook.com\/pages\/Hotel-Lagorai-Resort-Spa\/116929181672933","article_modified_time":"2024-06-01T09:29:39+00:00","og_image":[{"width":2000,"height":530,"url":"https:\/\/hotel-lagorai.com\/wp-content\/uploads\/2024\/05\/9411E209F068437282685F2E97644009-testata.jpg","type":"image\/jpeg"}],"twitter_card":"summary_large_image","schema":{"@context":"https:\/\/schema.org","@graph":[{"@type":"WebPage","@id":"https:\/\/hotel-lagorai.com\/de\/schoenheitszentrum-trentino\/","url":"https:\/\/hotel-lagorai.com\/de\/schoenheitszentrum-trentino\/","name":"Entspannung - Hotel Lagorai - Panoramic Resort - Cavalese - Trentino - Italy","isPartOf":{"@id":"https:\/\/hotel-lagorai.com\/de\/#website"},"primaryImageOfPage":{"@id":"https:\/\/hotel-lagorai.com\/de\/schoenheitszentrum-trentino\/#primaryimage"},"image":{"@id":"https:\/\/hotel-lagorai.com\/de\/schoenheitszentrum-trentino\/#primaryimage"},"thumbnailUrl":"https:\/\/hotel-lagorai.com\/wp-content\/uploads\/2024\/05\/9411E209F068437282685F2E97644009-testata.jpg","datePublished":"2024-04-09T05:33:08+00:00","dateModified":"2024-06-01T09:29:39+00:00","breadcrumb":{"@id":"https:\/\/hotel-lagorai.com\/de\/schoenheitszentrum-trentino\/#breadcrumb"},"inLanguage":"de","potentialAction":[{"@type":"ReadAction","target":["https:\/\/hotel-lagorai.com\/de\/schoenheitszentrum-trentino\/"]}]},{"@type":"ImageObject","inLanguage":"de","@id":"https:\/\/hotel-lagorai.com\/de\/schoenheitszentrum-trentino\/#primaryimage","url":"https:\/\/hotel-lagorai.com\/wp-content\/uploads\/2024\/05\/9411E209F068437282685F2E97644009-testata.jpg","contentUrl":"https:\/\/hotel-lagorai.com\/wp-content\/uploads\/2024\/05\/9411E209F068437282685F2E97644009-testata.jpg","width":2000,"height":530},{"@type":"BreadcrumbList","@id":"https:\/\/hotel-lagorai.com\/de\/schoenheitszentrum-trentino\/#breadcrumb","itemListElement":[{"@type":"ListItem","position":1,"name":"Home","item":"https:\/\/hotel-lagorai.com\/de\/"},{"@type":"ListItem","position":2,"name":"Entspannung"}]},{"@type":"WebSite","@id":"https:\/\/hotel-lagorai.com\/de\/#website","url":"https:\/\/hotel-lagorai.com\/de\/","name":"Hotel Lagorai - Panoramic Resort - Cavalese - Trentino - Italy","description":"","publisher":{"@id":"https:\/\/hotel-lagorai.com\/de\/#organization"},"potentialAction":[{"@type":"SearchAction","target":{"@type":"EntryPoint","urlTemplate":"https:\/\/hotel-lagorai.com\/de\/?s={search_term_string}"},"query-input":{"@type":"PropertyValueSpecification","valueRequired":true,"valueName":"search_term_string"}}],"inLanguage":"de"},{"@type":"Organization","@id":"https:\/\/hotel-lagorai.com\/de\/#organization","name":"Hotel Lagorai - Panoramic Resort - Cavalese - Trentino - Italy","url":"https:\/\/hotel-lagorai.com\/de\/","logo":{"@type":"ImageObject","inLanguage":"de","@id":"https:\/\/hotel-lagorai.com\/de\/#\/schema\/logo\/image\/","url":"https:\/\/hotel-lagorai.com\/wp-content\/uploads\/2024\/04\/toplogo.png","contentUrl":"https:\/\/hotel-lagorai.com\/wp-content\/uploads\/2024\/04\/toplogo.png","width":220,"height":90,"caption":"Hotel Lagorai - Panoramic Resort - Cavalese - Trentino - Italy"},"image":{"@id":"https:\/\/hotel-lagorai.com\/de\/#\/schema\/logo\/image\/"},"sameAs":["https:\/\/www.facebook.com\/pages\/Hotel-Lagorai-Resort-Spa\/116929181672933","https:\/\/www.instagram.com\/lagoraipanoramicresort\/?hl=it","https:\/\/www.youtube.com\/channel\/UCbWMDsy3XeBQ0dk5DqPK5Uw\/"]}]}},"_links":{"self":[{"href":"https:\/\/hotel-lagorai.com\/de\/wp-json\/wp\/v2\/pages\/722","targetHints":{"allow":["GET"]}}],"collection":[{"href":"https:\/\/hotel-lagorai.com\/de\/wp-json\/wp\/v2\/pages"}],"about":[{"href":"https:\/\/hotel-lagorai.com\/de\/wp-json\/wp\/v2\/types\/page"}],"author":[{"embeddable":true,"href":"https:\/\/hotel-lagorai.com\/de\/wp-json\/wp\/v2\/users\/1"}],"replies":[{"embeddable":true,"href":"https:\/\/hotel-lagorai.com\/de\/wp-json\/wp\/v2\/comments?post=722"}],"version-history":[{"count":3,"href":"https:\/\/hotel-lagorai.com\/de\/wp-json\/wp\/v2\/pages\/722\/revisions"}],"predecessor-version":[{"id":725,"href":"https:\/\/hotel-lagorai.com\/de\/wp-json\/wp\/v2\/pages\/722\/revisions\/725"}],"wp:featuredmedia":[{"embeddable":true,"href":"https:\/\/hotel-lagorai.com\/de\/wp-json\/wp\/v2\/media\/545"}],"wp:attachment":[{"href":"https:\/\/hotel-lagorai.com\/de\/wp-json\/wp\/v2\/media?parent=722"}],"curies":[{"name":"wp","href":"https:\/\/api.w.org\/{rel}","templated":true}]}}