{"id":732,"date":"2024-04-09T07:33:56","date_gmt":"2024-04-09T05:33:56","guid":{"rendered":"https:\/\/hotel-lagorai.com\/day-spa\/"},"modified":"2025-10-06T21:36:16","modified_gmt":"2025-10-06T19:36:16","slug":"day-spa-hotel-lagorai","status":"publish","type":"page","link":"https:\/\/hotel-lagorai.com\/de\/day-spa-hotel-lagorai\/","title":{"rendered":"Day SPA"},"content":{"rendered":"\n<h4 class=\"wp-block-heading has-text-align-center\">Haben Sie Lust, einen ganz besonderen Tag zu verbringen,<br>aber keine Zeit, um zu \u00fcbernachten?<\/h4>\n\n\n\n<p class=\"has-text-align-center\">Auch wenn Sie nicht im Hotel wohnen, haben Sie die M\u00f6glichkeit, das Wellness-Zentrum mit allen unsere Leistungen zu nutzen.<br>Ein Tag totaler Entspannung, verw\u00f6hnt von den fachkundigen H\u00e4nden unserer Kosmetikerinnen, die Sie aufs Beste beraten werden.<\/p>\n\n\n\n<p class=\"has-text-align-center\">Der Eintritt zum Wellness-Zentrum beinhaltet unser SPA Kit mit Handtuch und Bademantel.<\/p>\n","protected":false},"excerpt":{"rendered":"<p>Haben Sie Lust, einen ganz besonderen Tag zu verbringen,aber keine Zeit, um zu \u00fcbernachten? Auch wenn Sie nicht im Hotel wohnen, haben Sie die M\u00f6glichkeit, das Wellness-Zentrum mit allen unsere Leistungen zu nutzen.Ein Tag totaler Entspannung, verw\u00f6hnt von den fachkundigen H\u00e4nden unserer Kosmetikerinnen, die Sie aufs Beste beraten werden. Der Eintritt zum Wellness-Zentrum beinhaltet unser<a href=\"https:\/\/hotel-lagorai.com\/de\/day-spa-hotel-lagorai\/\">Continue reading <span class=\"sr-only\">&#8222;Day SPA&#8220;<\/span><\/a><\/p>\n","protected":false},"author":1,"featured_media":552,"parent":0,"menu_order":0,"comment_status":"closed","ping_status":"closed","template":"","meta":{"_acf_changed":false,"footnotes":""},"class_list":["post-732","page","type-page","status-publish","has-post-thumbnail","hentry"],"acf":[],"yoast_head":"<!-- This site is optimized with the Yoast SEO plugin v25.8 - https:\/\/yoast.com\/wordpress\/plugins\/seo\/ -->\n<title>Day SPA - Hotel Lagorai - Panoramic Resort - Cavalese - Trentino - Italy<\/title>\n<meta name=\"robots\" content=\"index, follow, max-snippet:-1, max-image-preview:large, max-video-preview:-1\" \/>\n<link rel=\"canonical\" href=\"https:\/\/hotel-lagorai.com\/de\/day-spa-hotel-lagorai\/\" \/>\n<meta property=\"og:locale\" content=\"de_DE\" \/>\n<meta property=\"og:type\" content=\"article\" \/>\n<meta property=\"og:title\" content=\"Day SPA - Hotel Lagorai - Panoramic Resort - Cavalese - Trentino - Italy\" \/>\n<meta property=\"og:description\" content=\"Haben Sie Lust, einen ganz besonderen Tag zu verbringen,aber keine Zeit, um zu \u00fcbernachten? Auch wenn Sie nicht im Hotel wohnen, haben Sie die M\u00f6glichkeit, das Wellness-Zentrum mit allen unsere Leistungen zu nutzen.Ein Tag totaler Entspannung, verw\u00f6hnt von den fachkundigen H\u00e4nden unserer Kosmetikerinnen, die Sie aufs Beste beraten werden. Der Eintritt zum Wellness-Zentrum beinhaltet unserContinue reading &quot;Day SPA&quot;\" \/>\n<meta property=\"og:url\" content=\"https:\/\/hotel-lagorai.com\/de\/day-spa-hotel-lagorai\/\" \/>\n<meta property=\"og:site_name\" content=\"Hotel Lagorai - Panoramic Resort - Cavalese - Trentino - Italy\" \/>\n<meta property=\"article:publisher\" content=\"https:\/\/www.facebook.com\/pages\/Hotel-Lagorai-Resort-Spa\/116929181672933\" \/>\n<meta property=\"article:modified_time\" content=\"2025-10-06T19:36:16+00:00\" \/>\n<meta property=\"og:image\" content=\"https:\/\/hotel-lagorai.com\/wp-content\/uploads\/2024\/05\/CCFA2230AEA0460684152B333C85A2C1-testata.jpg\" \/>\n\t<meta property=\"og:image:width\" content=\"2000\" \/>\n\t<meta property=\"og:image:height\" content=\"530\" \/>\n\t<meta property=\"og:image:type\" content=\"image\/jpeg\" \/>\n<meta name=\"twitter:card\" content=\"summary_large_image\" \/>\n<meta name=\"twitter:label1\" content=\"Gesch\u00e4tzte Lesezeit\" \/>\n\t<meta name=\"twitter:data1\" content=\"1\u00a0Minute\" \/>\n<script type=\"application\/ld+json\" class=\"yoast-schema-graph\">{\"@context\":\"https:\/\/schema.org\",\"@graph\":[{\"@type\":\"WebPage\",\"@id\":\"https:\/\/hotel-lagorai.com\/de\/day-spa-hotel-lagorai\/\",\"url\":\"https:\/\/hotel-lagorai.com\/de\/day-spa-hotel-lagorai\/\",\"name\":\"Day SPA - Hotel Lagorai - Panoramic Resort - Cavalese - Trentino - Italy\",\"isPartOf\":{\"@id\":\"https:\/\/hotel-lagorai.com\/de\/#website\"},\"primaryImageOfPage\":{\"@id\":\"https:\/\/hotel-lagorai.com\/de\/day-spa-hotel-lagorai\/#primaryimage\"},\"image\":{\"@id\":\"https:\/\/hotel-lagorai.com\/de\/day-spa-hotel-lagorai\/#primaryimage\"},\"thumbnailUrl\":\"https:\/\/hotel-lagorai.com\/wp-content\/uploads\/2024\/05\/CCFA2230AEA0460684152B333C85A2C1-testata.jpg\",\"datePublished\":\"2024-04-09T05:33:56+00:00\",\"dateModified\":\"2025-10-06T19:36:16+00:00\",\"breadcrumb\":{\"@id\":\"https:\/\/hotel-lagorai.com\/de\/day-spa-hotel-lagorai\/#breadcrumb\"},\"inLanguage\":\"de\",\"potentialAction\":[{\"@type\":\"ReadAction\",\"target\":[\"https:\/\/hotel-lagorai.com\/de\/day-spa-hotel-lagorai\/\"]}]},{\"@type\":\"ImageObject\",\"inLanguage\":\"de\",\"@id\":\"https:\/\/hotel-lagorai.com\/de\/day-spa-hotel-lagorai\/#primaryimage\",\"url\":\"https:\/\/hotel-lagorai.com\/wp-content\/uploads\/2024\/05\/CCFA2230AEA0460684152B333C85A2C1-testata.jpg\",\"contentUrl\":\"https:\/\/hotel-lagorai.com\/wp-content\/uploads\/2024\/05\/CCFA2230AEA0460684152B333C85A2C1-testata.jpg\",\"width\":2000,\"height\":530},{\"@type\":\"BreadcrumbList\",\"@id\":\"https:\/\/hotel-lagorai.com\/de\/day-spa-hotel-lagorai\/#breadcrumb\",\"itemListElement\":[{\"@type\":\"ListItem\",\"position\":1,\"name\":\"Home\",\"item\":\"https:\/\/hotel-lagorai.com\/de\/\"},{\"@type\":\"ListItem\",\"position\":2,\"name\":\"Day SPA\"}]},{\"@type\":\"WebSite\",\"@id\":\"https:\/\/hotel-lagorai.com\/de\/#website\",\"url\":\"https:\/\/hotel-lagorai.com\/de\/\",\"name\":\"Hotel Lagorai - Panoramic Resort - Cavalese - Trentino - Italy\",\"description\":\"\",\"publisher\":{\"@id\":\"https:\/\/hotel-lagorai.com\/de\/#organization\"},\"potentialAction\":[{\"@type\":\"SearchAction\",\"target\":{\"@type\":\"EntryPoint\",\"urlTemplate\":\"https:\/\/hotel-lagorai.com\/de\/?s={search_term_string}\"},\"query-input\":{\"@type\":\"PropertyValueSpecification\",\"valueRequired\":true,\"valueName\":\"search_term_string\"}}],\"inLanguage\":\"de\"},{\"@type\":\"Organization\",\"@id\":\"https:\/\/hotel-lagorai.com\/de\/#organization\",\"name\":\"Hotel Lagorai - Panoramic Resort - Cavalese - Trentino - Italy\",\"url\":\"https:\/\/hotel-lagorai.com\/de\/\",\"logo\":{\"@type\":\"ImageObject\",\"inLanguage\":\"de\",\"@id\":\"https:\/\/hotel-lagorai.com\/de\/#\/schema\/logo\/image\/\",\"url\":\"https:\/\/hotel-lagorai.com\/wp-content\/uploads\/2024\/04\/toplogo.png\",\"contentUrl\":\"https:\/\/hotel-lagorai.com\/wp-content\/uploads\/2024\/04\/toplogo.png\",\"width\":220,\"height\":90,\"caption\":\"Hotel Lagorai - Panoramic Resort - Cavalese - Trentino - Italy\"},\"image\":{\"@id\":\"https:\/\/hotel-lagorai.com\/de\/#\/schema\/logo\/image\/\"},\"sameAs\":[\"https:\/\/www.facebook.com\/pages\/Hotel-Lagorai-Resort-Spa\/116929181672933\",\"https:\/\/www.instagram.com\/lagoraipanoramicresort\/?hl=it\",\"https:\/\/www.youtube.com\/channel\/UCbWMDsy3XeBQ0dk5DqPK5Uw\/\"]}]}<\/script>\n<!-- \/ Yoast SEO plugin. -->","yoast_head_json":{"title":"Day SPA - Hotel Lagorai - Panoramic Resort - Cavalese - Trentino - Italy","robots":{"index":"index","follow":"follow","max-snippet":"max-snippet:-1","max-image-preview":"max-image-preview:large","max-video-preview":"max-video-preview:-1"},"canonical":"https:\/\/hotel-lagorai.com\/de\/day-spa-hotel-lagorai\/","og_locale":"de_DE","og_type":"article","og_title":"Day SPA - Hotel Lagorai - Panoramic Resort - Cavalese - Trentino - Italy","og_description":"Haben Sie Lust, einen ganz besonderen Tag zu verbringen,aber keine Zeit, um zu \u00fcbernachten? Auch wenn Sie nicht im Hotel wohnen, haben Sie die M\u00f6glichkeit, das Wellness-Zentrum mit allen unsere Leistungen zu nutzen.Ein Tag totaler Entspannung, verw\u00f6hnt von den fachkundigen H\u00e4nden unserer Kosmetikerinnen, die Sie aufs Beste beraten werden. Der Eintritt zum Wellness-Zentrum beinhaltet unserContinue reading \"Day SPA\"","og_url":"https:\/\/hotel-lagorai.com\/de\/day-spa-hotel-lagorai\/","og_site_name":"Hotel Lagorai - Panoramic Resort - Cavalese - Trentino - Italy","article_publisher":"https:\/\/www.facebook.com\/pages\/Hotel-Lagorai-Resort-Spa\/116929181672933","article_modified_time":"2025-10-06T19:36:16+00:00","og_image":[{"width":2000,"height":530,"url":"https:\/\/hotel-lagorai.com\/wp-content\/uploads\/2024\/05\/CCFA2230AEA0460684152B333C85A2C1-testata.jpg","type":"image\/jpeg"}],"twitter_card":"summary_large_image","twitter_misc":{"Gesch\u00e4tzte Lesezeit":"1\u00a0Minute"},"schema":{"@context":"https:\/\/schema.org","@graph":[{"@type":"WebPage","@id":"https:\/\/hotel-lagorai.com\/de\/day-spa-hotel-lagorai\/","url":"https:\/\/hotel-lagorai.com\/de\/day-spa-hotel-lagorai\/","name":"Day SPA - Hotel Lagorai - Panoramic Resort - Cavalese - Trentino - Italy","isPartOf":{"@id":"https:\/\/hotel-lagorai.com\/de\/#website"},"primaryImageOfPage":{"@id":"https:\/\/hotel-lagorai.com\/de\/day-spa-hotel-lagorai\/#primaryimage"},"image":{"@id":"https:\/\/hotel-lagorai.com\/de\/day-spa-hotel-lagorai\/#primaryimage"},"thumbnailUrl":"https:\/\/hotel-lagorai.com\/wp-content\/uploads\/2024\/05\/CCFA2230AEA0460684152B333C85A2C1-testata.jpg","datePublished":"2024-04-09T05:33:56+00:00","dateModified":"2025-10-06T19:36:16+00:00","breadcrumb":{"@id":"https:\/\/hotel-lagorai.com\/de\/day-spa-hotel-lagorai\/#breadcrumb"},"inLanguage":"de","potentialAction":[{"@type":"ReadAction","target":["https:\/\/hotel-lagorai.com\/de\/day-spa-hotel-lagorai\/"]}]},{"@type":"ImageObject","inLanguage":"de","@id":"https:\/\/hotel-lagorai.com\/de\/day-spa-hotel-lagorai\/#primaryimage","url":"https:\/\/hotel-lagorai.com\/wp-content\/uploads\/2024\/05\/CCFA2230AEA0460684152B333C85A2C1-testata.jpg","contentUrl":"https:\/\/hotel-lagorai.com\/wp-content\/uploads\/2024\/05\/CCFA2230AEA0460684152B333C85A2C1-testata.jpg","width":2000,"height":530},{"@type":"BreadcrumbList","@id":"https:\/\/hotel-lagorai.com\/de\/day-spa-hotel-lagorai\/#breadcrumb","itemListElement":[{"@type":"ListItem","position":1,"name":"Home","item":"https:\/\/hotel-lagorai.com\/de\/"},{"@type":"ListItem","position":2,"name":"Day SPA"}]},{"@type":"WebSite","@id":"https:\/\/hotel-lagorai.com\/de\/#website","url":"https:\/\/hotel-lagorai.com\/de\/","name":"Hotel Lagorai - Panoramic Resort - Cavalese - Trentino - Italy","description":"","publisher":{"@id":"https:\/\/hotel-lagorai.com\/de\/#organization"},"potentialAction":[{"@type":"SearchAction","target":{"@type":"EntryPoint","urlTemplate":"https:\/\/hotel-lagorai.com\/de\/?s={search_term_string}"},"query-input":{"@type":"PropertyValueSpecification","valueRequired":true,"valueName":"search_term_string"}}],"inLanguage":"de"},{"@type":"Organization","@id":"https:\/\/hotel-lagorai.com\/de\/#organization","name":"Hotel Lagorai - Panoramic Resort - Cavalese - Trentino - Italy","url":"https:\/\/hotel-lagorai.com\/de\/","logo":{"@type":"ImageObject","inLanguage":"de","@id":"https:\/\/hotel-lagorai.com\/de\/#\/schema\/logo\/image\/","url":"https:\/\/hotel-lagorai.com\/wp-content\/uploads\/2024\/04\/toplogo.png","contentUrl":"https:\/\/hotel-lagorai.com\/wp-content\/uploads\/2024\/04\/toplogo.png","width":220,"height":90,"caption":"Hotel Lagorai - Panoramic Resort - Cavalese - Trentino - Italy"},"image":{"@id":"https:\/\/hotel-lagorai.com\/de\/#\/schema\/logo\/image\/"},"sameAs":["https:\/\/www.facebook.com\/pages\/Hotel-Lagorai-Resort-Spa\/116929181672933","https:\/\/www.instagram.com\/lagoraipanoramicresort\/?hl=it","https:\/\/www.youtube.com\/channel\/UCbWMDsy3XeBQ0dk5DqPK5Uw\/"]}]}},"_links":{"self":[{"href":"https:\/\/hotel-lagorai.com\/de\/wp-json\/wp\/v2\/pages\/732","targetHints":{"allow":["GET"]}}],"collection":[{"href":"https:\/\/hotel-lagorai.com\/de\/wp-json\/wp\/v2\/pages"}],"about":[{"href":"https:\/\/hotel-lagorai.com\/de\/wp-json\/wp\/v2\/types\/page"}],"author":[{"embeddable":true,"href":"https:\/\/hotel-lagorai.com\/de\/wp-json\/wp\/v2\/users\/1"}],"replies":[{"embeddable":true,"href":"https:\/\/hotel-lagorai.com\/de\/wp-json\/wp\/v2\/comments?post=732"}],"version-history":[{"count":4,"href":"https:\/\/hotel-lagorai.com\/de\/wp-json\/wp\/v2\/pages\/732\/revisions"}],"predecessor-version":[{"id":4720,"href":"https:\/\/hotel-lagorai.com\/de\/wp-json\/wp\/v2\/pages\/732\/revisions\/4720"}],"wp:featuredmedia":[{"embeddable":true,"href":"https:\/\/hotel-lagorai.com\/de\/wp-json\/wp\/v2\/media\/552"}],"wp:attachment":[{"href":"https:\/\/hotel-lagorai.com\/de\/wp-json\/wp\/v2\/media?parent=732"}],"curies":[{"name":"wp","href":"https:\/\/api.w.org\/{rel}","templated":true}]}}