{"id":736,"date":"2024-04-09T07:34:18","date_gmt":"2024-04-09T05:34:18","guid":{"rendered":"https:\/\/hotel-lagorai.com\/panoramagaerten\/"},"modified":"2024-06-01T11:30:40","modified_gmt":"2024-06-01T09:30:40","slug":"panoramagaerten-fleimstal","status":"publish","type":"page","link":"https:\/\/hotel-lagorai.com\/de\/panoramagaerten-fleimstal\/","title":{"rendered":"Panoramag\u00e4rten"},"content":{"rendered":"\n<h4 class=\"wp-block-heading has-text-align-center\">Ein verzauberter Ort, wo die Natur und die Landschaft den Ton angeben&#8230;<\/h4>\n\n<p class=\"has-text-align-center\">Jenseits des Poolbereichs und der Saunawelt erstreckt sich unser herrlicher Terrassengarten.<\/p>\n\n<p class=\"has-text-align-center\">Seine gro\u00dfartige Sonnenexposition bietet einen au\u00dfergew\u00f6hnlichen Blick auf die Gipfel des Lagorai,<br\/>die Pale di San Martino und die Brentadolomiten.<\/p>\n\n<p class=\"has-text-align-center\">Die \u00fcppige F\u00fclle seiner Farben und die reichhaltigen D\u00fcfte der Alpenblumen werden<br\/>Diese unvergesslichen Momente werden Sie sicherlich als bleibendes Erlebnis in Ihrem Herzen bewahren!<\/p>\n","protected":false},"excerpt":{"rendered":"<p>Ein verzauberter Ort, wo die Natur und die Landschaft den Ton angeben&#8230; Jenseits des Poolbereichs und der Saunawelt erstreckt sich unser herrlicher Terrassengarten. Seine gro\u00dfartige Sonnenexposition bietet einen au\u00dfergew\u00f6hnlichen Blick auf die Gipfel des Lagorai,die Pale di San Martino und die Brentadolomiten. Die \u00fcppige F\u00fclle seiner Farben und die reichhaltigen D\u00fcfte der Alpenblumen werdenDiese unvergesslichen<a href=\"https:\/\/hotel-lagorai.com\/de\/panoramagaerten-fleimstal\/\">Continue reading <span class=\"sr-only\">&#8222;Panoramag\u00e4rten&#8220;<\/span><\/a><\/p>\n","protected":false},"author":1,"featured_media":556,"parent":0,"menu_order":0,"comment_status":"closed","ping_status":"closed","template":"","meta":{"_acf_changed":false,"footnotes":""},"class_list":["post-736","page","type-page","status-publish","has-post-thumbnail","hentry"],"acf":[],"yoast_head":"<!-- This site is optimized with the Yoast SEO plugin v25.8 - https:\/\/yoast.com\/wordpress\/plugins\/seo\/ -->\n<title>Panoramag\u00e4rten - Hotel Lagorai - Panoramic Resort - Cavalese - Trentino - Italy<\/title>\n<meta name=\"robots\" content=\"index, follow, max-snippet:-1, max-image-preview:large, max-video-preview:-1\" \/>\n<link rel=\"canonical\" href=\"https:\/\/hotel-lagorai.com\/de\/panoramagaerten-fleimstal\/\" \/>\n<meta property=\"og:locale\" content=\"de_DE\" \/>\n<meta property=\"og:type\" content=\"article\" \/>\n<meta property=\"og:title\" content=\"Panoramag\u00e4rten - Hotel Lagorai - Panoramic Resort - Cavalese - Trentino - Italy\" \/>\n<meta property=\"og:description\" content=\"Ein verzauberter Ort, wo die Natur und die Landschaft den Ton angeben&#8230; Jenseits des Poolbereichs und der Saunawelt erstreckt sich unser herrlicher Terrassengarten. Seine gro\u00dfartige Sonnenexposition bietet einen au\u00dfergew\u00f6hnlichen Blick auf die Gipfel des Lagorai,die Pale di San Martino und die Brentadolomiten. Die \u00fcppige F\u00fclle seiner Farben und die reichhaltigen D\u00fcfte der Alpenblumen werdenDiese unvergesslichenContinue reading &quot;Panoramag\u00e4rten&quot;\" \/>\n<meta property=\"og:url\" content=\"https:\/\/hotel-lagorai.com\/de\/panoramagaerten-fleimstal\/\" \/>\n<meta property=\"og:site_name\" content=\"Hotel Lagorai - Panoramic Resort - Cavalese - Trentino - Italy\" \/>\n<meta property=\"article:publisher\" content=\"https:\/\/www.facebook.com\/pages\/Hotel-Lagorai-Resort-Spa\/116929181672933\" \/>\n<meta property=\"article:modified_time\" content=\"2024-06-01T09:30:40+00:00\" \/>\n<meta property=\"og:image\" content=\"https:\/\/hotel-lagorai.com\/wp-content\/uploads\/2024\/05\/11EBE9124E8F457E84318DFD4A532A35-testata.jpg\" \/>\n\t<meta property=\"og:image:width\" content=\"2000\" \/>\n\t<meta property=\"og:image:height\" content=\"530\" \/>\n\t<meta property=\"og:image:type\" content=\"image\/jpeg\" \/>\n<meta name=\"twitter:card\" content=\"summary_large_image\" \/>\n<script type=\"application\/ld+json\" class=\"yoast-schema-graph\">{\"@context\":\"https:\/\/schema.org\",\"@graph\":[{\"@type\":\"WebPage\",\"@id\":\"https:\/\/hotel-lagorai.com\/de\/panoramagaerten-fleimstal\/\",\"url\":\"https:\/\/hotel-lagorai.com\/de\/panoramagaerten-fleimstal\/\",\"name\":\"Panoramag\u00e4rten - Hotel Lagorai - Panoramic Resort - Cavalese - Trentino - Italy\",\"isPartOf\":{\"@id\":\"https:\/\/hotel-lagorai.com\/de\/#website\"},\"primaryImageOfPage\":{\"@id\":\"https:\/\/hotel-lagorai.com\/de\/panoramagaerten-fleimstal\/#primaryimage\"},\"image\":{\"@id\":\"https:\/\/hotel-lagorai.com\/de\/panoramagaerten-fleimstal\/#primaryimage\"},\"thumbnailUrl\":\"https:\/\/hotel-lagorai.com\/wp-content\/uploads\/2024\/05\/11EBE9124E8F457E84318DFD4A532A35-testata.jpg\",\"datePublished\":\"2024-04-09T05:34:18+00:00\",\"dateModified\":\"2024-06-01T09:30:40+00:00\",\"breadcrumb\":{\"@id\":\"https:\/\/hotel-lagorai.com\/de\/panoramagaerten-fleimstal\/#breadcrumb\"},\"inLanguage\":\"de\",\"potentialAction\":[{\"@type\":\"ReadAction\",\"target\":[\"https:\/\/hotel-lagorai.com\/de\/panoramagaerten-fleimstal\/\"]}]},{\"@type\":\"ImageObject\",\"inLanguage\":\"de\",\"@id\":\"https:\/\/hotel-lagorai.com\/de\/panoramagaerten-fleimstal\/#primaryimage\",\"url\":\"https:\/\/hotel-lagorai.com\/wp-content\/uploads\/2024\/05\/11EBE9124E8F457E84318DFD4A532A35-testata.jpg\",\"contentUrl\":\"https:\/\/hotel-lagorai.com\/wp-content\/uploads\/2024\/05\/11EBE9124E8F457E84318DFD4A532A35-testata.jpg\",\"width\":2000,\"height\":530},{\"@type\":\"BreadcrumbList\",\"@id\":\"https:\/\/hotel-lagorai.com\/de\/panoramagaerten-fleimstal\/#breadcrumb\",\"itemListElement\":[{\"@type\":\"ListItem\",\"position\":1,\"name\":\"Home\",\"item\":\"https:\/\/hotel-lagorai.com\/de\/\"},{\"@type\":\"ListItem\",\"position\":2,\"name\":\"Panoramag\u00e4rten\"}]},{\"@type\":\"WebSite\",\"@id\":\"https:\/\/hotel-lagorai.com\/de\/#website\",\"url\":\"https:\/\/hotel-lagorai.com\/de\/\",\"name\":\"Hotel Lagorai - Panoramic Resort - Cavalese - Trentino - Italy\",\"description\":\"\",\"publisher\":{\"@id\":\"https:\/\/hotel-lagorai.com\/de\/#organization\"},\"potentialAction\":[{\"@type\":\"SearchAction\",\"target\":{\"@type\":\"EntryPoint\",\"urlTemplate\":\"https:\/\/hotel-lagorai.com\/de\/?s={search_term_string}\"},\"query-input\":{\"@type\":\"PropertyValueSpecification\",\"valueRequired\":true,\"valueName\":\"search_term_string\"}}],\"inLanguage\":\"de\"},{\"@type\":\"Organization\",\"@id\":\"https:\/\/hotel-lagorai.com\/de\/#organization\",\"name\":\"Hotel Lagorai - Panoramic Resort - Cavalese - Trentino - Italy\",\"url\":\"https:\/\/hotel-lagorai.com\/de\/\",\"logo\":{\"@type\":\"ImageObject\",\"inLanguage\":\"de\",\"@id\":\"https:\/\/hotel-lagorai.com\/de\/#\/schema\/logo\/image\/\",\"url\":\"https:\/\/hotel-lagorai.com\/wp-content\/uploads\/2024\/04\/toplogo.png\",\"contentUrl\":\"https:\/\/hotel-lagorai.com\/wp-content\/uploads\/2024\/04\/toplogo.png\",\"width\":220,\"height\":90,\"caption\":\"Hotel Lagorai - Panoramic Resort - Cavalese - Trentino - Italy\"},\"image\":{\"@id\":\"https:\/\/hotel-lagorai.com\/de\/#\/schema\/logo\/image\/\"},\"sameAs\":[\"https:\/\/www.facebook.com\/pages\/Hotel-Lagorai-Resort-Spa\/116929181672933\",\"https:\/\/www.instagram.com\/lagoraipanoramicresort\/?hl=it\",\"https:\/\/www.youtube.com\/channel\/UCbWMDsy3XeBQ0dk5DqPK5Uw\/\"]}]}<\/script>\n<!-- \/ Yoast SEO plugin. -->","yoast_head_json":{"title":"Panoramag\u00e4rten - Hotel Lagorai - Panoramic Resort - Cavalese - Trentino - Italy","robots":{"index":"index","follow":"follow","max-snippet":"max-snippet:-1","max-image-preview":"max-image-preview:large","max-video-preview":"max-video-preview:-1"},"canonical":"https:\/\/hotel-lagorai.com\/de\/panoramagaerten-fleimstal\/","og_locale":"de_DE","og_type":"article","og_title":"Panoramag\u00e4rten - Hotel Lagorai - Panoramic Resort - Cavalese - Trentino - Italy","og_description":"Ein verzauberter Ort, wo die Natur und die Landschaft den Ton angeben&#8230; Jenseits des Poolbereichs und der Saunawelt erstreckt sich unser herrlicher Terrassengarten. Seine gro\u00dfartige Sonnenexposition bietet einen au\u00dfergew\u00f6hnlichen Blick auf die Gipfel des Lagorai,die Pale di San Martino und die Brentadolomiten. Die \u00fcppige F\u00fclle seiner Farben und die reichhaltigen D\u00fcfte der Alpenblumen werdenDiese unvergesslichenContinue reading \"Panoramag\u00e4rten\"","og_url":"https:\/\/hotel-lagorai.com\/de\/panoramagaerten-fleimstal\/","og_site_name":"Hotel Lagorai - Panoramic Resort - Cavalese - Trentino - Italy","article_publisher":"https:\/\/www.facebook.com\/pages\/Hotel-Lagorai-Resort-Spa\/116929181672933","article_modified_time":"2024-06-01T09:30:40+00:00","og_image":[{"width":2000,"height":530,"url":"https:\/\/hotel-lagorai.com\/wp-content\/uploads\/2024\/05\/11EBE9124E8F457E84318DFD4A532A35-testata.jpg","type":"image\/jpeg"}],"twitter_card":"summary_large_image","schema":{"@context":"https:\/\/schema.org","@graph":[{"@type":"WebPage","@id":"https:\/\/hotel-lagorai.com\/de\/panoramagaerten-fleimstal\/","url":"https:\/\/hotel-lagorai.com\/de\/panoramagaerten-fleimstal\/","name":"Panoramag\u00e4rten - Hotel Lagorai - Panoramic Resort - Cavalese - Trentino - Italy","isPartOf":{"@id":"https:\/\/hotel-lagorai.com\/de\/#website"},"primaryImageOfPage":{"@id":"https:\/\/hotel-lagorai.com\/de\/panoramagaerten-fleimstal\/#primaryimage"},"image":{"@id":"https:\/\/hotel-lagorai.com\/de\/panoramagaerten-fleimstal\/#primaryimage"},"thumbnailUrl":"https:\/\/hotel-lagorai.com\/wp-content\/uploads\/2024\/05\/11EBE9124E8F457E84318DFD4A532A35-testata.jpg","datePublished":"2024-04-09T05:34:18+00:00","dateModified":"2024-06-01T09:30:40+00:00","breadcrumb":{"@id":"https:\/\/hotel-lagorai.com\/de\/panoramagaerten-fleimstal\/#breadcrumb"},"inLanguage":"de","potentialAction":[{"@type":"ReadAction","target":["https:\/\/hotel-lagorai.com\/de\/panoramagaerten-fleimstal\/"]}]},{"@type":"ImageObject","inLanguage":"de","@id":"https:\/\/hotel-lagorai.com\/de\/panoramagaerten-fleimstal\/#primaryimage","url":"https:\/\/hotel-lagorai.com\/wp-content\/uploads\/2024\/05\/11EBE9124E8F457E84318DFD4A532A35-testata.jpg","contentUrl":"https:\/\/hotel-lagorai.com\/wp-content\/uploads\/2024\/05\/11EBE9124E8F457E84318DFD4A532A35-testata.jpg","width":2000,"height":530},{"@type":"BreadcrumbList","@id":"https:\/\/hotel-lagorai.com\/de\/panoramagaerten-fleimstal\/#breadcrumb","itemListElement":[{"@type":"ListItem","position":1,"name":"Home","item":"https:\/\/hotel-lagorai.com\/de\/"},{"@type":"ListItem","position":2,"name":"Panoramag\u00e4rten"}]},{"@type":"WebSite","@id":"https:\/\/hotel-lagorai.com\/de\/#website","url":"https:\/\/hotel-lagorai.com\/de\/","name":"Hotel Lagorai - Panoramic Resort - Cavalese - Trentino - Italy","description":"","publisher":{"@id":"https:\/\/hotel-lagorai.com\/de\/#organization"},"potentialAction":[{"@type":"SearchAction","target":{"@type":"EntryPoint","urlTemplate":"https:\/\/hotel-lagorai.com\/de\/?s={search_term_string}"},"query-input":{"@type":"PropertyValueSpecification","valueRequired":true,"valueName":"search_term_string"}}],"inLanguage":"de"},{"@type":"Organization","@id":"https:\/\/hotel-lagorai.com\/de\/#organization","name":"Hotel Lagorai - Panoramic Resort - Cavalese - Trentino - Italy","url":"https:\/\/hotel-lagorai.com\/de\/","logo":{"@type":"ImageObject","inLanguage":"de","@id":"https:\/\/hotel-lagorai.com\/de\/#\/schema\/logo\/image\/","url":"https:\/\/hotel-lagorai.com\/wp-content\/uploads\/2024\/04\/toplogo.png","contentUrl":"https:\/\/hotel-lagorai.com\/wp-content\/uploads\/2024\/04\/toplogo.png","width":220,"height":90,"caption":"Hotel Lagorai - Panoramic Resort - Cavalese - Trentino - Italy"},"image":{"@id":"https:\/\/hotel-lagorai.com\/de\/#\/schema\/logo\/image\/"},"sameAs":["https:\/\/www.facebook.com\/pages\/Hotel-Lagorai-Resort-Spa\/116929181672933","https:\/\/www.instagram.com\/lagoraipanoramicresort\/?hl=it","https:\/\/www.youtube.com\/channel\/UCbWMDsy3XeBQ0dk5DqPK5Uw\/"]}]}},"_links":{"self":[{"href":"https:\/\/hotel-lagorai.com\/de\/wp-json\/wp\/v2\/pages\/736","targetHints":{"allow":["GET"]}}],"collection":[{"href":"https:\/\/hotel-lagorai.com\/de\/wp-json\/wp\/v2\/pages"}],"about":[{"href":"https:\/\/hotel-lagorai.com\/de\/wp-json\/wp\/v2\/types\/page"}],"author":[{"embeddable":true,"href":"https:\/\/hotel-lagorai.com\/de\/wp-json\/wp\/v2\/users\/1"}],"replies":[{"embeddable":true,"href":"https:\/\/hotel-lagorai.com\/de\/wp-json\/wp\/v2\/comments?post=736"}],"version-history":[{"count":3,"href":"https:\/\/hotel-lagorai.com\/de\/wp-json\/wp\/v2\/pages\/736\/revisions"}],"predecessor-version":[{"id":739,"href":"https:\/\/hotel-lagorai.com\/de\/wp-json\/wp\/v2\/pages\/736\/revisions\/739"}],"wp:featuredmedia":[{"embeddable":true,"href":"https:\/\/hotel-lagorai.com\/de\/wp-json\/wp\/v2\/media\/556"}],"wp:attachment":[{"href":"https:\/\/hotel-lagorai.com\/de\/wp-json\/wp\/v2\/media?parent=736"}],"curies":[{"name":"wp","href":"https:\/\/api.w.org\/{rel}","templated":true}]}}