{"id":743,"date":"2024-04-09T07:34:40","date_gmt":"2024-04-09T05:34:40","guid":{"rendered":"https:\/\/hotel-lagorai.com\/val-di-fiemme\/"},"modified":"2024-06-01T12:13:44","modified_gmt":"2024-06-01T10:13:44","slug":"fleimstal-dolomiten","status":"publish","type":"page","link":"https:\/\/hotel-lagorai.com\/de\/fleimstal-dolomiten\/","title":{"rendered":"Val di Fiemme"},"content":{"rendered":"\n<h2 class=\"wp-block-heading\">Entdecken Sie dieses liebliche Tal im Herzen des Trentino!<\/h2>\n\n<h4 class=\"wp-block-heading has-text-align-center\">Cavalese, im zauberhaften Gr\u00fcn des Fleimstales eingebettet<\/h4>\n\n<p class=\"has-text-align-center\">Umrahmt von den imposanten Bergmassiven der Dolomiten, die 2009 von der UNESCO<br\/>zum Weltnaturerbe erkl\u00e4rt wurden, erstreckt sich lang und weit das Fleimstal.<br\/>Unter seinen D\u00f6rfern befindet sich Cavalese, das touristische Zentrum des Tals, das auf einer H\u00f6he von 1000 Metern \u00fcber dem Meeresspiegel liegt.<\/p>\n\n<p class=\"has-text-align-center\">Hier befindet sich auch das Panorama-Resort Lagorai, eine Oase f\u00fcr Ihr Wohlbefinden inmitten einer grandiosen Natur von W\u00e4ldern und Weiden<\/p>\n\n<p class=\"has-text-align-center\">Das Fleimstal ist aufgrund seiner zahlreichen Sommer- und Winteraktivit\u00e4ten<br\/>ein beliebtes Ziel f\u00fcr Sportbegeisterte und gleichzeitig eine Oase f\u00fcr Ruhe und Erholung.<\/p>\n\n<p class=\"has-text-align-center\">Die zauberhafte Landschaft, die Sie hier umgibt, zieht jedes Jahr zahlreiche Bergliebhaber an.<\/p>\n","protected":false},"excerpt":{"rendered":"<p>Entdecken Sie dieses liebliche Tal im Herzen des Trentino! Cavalese, im zauberhaften Gr\u00fcn des Fleimstales eingebettet Umrahmt von den imposanten Bergmassiven der Dolomiten, die 2009 von der UNESCOzum Weltnaturerbe erkl\u00e4rt wurden, erstreckt sich lang und weit das Fleimstal.Unter seinen D\u00f6rfern befindet sich Cavalese, das touristische Zentrum des Tals, das auf einer H\u00f6he von 1000 Metern<a href=\"https:\/\/hotel-lagorai.com\/de\/fleimstal-dolomiten\/\">Continue reading <span class=\"sr-only\">&#8222;Val di Fiemme&#8220;<\/span><\/a><\/p>\n","protected":false},"author":1,"featured_media":560,"parent":0,"menu_order":0,"comment_status":"closed","ping_status":"closed","template":"","meta":{"_acf_changed":false,"footnotes":""},"class_list":["post-743","page","type-page","status-publish","has-post-thumbnail","hentry"],"acf":[],"yoast_head":"<!-- This site is optimized with the Yoast SEO plugin v25.8 - https:\/\/yoast.com\/wordpress\/plugins\/seo\/ -->\n<title>Val di Fiemme - Hotel Lagorai - Panoramic Resort - Cavalese - Trentino - Italy<\/title>\n<meta name=\"robots\" content=\"index, follow, max-snippet:-1, max-image-preview:large, max-video-preview:-1\" \/>\n<link rel=\"canonical\" href=\"https:\/\/hotel-lagorai.com\/de\/fleimstal-dolomiten\/\" \/>\n<meta property=\"og:locale\" content=\"de_DE\" \/>\n<meta property=\"og:type\" content=\"article\" \/>\n<meta property=\"og:title\" content=\"Val di Fiemme - Hotel Lagorai - Panoramic Resort - Cavalese - Trentino - Italy\" \/>\n<meta property=\"og:description\" content=\"Entdecken Sie dieses liebliche Tal im Herzen des Trentino! Cavalese, im zauberhaften Gr\u00fcn des Fleimstales eingebettet Umrahmt von den imposanten Bergmassiven der Dolomiten, die 2009 von der UNESCOzum Weltnaturerbe erkl\u00e4rt wurden, erstreckt sich lang und weit das Fleimstal.Unter seinen D\u00f6rfern befindet sich Cavalese, das touristische Zentrum des Tals, das auf einer H\u00f6he von 1000 MeternContinue reading &quot;Val di Fiemme&quot;\" \/>\n<meta property=\"og:url\" content=\"https:\/\/hotel-lagorai.com\/de\/fleimstal-dolomiten\/\" \/>\n<meta property=\"og:site_name\" content=\"Hotel Lagorai - Panoramic Resort - Cavalese - Trentino - Italy\" \/>\n<meta property=\"article:publisher\" content=\"https:\/\/www.facebook.com\/pages\/Hotel-Lagorai-Resort-Spa\/116929181672933\" \/>\n<meta property=\"article:modified_time\" content=\"2024-06-01T10:13:44+00:00\" \/>\n<meta property=\"og:image\" content=\"https:\/\/hotel-lagorai.com\/wp-content\/uploads\/2024\/05\/1143E764994D438BB0406A815B015C39-testata.jpg\" \/>\n\t<meta property=\"og:image:width\" content=\"2000\" \/>\n\t<meta property=\"og:image:height\" content=\"530\" \/>\n\t<meta property=\"og:image:type\" content=\"image\/jpeg\" \/>\n<meta name=\"twitter:card\" content=\"summary_large_image\" \/>\n<meta name=\"twitter:label1\" content=\"Gesch\u00e4tzte Lesezeit\" \/>\n\t<meta name=\"twitter:data1\" content=\"1\u00a0Minute\" \/>\n<script type=\"application\/ld+json\" class=\"yoast-schema-graph\">{\"@context\":\"https:\/\/schema.org\",\"@graph\":[{\"@type\":\"WebPage\",\"@id\":\"https:\/\/hotel-lagorai.com\/de\/fleimstal-dolomiten\/\",\"url\":\"https:\/\/hotel-lagorai.com\/de\/fleimstal-dolomiten\/\",\"name\":\"Val di Fiemme - Hotel Lagorai - Panoramic Resort - Cavalese - Trentino - Italy\",\"isPartOf\":{\"@id\":\"https:\/\/hotel-lagorai.com\/de\/#website\"},\"primaryImageOfPage\":{\"@id\":\"https:\/\/hotel-lagorai.com\/de\/fleimstal-dolomiten\/#primaryimage\"},\"image\":{\"@id\":\"https:\/\/hotel-lagorai.com\/de\/fleimstal-dolomiten\/#primaryimage\"},\"thumbnailUrl\":\"https:\/\/hotel-lagorai.com\/wp-content\/uploads\/2024\/05\/1143E764994D438BB0406A815B015C39-testata.jpg\",\"datePublished\":\"2024-04-09T05:34:40+00:00\",\"dateModified\":\"2024-06-01T10:13:44+00:00\",\"breadcrumb\":{\"@id\":\"https:\/\/hotel-lagorai.com\/de\/fleimstal-dolomiten\/#breadcrumb\"},\"inLanguage\":\"de\",\"potentialAction\":[{\"@type\":\"ReadAction\",\"target\":[\"https:\/\/hotel-lagorai.com\/de\/fleimstal-dolomiten\/\"]}]},{\"@type\":\"ImageObject\",\"inLanguage\":\"de\",\"@id\":\"https:\/\/hotel-lagorai.com\/de\/fleimstal-dolomiten\/#primaryimage\",\"url\":\"https:\/\/hotel-lagorai.com\/wp-content\/uploads\/2024\/05\/1143E764994D438BB0406A815B015C39-testata.jpg\",\"contentUrl\":\"https:\/\/hotel-lagorai.com\/wp-content\/uploads\/2024\/05\/1143E764994D438BB0406A815B015C39-testata.jpg\",\"width\":2000,\"height\":530},{\"@type\":\"BreadcrumbList\",\"@id\":\"https:\/\/hotel-lagorai.com\/de\/fleimstal-dolomiten\/#breadcrumb\",\"itemListElement\":[{\"@type\":\"ListItem\",\"position\":1,\"name\":\"Home\",\"item\":\"https:\/\/hotel-lagorai.com\/de\/\"},{\"@type\":\"ListItem\",\"position\":2,\"name\":\"Val di Fiemme\"}]},{\"@type\":\"WebSite\",\"@id\":\"https:\/\/hotel-lagorai.com\/de\/#website\",\"url\":\"https:\/\/hotel-lagorai.com\/de\/\",\"name\":\"Hotel Lagorai - Panoramic Resort - Cavalese - Trentino - Italy\",\"description\":\"\",\"publisher\":{\"@id\":\"https:\/\/hotel-lagorai.com\/de\/#organization\"},\"potentialAction\":[{\"@type\":\"SearchAction\",\"target\":{\"@type\":\"EntryPoint\",\"urlTemplate\":\"https:\/\/hotel-lagorai.com\/de\/?s={search_term_string}\"},\"query-input\":{\"@type\":\"PropertyValueSpecification\",\"valueRequired\":true,\"valueName\":\"search_term_string\"}}],\"inLanguage\":\"de\"},{\"@type\":\"Organization\",\"@id\":\"https:\/\/hotel-lagorai.com\/de\/#organization\",\"name\":\"Hotel Lagorai - Panoramic Resort - Cavalese - Trentino - Italy\",\"url\":\"https:\/\/hotel-lagorai.com\/de\/\",\"logo\":{\"@type\":\"ImageObject\",\"inLanguage\":\"de\",\"@id\":\"https:\/\/hotel-lagorai.com\/de\/#\/schema\/logo\/image\/\",\"url\":\"https:\/\/hotel-lagorai.com\/wp-content\/uploads\/2024\/04\/toplogo.png\",\"contentUrl\":\"https:\/\/hotel-lagorai.com\/wp-content\/uploads\/2024\/04\/toplogo.png\",\"width\":220,\"height\":90,\"caption\":\"Hotel Lagorai - Panoramic Resort - Cavalese - Trentino - Italy\"},\"image\":{\"@id\":\"https:\/\/hotel-lagorai.com\/de\/#\/schema\/logo\/image\/\"},\"sameAs\":[\"https:\/\/www.facebook.com\/pages\/Hotel-Lagorai-Resort-Spa\/116929181672933\",\"https:\/\/www.instagram.com\/lagoraipanoramicresort\/?hl=it\",\"https:\/\/www.youtube.com\/channel\/UCbWMDsy3XeBQ0dk5DqPK5Uw\/\"]}]}<\/script>\n<!-- \/ Yoast SEO plugin. -->","yoast_head_json":{"title":"Val di Fiemme - Hotel Lagorai - Panoramic Resort - Cavalese - Trentino - Italy","robots":{"index":"index","follow":"follow","max-snippet":"max-snippet:-1","max-image-preview":"max-image-preview:large","max-video-preview":"max-video-preview:-1"},"canonical":"https:\/\/hotel-lagorai.com\/de\/fleimstal-dolomiten\/","og_locale":"de_DE","og_type":"article","og_title":"Val di Fiemme - Hotel Lagorai - Panoramic Resort - Cavalese - Trentino - Italy","og_description":"Entdecken Sie dieses liebliche Tal im Herzen des Trentino! Cavalese, im zauberhaften Gr\u00fcn des Fleimstales eingebettet Umrahmt von den imposanten Bergmassiven der Dolomiten, die 2009 von der UNESCOzum Weltnaturerbe erkl\u00e4rt wurden, erstreckt sich lang und weit das Fleimstal.Unter seinen D\u00f6rfern befindet sich Cavalese, das touristische Zentrum des Tals, das auf einer H\u00f6he von 1000 MeternContinue reading \"Val di Fiemme\"","og_url":"https:\/\/hotel-lagorai.com\/de\/fleimstal-dolomiten\/","og_site_name":"Hotel Lagorai - Panoramic Resort - Cavalese - Trentino - Italy","article_publisher":"https:\/\/www.facebook.com\/pages\/Hotel-Lagorai-Resort-Spa\/116929181672933","article_modified_time":"2024-06-01T10:13:44+00:00","og_image":[{"width":2000,"height":530,"url":"https:\/\/hotel-lagorai.com\/wp-content\/uploads\/2024\/05\/1143E764994D438BB0406A815B015C39-testata.jpg","type":"image\/jpeg"}],"twitter_card":"summary_large_image","twitter_misc":{"Gesch\u00e4tzte Lesezeit":"1\u00a0Minute"},"schema":{"@context":"https:\/\/schema.org","@graph":[{"@type":"WebPage","@id":"https:\/\/hotel-lagorai.com\/de\/fleimstal-dolomiten\/","url":"https:\/\/hotel-lagorai.com\/de\/fleimstal-dolomiten\/","name":"Val di Fiemme - Hotel Lagorai - Panoramic Resort - Cavalese - Trentino - Italy","isPartOf":{"@id":"https:\/\/hotel-lagorai.com\/de\/#website"},"primaryImageOfPage":{"@id":"https:\/\/hotel-lagorai.com\/de\/fleimstal-dolomiten\/#primaryimage"},"image":{"@id":"https:\/\/hotel-lagorai.com\/de\/fleimstal-dolomiten\/#primaryimage"},"thumbnailUrl":"https:\/\/hotel-lagorai.com\/wp-content\/uploads\/2024\/05\/1143E764994D438BB0406A815B015C39-testata.jpg","datePublished":"2024-04-09T05:34:40+00:00","dateModified":"2024-06-01T10:13:44+00:00","breadcrumb":{"@id":"https:\/\/hotel-lagorai.com\/de\/fleimstal-dolomiten\/#breadcrumb"},"inLanguage":"de","potentialAction":[{"@type":"ReadAction","target":["https:\/\/hotel-lagorai.com\/de\/fleimstal-dolomiten\/"]}]},{"@type":"ImageObject","inLanguage":"de","@id":"https:\/\/hotel-lagorai.com\/de\/fleimstal-dolomiten\/#primaryimage","url":"https:\/\/hotel-lagorai.com\/wp-content\/uploads\/2024\/05\/1143E764994D438BB0406A815B015C39-testata.jpg","contentUrl":"https:\/\/hotel-lagorai.com\/wp-content\/uploads\/2024\/05\/1143E764994D438BB0406A815B015C39-testata.jpg","width":2000,"height":530},{"@type":"BreadcrumbList","@id":"https:\/\/hotel-lagorai.com\/de\/fleimstal-dolomiten\/#breadcrumb","itemListElement":[{"@type":"ListItem","position":1,"name":"Home","item":"https:\/\/hotel-lagorai.com\/de\/"},{"@type":"ListItem","position":2,"name":"Val di Fiemme"}]},{"@type":"WebSite","@id":"https:\/\/hotel-lagorai.com\/de\/#website","url":"https:\/\/hotel-lagorai.com\/de\/","name":"Hotel Lagorai - Panoramic Resort - Cavalese - Trentino - Italy","description":"","publisher":{"@id":"https:\/\/hotel-lagorai.com\/de\/#organization"},"potentialAction":[{"@type":"SearchAction","target":{"@type":"EntryPoint","urlTemplate":"https:\/\/hotel-lagorai.com\/de\/?s={search_term_string}"},"query-input":{"@type":"PropertyValueSpecification","valueRequired":true,"valueName":"search_term_string"}}],"inLanguage":"de"},{"@type":"Organization","@id":"https:\/\/hotel-lagorai.com\/de\/#organization","name":"Hotel Lagorai - Panoramic Resort - Cavalese - Trentino - Italy","url":"https:\/\/hotel-lagorai.com\/de\/","logo":{"@type":"ImageObject","inLanguage":"de","@id":"https:\/\/hotel-lagorai.com\/de\/#\/schema\/logo\/image\/","url":"https:\/\/hotel-lagorai.com\/wp-content\/uploads\/2024\/04\/toplogo.png","contentUrl":"https:\/\/hotel-lagorai.com\/wp-content\/uploads\/2024\/04\/toplogo.png","width":220,"height":90,"caption":"Hotel Lagorai - Panoramic Resort - Cavalese - Trentino - Italy"},"image":{"@id":"https:\/\/hotel-lagorai.com\/de\/#\/schema\/logo\/image\/"},"sameAs":["https:\/\/www.facebook.com\/pages\/Hotel-Lagorai-Resort-Spa\/116929181672933","https:\/\/www.instagram.com\/lagoraipanoramicresort\/?hl=it","https:\/\/www.youtube.com\/channel\/UCbWMDsy3XeBQ0dk5DqPK5Uw\/"]}]}},"_links":{"self":[{"href":"https:\/\/hotel-lagorai.com\/de\/wp-json\/wp\/v2\/pages\/743","targetHints":{"allow":["GET"]}}],"collection":[{"href":"https:\/\/hotel-lagorai.com\/de\/wp-json\/wp\/v2\/pages"}],"about":[{"href":"https:\/\/hotel-lagorai.com\/de\/wp-json\/wp\/v2\/types\/page"}],"author":[{"embeddable":true,"href":"https:\/\/hotel-lagorai.com\/de\/wp-json\/wp\/v2\/users\/1"}],"replies":[{"embeddable":true,"href":"https:\/\/hotel-lagorai.com\/de\/wp-json\/wp\/v2\/comments?post=743"}],"version-history":[{"count":5,"href":"https:\/\/hotel-lagorai.com\/de\/wp-json\/wp\/v2\/pages\/743\/revisions"}],"predecessor-version":[{"id":749,"href":"https:\/\/hotel-lagorai.com\/de\/wp-json\/wp\/v2\/pages\/743\/revisions\/749"}],"wp:featuredmedia":[{"embeddable":true,"href":"https:\/\/hotel-lagorai.com\/de\/wp-json\/wp\/v2\/media\/560"}],"wp:attachment":[{"href":"https:\/\/hotel-lagorai.com\/de\/wp-json\/wp\/v2\/media?parent=743"}],"curies":[{"name":"wp","href":"https:\/\/api.w.org\/{rel}","templated":true}]}}