{"id":752,"date":"2024-04-09T07:35:01","date_gmt":"2024-04-09T05:35:01","guid":{"rendered":"https:\/\/hotel-lagorai.com\/sommer\/"},"modified":"2024-06-01T12:14:01","modified_gmt":"2024-06-01T10:14:01","slug":"gesundheit-wellness-in-den-bergen","status":"publish","type":"page","link":"https:\/\/hotel-lagorai.com\/de\/gesundheit-wellness-in-den-bergen\/","title":{"rendered":"Sommer"},"content":{"rendered":"\n<h2 class=\"wp-block-heading\">Erleben Sie die Aufregung eines Sommerurlaubs in den Bergen<\/h2>\n\n<h4 class=\"wp-block-heading has-text-align-center\">Sie werden diesen Sommer wieder in unserer Gesellschaft sein!<br\/>Wir begleiten Sie in kleinen Gruppen und in absoluter Sicherheit<br\/>auf unvergesslichen Wanderungen zwischen den Gipfeln der Dolomiten.<br\/>Unz\u00e4hlige Angebote erwarten Sie hier f\u00fcr eine unvergessliche Erfahrung!<\/h4>\n\n<p class=\"has-text-align-center\">Ein herrlicher Bergurlaub &#8211; eine Erfahrung, die Sie unbedingt machen m\u00fcssen\u2026<br\/>Die Pracht der Dolomiten bietet M\u00f6glichkeiten f\u00fcr viele verschiedene Aktivit\u00e4ten:<br\/>Wandern, Rafting, Paragliding, Radfahren und &#8211; im Sp\u00e4tsommer &#8211; Pilze sammeln.<\/p>\n\n<p class=\"has-text-align-center\">Das Panorama-Resort Lagorai ist mit seiner Lage im Zentrum des Tales ein idealer Ort f\u00fcr alle,<br\/>die ihren Sommerurlaub im Zeichen der Gesundheit und des Wohlbefindens in den Bergen verbringen m\u00f6chten.<\/p>\n\n<div style=\"height:60px\" aria-hidden=\"true\" class=\"wp-block-spacer\"><\/div>\n\n<!-- Attivita -->\n<section id=\"activity\" class=\"alignnone\">\n\t\t\t<div class=\"grid grid-cols-1 md:grid-cols-2 gap-4\">\n\t\t\t\t\t\t<div class=\"relative\">\n                    <a href=\"https:\/\/hotel-lagorai.com\/de\/attivita\/paragliding-und-drachenfliegen-im-val-di-fiemme\/\">\n                        <div class=\"bg-120 bg-center hover:bg-130 bg-no-repeat transition-all duration-500\" style=\"padding-top: 60%; background-image:url(https:\/\/hotel-lagorai.com\/wp-content\/uploads\/2024\/04\/parapendio-val-di-fiemme.jpg)\">\n                            <div class=\"rounded-sm bg-dark bg-opacity-50 absolute bottom-0 w-full min-h-40\">\n                                <div class=\"flex flex-col items-start justify-center p-4\">\n                                    <h4 class=\"text-white text-left font-bold pb-1\">Paragliding und Drachenfliegen im Val di Fiemme<\/h4>\n                                    <p class=\"text-white text-base mb-0\">Der Wind in den Haaren und der Nervenkitzel des Fluges<\/p>\n                                <\/div>\n                            <\/div>\n                        <\/div>\n                    <\/a>\n                <\/div>\n\n\t\t\t\t\t\t<div class=\"relative\">\n                    <a href=\"https:\/\/hotel-lagorai.com\/de\/attivita\/mountain-bike-und-radsport-in-den-dolomiten\/\">\n                        <div class=\"bg-120 bg-center hover:bg-130 bg-no-repeat transition-all duration-500\" style=\"padding-top: 60%; background-image:url(https:\/\/hotel-lagorai.com\/wp-content\/uploads\/2024\/06\/58ADB47A5C774A53992E1F2B254E9D71-pag.jpg)\">\n                            <div class=\"rounded-sm bg-dark bg-opacity-50 absolute bottom-0 w-full min-h-40\">\n                                <div class=\"flex flex-col items-start justify-center p-4\">\n                                    <h4 class=\"text-white text-left font-bold pb-1\">Mountain-bike und Radsport in den Dolomiten<\/h4>\n                                    <p class=\"text-white text-base mb-0\">Pfade, P\u00e4sse oder einfache Fahrradpisten f\u00fcr Rad- und Mountainbike-Enthusiasten<\/p>\n                                <\/div>\n                            <\/div>\n                        <\/div>\n                    <\/a>\n                <\/div>\n\n\t\t\t\t\t\t<div class=\"relative\">\n                    <a href=\"https:\/\/hotel-lagorai.com\/de\/attivita\/eine-taleigene-achterbahn-der-alpine-coaster\/\">\n                        <div class=\"bg-120 bg-center hover:bg-130 bg-no-repeat transition-all duration-500\" style=\"padding-top: 60%; background-image:url(https:\/\/hotel-lagorai.com\/wp-content\/uploads\/2024\/06\/2171850EB24E4BFBB27CBCC4176BBAF5-pag.jpg)\">\n                            <div class=\"rounded-sm bg-dark bg-opacity-50 absolute bottom-0 w-full min-h-40\">\n                                <div class=\"flex flex-col items-start justify-center p-4\">\n                                    <h4 class=\"text-white text-left font-bold pb-1\">Eine Taleigene Achterbahn, der Alpine Coaster<\/h4>\n                                    <p class=\"text-white text-base mb-0\">Ungebremste Geschwindigkeit im paradiesischen Latemar-Gebiet!<\/p>\n                                <\/div>\n                            <\/div>\n                        <\/div>\n                    <\/a>\n                <\/div>\n\n\t\t\t\t\t\t<div class=\"relative\">\n                    <a href=\"https:\/\/hotel-lagorai.com\/de\/attivita\/zur-website-von-avisio-rafting\/\">\n                        <div class=\"bg-120 bg-center hover:bg-130 bg-no-repeat transition-all duration-500\" style=\"padding-top: 60%; background-image:url(https:\/\/hotel-lagorai.com\/wp-content\/uploads\/2024\/06\/7E697B384AB44FDD99F379664B07B3DA-pag.jpg)\">\n                            <div class=\"rounded-sm bg-dark bg-opacity-50 absolute bottom-0 w-full min-h-40\">\n                                <div class=\"flex flex-col items-start justify-center p-4\">\n                                    <h4 class=\"text-white text-left font-bold pb-1\">Die adrenalingeladene Welt des Rafting und Canyoning<\/h4>\n                                    <p class=\"text-white text-base mb-0\">Haben Sie schon einmal Rafting oder Canyoning im Avisio-Wildwasser versucht? Bei uns im Fleimstal k\u00f6nnen Sie dieses neue und unvergessliche Erlebnis kosten!<\/p>\n                                <\/div>\n                            <\/div>\n                        <\/div>\n                    <\/a>\n                <\/div>\n\n\t\t\t\t\t\t<div class=\"relative\">\n                    <a href=\"https:\/\/hotel-lagorai.com\/de\/attivita\/fitness-nordic-walking\/\">\n                        <div class=\"bg-120 bg-center hover:bg-130 bg-no-repeat transition-all duration-500\" style=\"padding-top: 60%; background-image:url(https:\/\/hotel-lagorai.com\/wp-content\/uploads\/2024\/06\/FDBD302E65B448DC9270DFA64088717F-pag.jpg)\">\n                            <div class=\"rounded-sm bg-dark bg-opacity-50 absolute bottom-0 w-full min-h-40\">\n                                <div class=\"flex flex-col items-start justify-center p-4\">\n                                    <h4 class=\"text-white text-left font-bold pb-1\">Fitness &amp; Nordic Walking<\/h4>\n                                    <p class=\"text-white text-base mb-0\">Fitness und Spazierg\u00e4nge durch die Natur mit Nordic Walking-St\u00f6cken<\/p>\n                                <\/div>\n                            <\/div>\n                        <\/div>\n                    <\/a>\n                <\/div>\n\n\t\t\t\t\t\t<div class=\"relative\">\n                    <a href=\"https:\/\/hotel-lagorai.com\/de\/attivita\/ausfluege-im-val-di-fiemme\/\">\n                        <div class=\"bg-120 bg-center hover:bg-130 bg-no-repeat transition-all duration-500\" style=\"padding-top: 60%; background-image:url(https:\/\/hotel-lagorai.com\/wp-content\/uploads\/2024\/06\/CC572401F5B949B3A6D83C32F99FDE0C-pag.jpg)\">\n                            <div class=\"rounded-sm bg-dark bg-opacity-50 absolute bottom-0 w-full min-h-40\">\n                                <div class=\"flex flex-col items-start justify-center p-4\">\n                                    <h4 class=\"text-white text-left font-bold pb-1\">Ausfl\u00fcge im Val di Fiemme<\/h4>\n                                    <p class=\"text-white text-base mb-0\">Das Val di Fiemme, ein idealer Ausgangspunkt f\u00fcr Wandern und Nordic-Walking<\/p>\n                                <\/div>\n                            <\/div>\n                        <\/div>\n                    <\/a>\n                <\/div>\n\n\t\t\t\t\t\t<div class=\"relative\">\n                    <a href=\"https:\/\/hotel-lagorai.com\/de\/attivita\/pilze-sammeln-im-val-di-fiemme\/\">\n                        <div class=\"bg-120 bg-center hover:bg-130 bg-no-repeat transition-all duration-500\" style=\"padding-top: 60%; background-image:url(https:\/\/hotel-lagorai.com\/wp-content\/uploads\/2024\/06\/4A64F6770A9E448BA5019C35B13F2965-pag.jpg)\">\n                            <div class=\"rounded-sm bg-dark bg-opacity-50 absolute bottom-0 w-full min-h-40\">\n                                <div class=\"flex flex-col items-start justify-center p-4\">\n                                    <h4 class=\"text-white text-left font-bold pb-1\">Pilze sammeln im Val di Fiemme<\/h4>\n                                    <p class=\"text-white text-base mb-0\">Der perfekte Ort f\u00fcr Pilz-Begeisterte<\/p>\n                                <\/div>\n                            <\/div>\n                        <\/div>\n                    <\/a>\n                <\/div>\n\n\t\t\t\t\t<\/div>\n<\/section>\n<!-- EOF attivita -->","protected":false},"excerpt":{"rendered":"<p>Erleben Sie die Aufregung eines Sommerurlaubs in den Bergen Sie werden diesen Sommer wieder in unserer Gesellschaft sein!Wir begleiten Sie in kleinen Gruppen und in absoluter Sicherheitauf unvergesslichen Wanderungen zwischen den Gipfeln der Dolomiten.Unz\u00e4hlige Angebote erwarten Sie hier f\u00fcr eine unvergessliche Erfahrung! Ein herrlicher Bergurlaub &#8211; eine Erfahrung, die Sie unbedingt machen m\u00fcssen\u2026Die Pracht der<a href=\"https:\/\/hotel-lagorai.com\/de\/gesundheit-wellness-in-den-bergen\/\">Continue reading <span class=\"sr-only\">&#8222;Sommer&#8220;<\/span><\/a><\/p>\n","protected":false},"author":1,"featured_media":0,"parent":0,"menu_order":0,"comment_status":"closed","ping_status":"closed","template":"","meta":{"_acf_changed":false,"footnotes":""},"class_list":["post-752","page","type-page","status-publish","hentry"],"acf":[],"yoast_head":"<!-- This site is optimized with the Yoast SEO plugin v25.8 - https:\/\/yoast.com\/wordpress\/plugins\/seo\/ -->\n<title>Sommer - Hotel Lagorai - Panoramic Resort - Cavalese - Trentino - Italy<\/title>\n<meta name=\"robots\" content=\"index, follow, max-snippet:-1, max-image-preview:large, max-video-preview:-1\" \/>\n<link rel=\"canonical\" href=\"https:\/\/hotel-lagorai.com\/de\/gesundheit-wellness-in-den-bergen\/\" \/>\n<meta property=\"og:locale\" content=\"de_DE\" \/>\n<meta property=\"og:type\" content=\"article\" \/>\n<meta property=\"og:title\" content=\"Sommer - Hotel Lagorai - Panoramic Resort - Cavalese - Trentino - Italy\" \/>\n<meta property=\"og:description\" content=\"Erleben Sie die Aufregung eines Sommerurlaubs in den Bergen Sie werden diesen Sommer wieder in unserer Gesellschaft sein!Wir begleiten Sie in kleinen Gruppen und in absoluter Sicherheitauf unvergesslichen Wanderungen zwischen den Gipfeln der Dolomiten.Unz\u00e4hlige Angebote erwarten Sie hier f\u00fcr eine unvergessliche Erfahrung! Ein herrlicher Bergurlaub &#8211; eine Erfahrung, die Sie unbedingt machen m\u00fcssen\u2026Die Pracht derContinue reading &quot;Sommer&quot;\" \/>\n<meta property=\"og:url\" content=\"https:\/\/hotel-lagorai.com\/de\/gesundheit-wellness-in-den-bergen\/\" \/>\n<meta property=\"og:site_name\" content=\"Hotel Lagorai - Panoramic Resort - Cavalese - Trentino - Italy\" \/>\n<meta property=\"article:publisher\" content=\"https:\/\/www.facebook.com\/pages\/Hotel-Lagorai-Resort-Spa\/116929181672933\" \/>\n<meta property=\"article:modified_time\" content=\"2024-06-01T10:14:01+00:00\" \/>\n<meta name=\"twitter:card\" content=\"summary_large_image\" \/>\n<meta name=\"twitter:label1\" content=\"Gesch\u00e4tzte Lesezeit\" \/>\n\t<meta name=\"twitter:data1\" content=\"1\u00a0Minute\" \/>\n<script type=\"application\/ld+json\" class=\"yoast-schema-graph\">{\"@context\":\"https:\/\/schema.org\",\"@graph\":[{\"@type\":\"WebPage\",\"@id\":\"https:\/\/hotel-lagorai.com\/de\/gesundheit-wellness-in-den-bergen\/\",\"url\":\"https:\/\/hotel-lagorai.com\/de\/gesundheit-wellness-in-den-bergen\/\",\"name\":\"Sommer - Hotel Lagorai - Panoramic Resort - Cavalese - Trentino - Italy\",\"isPartOf\":{\"@id\":\"https:\/\/hotel-lagorai.com\/de\/#website\"},\"datePublished\":\"2024-04-09T05:35:01+00:00\",\"dateModified\":\"2024-06-01T10:14:01+00:00\",\"breadcrumb\":{\"@id\":\"https:\/\/hotel-lagorai.com\/de\/gesundheit-wellness-in-den-bergen\/#breadcrumb\"},\"inLanguage\":\"de\",\"potentialAction\":[{\"@type\":\"ReadAction\",\"target\":[\"https:\/\/hotel-lagorai.com\/de\/gesundheit-wellness-in-den-bergen\/\"]}]},{\"@type\":\"BreadcrumbList\",\"@id\":\"https:\/\/hotel-lagorai.com\/de\/gesundheit-wellness-in-den-bergen\/#breadcrumb\",\"itemListElement\":[{\"@type\":\"ListItem\",\"position\":1,\"name\":\"Home\",\"item\":\"https:\/\/hotel-lagorai.com\/de\/\"},{\"@type\":\"ListItem\",\"position\":2,\"name\":\"Sommer\"}]},{\"@type\":\"WebSite\",\"@id\":\"https:\/\/hotel-lagorai.com\/de\/#website\",\"url\":\"https:\/\/hotel-lagorai.com\/de\/\",\"name\":\"Hotel Lagorai - Panoramic Resort - Cavalese - Trentino - Italy\",\"description\":\"\",\"publisher\":{\"@id\":\"https:\/\/hotel-lagorai.com\/de\/#organization\"},\"potentialAction\":[{\"@type\":\"SearchAction\",\"target\":{\"@type\":\"EntryPoint\",\"urlTemplate\":\"https:\/\/hotel-lagorai.com\/de\/?s={search_term_string}\"},\"query-input\":{\"@type\":\"PropertyValueSpecification\",\"valueRequired\":true,\"valueName\":\"search_term_string\"}}],\"inLanguage\":\"de\"},{\"@type\":\"Organization\",\"@id\":\"https:\/\/hotel-lagorai.com\/de\/#organization\",\"name\":\"Hotel Lagorai - Panoramic Resort - Cavalese - Trentino - Italy\",\"url\":\"https:\/\/hotel-lagorai.com\/de\/\",\"logo\":{\"@type\":\"ImageObject\",\"inLanguage\":\"de\",\"@id\":\"https:\/\/hotel-lagorai.com\/de\/#\/schema\/logo\/image\/\",\"url\":\"https:\/\/hotel-lagorai.com\/wp-content\/uploads\/2024\/04\/toplogo.png\",\"contentUrl\":\"https:\/\/hotel-lagorai.com\/wp-content\/uploads\/2024\/04\/toplogo.png\",\"width\":220,\"height\":90,\"caption\":\"Hotel Lagorai - Panoramic Resort - Cavalese - Trentino - Italy\"},\"image\":{\"@id\":\"https:\/\/hotel-lagorai.com\/de\/#\/schema\/logo\/image\/\"},\"sameAs\":[\"https:\/\/www.facebook.com\/pages\/Hotel-Lagorai-Resort-Spa\/116929181672933\",\"https:\/\/www.instagram.com\/lagoraipanoramicresort\/?hl=it\",\"https:\/\/www.youtube.com\/channel\/UCbWMDsy3XeBQ0dk5DqPK5Uw\/\"]}]}<\/script>\n<!-- \/ Yoast SEO plugin. -->","yoast_head_json":{"title":"Sommer - Hotel Lagorai - Panoramic Resort - Cavalese - Trentino - Italy","robots":{"index":"index","follow":"follow","max-snippet":"max-snippet:-1","max-image-preview":"max-image-preview:large","max-video-preview":"max-video-preview:-1"},"canonical":"https:\/\/hotel-lagorai.com\/de\/gesundheit-wellness-in-den-bergen\/","og_locale":"de_DE","og_type":"article","og_title":"Sommer - Hotel Lagorai - Panoramic Resort - Cavalese - Trentino - Italy","og_description":"Erleben Sie die Aufregung eines Sommerurlaubs in den Bergen Sie werden diesen Sommer wieder in unserer Gesellschaft sein!Wir begleiten Sie in kleinen Gruppen und in absoluter Sicherheitauf unvergesslichen Wanderungen zwischen den Gipfeln der Dolomiten.Unz\u00e4hlige Angebote erwarten Sie hier f\u00fcr eine unvergessliche Erfahrung! Ein herrlicher Bergurlaub &#8211; eine Erfahrung, die Sie unbedingt machen m\u00fcssen\u2026Die Pracht derContinue reading \"Sommer\"","og_url":"https:\/\/hotel-lagorai.com\/de\/gesundheit-wellness-in-den-bergen\/","og_site_name":"Hotel Lagorai - Panoramic Resort - Cavalese - Trentino - Italy","article_publisher":"https:\/\/www.facebook.com\/pages\/Hotel-Lagorai-Resort-Spa\/116929181672933","article_modified_time":"2024-06-01T10:14:01+00:00","twitter_card":"summary_large_image","twitter_misc":{"Gesch\u00e4tzte Lesezeit":"1\u00a0Minute"},"schema":{"@context":"https:\/\/schema.org","@graph":[{"@type":"WebPage","@id":"https:\/\/hotel-lagorai.com\/de\/gesundheit-wellness-in-den-bergen\/","url":"https:\/\/hotel-lagorai.com\/de\/gesundheit-wellness-in-den-bergen\/","name":"Sommer - Hotel Lagorai - Panoramic Resort - Cavalese - Trentino - Italy","isPartOf":{"@id":"https:\/\/hotel-lagorai.com\/de\/#website"},"datePublished":"2024-04-09T05:35:01+00:00","dateModified":"2024-06-01T10:14:01+00:00","breadcrumb":{"@id":"https:\/\/hotel-lagorai.com\/de\/gesundheit-wellness-in-den-bergen\/#breadcrumb"},"inLanguage":"de","potentialAction":[{"@type":"ReadAction","target":["https:\/\/hotel-lagorai.com\/de\/gesundheit-wellness-in-den-bergen\/"]}]},{"@type":"BreadcrumbList","@id":"https:\/\/hotel-lagorai.com\/de\/gesundheit-wellness-in-den-bergen\/#breadcrumb","itemListElement":[{"@type":"ListItem","position":1,"name":"Home","item":"https:\/\/hotel-lagorai.com\/de\/"},{"@type":"ListItem","position":2,"name":"Sommer"}]},{"@type":"WebSite","@id":"https:\/\/hotel-lagorai.com\/de\/#website","url":"https:\/\/hotel-lagorai.com\/de\/","name":"Hotel Lagorai - Panoramic Resort - Cavalese - Trentino - Italy","description":"","publisher":{"@id":"https:\/\/hotel-lagorai.com\/de\/#organization"},"potentialAction":[{"@type":"SearchAction","target":{"@type":"EntryPoint","urlTemplate":"https:\/\/hotel-lagorai.com\/de\/?s={search_term_string}"},"query-input":{"@type":"PropertyValueSpecification","valueRequired":true,"valueName":"search_term_string"}}],"inLanguage":"de"},{"@type":"Organization","@id":"https:\/\/hotel-lagorai.com\/de\/#organization","name":"Hotel Lagorai - Panoramic Resort - Cavalese - Trentino - Italy","url":"https:\/\/hotel-lagorai.com\/de\/","logo":{"@type":"ImageObject","inLanguage":"de","@id":"https:\/\/hotel-lagorai.com\/de\/#\/schema\/logo\/image\/","url":"https:\/\/hotel-lagorai.com\/wp-content\/uploads\/2024\/04\/toplogo.png","contentUrl":"https:\/\/hotel-lagorai.com\/wp-content\/uploads\/2024\/04\/toplogo.png","width":220,"height":90,"caption":"Hotel Lagorai - Panoramic Resort - Cavalese - Trentino - Italy"},"image":{"@id":"https:\/\/hotel-lagorai.com\/de\/#\/schema\/logo\/image\/"},"sameAs":["https:\/\/www.facebook.com\/pages\/Hotel-Lagorai-Resort-Spa\/116929181672933","https:\/\/www.instagram.com\/lagoraipanoramicresort\/?hl=it","https:\/\/www.youtube.com\/channel\/UCbWMDsy3XeBQ0dk5DqPK5Uw\/"]}]}},"_links":{"self":[{"href":"https:\/\/hotel-lagorai.com\/de\/wp-json\/wp\/v2\/pages\/752","targetHints":{"allow":["GET"]}}],"collection":[{"href":"https:\/\/hotel-lagorai.com\/de\/wp-json\/wp\/v2\/pages"}],"about":[{"href":"https:\/\/hotel-lagorai.com\/de\/wp-json\/wp\/v2\/types\/page"}],"author":[{"embeddable":true,"href":"https:\/\/hotel-lagorai.com\/de\/wp-json\/wp\/v2\/users\/1"}],"replies":[{"embeddable":true,"href":"https:\/\/hotel-lagorai.com\/de\/wp-json\/wp\/v2\/comments?post=752"}],"version-history":[{"count":1,"href":"https:\/\/hotel-lagorai.com\/de\/wp-json\/wp\/v2\/pages\/752\/revisions"}],"predecessor-version":[{"id":753,"href":"https:\/\/hotel-lagorai.com\/de\/wp-json\/wp\/v2\/pages\/752\/revisions\/753"}],"wp:attachment":[{"href":"https:\/\/hotel-lagorai.com\/de\/wp-json\/wp\/v2\/media?parent=752"}],"curies":[{"name":"wp","href":"https:\/\/api.w.org\/{rel}","templated":true}]}}