{"id":760,"date":"2024-04-09T07:35:23","date_gmt":"2024-04-09T05:35:23","guid":{"rendered":"https:\/\/hotel-lagorai.com\/winter\/"},"modified":"2024-06-01T12:14:16","modified_gmt":"2024-06-01T10:14:16","slug":"fleimstal-dolomiti-superski","status":"publish","type":"page","link":"https:\/\/hotel-lagorai.com\/de\/fleimstal-dolomiti-superski\/","title":{"rendered":"Winter"},"content":{"rendered":"\n<h2 class=\"wp-block-heading\">Sonne, Ski und Spass<\/h2>\n\n<h4 class=\"wp-block-heading has-text-align-center\">Skifahren auf den Pisten der gro\u00dfen Champions der Weltmeisterschaften<br\/>und der n\u00e4chsten Olympischen Spiele Mailand Cortina 2026.<\/h4>\n\n<p class=\"has-text-align-center\">Skifahren &#8211; sicherlich die beliebteste Sportart &#8211; ist nicht die einzige Aktivit\u00e4t, die das im Fleimstal im Winter zu bieten hat!<br\/>Skilanglauf, Alpinski &#8211; auch bei Nacht -, Ski-Bergsteigen, Rodeln, Eislaufen, Schneeschuhwandern,<br\/>Eisklettern und vieles mehr runden einen berauschenden Urlaub im Dolomiti Superski Gebiet ab.<\/p>\n\n<p class=\"has-text-align-center\">Ein Abendessen auf der H\u00fctte in netter Gesellschaft ist der perfekte Abschluss f\u00fcr den Tag!<\/p>\n\n<p class=\"has-text-align-center\">Mit dem Skipass Dolomiti Superski k\u00f6nnen Sie in 12 verschiedenen Skigebieten mit 1.200 Pistenkilometern fahren,<br\/>und dies inmitten der sch\u00f6nsten Berge der Welt, umgeben von Natur und reiner Luft!<\/p>\n\n<div style=\"height:60px\" aria-hidden=\"true\" class=\"wp-block-spacer\"><\/div>\n\n<!-- Attivita -->\n<section id=\"activity\" class=\"alignnone\">\n\t\t\t<div class=\"grid grid-cols-1 md:grid-cols-2 gap-4\">\n\t\t\t\t\t\t<div class=\"relative\">\n                    <a href=\"https:\/\/hotel-lagorai.com\/de\/attivita\/skischulen-in-val-di-fiemme\/\">\n                        <div class=\"bg-120 bg-center hover:bg-130 bg-no-repeat transition-all duration-500\" style=\"padding-top: 60%; background-image:url(https:\/\/hotel-lagorai.com\/wp-content\/uploads\/2024\/04\/scuola_sci_val_di_fiemme_dolomiti.jpg)\">\n                            <div class=\"rounded-sm bg-dark bg-opacity-50 absolute bottom-0 w-full min-h-40\">\n                                <div class=\"flex flex-col items-start justify-center p-4\">\n                                    <h4 class=\"text-white text-left font-bold pb-1\">Skischulen in Val di Fiemme<\/h4>\n                                    <p class=\"text-white text-base mb-0\">Lernen Sie Skifahren, voller Spa\u00df aber in Sicherheit!<\/p>\n                                <\/div>\n                            <\/div>\n                        <\/div>\n                    <\/a>\n                <\/div>\n\n\t\t\t\t\t\t<div class=\"relative\">\n                    <a href=\"https:\/\/hotel-lagorai.com\/de\/attivita\/langlaufen-im-val-di-fiemme\/\">\n                        <div class=\"bg-120 bg-center hover:bg-130 bg-no-repeat transition-all duration-500\" style=\"padding-top: 60%; background-image:url(https:\/\/hotel-lagorai.com\/wp-content\/uploads\/2024\/06\/22D1D3E9BCF84E40A4127C708E0120B6-pag.jpg)\">\n                            <div class=\"rounded-sm bg-dark bg-opacity-50 absolute bottom-0 w-full min-h-40\">\n                                <div class=\"flex flex-col items-start justify-center p-4\">\n                                    <h4 class=\"text-white text-left font-bold pb-1\">Langlaufen im Val di Fiemme<\/h4>\n                                    <p class=\"text-white text-base mb-0\">Die Heimat des nordischen Nationalsports<\/p>\n                                <\/div>\n                            <\/div>\n                        <\/div>\n                    <\/a>\n                <\/div>\n\n\t\t\t\t\t\t<div class=\"relative\">\n                    <a href=\"https:\/\/hotel-lagorai.com\/de\/attivita\/ski-alpin-im-fleimstal\/\">\n                        <div class=\"bg-120 bg-center hover:bg-130 bg-no-repeat transition-all duration-500\" style=\"padding-top: 60%; background-image:url(https:\/\/hotel-lagorai.com\/wp-content\/uploads\/2024\/06\/19BEE94E09424227AD214DD4CF2B70D5-pag.jpg)\">\n                            <div class=\"rounded-sm bg-dark bg-opacity-50 absolute bottom-0 w-full min-h-40\">\n                                <div class=\"flex flex-col items-start justify-center p-4\">\n                                    <h4 class=\"text-white text-left font-bold pb-1\">Ski-Alpin im Fleimstal<\/h4>\n                                    <p class=\"text-white text-base mb-0\">Perfekte Pisten und zauberhafte Landschaften<\/p>\n                                <\/div>\n                            <\/div>\n                        <\/div>\n                    <\/a>\n                <\/div>\n\n\t\t\t\t\t\t<div class=\"relative\">\n                    <a href=\"https:\/\/hotel-lagorai.com\/de\/attivita\/schlittschuhlaufen-und-eis-hockey-in-cavalese\/\">\n                        <div class=\"bg-120 bg-center hover:bg-130 bg-no-repeat transition-all duration-500\" style=\"padding-top: 60%; background-image:url(https:\/\/hotel-lagorai.com\/wp-content\/uploads\/2024\/06\/82E7BEF2CE934C92A49E0D839FAACA25-pag.jpg)\">\n                            <div class=\"rounded-sm bg-dark bg-opacity-50 absolute bottom-0 w-full min-h-40\">\n                                <div class=\"flex flex-col items-start justify-center p-4\">\n                                    <h4 class=\"text-white text-left font-bold pb-1\">Schlittschuhlaufen und Eis-Hockey in Cavalese<\/h4>\n                                    <p class=\"text-white text-base mb-0\">Vers\u00e4umen Sie nicht die spannenden Eishockeyspiele und die Erfahrung vom Schlittschuhlaufen im Rhythmus der Musik auf der Eisbahn von Cavalese<\/p>\n                                <\/div>\n                            <\/div>\n                        <\/div>\n                    <\/a>\n                <\/div>\n\n\t\t\t\t\t\t<div class=\"relative\">\n                    <a href=\"https:\/\/hotel-lagorai.com\/de\/attivita\/kindergarten-und-snowpark-fuer-kinder\/\">\n                        <div class=\"bg-120 bg-center hover:bg-130 bg-no-repeat transition-all duration-500\" style=\"padding-top: 60%; background-image:url(https:\/\/hotel-lagorai.com\/wp-content\/uploads\/2024\/06\/0BD6C5E9035245DC92C7E411EDE3284B-pag.jpg)\">\n                            <div class=\"rounded-sm bg-dark bg-opacity-50 absolute bottom-0 w-full min-h-40\">\n                                <div class=\"flex flex-col items-start justify-center p-4\">\n                                    <h4 class=\"text-white text-left font-bold pb-1\">Kindergarten und Snowpark f\u00fcr Kinder<\/h4>\n                                    <p class=\"text-white text-base mb-0\">Wo sich Kinder nie langweilen: Kindergarten und Snowpark<\/p>\n                                <\/div>\n                            <\/div>\n                        <\/div>\n                    <\/a>\n                <\/div>\n\n\t\t\t\t\t\t<div class=\"relative\">\n                    <a href=\"https:\/\/hotel-lagorai.com\/de\/attivita\/skipass-und-skibus-in-cavalese\/\">\n                        <div class=\"bg-120 bg-center hover:bg-130 bg-no-repeat transition-all duration-500\" style=\"padding-top: 60%; background-image:url(https:\/\/hotel-lagorai.com\/wp-content\/uploads\/2024\/06\/5B63A93475C048AF83437A00DE9211A3-pag.jpg)\">\n                            <div class=\"rounded-sm bg-dark bg-opacity-50 absolute bottom-0 w-full min-h-40\">\n                                <div class=\"flex flex-col items-start justify-center p-4\">\n                                    <h4 class=\"text-white text-left font-bold pb-1\">Skipass und Skibus in Cavalese<\/h4>\n                                    <p class=\"text-white text-base mb-0\">Skipass und effizienter Skibus-Shuttle machen das Skifahren im Fleimstal zum Kinderspiel!<\/p>\n                                <\/div>\n                            <\/div>\n                        <\/div>\n                    <\/a>\n                <\/div>\n\n\t\t\t\t\t\t<div class=\"relative\">\n                    <a href=\"https:\/\/hotel-lagorai.com\/de\/attivita\/berghuetten-schutzhuetten-und-apres-ski\/\">\n                        <div class=\"bg-120 bg-center hover:bg-130 bg-no-repeat transition-all duration-500\" style=\"padding-top: 60%; background-image:url(https:\/\/hotel-lagorai.com\/wp-content\/uploads\/2024\/06\/3884C0DBFB71491C9A81AB6F546376B2-pag.jpg)\">\n                            <div class=\"rounded-sm bg-dark bg-opacity-50 absolute bottom-0 w-full min-h-40\">\n                                <div class=\"flex flex-col items-start justify-center p-4\">\n                                    <h4 class=\"text-white text-left font-bold pb-1\">Bergh\u00fctten, Schutzh\u00fctten und Apr\u00e8s-Ski<\/h4>\n                                    <p class=\"text-white text-base mb-0\">Gastronomie in H\u00f6henlage, Abendessen auf der H\u00fctte, ein super Spa\u00df!<\/p>\n                                <\/div>\n                            <\/div>\n                        <\/div>\n                    <\/a>\n                <\/div>\n\n\t\t\t\t\t<\/div>\n<\/section>\n<!-- EOF attivita -->","protected":false},"excerpt":{"rendered":"<p>Sonne, Ski und Spass Skifahren auf den Pisten der gro\u00dfen Champions der Weltmeisterschaftenund der n\u00e4chsten Olympischen Spiele Mailand Cortina 2026. Skifahren &#8211; sicherlich die beliebteste Sportart &#8211; ist nicht die einzige Aktivit\u00e4t, die das im Fleimstal im Winter zu bieten hat!Skilanglauf, Alpinski &#8211; auch bei Nacht -, Ski-Bergsteigen, Rodeln, Eislaufen, Schneeschuhwandern,Eisklettern und vieles mehr runden<a href=\"https:\/\/hotel-lagorai.com\/de\/fleimstal-dolomiti-superski\/\">Continue reading <span class=\"sr-only\">&#8222;Winter&#8220;<\/span><\/a><\/p>\n","protected":false},"author":1,"featured_media":564,"parent":0,"menu_order":0,"comment_status":"closed","ping_status":"closed","template":"","meta":{"_acf_changed":false,"footnotes":""},"class_list":["post-760","page","type-page","status-publish","has-post-thumbnail","hentry"],"acf":[],"yoast_head":"<!-- This site is optimized with the Yoast SEO plugin v25.8 - https:\/\/yoast.com\/wordpress\/plugins\/seo\/ -->\n<title>Winter - Hotel Lagorai - Panoramic Resort - Cavalese - Trentino - Italy<\/title>\n<meta name=\"robots\" content=\"index, follow, max-snippet:-1, max-image-preview:large, max-video-preview:-1\" \/>\n<link rel=\"canonical\" href=\"https:\/\/hotel-lagorai.com\/de\/fleimstal-dolomiti-superski\/\" \/>\n<meta property=\"og:locale\" content=\"de_DE\" \/>\n<meta property=\"og:type\" content=\"article\" \/>\n<meta property=\"og:title\" content=\"Winter - Hotel Lagorai - Panoramic Resort - Cavalese - Trentino - Italy\" \/>\n<meta property=\"og:description\" content=\"Sonne, Ski und Spass Skifahren auf den Pisten der gro\u00dfen Champions der Weltmeisterschaftenund der n\u00e4chsten Olympischen Spiele Mailand Cortina 2026. Skifahren &#8211; sicherlich die beliebteste Sportart &#8211; ist nicht die einzige Aktivit\u00e4t, die das im Fleimstal im Winter zu bieten hat!Skilanglauf, Alpinski &#8211; auch bei Nacht -, Ski-Bergsteigen, Rodeln, Eislaufen, Schneeschuhwandern,Eisklettern und vieles mehr rundenContinue reading &quot;Winter&quot;\" \/>\n<meta property=\"og:url\" content=\"https:\/\/hotel-lagorai.com\/de\/fleimstal-dolomiti-superski\/\" \/>\n<meta property=\"og:site_name\" content=\"Hotel Lagorai - Panoramic Resort - Cavalese - Trentino - Italy\" \/>\n<meta property=\"article:publisher\" content=\"https:\/\/www.facebook.com\/pages\/Hotel-Lagorai-Resort-Spa\/116929181672933\" \/>\n<meta property=\"article:modified_time\" content=\"2024-06-01T10:14:16+00:00\" \/>\n<meta property=\"og:image\" content=\"https:\/\/hotel-lagorai.com\/wp-content\/uploads\/2024\/05\/30DC1237DBA64FE3A5B2FD44CA740193-testata.jpg\" \/>\n\t<meta property=\"og:image:width\" content=\"2000\" \/>\n\t<meta property=\"og:image:height\" content=\"530\" \/>\n\t<meta property=\"og:image:type\" content=\"image\/jpeg\" \/>\n<meta name=\"twitter:card\" content=\"summary_large_image\" \/>\n<meta name=\"twitter:label1\" content=\"Gesch\u00e4tzte Lesezeit\" \/>\n\t<meta name=\"twitter:data1\" content=\"1\u00a0Minute\" \/>\n<script type=\"application\/ld+json\" class=\"yoast-schema-graph\">{\"@context\":\"https:\/\/schema.org\",\"@graph\":[{\"@type\":\"WebPage\",\"@id\":\"https:\/\/hotel-lagorai.com\/de\/fleimstal-dolomiti-superski\/\",\"url\":\"https:\/\/hotel-lagorai.com\/de\/fleimstal-dolomiti-superski\/\",\"name\":\"Winter - Hotel Lagorai - Panoramic Resort - Cavalese - Trentino - Italy\",\"isPartOf\":{\"@id\":\"https:\/\/hotel-lagorai.com\/de\/#website\"},\"primaryImageOfPage\":{\"@id\":\"https:\/\/hotel-lagorai.com\/de\/fleimstal-dolomiti-superski\/#primaryimage\"},\"image\":{\"@id\":\"https:\/\/hotel-lagorai.com\/de\/fleimstal-dolomiti-superski\/#primaryimage\"},\"thumbnailUrl\":\"https:\/\/hotel-lagorai.com\/wp-content\/uploads\/2024\/05\/30DC1237DBA64FE3A5B2FD44CA740193-testata.jpg\",\"datePublished\":\"2024-04-09T05:35:23+00:00\",\"dateModified\":\"2024-06-01T10:14:16+00:00\",\"breadcrumb\":{\"@id\":\"https:\/\/hotel-lagorai.com\/de\/fleimstal-dolomiti-superski\/#breadcrumb\"},\"inLanguage\":\"de\",\"potentialAction\":[{\"@type\":\"ReadAction\",\"target\":[\"https:\/\/hotel-lagorai.com\/de\/fleimstal-dolomiti-superski\/\"]}]},{\"@type\":\"ImageObject\",\"inLanguage\":\"de\",\"@id\":\"https:\/\/hotel-lagorai.com\/de\/fleimstal-dolomiti-superski\/#primaryimage\",\"url\":\"https:\/\/hotel-lagorai.com\/wp-content\/uploads\/2024\/05\/30DC1237DBA64FE3A5B2FD44CA740193-testata.jpg\",\"contentUrl\":\"https:\/\/hotel-lagorai.com\/wp-content\/uploads\/2024\/05\/30DC1237DBA64FE3A5B2FD44CA740193-testata.jpg\",\"width\":2000,\"height\":530},{\"@type\":\"BreadcrumbList\",\"@id\":\"https:\/\/hotel-lagorai.com\/de\/fleimstal-dolomiti-superski\/#breadcrumb\",\"itemListElement\":[{\"@type\":\"ListItem\",\"position\":1,\"name\":\"Home\",\"item\":\"https:\/\/hotel-lagorai.com\/de\/\"},{\"@type\":\"ListItem\",\"position\":2,\"name\":\"Winter\"}]},{\"@type\":\"WebSite\",\"@id\":\"https:\/\/hotel-lagorai.com\/de\/#website\",\"url\":\"https:\/\/hotel-lagorai.com\/de\/\",\"name\":\"Hotel Lagorai - Panoramic Resort - Cavalese - Trentino - Italy\",\"description\":\"\",\"publisher\":{\"@id\":\"https:\/\/hotel-lagorai.com\/de\/#organization\"},\"potentialAction\":[{\"@type\":\"SearchAction\",\"target\":{\"@type\":\"EntryPoint\",\"urlTemplate\":\"https:\/\/hotel-lagorai.com\/de\/?s={search_term_string}\"},\"query-input\":{\"@type\":\"PropertyValueSpecification\",\"valueRequired\":true,\"valueName\":\"search_term_string\"}}],\"inLanguage\":\"de\"},{\"@type\":\"Organization\",\"@id\":\"https:\/\/hotel-lagorai.com\/de\/#organization\",\"name\":\"Hotel Lagorai - Panoramic Resort - Cavalese - Trentino - Italy\",\"url\":\"https:\/\/hotel-lagorai.com\/de\/\",\"logo\":{\"@type\":\"ImageObject\",\"inLanguage\":\"de\",\"@id\":\"https:\/\/hotel-lagorai.com\/de\/#\/schema\/logo\/image\/\",\"url\":\"https:\/\/hotel-lagorai.com\/wp-content\/uploads\/2024\/04\/toplogo.png\",\"contentUrl\":\"https:\/\/hotel-lagorai.com\/wp-content\/uploads\/2024\/04\/toplogo.png\",\"width\":220,\"height\":90,\"caption\":\"Hotel Lagorai - Panoramic Resort - Cavalese - Trentino - Italy\"},\"image\":{\"@id\":\"https:\/\/hotel-lagorai.com\/de\/#\/schema\/logo\/image\/\"},\"sameAs\":[\"https:\/\/www.facebook.com\/pages\/Hotel-Lagorai-Resort-Spa\/116929181672933\",\"https:\/\/www.instagram.com\/lagoraipanoramicresort\/?hl=it\",\"https:\/\/www.youtube.com\/channel\/UCbWMDsy3XeBQ0dk5DqPK5Uw\/\"]}]}<\/script>\n<!-- \/ Yoast SEO plugin. -->","yoast_head_json":{"title":"Winter - Hotel Lagorai - Panoramic Resort - Cavalese - Trentino - Italy","robots":{"index":"index","follow":"follow","max-snippet":"max-snippet:-1","max-image-preview":"max-image-preview:large","max-video-preview":"max-video-preview:-1"},"canonical":"https:\/\/hotel-lagorai.com\/de\/fleimstal-dolomiti-superski\/","og_locale":"de_DE","og_type":"article","og_title":"Winter - Hotel Lagorai - Panoramic Resort - Cavalese - Trentino - Italy","og_description":"Sonne, Ski und Spass Skifahren auf den Pisten der gro\u00dfen Champions der Weltmeisterschaftenund der n\u00e4chsten Olympischen Spiele Mailand Cortina 2026. Skifahren &#8211; sicherlich die beliebteste Sportart &#8211; ist nicht die einzige Aktivit\u00e4t, die das im Fleimstal im Winter zu bieten hat!Skilanglauf, Alpinski &#8211; auch bei Nacht -, Ski-Bergsteigen, Rodeln, Eislaufen, Schneeschuhwandern,Eisklettern und vieles mehr rundenContinue reading \"Winter\"","og_url":"https:\/\/hotel-lagorai.com\/de\/fleimstal-dolomiti-superski\/","og_site_name":"Hotel Lagorai - Panoramic Resort - Cavalese - Trentino - Italy","article_publisher":"https:\/\/www.facebook.com\/pages\/Hotel-Lagorai-Resort-Spa\/116929181672933","article_modified_time":"2024-06-01T10:14:16+00:00","og_image":[{"width":2000,"height":530,"url":"https:\/\/hotel-lagorai.com\/wp-content\/uploads\/2024\/05\/30DC1237DBA64FE3A5B2FD44CA740193-testata.jpg","type":"image\/jpeg"}],"twitter_card":"summary_large_image","twitter_misc":{"Gesch\u00e4tzte Lesezeit":"1\u00a0Minute"},"schema":{"@context":"https:\/\/schema.org","@graph":[{"@type":"WebPage","@id":"https:\/\/hotel-lagorai.com\/de\/fleimstal-dolomiti-superski\/","url":"https:\/\/hotel-lagorai.com\/de\/fleimstal-dolomiti-superski\/","name":"Winter - Hotel Lagorai - Panoramic Resort - Cavalese - Trentino - Italy","isPartOf":{"@id":"https:\/\/hotel-lagorai.com\/de\/#website"},"primaryImageOfPage":{"@id":"https:\/\/hotel-lagorai.com\/de\/fleimstal-dolomiti-superski\/#primaryimage"},"image":{"@id":"https:\/\/hotel-lagorai.com\/de\/fleimstal-dolomiti-superski\/#primaryimage"},"thumbnailUrl":"https:\/\/hotel-lagorai.com\/wp-content\/uploads\/2024\/05\/30DC1237DBA64FE3A5B2FD44CA740193-testata.jpg","datePublished":"2024-04-09T05:35:23+00:00","dateModified":"2024-06-01T10:14:16+00:00","breadcrumb":{"@id":"https:\/\/hotel-lagorai.com\/de\/fleimstal-dolomiti-superski\/#breadcrumb"},"inLanguage":"de","potentialAction":[{"@type":"ReadAction","target":["https:\/\/hotel-lagorai.com\/de\/fleimstal-dolomiti-superski\/"]}]},{"@type":"ImageObject","inLanguage":"de","@id":"https:\/\/hotel-lagorai.com\/de\/fleimstal-dolomiti-superski\/#primaryimage","url":"https:\/\/hotel-lagorai.com\/wp-content\/uploads\/2024\/05\/30DC1237DBA64FE3A5B2FD44CA740193-testata.jpg","contentUrl":"https:\/\/hotel-lagorai.com\/wp-content\/uploads\/2024\/05\/30DC1237DBA64FE3A5B2FD44CA740193-testata.jpg","width":2000,"height":530},{"@type":"BreadcrumbList","@id":"https:\/\/hotel-lagorai.com\/de\/fleimstal-dolomiti-superski\/#breadcrumb","itemListElement":[{"@type":"ListItem","position":1,"name":"Home","item":"https:\/\/hotel-lagorai.com\/de\/"},{"@type":"ListItem","position":2,"name":"Winter"}]},{"@type":"WebSite","@id":"https:\/\/hotel-lagorai.com\/de\/#website","url":"https:\/\/hotel-lagorai.com\/de\/","name":"Hotel Lagorai - Panoramic Resort - Cavalese - Trentino - Italy","description":"","publisher":{"@id":"https:\/\/hotel-lagorai.com\/de\/#organization"},"potentialAction":[{"@type":"SearchAction","target":{"@type":"EntryPoint","urlTemplate":"https:\/\/hotel-lagorai.com\/de\/?s={search_term_string}"},"query-input":{"@type":"PropertyValueSpecification","valueRequired":true,"valueName":"search_term_string"}}],"inLanguage":"de"},{"@type":"Organization","@id":"https:\/\/hotel-lagorai.com\/de\/#organization","name":"Hotel Lagorai - Panoramic Resort - Cavalese - Trentino - Italy","url":"https:\/\/hotel-lagorai.com\/de\/","logo":{"@type":"ImageObject","inLanguage":"de","@id":"https:\/\/hotel-lagorai.com\/de\/#\/schema\/logo\/image\/","url":"https:\/\/hotel-lagorai.com\/wp-content\/uploads\/2024\/04\/toplogo.png","contentUrl":"https:\/\/hotel-lagorai.com\/wp-content\/uploads\/2024\/04\/toplogo.png","width":220,"height":90,"caption":"Hotel Lagorai - Panoramic Resort - Cavalese - Trentino - Italy"},"image":{"@id":"https:\/\/hotel-lagorai.com\/de\/#\/schema\/logo\/image\/"},"sameAs":["https:\/\/www.facebook.com\/pages\/Hotel-Lagorai-Resort-Spa\/116929181672933","https:\/\/www.instagram.com\/lagoraipanoramicresort\/?hl=it","https:\/\/www.youtube.com\/channel\/UCbWMDsy3XeBQ0dk5DqPK5Uw\/"]}]}},"_links":{"self":[{"href":"https:\/\/hotel-lagorai.com\/de\/wp-json\/wp\/v2\/pages\/760","targetHints":{"allow":["GET"]}}],"collection":[{"href":"https:\/\/hotel-lagorai.com\/de\/wp-json\/wp\/v2\/pages"}],"about":[{"href":"https:\/\/hotel-lagorai.com\/de\/wp-json\/wp\/v2\/types\/page"}],"author":[{"embeddable":true,"href":"https:\/\/hotel-lagorai.com\/de\/wp-json\/wp\/v2\/users\/1"}],"replies":[{"embeddable":true,"href":"https:\/\/hotel-lagorai.com\/de\/wp-json\/wp\/v2\/comments?post=760"}],"version-history":[{"count":3,"href":"https:\/\/hotel-lagorai.com\/de\/wp-json\/wp\/v2\/pages\/760\/revisions"}],"predecessor-version":[{"id":763,"href":"https:\/\/hotel-lagorai.com\/de\/wp-json\/wp\/v2\/pages\/760\/revisions\/763"}],"wp:featuredmedia":[{"embeddable":true,"href":"https:\/\/hotel-lagorai.com\/de\/wp-json\/wp\/v2\/media\/564"}],"wp:attachment":[{"href":"https:\/\/hotel-lagorai.com\/de\/wp-json\/wp\/v2\/media?parent=760"}],"curies":[{"name":"wp","href":"https:\/\/api.w.org\/{rel}","templated":true}]}}