{"id":780,"date":"2024-04-09T07:36:41","date_gmt":"2024-04-09T05:36:41","guid":{"rendered":"https:\/\/hotel-lagorai.com\/shopping\/"},"modified":"2024-06-01T12:14:54","modified_gmt":"2024-06-01T10:14:54","slug":"shopping-fleimstal","status":"publish","type":"page","link":"https:\/\/hotel-lagorai.com\/de\/shopping-fleimstal\/","title":{"rendered":"Shopping"},"content":{"rendered":"\n<h2 class=\"wp-block-heading\">Shoppen im Val di Fiemme<\/h2>\n\n<h4 class=\"wp-block-heading has-text-align-center\">Tauchen Sie ein in die lokale Kultur, entdecken Sie die kleinen Handwerks- und Gastronomiegesch\u00e4fte unserer D\u00f6rfer!<\/h4>\n\n<p class=\"has-text-align-center\">Ein Bummel durch die Gesch\u00e4fte des Fleimstals ist nicht nur ein genussreicher Zeitvertreib, sondern auch eine Gelegenheit, die lokale Kultur etwas besser kennenzulernen.<br\/>Die zahlreichen Spezialit\u00e4tenl\u00e4den sind reich an typischen Produkten unserer Region, genauso wie die Wochenm\u00e4rkte,<br\/>die in den verschiedenen D\u00f6rfern des Tals stattfinden. Ebenfalls einen Besuch wert sind die historischen Handwerksl\u00e4den,<br\/>in denen Sie typische handgefertigte Stoffe und wertvolle Holzschnitzereien finden.<\/p>\n\n<p class=\"has-text-align-center\">Eine lokale Besonderheit sind auch die vielen Sportgesch\u00e4fte, die ein komplettes Sortiment der besten<br\/>&#8211; auch ortsans\u00e4ssigen &#8211; Marken anbieten und \u00fcber qualifiziertes Personal zu Ihrer Beratung verf\u00fcgen.<\/p>\n","protected":false},"excerpt":{"rendered":"<p>Shoppen im Val di Fiemme Tauchen Sie ein in die lokale Kultur, entdecken Sie die kleinen Handwerks- und Gastronomiegesch\u00e4fte unserer D\u00f6rfer! Ein Bummel durch die Gesch\u00e4fte des Fleimstals ist nicht nur ein genussreicher Zeitvertreib, sondern auch eine Gelegenheit, die lokale Kultur etwas besser kennenzulernen.Die zahlreichen Spezialit\u00e4tenl\u00e4den sind reich an typischen Produkten unserer Region, genauso wie<a href=\"https:\/\/hotel-lagorai.com\/de\/shopping-fleimstal\/\">Continue reading <span class=\"sr-only\">&#8222;Shopping&#8220;<\/span><\/a><\/p>\n","protected":false},"author":1,"featured_media":575,"parent":0,"menu_order":0,"comment_status":"closed","ping_status":"closed","template":"","meta":{"_acf_changed":false,"footnotes":""},"class_list":["post-780","page","type-page","status-publish","has-post-thumbnail","hentry"],"acf":[],"yoast_head":"<!-- This site is optimized with the Yoast SEO plugin v25.8 - https:\/\/yoast.com\/wordpress\/plugins\/seo\/ -->\n<title>Shopping - Hotel Lagorai - Panoramic Resort - Cavalese - Trentino - Italy<\/title>\n<meta name=\"robots\" content=\"index, follow, max-snippet:-1, max-image-preview:large, max-video-preview:-1\" \/>\n<link rel=\"canonical\" href=\"https:\/\/hotel-lagorai.com\/de\/shopping-fleimstal\/\" \/>\n<meta property=\"og:locale\" content=\"de_DE\" \/>\n<meta property=\"og:type\" content=\"article\" \/>\n<meta property=\"og:title\" content=\"Shopping - Hotel Lagorai - Panoramic Resort - Cavalese - Trentino - Italy\" \/>\n<meta property=\"og:description\" content=\"Shoppen im Val di Fiemme Tauchen Sie ein in die lokale Kultur, entdecken Sie die kleinen Handwerks- und Gastronomiegesch\u00e4fte unserer D\u00f6rfer! Ein Bummel durch die Gesch\u00e4fte des Fleimstals ist nicht nur ein genussreicher Zeitvertreib, sondern auch eine Gelegenheit, die lokale Kultur etwas besser kennenzulernen.Die zahlreichen Spezialit\u00e4tenl\u00e4den sind reich an typischen Produkten unserer Region, genauso wieContinue reading &quot;Shopping&quot;\" \/>\n<meta property=\"og:url\" content=\"https:\/\/hotel-lagorai.com\/de\/shopping-fleimstal\/\" \/>\n<meta property=\"og:site_name\" content=\"Hotel Lagorai - Panoramic Resort - Cavalese - Trentino - Italy\" \/>\n<meta property=\"article:publisher\" content=\"https:\/\/www.facebook.com\/pages\/Hotel-Lagorai-Resort-Spa\/116929181672933\" \/>\n<meta property=\"article:modified_time\" content=\"2024-06-01T10:14:54+00:00\" \/>\n<meta property=\"og:image\" content=\"https:\/\/hotel-lagorai.com\/wp-content\/uploads\/2024\/05\/A9582B82C2384CEEAE28970A80710FEC-testsmart.jpg\" \/>\n\t<meta property=\"og:image:width\" content=\"500\" \/>\n\t<meta property=\"og:image:height\" content=\"300\" \/>\n\t<meta property=\"og:image:type\" content=\"image\/jpeg\" \/>\n<meta name=\"twitter:card\" content=\"summary_large_image\" \/>\n<meta name=\"twitter:label1\" content=\"Gesch\u00e4tzte Lesezeit\" \/>\n\t<meta name=\"twitter:data1\" content=\"1\u00a0Minute\" \/>\n<script type=\"application\/ld+json\" class=\"yoast-schema-graph\">{\"@context\":\"https:\/\/schema.org\",\"@graph\":[{\"@type\":\"WebPage\",\"@id\":\"https:\/\/hotel-lagorai.com\/de\/shopping-fleimstal\/\",\"url\":\"https:\/\/hotel-lagorai.com\/de\/shopping-fleimstal\/\",\"name\":\"Shopping - Hotel Lagorai - Panoramic Resort - Cavalese - Trentino - Italy\",\"isPartOf\":{\"@id\":\"https:\/\/hotel-lagorai.com\/de\/#website\"},\"primaryImageOfPage\":{\"@id\":\"https:\/\/hotel-lagorai.com\/de\/shopping-fleimstal\/#primaryimage\"},\"image\":{\"@id\":\"https:\/\/hotel-lagorai.com\/de\/shopping-fleimstal\/#primaryimage\"},\"thumbnailUrl\":\"https:\/\/hotel-lagorai.com\/wp-content\/uploads\/2024\/05\/A9582B82C2384CEEAE28970A80710FEC-testsmart.jpg\",\"datePublished\":\"2024-04-09T05:36:41+00:00\",\"dateModified\":\"2024-06-01T10:14:54+00:00\",\"breadcrumb\":{\"@id\":\"https:\/\/hotel-lagorai.com\/de\/shopping-fleimstal\/#breadcrumb\"},\"inLanguage\":\"de\",\"potentialAction\":[{\"@type\":\"ReadAction\",\"target\":[\"https:\/\/hotel-lagorai.com\/de\/shopping-fleimstal\/\"]}]},{\"@type\":\"ImageObject\",\"inLanguage\":\"de\",\"@id\":\"https:\/\/hotel-lagorai.com\/de\/shopping-fleimstal\/#primaryimage\",\"url\":\"https:\/\/hotel-lagorai.com\/wp-content\/uploads\/2024\/05\/A9582B82C2384CEEAE28970A80710FEC-testsmart.jpg\",\"contentUrl\":\"https:\/\/hotel-lagorai.com\/wp-content\/uploads\/2024\/05\/A9582B82C2384CEEAE28970A80710FEC-testsmart.jpg\",\"width\":500,\"height\":300},{\"@type\":\"BreadcrumbList\",\"@id\":\"https:\/\/hotel-lagorai.com\/de\/shopping-fleimstal\/#breadcrumb\",\"itemListElement\":[{\"@type\":\"ListItem\",\"position\":1,\"name\":\"Home\",\"item\":\"https:\/\/hotel-lagorai.com\/de\/\"},{\"@type\":\"ListItem\",\"position\":2,\"name\":\"Shopping\"}]},{\"@type\":\"WebSite\",\"@id\":\"https:\/\/hotel-lagorai.com\/de\/#website\",\"url\":\"https:\/\/hotel-lagorai.com\/de\/\",\"name\":\"Hotel Lagorai - Panoramic Resort - Cavalese - Trentino - Italy\",\"description\":\"\",\"publisher\":{\"@id\":\"https:\/\/hotel-lagorai.com\/de\/#organization\"},\"potentialAction\":[{\"@type\":\"SearchAction\",\"target\":{\"@type\":\"EntryPoint\",\"urlTemplate\":\"https:\/\/hotel-lagorai.com\/de\/?s={search_term_string}\"},\"query-input\":{\"@type\":\"PropertyValueSpecification\",\"valueRequired\":true,\"valueName\":\"search_term_string\"}}],\"inLanguage\":\"de\"},{\"@type\":\"Organization\",\"@id\":\"https:\/\/hotel-lagorai.com\/de\/#organization\",\"name\":\"Hotel Lagorai - Panoramic Resort - Cavalese - Trentino - Italy\",\"url\":\"https:\/\/hotel-lagorai.com\/de\/\",\"logo\":{\"@type\":\"ImageObject\",\"inLanguage\":\"de\",\"@id\":\"https:\/\/hotel-lagorai.com\/de\/#\/schema\/logo\/image\/\",\"url\":\"https:\/\/hotel-lagorai.com\/wp-content\/uploads\/2024\/04\/toplogo.png\",\"contentUrl\":\"https:\/\/hotel-lagorai.com\/wp-content\/uploads\/2024\/04\/toplogo.png\",\"width\":220,\"height\":90,\"caption\":\"Hotel Lagorai - Panoramic Resort - Cavalese - Trentino - Italy\"},\"image\":{\"@id\":\"https:\/\/hotel-lagorai.com\/de\/#\/schema\/logo\/image\/\"},\"sameAs\":[\"https:\/\/www.facebook.com\/pages\/Hotel-Lagorai-Resort-Spa\/116929181672933\",\"https:\/\/www.instagram.com\/lagoraipanoramicresort\/?hl=it\",\"https:\/\/www.youtube.com\/channel\/UCbWMDsy3XeBQ0dk5DqPK5Uw\/\"]}]}<\/script>\n<!-- \/ Yoast SEO plugin. -->","yoast_head_json":{"title":"Shopping - Hotel Lagorai - Panoramic Resort - Cavalese - Trentino - Italy","robots":{"index":"index","follow":"follow","max-snippet":"max-snippet:-1","max-image-preview":"max-image-preview:large","max-video-preview":"max-video-preview:-1"},"canonical":"https:\/\/hotel-lagorai.com\/de\/shopping-fleimstal\/","og_locale":"de_DE","og_type":"article","og_title":"Shopping - Hotel Lagorai - Panoramic Resort - Cavalese - Trentino - Italy","og_description":"Shoppen im Val di Fiemme Tauchen Sie ein in die lokale Kultur, entdecken Sie die kleinen Handwerks- und Gastronomiegesch\u00e4fte unserer D\u00f6rfer! Ein Bummel durch die Gesch\u00e4fte des Fleimstals ist nicht nur ein genussreicher Zeitvertreib, sondern auch eine Gelegenheit, die lokale Kultur etwas besser kennenzulernen.Die zahlreichen Spezialit\u00e4tenl\u00e4den sind reich an typischen Produkten unserer Region, genauso wieContinue reading \"Shopping\"","og_url":"https:\/\/hotel-lagorai.com\/de\/shopping-fleimstal\/","og_site_name":"Hotel Lagorai - Panoramic Resort - Cavalese - Trentino - Italy","article_publisher":"https:\/\/www.facebook.com\/pages\/Hotel-Lagorai-Resort-Spa\/116929181672933","article_modified_time":"2024-06-01T10:14:54+00:00","og_image":[{"width":500,"height":300,"url":"https:\/\/hotel-lagorai.com\/wp-content\/uploads\/2024\/05\/A9582B82C2384CEEAE28970A80710FEC-testsmart.jpg","type":"image\/jpeg"}],"twitter_card":"summary_large_image","twitter_misc":{"Gesch\u00e4tzte Lesezeit":"1\u00a0Minute"},"schema":{"@context":"https:\/\/schema.org","@graph":[{"@type":"WebPage","@id":"https:\/\/hotel-lagorai.com\/de\/shopping-fleimstal\/","url":"https:\/\/hotel-lagorai.com\/de\/shopping-fleimstal\/","name":"Shopping - Hotel Lagorai - Panoramic Resort - Cavalese - Trentino - Italy","isPartOf":{"@id":"https:\/\/hotel-lagorai.com\/de\/#website"},"primaryImageOfPage":{"@id":"https:\/\/hotel-lagorai.com\/de\/shopping-fleimstal\/#primaryimage"},"image":{"@id":"https:\/\/hotel-lagorai.com\/de\/shopping-fleimstal\/#primaryimage"},"thumbnailUrl":"https:\/\/hotel-lagorai.com\/wp-content\/uploads\/2024\/05\/A9582B82C2384CEEAE28970A80710FEC-testsmart.jpg","datePublished":"2024-04-09T05:36:41+00:00","dateModified":"2024-06-01T10:14:54+00:00","breadcrumb":{"@id":"https:\/\/hotel-lagorai.com\/de\/shopping-fleimstal\/#breadcrumb"},"inLanguage":"de","potentialAction":[{"@type":"ReadAction","target":["https:\/\/hotel-lagorai.com\/de\/shopping-fleimstal\/"]}]},{"@type":"ImageObject","inLanguage":"de","@id":"https:\/\/hotel-lagorai.com\/de\/shopping-fleimstal\/#primaryimage","url":"https:\/\/hotel-lagorai.com\/wp-content\/uploads\/2024\/05\/A9582B82C2384CEEAE28970A80710FEC-testsmart.jpg","contentUrl":"https:\/\/hotel-lagorai.com\/wp-content\/uploads\/2024\/05\/A9582B82C2384CEEAE28970A80710FEC-testsmart.jpg","width":500,"height":300},{"@type":"BreadcrumbList","@id":"https:\/\/hotel-lagorai.com\/de\/shopping-fleimstal\/#breadcrumb","itemListElement":[{"@type":"ListItem","position":1,"name":"Home","item":"https:\/\/hotel-lagorai.com\/de\/"},{"@type":"ListItem","position":2,"name":"Shopping"}]},{"@type":"WebSite","@id":"https:\/\/hotel-lagorai.com\/de\/#website","url":"https:\/\/hotel-lagorai.com\/de\/","name":"Hotel Lagorai - Panoramic Resort - Cavalese - Trentino - Italy","description":"","publisher":{"@id":"https:\/\/hotel-lagorai.com\/de\/#organization"},"potentialAction":[{"@type":"SearchAction","target":{"@type":"EntryPoint","urlTemplate":"https:\/\/hotel-lagorai.com\/de\/?s={search_term_string}"},"query-input":{"@type":"PropertyValueSpecification","valueRequired":true,"valueName":"search_term_string"}}],"inLanguage":"de"},{"@type":"Organization","@id":"https:\/\/hotel-lagorai.com\/de\/#organization","name":"Hotel Lagorai - Panoramic Resort - Cavalese - Trentino - Italy","url":"https:\/\/hotel-lagorai.com\/de\/","logo":{"@type":"ImageObject","inLanguage":"de","@id":"https:\/\/hotel-lagorai.com\/de\/#\/schema\/logo\/image\/","url":"https:\/\/hotel-lagorai.com\/wp-content\/uploads\/2024\/04\/toplogo.png","contentUrl":"https:\/\/hotel-lagorai.com\/wp-content\/uploads\/2024\/04\/toplogo.png","width":220,"height":90,"caption":"Hotel Lagorai - Panoramic Resort - Cavalese - Trentino - Italy"},"image":{"@id":"https:\/\/hotel-lagorai.com\/de\/#\/schema\/logo\/image\/"},"sameAs":["https:\/\/www.facebook.com\/pages\/Hotel-Lagorai-Resort-Spa\/116929181672933","https:\/\/www.instagram.com\/lagoraipanoramicresort\/?hl=it","https:\/\/www.youtube.com\/channel\/UCbWMDsy3XeBQ0dk5DqPK5Uw\/"]}]}},"_links":{"self":[{"href":"https:\/\/hotel-lagorai.com\/de\/wp-json\/wp\/v2\/pages\/780","targetHints":{"allow":["GET"]}}],"collection":[{"href":"https:\/\/hotel-lagorai.com\/de\/wp-json\/wp\/v2\/pages"}],"about":[{"href":"https:\/\/hotel-lagorai.com\/de\/wp-json\/wp\/v2\/types\/page"}],"author":[{"embeddable":true,"href":"https:\/\/hotel-lagorai.com\/de\/wp-json\/wp\/v2\/users\/1"}],"replies":[{"embeddable":true,"href":"https:\/\/hotel-lagorai.com\/de\/wp-json\/wp\/v2\/comments?post=780"}],"version-history":[{"count":3,"href":"https:\/\/hotel-lagorai.com\/de\/wp-json\/wp\/v2\/pages\/780\/revisions"}],"predecessor-version":[{"id":783,"href":"https:\/\/hotel-lagorai.com\/de\/wp-json\/wp\/v2\/pages\/780\/revisions\/783"}],"wp:featuredmedia":[{"embeddable":true,"href":"https:\/\/hotel-lagorai.com\/de\/wp-json\/wp\/v2\/media\/575"}],"wp:attachment":[{"href":"https:\/\/hotel-lagorai.com\/de\/wp-json\/wp\/v2\/media?parent=780"}],"curies":[{"name":"wp","href":"https:\/\/api.w.org\/{rel}","templated":true}]}}