{"id":789,"date":"2024-04-09T07:37:04","date_gmt":"2024-04-09T05:37:04","guid":{"rendered":"https:\/\/hotel-lagorai.com\/urlaub-mit-kindern\/"},"modified":"2024-06-01T12:28:07","modified_gmt":"2024-06-01T10:28:07","slug":"urlaub-kinder-gratis","status":"publish","type":"page","link":"https:\/\/hotel-lagorai.com\/de\/urlaub-kinder-gratis\/","title":{"rendered":"Urlaub mit Kindern"},"content":{"rendered":"\n<h2 class=\"wp-block-heading\">Wir verw\u00f6hnen die ganze Familie&#8230;<\/h2>\n\n<h4 class=\"wp-block-heading has-text-align-center\">Endlich Zeit zum Geniessen, im Kreise Ihrer Liebsten<\/h4>\n\n<p class=\"has-text-align-center\">Wir widmen den Kindern kleine, aber wichtige Aufmerksamkeiten.<\/p>\n\n<p><strong>SPIELSTUBE<\/strong><\/p>\n\n<ul class=\"custom wp-block-list\">\n<li>Spielzimmer mit gummiertem Spielplatz und Baby-Ecke, Kickertisch (m\u00fcnzbetrieben); im gro\u00dfen von den majest\u00e4tischen Bergen umgebenen Garten des Hotels finden Sie unseren Spielplatz mit Schaukeln, Rutschen und Tischtennis. Geniessen Sie dort gemeinsam die frische Bergluft mit Spiel und Spa\u00df!<\/li>\n<\/ul>\n\n<p><strong>MINI-CLUB und KIBO-WORLD<\/strong><\/p>\n\n<ul class=\"custom wp-block-list\">\n<li>In den Sommermonaten Juli und August sowie w\u00e4hrend der Weihnachts- und Faschingsferien k\u00f6nnen Ihre Kinder (3-12 Jahre) an den \u201eMiniclub\u201c-Aktivit\u00e4ten teilnehmen, die t\u00e4glich (au\u00dfer sonntags) mit einer Kinderbetreuung von 16.00 bis 22.00 Uhr stattfinden.<\/li>\n<\/ul>\n\n<p><strong>UNSERE LEISTUNGEN<\/strong><\/p>\n\n<ul class=\"custom wp-block-list\">\n<li>Ein Men\u00fc, speziell f\u00fcr die Vorlieben Ihrer Kinder kreiert; auf Wunsch bekommen Sie P\u00fcree aus frischem Gem\u00fcse, Babynahrung, Smoothies und alles, was sich eine Mutter f\u00fcr ihr Kind nur w\u00fcnschen kann.<\/li>\n\n\n\n<li>Im Wellnessbereich finden Sie eine Schwimm-Ecke, die f\u00fcr die Kleinen reserviert ist.<\/li>\n\n\n\n<li>Babybettchen, Hochst\u00fchle &amp; Kindersitze, Wickeltisch. Vermietung von Kinderw\u00e4gen (je nach Verf\u00fcgbarkeit) \u20ac 15,00 pro Tag.<\/li>\n\n\n\n<li>Ein pers\u00f6nlicher Babysitter-Service ist auf Anfrage und gegen eine Geb\u00fchr m\u00f6glich.<\/li>\n\n\n\n<li>Vorzeitige \u00d6ffnung des Restaurants ist m\u00f6glich, damit die Kinder und dann die Eltern in Ruhe zu Mittag essen k\u00f6nnen.<\/li>\n<\/ul>\n","protected":false},"excerpt":{"rendered":"<p>Wir verw\u00f6hnen die ganze Familie&#8230; Endlich Zeit zum Geniessen, im Kreise Ihrer Liebsten Wir widmen den Kindern kleine, aber wichtige Aufmerksamkeiten. SPIELSTUBE MINI-CLUB und KIBO-WORLD UNSERE LEISTUNGEN<\/p>\n","protected":false},"author":1,"featured_media":579,"parent":0,"menu_order":0,"comment_status":"closed","ping_status":"closed","template":"","meta":{"_acf_changed":false,"footnotes":""},"class_list":["post-789","page","type-page","status-publish","has-post-thumbnail","hentry"],"acf":[],"yoast_head":"<!-- This site is optimized with the Yoast SEO plugin v25.8 - https:\/\/yoast.com\/wordpress\/plugins\/seo\/ -->\n<title>Urlaub mit Kindern - Hotel Lagorai - Panoramic Resort - Cavalese - Trentino - Italy<\/title>\n<meta name=\"robots\" content=\"index, follow, max-snippet:-1, max-image-preview:large, max-video-preview:-1\" \/>\n<link rel=\"canonical\" href=\"https:\/\/hotel-lagorai.com\/de\/urlaub-kinder-gratis\/\" \/>\n<meta property=\"og:locale\" content=\"de_DE\" \/>\n<meta property=\"og:type\" content=\"article\" \/>\n<meta property=\"og:title\" content=\"Urlaub mit Kindern - Hotel Lagorai - Panoramic Resort - Cavalese - Trentino - Italy\" \/>\n<meta property=\"og:description\" content=\"Wir verw\u00f6hnen die ganze Familie&#8230; Endlich Zeit zum Geniessen, im Kreise Ihrer Liebsten Wir widmen den Kindern kleine, aber wichtige Aufmerksamkeiten. SPIELSTUBE MINI-CLUB und KIBO-WORLD UNSERE LEISTUNGEN\" \/>\n<meta property=\"og:url\" content=\"https:\/\/hotel-lagorai.com\/de\/urlaub-kinder-gratis\/\" \/>\n<meta property=\"og:site_name\" content=\"Hotel Lagorai - Panoramic Resort - Cavalese - Trentino - Italy\" \/>\n<meta property=\"article:publisher\" content=\"https:\/\/www.facebook.com\/pages\/Hotel-Lagorai-Resort-Spa\/116929181672933\" \/>\n<meta property=\"article:modified_time\" content=\"2024-06-01T10:28:07+00:00\" \/>\n<meta property=\"og:image\" content=\"https:\/\/hotel-lagorai.com\/wp-content\/uploads\/2024\/05\/0EE7E84094C94BDC97F28D7B1F6590CC-testata.jpg\" \/>\n\t<meta property=\"og:image:width\" content=\"2000\" \/>\n\t<meta property=\"og:image:height\" content=\"530\" \/>\n\t<meta property=\"og:image:type\" content=\"image\/jpeg\" \/>\n<meta name=\"twitter:card\" content=\"summary_large_image\" \/>\n<meta name=\"twitter:label1\" content=\"Gesch\u00e4tzte Lesezeit\" \/>\n\t<meta name=\"twitter:data1\" content=\"1\u00a0Minute\" \/>\n<script type=\"application\/ld+json\" class=\"yoast-schema-graph\">{\"@context\":\"https:\/\/schema.org\",\"@graph\":[{\"@type\":\"WebPage\",\"@id\":\"https:\/\/hotel-lagorai.com\/de\/urlaub-kinder-gratis\/\",\"url\":\"https:\/\/hotel-lagorai.com\/de\/urlaub-kinder-gratis\/\",\"name\":\"Urlaub mit Kindern - Hotel Lagorai - Panoramic Resort - Cavalese - Trentino - Italy\",\"isPartOf\":{\"@id\":\"https:\/\/hotel-lagorai.com\/de\/#website\"},\"primaryImageOfPage\":{\"@id\":\"https:\/\/hotel-lagorai.com\/de\/urlaub-kinder-gratis\/#primaryimage\"},\"image\":{\"@id\":\"https:\/\/hotel-lagorai.com\/de\/urlaub-kinder-gratis\/#primaryimage\"},\"thumbnailUrl\":\"https:\/\/hotel-lagorai.com\/wp-content\/uploads\/2024\/05\/0EE7E84094C94BDC97F28D7B1F6590CC-testata.jpg\",\"datePublished\":\"2024-04-09T05:37:04+00:00\",\"dateModified\":\"2024-06-01T10:28:07+00:00\",\"breadcrumb\":{\"@id\":\"https:\/\/hotel-lagorai.com\/de\/urlaub-kinder-gratis\/#breadcrumb\"},\"inLanguage\":\"de\",\"potentialAction\":[{\"@type\":\"ReadAction\",\"target\":[\"https:\/\/hotel-lagorai.com\/de\/urlaub-kinder-gratis\/\"]}]},{\"@type\":\"ImageObject\",\"inLanguage\":\"de\",\"@id\":\"https:\/\/hotel-lagorai.com\/de\/urlaub-kinder-gratis\/#primaryimage\",\"url\":\"https:\/\/hotel-lagorai.com\/wp-content\/uploads\/2024\/05\/0EE7E84094C94BDC97F28D7B1F6590CC-testata.jpg\",\"contentUrl\":\"https:\/\/hotel-lagorai.com\/wp-content\/uploads\/2024\/05\/0EE7E84094C94BDC97F28D7B1F6590CC-testata.jpg\",\"width\":2000,\"height\":530},{\"@type\":\"BreadcrumbList\",\"@id\":\"https:\/\/hotel-lagorai.com\/de\/urlaub-kinder-gratis\/#breadcrumb\",\"itemListElement\":[{\"@type\":\"ListItem\",\"position\":1,\"name\":\"Home\",\"item\":\"https:\/\/hotel-lagorai.com\/de\/\"},{\"@type\":\"ListItem\",\"position\":2,\"name\":\"Urlaub mit Kindern\"}]},{\"@type\":\"WebSite\",\"@id\":\"https:\/\/hotel-lagorai.com\/de\/#website\",\"url\":\"https:\/\/hotel-lagorai.com\/de\/\",\"name\":\"Hotel Lagorai - Panoramic Resort - Cavalese - Trentino - Italy\",\"description\":\"\",\"publisher\":{\"@id\":\"https:\/\/hotel-lagorai.com\/de\/#organization\"},\"potentialAction\":[{\"@type\":\"SearchAction\",\"target\":{\"@type\":\"EntryPoint\",\"urlTemplate\":\"https:\/\/hotel-lagorai.com\/de\/?s={search_term_string}\"},\"query-input\":{\"@type\":\"PropertyValueSpecification\",\"valueRequired\":true,\"valueName\":\"search_term_string\"}}],\"inLanguage\":\"de\"},{\"@type\":\"Organization\",\"@id\":\"https:\/\/hotel-lagorai.com\/de\/#organization\",\"name\":\"Hotel Lagorai - Panoramic Resort - Cavalese - Trentino - Italy\",\"url\":\"https:\/\/hotel-lagorai.com\/de\/\",\"logo\":{\"@type\":\"ImageObject\",\"inLanguage\":\"de\",\"@id\":\"https:\/\/hotel-lagorai.com\/de\/#\/schema\/logo\/image\/\",\"url\":\"https:\/\/hotel-lagorai.com\/wp-content\/uploads\/2024\/04\/toplogo.png\",\"contentUrl\":\"https:\/\/hotel-lagorai.com\/wp-content\/uploads\/2024\/04\/toplogo.png\",\"width\":220,\"height\":90,\"caption\":\"Hotel Lagorai - Panoramic Resort - Cavalese - Trentino - Italy\"},\"image\":{\"@id\":\"https:\/\/hotel-lagorai.com\/de\/#\/schema\/logo\/image\/\"},\"sameAs\":[\"https:\/\/www.facebook.com\/pages\/Hotel-Lagorai-Resort-Spa\/116929181672933\",\"https:\/\/www.instagram.com\/lagoraipanoramicresort\/?hl=it\",\"https:\/\/www.youtube.com\/channel\/UCbWMDsy3XeBQ0dk5DqPK5Uw\/\"]}]}<\/script>\n<!-- \/ Yoast SEO plugin. -->","yoast_head_json":{"title":"Urlaub mit Kindern - Hotel Lagorai - Panoramic Resort - Cavalese - Trentino - Italy","robots":{"index":"index","follow":"follow","max-snippet":"max-snippet:-1","max-image-preview":"max-image-preview:large","max-video-preview":"max-video-preview:-1"},"canonical":"https:\/\/hotel-lagorai.com\/de\/urlaub-kinder-gratis\/","og_locale":"de_DE","og_type":"article","og_title":"Urlaub mit Kindern - Hotel Lagorai - Panoramic Resort - Cavalese - Trentino - Italy","og_description":"Wir verw\u00f6hnen die ganze Familie&#8230; Endlich Zeit zum Geniessen, im Kreise Ihrer Liebsten Wir widmen den Kindern kleine, aber wichtige Aufmerksamkeiten. SPIELSTUBE MINI-CLUB und KIBO-WORLD UNSERE LEISTUNGEN","og_url":"https:\/\/hotel-lagorai.com\/de\/urlaub-kinder-gratis\/","og_site_name":"Hotel Lagorai - Panoramic Resort - Cavalese - Trentino - Italy","article_publisher":"https:\/\/www.facebook.com\/pages\/Hotel-Lagorai-Resort-Spa\/116929181672933","article_modified_time":"2024-06-01T10:28:07+00:00","og_image":[{"width":2000,"height":530,"url":"https:\/\/hotel-lagorai.com\/wp-content\/uploads\/2024\/05\/0EE7E84094C94BDC97F28D7B1F6590CC-testata.jpg","type":"image\/jpeg"}],"twitter_card":"summary_large_image","twitter_misc":{"Gesch\u00e4tzte Lesezeit":"1\u00a0Minute"},"schema":{"@context":"https:\/\/schema.org","@graph":[{"@type":"WebPage","@id":"https:\/\/hotel-lagorai.com\/de\/urlaub-kinder-gratis\/","url":"https:\/\/hotel-lagorai.com\/de\/urlaub-kinder-gratis\/","name":"Urlaub mit Kindern - Hotel Lagorai - Panoramic Resort - Cavalese - Trentino - Italy","isPartOf":{"@id":"https:\/\/hotel-lagorai.com\/de\/#website"},"primaryImageOfPage":{"@id":"https:\/\/hotel-lagorai.com\/de\/urlaub-kinder-gratis\/#primaryimage"},"image":{"@id":"https:\/\/hotel-lagorai.com\/de\/urlaub-kinder-gratis\/#primaryimage"},"thumbnailUrl":"https:\/\/hotel-lagorai.com\/wp-content\/uploads\/2024\/05\/0EE7E84094C94BDC97F28D7B1F6590CC-testata.jpg","datePublished":"2024-04-09T05:37:04+00:00","dateModified":"2024-06-01T10:28:07+00:00","breadcrumb":{"@id":"https:\/\/hotel-lagorai.com\/de\/urlaub-kinder-gratis\/#breadcrumb"},"inLanguage":"de","potentialAction":[{"@type":"ReadAction","target":["https:\/\/hotel-lagorai.com\/de\/urlaub-kinder-gratis\/"]}]},{"@type":"ImageObject","inLanguage":"de","@id":"https:\/\/hotel-lagorai.com\/de\/urlaub-kinder-gratis\/#primaryimage","url":"https:\/\/hotel-lagorai.com\/wp-content\/uploads\/2024\/05\/0EE7E84094C94BDC97F28D7B1F6590CC-testata.jpg","contentUrl":"https:\/\/hotel-lagorai.com\/wp-content\/uploads\/2024\/05\/0EE7E84094C94BDC97F28D7B1F6590CC-testata.jpg","width":2000,"height":530},{"@type":"BreadcrumbList","@id":"https:\/\/hotel-lagorai.com\/de\/urlaub-kinder-gratis\/#breadcrumb","itemListElement":[{"@type":"ListItem","position":1,"name":"Home","item":"https:\/\/hotel-lagorai.com\/de\/"},{"@type":"ListItem","position":2,"name":"Urlaub mit Kindern"}]},{"@type":"WebSite","@id":"https:\/\/hotel-lagorai.com\/de\/#website","url":"https:\/\/hotel-lagorai.com\/de\/","name":"Hotel Lagorai - Panoramic Resort - Cavalese - Trentino - Italy","description":"","publisher":{"@id":"https:\/\/hotel-lagorai.com\/de\/#organization"},"potentialAction":[{"@type":"SearchAction","target":{"@type":"EntryPoint","urlTemplate":"https:\/\/hotel-lagorai.com\/de\/?s={search_term_string}"},"query-input":{"@type":"PropertyValueSpecification","valueRequired":true,"valueName":"search_term_string"}}],"inLanguage":"de"},{"@type":"Organization","@id":"https:\/\/hotel-lagorai.com\/de\/#organization","name":"Hotel Lagorai - Panoramic Resort - Cavalese - Trentino - Italy","url":"https:\/\/hotel-lagorai.com\/de\/","logo":{"@type":"ImageObject","inLanguage":"de","@id":"https:\/\/hotel-lagorai.com\/de\/#\/schema\/logo\/image\/","url":"https:\/\/hotel-lagorai.com\/wp-content\/uploads\/2024\/04\/toplogo.png","contentUrl":"https:\/\/hotel-lagorai.com\/wp-content\/uploads\/2024\/04\/toplogo.png","width":220,"height":90,"caption":"Hotel Lagorai - Panoramic Resort - Cavalese - Trentino - Italy"},"image":{"@id":"https:\/\/hotel-lagorai.com\/de\/#\/schema\/logo\/image\/"},"sameAs":["https:\/\/www.facebook.com\/pages\/Hotel-Lagorai-Resort-Spa\/116929181672933","https:\/\/www.instagram.com\/lagoraipanoramicresort\/?hl=it","https:\/\/www.youtube.com\/channel\/UCbWMDsy3XeBQ0dk5DqPK5Uw\/"]}]}},"_links":{"self":[{"href":"https:\/\/hotel-lagorai.com\/de\/wp-json\/wp\/v2\/pages\/789","targetHints":{"allow":["GET"]}}],"collection":[{"href":"https:\/\/hotel-lagorai.com\/de\/wp-json\/wp\/v2\/pages"}],"about":[{"href":"https:\/\/hotel-lagorai.com\/de\/wp-json\/wp\/v2\/types\/page"}],"author":[{"embeddable":true,"href":"https:\/\/hotel-lagorai.com\/de\/wp-json\/wp\/v2\/users\/1"}],"replies":[{"embeddable":true,"href":"https:\/\/hotel-lagorai.com\/de\/wp-json\/wp\/v2\/comments?post=789"}],"version-history":[{"count":3,"href":"https:\/\/hotel-lagorai.com\/de\/wp-json\/wp\/v2\/pages\/789\/revisions"}],"predecessor-version":[{"id":792,"href":"https:\/\/hotel-lagorai.com\/de\/wp-json\/wp\/v2\/pages\/789\/revisions\/792"}],"wp:featuredmedia":[{"embeddable":true,"href":"https:\/\/hotel-lagorai.com\/de\/wp-json\/wp\/v2\/media\/579"}],"wp:attachment":[{"href":"https:\/\/hotel-lagorai.com\/de\/wp-json\/wp\/v2\/media?parent=789"}],"curies":[{"name":"wp","href":"https:\/\/api.w.org\/{rel}","templated":true}]}}