{"id":797,"date":"2024-04-09T07:37:27","date_gmt":"2024-04-09T05:37:27","guid":{"rendered":"https:\/\/hotel-lagorai.com\/4-beinige-freunde\/"},"modified":"2024-10-29T09:16:02","modified_gmt":"2024-10-29T08:16:02","slug":"4-beinige-freunde","status":"publish","type":"page","link":"https:\/\/hotel-lagorai.com\/de\/4-beinige-freunde\/","title":{"rendered":"4-beinige Freunde"},"content":{"rendered":"\n<h2 class=\"wp-block-heading\">Auch Ihre vierbeinigen Freunde sind bei uns herzlich willkommen!<\/h2>\n\n\n\n<h4 class=\"wp-block-heading has-text-align-center\">Verbringen Sie Ihre Ferien mit Spa\u00df und Freude &#8211; zusammen mit Ihrem Haustier!<\/h4>\n\n\n\n<p class=\"has-text-align-center\">Es ist sch\u00f6n den Urlaub zusammen mit ihrem vierbeinigen Gef\u00e4hrten zu verbringen, deshalb ist Ihr Haustier bei uns im Lagorai selbstverst\u00e4ndlich willkommen!<br>Er wird Sie auf Ihren Bergausfl\u00fcgen begleiten, gemeinsam werden Sie wunderbare Momente erleben.<br>Wenn Sie zur\u00fcckkommen, m\u00f6chten wir Sie allerdings bitten, Ihr Haustier nicht in die Gemeinschaftsr\u00e4ume und den Garten mitzunehmen.<\/p>\n\n\n\n<p class=\"has-text-align-center\">Wir m\u00f6chten Sie auch daran erinnern, dass die Verantwortung f\u00fcr jegliche Sachsch\u00e4den oder Verletzung von Personen der Besitzer des Tieres tr\u00e4gt.<br>ir garantieren andererseits, dass die Zimmer, wo Tiere mituntergebracht werden, f\u00fcr ein Maximum an Hygiene gr\u00fcndlich gereinigt werden.<\/p>\n\n\n\n<p class=\"has-text-align-center\"><strong>Hunde werden auf Anfrage akzeptiert, es k\u00f6nnen Gr\u00f6\u00dfenbeschr\u00e4nkungen gelten, es wird eine Servicegeb\u00fchr erhoben.<\/strong><\/p>\n","protected":false},"excerpt":{"rendered":"<p>Auch Ihre vierbeinigen Freunde sind bei uns herzlich willkommen! Verbringen Sie Ihre Ferien mit Spa\u00df und Freude &#8211; zusammen mit Ihrem Haustier! Es ist sch\u00f6n den Urlaub zusammen mit ihrem vierbeinigen Gef\u00e4hrten zu verbringen, deshalb ist Ihr Haustier bei uns im Lagorai selbstverst\u00e4ndlich willkommen!Er wird Sie auf Ihren Bergausfl\u00fcgen begleiten, gemeinsam werden Sie wunderbare Momente<a href=\"https:\/\/hotel-lagorai.com\/de\/4-beinige-freunde\/\">Continue reading <span class=\"sr-only\">&#8222;4-beinige Freunde&#8220;<\/span><\/a><\/p>\n","protected":false},"author":1,"featured_media":584,"parent":0,"menu_order":0,"comment_status":"closed","ping_status":"closed","template":"","meta":{"_acf_changed":false,"footnotes":""},"class_list":["post-797","page","type-page","status-publish","has-post-thumbnail","hentry"],"acf":[],"yoast_head":"<!-- This site is optimized with the Yoast SEO plugin v25.8 - https:\/\/yoast.com\/wordpress\/plugins\/seo\/ -->\n<title>4-beinige Freunde - Hotel Lagorai - Panoramic Resort - Cavalese - Trentino - Italy<\/title>\n<meta name=\"robots\" content=\"index, follow, max-snippet:-1, max-image-preview:large, max-video-preview:-1\" \/>\n<link rel=\"canonical\" href=\"https:\/\/hotel-lagorai.com\/de\/4-beinige-freunde\/\" \/>\n<meta property=\"og:locale\" content=\"de_DE\" \/>\n<meta property=\"og:type\" content=\"article\" \/>\n<meta property=\"og:title\" content=\"4-beinige Freunde - Hotel Lagorai - Panoramic Resort - Cavalese - Trentino - Italy\" \/>\n<meta property=\"og:description\" content=\"Auch Ihre vierbeinigen Freunde sind bei uns herzlich willkommen! Verbringen Sie Ihre Ferien mit Spa\u00df und Freude &#8211; zusammen mit Ihrem Haustier! Es ist sch\u00f6n den Urlaub zusammen mit ihrem vierbeinigen Gef\u00e4hrten zu verbringen, deshalb ist Ihr Haustier bei uns im Lagorai selbstverst\u00e4ndlich willkommen!Er wird Sie auf Ihren Bergausfl\u00fcgen begleiten, gemeinsam werden Sie wunderbare MomenteContinue reading &quot;4-beinige Freunde&quot;\" \/>\n<meta property=\"og:url\" content=\"https:\/\/hotel-lagorai.com\/de\/4-beinige-freunde\/\" \/>\n<meta property=\"og:site_name\" content=\"Hotel Lagorai - Panoramic Resort - Cavalese - Trentino - Italy\" \/>\n<meta property=\"article:publisher\" content=\"https:\/\/www.facebook.com\/pages\/Hotel-Lagorai-Resort-Spa\/116929181672933\" \/>\n<meta property=\"article:modified_time\" content=\"2024-10-29T08:16:02+00:00\" \/>\n<meta property=\"og:image\" content=\"https:\/\/hotel-lagorai.com\/wp-content\/uploads\/2024\/05\/734B2299A2A64E61A720FA62B9FDAE6F-testata.jpg\" \/>\n\t<meta property=\"og:image:width\" content=\"2000\" \/>\n\t<meta property=\"og:image:height\" content=\"530\" \/>\n\t<meta property=\"og:image:type\" content=\"image\/jpeg\" \/>\n<meta name=\"twitter:card\" content=\"summary_large_image\" \/>\n<meta name=\"twitter:label1\" content=\"Gesch\u00e4tzte Lesezeit\" \/>\n\t<meta name=\"twitter:data1\" content=\"1\u00a0Minute\" \/>\n<script type=\"application\/ld+json\" class=\"yoast-schema-graph\">{\"@context\":\"https:\/\/schema.org\",\"@graph\":[{\"@type\":\"WebPage\",\"@id\":\"https:\/\/hotel-lagorai.com\/de\/4-beinige-freunde\/\",\"url\":\"https:\/\/hotel-lagorai.com\/de\/4-beinige-freunde\/\",\"name\":\"4-beinige Freunde - Hotel Lagorai - Panoramic Resort - Cavalese - Trentino - Italy\",\"isPartOf\":{\"@id\":\"https:\/\/hotel-lagorai.com\/de\/#website\"},\"primaryImageOfPage\":{\"@id\":\"https:\/\/hotel-lagorai.com\/de\/4-beinige-freunde\/#primaryimage\"},\"image\":{\"@id\":\"https:\/\/hotel-lagorai.com\/de\/4-beinige-freunde\/#primaryimage\"},\"thumbnailUrl\":\"https:\/\/hotel-lagorai.com\/wp-content\/uploads\/2024\/05\/734B2299A2A64E61A720FA62B9FDAE6F-testata.jpg\",\"datePublished\":\"2024-04-09T05:37:27+00:00\",\"dateModified\":\"2024-10-29T08:16:02+00:00\",\"breadcrumb\":{\"@id\":\"https:\/\/hotel-lagorai.com\/de\/4-beinige-freunde\/#breadcrumb\"},\"inLanguage\":\"de\",\"potentialAction\":[{\"@type\":\"ReadAction\",\"target\":[\"https:\/\/hotel-lagorai.com\/de\/4-beinige-freunde\/\"]}]},{\"@type\":\"ImageObject\",\"inLanguage\":\"de\",\"@id\":\"https:\/\/hotel-lagorai.com\/de\/4-beinige-freunde\/#primaryimage\",\"url\":\"https:\/\/hotel-lagorai.com\/wp-content\/uploads\/2024\/05\/734B2299A2A64E61A720FA62B9FDAE6F-testata.jpg\",\"contentUrl\":\"https:\/\/hotel-lagorai.com\/wp-content\/uploads\/2024\/05\/734B2299A2A64E61A720FA62B9FDAE6F-testata.jpg\",\"width\":2000,\"height\":530},{\"@type\":\"BreadcrumbList\",\"@id\":\"https:\/\/hotel-lagorai.com\/de\/4-beinige-freunde\/#breadcrumb\",\"itemListElement\":[{\"@type\":\"ListItem\",\"position\":1,\"name\":\"Home\",\"item\":\"https:\/\/hotel-lagorai.com\/de\/\"},{\"@type\":\"ListItem\",\"position\":2,\"name\":\"4-beinige Freunde\"}]},{\"@type\":\"WebSite\",\"@id\":\"https:\/\/hotel-lagorai.com\/de\/#website\",\"url\":\"https:\/\/hotel-lagorai.com\/de\/\",\"name\":\"Hotel Lagorai - Panoramic Resort - Cavalese - Trentino - Italy\",\"description\":\"\",\"publisher\":{\"@id\":\"https:\/\/hotel-lagorai.com\/de\/#organization\"},\"potentialAction\":[{\"@type\":\"SearchAction\",\"target\":{\"@type\":\"EntryPoint\",\"urlTemplate\":\"https:\/\/hotel-lagorai.com\/de\/?s={search_term_string}\"},\"query-input\":{\"@type\":\"PropertyValueSpecification\",\"valueRequired\":true,\"valueName\":\"search_term_string\"}}],\"inLanguage\":\"de\"},{\"@type\":\"Organization\",\"@id\":\"https:\/\/hotel-lagorai.com\/de\/#organization\",\"name\":\"Hotel Lagorai - Panoramic Resort - Cavalese - Trentino - Italy\",\"url\":\"https:\/\/hotel-lagorai.com\/de\/\",\"logo\":{\"@type\":\"ImageObject\",\"inLanguage\":\"de\",\"@id\":\"https:\/\/hotel-lagorai.com\/de\/#\/schema\/logo\/image\/\",\"url\":\"https:\/\/hotel-lagorai.com\/wp-content\/uploads\/2024\/04\/toplogo.png\",\"contentUrl\":\"https:\/\/hotel-lagorai.com\/wp-content\/uploads\/2024\/04\/toplogo.png\",\"width\":220,\"height\":90,\"caption\":\"Hotel Lagorai - Panoramic Resort - Cavalese - Trentino - Italy\"},\"image\":{\"@id\":\"https:\/\/hotel-lagorai.com\/de\/#\/schema\/logo\/image\/\"},\"sameAs\":[\"https:\/\/www.facebook.com\/pages\/Hotel-Lagorai-Resort-Spa\/116929181672933\",\"https:\/\/www.instagram.com\/lagoraipanoramicresort\/?hl=it\",\"https:\/\/www.youtube.com\/channel\/UCbWMDsy3XeBQ0dk5DqPK5Uw\/\"]}]}<\/script>\n<!-- \/ Yoast SEO plugin. -->","yoast_head_json":{"title":"4-beinige Freunde - Hotel Lagorai - Panoramic Resort - Cavalese - Trentino - Italy","robots":{"index":"index","follow":"follow","max-snippet":"max-snippet:-1","max-image-preview":"max-image-preview:large","max-video-preview":"max-video-preview:-1"},"canonical":"https:\/\/hotel-lagorai.com\/de\/4-beinige-freunde\/","og_locale":"de_DE","og_type":"article","og_title":"4-beinige Freunde - Hotel Lagorai - Panoramic Resort - Cavalese - Trentino - Italy","og_description":"Auch Ihre vierbeinigen Freunde sind bei uns herzlich willkommen! Verbringen Sie Ihre Ferien mit Spa\u00df und Freude &#8211; zusammen mit Ihrem Haustier! Es ist sch\u00f6n den Urlaub zusammen mit ihrem vierbeinigen Gef\u00e4hrten zu verbringen, deshalb ist Ihr Haustier bei uns im Lagorai selbstverst\u00e4ndlich willkommen!Er wird Sie auf Ihren Bergausfl\u00fcgen begleiten, gemeinsam werden Sie wunderbare MomenteContinue reading \"4-beinige Freunde\"","og_url":"https:\/\/hotel-lagorai.com\/de\/4-beinige-freunde\/","og_site_name":"Hotel Lagorai - Panoramic Resort - Cavalese - Trentino - Italy","article_publisher":"https:\/\/www.facebook.com\/pages\/Hotel-Lagorai-Resort-Spa\/116929181672933","article_modified_time":"2024-10-29T08:16:02+00:00","og_image":[{"width":2000,"height":530,"url":"https:\/\/hotel-lagorai.com\/wp-content\/uploads\/2024\/05\/734B2299A2A64E61A720FA62B9FDAE6F-testata.jpg","type":"image\/jpeg"}],"twitter_card":"summary_large_image","twitter_misc":{"Gesch\u00e4tzte Lesezeit":"1\u00a0Minute"},"schema":{"@context":"https:\/\/schema.org","@graph":[{"@type":"WebPage","@id":"https:\/\/hotel-lagorai.com\/de\/4-beinige-freunde\/","url":"https:\/\/hotel-lagorai.com\/de\/4-beinige-freunde\/","name":"4-beinige Freunde - Hotel Lagorai - Panoramic Resort - Cavalese - Trentino - Italy","isPartOf":{"@id":"https:\/\/hotel-lagorai.com\/de\/#website"},"primaryImageOfPage":{"@id":"https:\/\/hotel-lagorai.com\/de\/4-beinige-freunde\/#primaryimage"},"image":{"@id":"https:\/\/hotel-lagorai.com\/de\/4-beinige-freunde\/#primaryimage"},"thumbnailUrl":"https:\/\/hotel-lagorai.com\/wp-content\/uploads\/2024\/05\/734B2299A2A64E61A720FA62B9FDAE6F-testata.jpg","datePublished":"2024-04-09T05:37:27+00:00","dateModified":"2024-10-29T08:16:02+00:00","breadcrumb":{"@id":"https:\/\/hotel-lagorai.com\/de\/4-beinige-freunde\/#breadcrumb"},"inLanguage":"de","potentialAction":[{"@type":"ReadAction","target":["https:\/\/hotel-lagorai.com\/de\/4-beinige-freunde\/"]}]},{"@type":"ImageObject","inLanguage":"de","@id":"https:\/\/hotel-lagorai.com\/de\/4-beinige-freunde\/#primaryimage","url":"https:\/\/hotel-lagorai.com\/wp-content\/uploads\/2024\/05\/734B2299A2A64E61A720FA62B9FDAE6F-testata.jpg","contentUrl":"https:\/\/hotel-lagorai.com\/wp-content\/uploads\/2024\/05\/734B2299A2A64E61A720FA62B9FDAE6F-testata.jpg","width":2000,"height":530},{"@type":"BreadcrumbList","@id":"https:\/\/hotel-lagorai.com\/de\/4-beinige-freunde\/#breadcrumb","itemListElement":[{"@type":"ListItem","position":1,"name":"Home","item":"https:\/\/hotel-lagorai.com\/de\/"},{"@type":"ListItem","position":2,"name":"4-beinige Freunde"}]},{"@type":"WebSite","@id":"https:\/\/hotel-lagorai.com\/de\/#website","url":"https:\/\/hotel-lagorai.com\/de\/","name":"Hotel Lagorai - Panoramic Resort - Cavalese - Trentino - Italy","description":"","publisher":{"@id":"https:\/\/hotel-lagorai.com\/de\/#organization"},"potentialAction":[{"@type":"SearchAction","target":{"@type":"EntryPoint","urlTemplate":"https:\/\/hotel-lagorai.com\/de\/?s={search_term_string}"},"query-input":{"@type":"PropertyValueSpecification","valueRequired":true,"valueName":"search_term_string"}}],"inLanguage":"de"},{"@type":"Organization","@id":"https:\/\/hotel-lagorai.com\/de\/#organization","name":"Hotel Lagorai - Panoramic Resort - Cavalese - Trentino - Italy","url":"https:\/\/hotel-lagorai.com\/de\/","logo":{"@type":"ImageObject","inLanguage":"de","@id":"https:\/\/hotel-lagorai.com\/de\/#\/schema\/logo\/image\/","url":"https:\/\/hotel-lagorai.com\/wp-content\/uploads\/2024\/04\/toplogo.png","contentUrl":"https:\/\/hotel-lagorai.com\/wp-content\/uploads\/2024\/04\/toplogo.png","width":220,"height":90,"caption":"Hotel Lagorai - Panoramic Resort - Cavalese - Trentino - Italy"},"image":{"@id":"https:\/\/hotel-lagorai.com\/de\/#\/schema\/logo\/image\/"},"sameAs":["https:\/\/www.facebook.com\/pages\/Hotel-Lagorai-Resort-Spa\/116929181672933","https:\/\/www.instagram.com\/lagoraipanoramicresort\/?hl=it","https:\/\/www.youtube.com\/channel\/UCbWMDsy3XeBQ0dk5DqPK5Uw\/"]}]}},"_links":{"self":[{"href":"https:\/\/hotel-lagorai.com\/de\/wp-json\/wp\/v2\/pages\/797","targetHints":{"allow":["GET"]}}],"collection":[{"href":"https:\/\/hotel-lagorai.com\/de\/wp-json\/wp\/v2\/pages"}],"about":[{"href":"https:\/\/hotel-lagorai.com\/de\/wp-json\/wp\/v2\/types\/page"}],"author":[{"embeddable":true,"href":"https:\/\/hotel-lagorai.com\/de\/wp-json\/wp\/v2\/users\/1"}],"replies":[{"embeddable":true,"href":"https:\/\/hotel-lagorai.com\/de\/wp-json\/wp\/v2\/comments?post=797"}],"version-history":[{"count":4,"href":"https:\/\/hotel-lagorai.com\/de\/wp-json\/wp\/v2\/pages\/797\/revisions"}],"predecessor-version":[{"id":1872,"href":"https:\/\/hotel-lagorai.com\/de\/wp-json\/wp\/v2\/pages\/797\/revisions\/1872"}],"wp:featuredmedia":[{"embeddable":true,"href":"https:\/\/hotel-lagorai.com\/de\/wp-json\/wp\/v2\/media\/584"}],"wp:attachment":[{"href":"https:\/\/hotel-lagorai.com\/de\/wp-json\/wp\/v2\/media?parent=797"}],"curies":[{"name":"wp","href":"https:\/\/api.w.org\/{rel}","templated":true}]}}