{"id":811,"date":"2024-04-09T07:42:29","date_gmt":"2024-04-09T05:42:29","guid":{"rendered":"https:\/\/hotel-lagorai.com\/buchung\/"},"modified":"2024-06-09T20:33:38","modified_gmt":"2024-06-09T18:33:38","slug":"online-buchung-hotel-im-trentino","status":"publish","type":"page","link":"https:\/\/hotel-lagorai.com\/de\/online-buchung-hotel-im-trentino\/","title":{"rendered":"Buchung"},"content":{"rendered":"\n<h2 class=\"wp-block-heading\">Noch nie war es so einfach, einen Urlaub zu buchen.<\/h2>\n\n\n\n<h4 class=\"wp-block-heading has-text-align-center\">Wir freuen uns, Sie als Gast bei uns willkommen zu hei\u00dfen!<\/h4>\n\n\n\n<div style=\"height:24px\" aria-hidden=\"true\" class=\"wp-block-spacer\"><\/div>\n\n\n\n<p class=\"has-text-align-center\">W\u00e4hlen Sie Zeitraum und Art des Zimmers, um sofort das beste Angebot zu erhalten.<\/p>\n\n\n\n<p class=\"has-text-align-center\">Wenn Sie einen pers\u00f6nlichen Kostenvoranschlag w\u00fcnschen oder wenn Sie online keine Verf\u00fcgbarkeit finden k\u00f6nnen,<br>senden Sie uns bitte eine E-Mail an info@hotel-lagorai.com oder rufen Sie uns an unter der Nummer: +39 0462 340454.<\/p>\n\n\n\n<p class=\"has-text-align-center\"><strong>Im Hotel Lagorai sind dem Ausblick keine Grenzen gesetzt.<\/strong><br><strong>Das unvergessliche Erlebnis eines Sonnenaufgangs und die zauberhaften Abendr\u00f6te des Sonnenuntergangs bei uns in den Dolomiten sind mit nichts zu vergleichen\u2026<\/strong><\/p>\n\n\n\n<div style=\"height:24px\" aria-hidden=\"true\" class=\"wp-block-spacer\"><\/div>\n\n\n\n<script type=\"text\/javascript\">\n(function (i, s, o, g, r, a, m) {\n    i['SBSyncroBoxParam'] = r; i[r] = i[r] || function () {\n        (i[r].q = i[r].q || []).push(arguments)\n    }, i[r].l = 1 * new Date(); a = s.createElement(o),\n    m = s.getElementsByTagName(o)[0]; a.async = 1; a.src = g; m.parentNode.insertBefore(a, m)\n})(window, document, 'script', 'https:\/\/cdn.simplebooking.it\/search-box-script.axd?IDA=7959','SBSyncroBox');\n\nSBSyncroBox({\n    CodLang: 'DE'\n});\n<\/script>\n<div id=\"sb-container\"><\/div>\n","protected":false},"excerpt":{"rendered":"<p>Noch nie war es so einfach, einen Urlaub zu buchen. Wir freuen uns, Sie als Gast bei uns willkommen zu hei\u00dfen! W\u00e4hlen Sie Zeitraum und Art des Zimmers, um sofort das beste Angebot zu erhalten. Wenn Sie einen pers\u00f6nlichen Kostenvoranschlag w\u00fcnschen oder wenn Sie online keine Verf\u00fcgbarkeit finden k\u00f6nnen,senden Sie uns bitte eine E-Mail an<a href=\"https:\/\/hotel-lagorai.com\/de\/online-buchung-hotel-im-trentino\/\">Continue reading <span class=\"sr-only\">&#8222;Buchung&#8220;<\/span><\/a><\/p>\n","protected":false},"author":1,"featured_media":0,"parent":0,"menu_order":0,"comment_status":"closed","ping_status":"closed","template":"","meta":{"_acf_changed":false,"footnotes":""},"class_list":["post-811","page","type-page","status-publish","hentry"],"acf":[],"yoast_head":"<!-- This site is optimized with the Yoast SEO plugin v25.8 - https:\/\/yoast.com\/wordpress\/plugins\/seo\/ -->\n<title>Buchung - Hotel Lagorai - Panoramic Resort - Cavalese - Trentino - Italy<\/title>\n<meta name=\"robots\" content=\"index, follow, max-snippet:-1, max-image-preview:large, max-video-preview:-1\" \/>\n<link rel=\"canonical\" href=\"https:\/\/hotel-lagorai.com\/de\/online-buchung-hotel-im-trentino\/\" \/>\n<meta property=\"og:locale\" content=\"de_DE\" \/>\n<meta property=\"og:type\" content=\"article\" \/>\n<meta property=\"og:title\" content=\"Buchung - Hotel Lagorai - Panoramic Resort - Cavalese - Trentino - Italy\" \/>\n<meta property=\"og:description\" content=\"Noch nie war es so einfach, einen Urlaub zu buchen. Wir freuen uns, Sie als Gast bei uns willkommen zu hei\u00dfen! W\u00e4hlen Sie Zeitraum und Art des Zimmers, um sofort das beste Angebot zu erhalten. Wenn Sie einen pers\u00f6nlichen Kostenvoranschlag w\u00fcnschen oder wenn Sie online keine Verf\u00fcgbarkeit finden k\u00f6nnen,senden Sie uns bitte eine E-Mail anContinue reading &quot;Buchung&quot;\" \/>\n<meta property=\"og:url\" content=\"https:\/\/hotel-lagorai.com\/de\/online-buchung-hotel-im-trentino\/\" \/>\n<meta property=\"og:site_name\" content=\"Hotel Lagorai - Panoramic Resort - Cavalese - Trentino - Italy\" \/>\n<meta property=\"article:publisher\" content=\"https:\/\/www.facebook.com\/pages\/Hotel-Lagorai-Resort-Spa\/116929181672933\" \/>\n<meta property=\"article:modified_time\" content=\"2024-06-09T18:33:38+00:00\" \/>\n<meta name=\"twitter:card\" content=\"summary_large_image\" \/>\n<meta name=\"twitter:label1\" content=\"Gesch\u00e4tzte Lesezeit\" \/>\n\t<meta name=\"twitter:data1\" content=\"1\u00a0Minute\" \/>\n<script type=\"application\/ld+json\" class=\"yoast-schema-graph\">{\"@context\":\"https:\/\/schema.org\",\"@graph\":[{\"@type\":\"WebPage\",\"@id\":\"https:\/\/hotel-lagorai.com\/de\/online-buchung-hotel-im-trentino\/\",\"url\":\"https:\/\/hotel-lagorai.com\/de\/online-buchung-hotel-im-trentino\/\",\"name\":\"Buchung - Hotel Lagorai - Panoramic Resort - Cavalese - Trentino - Italy\",\"isPartOf\":{\"@id\":\"https:\/\/hotel-lagorai.com\/de\/#website\"},\"datePublished\":\"2024-04-09T05:42:29+00:00\",\"dateModified\":\"2024-06-09T18:33:38+00:00\",\"breadcrumb\":{\"@id\":\"https:\/\/hotel-lagorai.com\/de\/online-buchung-hotel-im-trentino\/#breadcrumb\"},\"inLanguage\":\"de\",\"potentialAction\":[{\"@type\":\"ReadAction\",\"target\":[\"https:\/\/hotel-lagorai.com\/de\/online-buchung-hotel-im-trentino\/\"]}]},{\"@type\":\"BreadcrumbList\",\"@id\":\"https:\/\/hotel-lagorai.com\/de\/online-buchung-hotel-im-trentino\/#breadcrumb\",\"itemListElement\":[{\"@type\":\"ListItem\",\"position\":1,\"name\":\"Home\",\"item\":\"https:\/\/hotel-lagorai.com\/de\/\"},{\"@type\":\"ListItem\",\"position\":2,\"name\":\"Buchung\"}]},{\"@type\":\"WebSite\",\"@id\":\"https:\/\/hotel-lagorai.com\/de\/#website\",\"url\":\"https:\/\/hotel-lagorai.com\/de\/\",\"name\":\"Hotel Lagorai - Panoramic Resort - Cavalese - Trentino - Italy\",\"description\":\"\",\"publisher\":{\"@id\":\"https:\/\/hotel-lagorai.com\/de\/#organization\"},\"potentialAction\":[{\"@type\":\"SearchAction\",\"target\":{\"@type\":\"EntryPoint\",\"urlTemplate\":\"https:\/\/hotel-lagorai.com\/de\/?s={search_term_string}\"},\"query-input\":{\"@type\":\"PropertyValueSpecification\",\"valueRequired\":true,\"valueName\":\"search_term_string\"}}],\"inLanguage\":\"de\"},{\"@type\":\"Organization\",\"@id\":\"https:\/\/hotel-lagorai.com\/de\/#organization\",\"name\":\"Hotel Lagorai - Panoramic Resort - Cavalese - Trentino - Italy\",\"url\":\"https:\/\/hotel-lagorai.com\/de\/\",\"logo\":{\"@type\":\"ImageObject\",\"inLanguage\":\"de\",\"@id\":\"https:\/\/hotel-lagorai.com\/de\/#\/schema\/logo\/image\/\",\"url\":\"https:\/\/hotel-lagorai.com\/wp-content\/uploads\/2024\/04\/toplogo.png\",\"contentUrl\":\"https:\/\/hotel-lagorai.com\/wp-content\/uploads\/2024\/04\/toplogo.png\",\"width\":220,\"height\":90,\"caption\":\"Hotel Lagorai - Panoramic Resort - Cavalese - Trentino - Italy\"},\"image\":{\"@id\":\"https:\/\/hotel-lagorai.com\/de\/#\/schema\/logo\/image\/\"},\"sameAs\":[\"https:\/\/www.facebook.com\/pages\/Hotel-Lagorai-Resort-Spa\/116929181672933\",\"https:\/\/www.instagram.com\/lagoraipanoramicresort\/?hl=it\",\"https:\/\/www.youtube.com\/channel\/UCbWMDsy3XeBQ0dk5DqPK5Uw\/\"]}]}<\/script>\n<!-- \/ Yoast SEO plugin. -->","yoast_head_json":{"title":"Buchung - Hotel Lagorai - Panoramic Resort - Cavalese - Trentino - Italy","robots":{"index":"index","follow":"follow","max-snippet":"max-snippet:-1","max-image-preview":"max-image-preview:large","max-video-preview":"max-video-preview:-1"},"canonical":"https:\/\/hotel-lagorai.com\/de\/online-buchung-hotel-im-trentino\/","og_locale":"de_DE","og_type":"article","og_title":"Buchung - Hotel Lagorai - Panoramic Resort - Cavalese - Trentino - Italy","og_description":"Noch nie war es so einfach, einen Urlaub zu buchen. Wir freuen uns, Sie als Gast bei uns willkommen zu hei\u00dfen! W\u00e4hlen Sie Zeitraum und Art des Zimmers, um sofort das beste Angebot zu erhalten. Wenn Sie einen pers\u00f6nlichen Kostenvoranschlag w\u00fcnschen oder wenn Sie online keine Verf\u00fcgbarkeit finden k\u00f6nnen,senden Sie uns bitte eine E-Mail anContinue reading \"Buchung\"","og_url":"https:\/\/hotel-lagorai.com\/de\/online-buchung-hotel-im-trentino\/","og_site_name":"Hotel Lagorai - Panoramic Resort - Cavalese - Trentino - Italy","article_publisher":"https:\/\/www.facebook.com\/pages\/Hotel-Lagorai-Resort-Spa\/116929181672933","article_modified_time":"2024-06-09T18:33:38+00:00","twitter_card":"summary_large_image","twitter_misc":{"Gesch\u00e4tzte Lesezeit":"1\u00a0Minute"},"schema":{"@context":"https:\/\/schema.org","@graph":[{"@type":"WebPage","@id":"https:\/\/hotel-lagorai.com\/de\/online-buchung-hotel-im-trentino\/","url":"https:\/\/hotel-lagorai.com\/de\/online-buchung-hotel-im-trentino\/","name":"Buchung - Hotel Lagorai - Panoramic Resort - Cavalese - Trentino - Italy","isPartOf":{"@id":"https:\/\/hotel-lagorai.com\/de\/#website"},"datePublished":"2024-04-09T05:42:29+00:00","dateModified":"2024-06-09T18:33:38+00:00","breadcrumb":{"@id":"https:\/\/hotel-lagorai.com\/de\/online-buchung-hotel-im-trentino\/#breadcrumb"},"inLanguage":"de","potentialAction":[{"@type":"ReadAction","target":["https:\/\/hotel-lagorai.com\/de\/online-buchung-hotel-im-trentino\/"]}]},{"@type":"BreadcrumbList","@id":"https:\/\/hotel-lagorai.com\/de\/online-buchung-hotel-im-trentino\/#breadcrumb","itemListElement":[{"@type":"ListItem","position":1,"name":"Home","item":"https:\/\/hotel-lagorai.com\/de\/"},{"@type":"ListItem","position":2,"name":"Buchung"}]},{"@type":"WebSite","@id":"https:\/\/hotel-lagorai.com\/de\/#website","url":"https:\/\/hotel-lagorai.com\/de\/","name":"Hotel Lagorai - Panoramic Resort - Cavalese - Trentino - Italy","description":"","publisher":{"@id":"https:\/\/hotel-lagorai.com\/de\/#organization"},"potentialAction":[{"@type":"SearchAction","target":{"@type":"EntryPoint","urlTemplate":"https:\/\/hotel-lagorai.com\/de\/?s={search_term_string}"},"query-input":{"@type":"PropertyValueSpecification","valueRequired":true,"valueName":"search_term_string"}}],"inLanguage":"de"},{"@type":"Organization","@id":"https:\/\/hotel-lagorai.com\/de\/#organization","name":"Hotel Lagorai - Panoramic Resort - Cavalese - Trentino - Italy","url":"https:\/\/hotel-lagorai.com\/de\/","logo":{"@type":"ImageObject","inLanguage":"de","@id":"https:\/\/hotel-lagorai.com\/de\/#\/schema\/logo\/image\/","url":"https:\/\/hotel-lagorai.com\/wp-content\/uploads\/2024\/04\/toplogo.png","contentUrl":"https:\/\/hotel-lagorai.com\/wp-content\/uploads\/2024\/04\/toplogo.png","width":220,"height":90,"caption":"Hotel Lagorai - Panoramic Resort - Cavalese - Trentino - Italy"},"image":{"@id":"https:\/\/hotel-lagorai.com\/de\/#\/schema\/logo\/image\/"},"sameAs":["https:\/\/www.facebook.com\/pages\/Hotel-Lagorai-Resort-Spa\/116929181672933","https:\/\/www.instagram.com\/lagoraipanoramicresort\/?hl=it","https:\/\/www.youtube.com\/channel\/UCbWMDsy3XeBQ0dk5DqPK5Uw\/"]}]}},"_links":{"self":[{"href":"https:\/\/hotel-lagorai.com\/de\/wp-json\/wp\/v2\/pages\/811","targetHints":{"allow":["GET"]}}],"collection":[{"href":"https:\/\/hotel-lagorai.com\/de\/wp-json\/wp\/v2\/pages"}],"about":[{"href":"https:\/\/hotel-lagorai.com\/de\/wp-json\/wp\/v2\/types\/page"}],"author":[{"embeddable":true,"href":"https:\/\/hotel-lagorai.com\/de\/wp-json\/wp\/v2\/users\/1"}],"replies":[{"embeddable":true,"href":"https:\/\/hotel-lagorai.com\/de\/wp-json\/wp\/v2\/comments?post=811"}],"version-history":[{"count":4,"href":"https:\/\/hotel-lagorai.com\/de\/wp-json\/wp\/v2\/pages\/811\/revisions"}],"predecessor-version":[{"id":939,"href":"https:\/\/hotel-lagorai.com\/de\/wp-json\/wp\/v2\/pages\/811\/revisions\/939"}],"wp:attachment":[{"href":"https:\/\/hotel-lagorai.com\/de\/wp-json\/wp\/v2\/media?parent=811"}],"curies":[{"name":"wp","href":"https:\/\/api.w.org\/{rel}","templated":true}]}}